{"id":217,"date":"2025-07-03T11:43:39","date_gmt":"2025-07-03T09:43:39","guid":{"rendered":"https:\/\/semmelweis.hu\/kfipalyazat\/?page_id=217"},"modified":"2025-08-14T09:48:56","modified_gmt":"2025-08-14T07:48:56","slug":"tkp-2021-nemzeti-kutatasok-alprogram-egeszseges-nemzet","status":"publish","type":"page","link":"https:\/\/semmelweis.hu\/kfipalyazat\/palyazatok\/hazai-palyazatok\/nkfih\/temateruleti-kivalosagi-program-2020-tkp2020\/temateruleti-kivalosagi-program-2021\/tkp-2021-nemzeti-kutatasok-alprogram-egeszseges-nemzet\/","title":{"rendered":"TKP 2021 \u2013 Nemzeti kutat\u00e1sok alprogram \/ EG\u00c9SZS\u00c9GES NEMZET"},"content":{"rendered":"<p style=\"text-align: justify\">EG\u00c9SZS\u00c9GES NEMZET<\/p>\n<p style=\"text-align: justify\">Biztons\u00e1g \u00e9s eredm\u00e9nyess\u00e9g a verseny- \u00e9s szabadid\u0151 sportban<\/p>\n<p style=\"text-align: justify\">T\u00e9mater\u00fcleti kutat\u00e1s vezet\u0151je: Prof. Dr. Merkely B\u00e9la P\u00e9ter<\/p>\n<p style=\"text-align: justify\">T\u00e1mogat\u00e1si \u00f6sszeg: 1 200 000 000 HUF<\/p>\n<p style=\"text-align: justify\">Projekt azonos\u00edt\u00f3ja: TKP2021-NKTA-46<\/p>\n<p style=\"text-align: justify\">A Semmelweis Egyetem mint vezet\u0151 magyar kutat\u00f3-elitegyetem kiemelt feladat\u00e1nak tekinti, hogy kimagasl\u00f3 infrastrukt\u00far\u00e1j\u00e1val, multidiszciplin\u00e1ris szeml\u00e9let\u00e9vel, modern eszk\u00f6zeivel \u00e9s nemzetk\u00f6zileg elismert tudom\u00e1nyos aktivit\u00e1s\u00e1val \u00e9s eredm\u00e9nyeivel seg\u00edtse a hazai sporttev\u00e9kenys\u00e9g n\u00e9pszer\u0171s\u00edt\u00e9s\u00e9t, a szabadid\u0151 \u00e9s versenysport biztons\u00e1goss\u00e1g\u00e1nak, ut\u00f3bbi eredm\u00e9nyess\u00e9g\u00e9nek n\u00f6vel\u00e9s\u00e9t. A Semmelweis Egyetem \u00e9ves szinten sz\u00e1mos sportol\u00f3 kivizsg\u00e1l\u00e1s\u00e1t v\u00e9gzi, k\u00f6zt\u00fck f\u0151k\u00e9nt \u00e9lsportol\u00f3kat, ifj\u00fas\u00e1gi versenysportol\u00f3kat, de sz\u00e1mos szabadid\u0151 sportol\u00f3t, master sportol\u00f3t is vizsg\u00e1lunk. Az Egyetemen rendelkez\u00e9sre \u00e1ll a legmodernebb m\u00f3dszerek nagy t\u00f6bbs\u00e9ge, amelyek seg\u00edts\u00e9g\u00e9vel a sportol\u00f3k kivizsg\u00e1l\u00e1sa \u00e9s kezel\u00e9se a legkorszer\u0171bben elv\u00e9gezhet\u0151. Az \u00e1ltalunk v\u00e9gzett \u00e9s fejleszteni k\u00edv\u00e1nt vizsg\u00e1lati m\u00f3dszerek ezen fel\u00fcl alkalmasak az \u00e9lsportol\u00f3k terhel\u00e9s\u00e9lettani felm\u00e9r\u00e9s\u00e9re, a sportol\u00f3k sport\u00e1gspecifikus jellegzetess\u00e9geinek elemz\u00e9s\u00e9re, edz\u00e9stervez\u00e9s\u00e9nek el\u0151seg\u00edt\u00e9s\u00e9re.<\/p>\n<p style=\"text-align: justify\">A Semmelweis Egyetem sportol\u00f3i sz\u0171r\u00e9sben val\u00f3 r\u00e9szv\u00e9tele jelent\u0151s m\u00faltra tekint vissza, m\u00e1ra sz\u00e1mos sz\u00f6vets\u00e9ggel dolgozunk egy\u00fctt, t\u00f6bbek k\u00f6z\u00f6tt a Magyar \u00dasz\u00f3, a Magyar V\u00edzilabda illetve a Magyar Orsz\u00e1gos Korcsoly\u00e1z\u00f3 Sz\u00f6vets\u00e9ggel. Az egy\u00fcttm\u0171k\u00f6d\u00e9sek c\u00e9lja, hogy a Semmelweis Egyetem magas sz\u00ednvonal\u00fa, komplex \u2013 minden szakter\u00fcletre kiterjed\u0151 \u2013 eg\u00e9szs\u00e9g\u00fcgyi h\u00e1tteret biztos\u00edtson a magyar sportol\u00f3k sz\u00e1m\u00e1ra. A Semmelweis Egyetem szerepv\u00e1llal\u00e1sa a lakoss\u00e1gi sz\u0171r\u0151 \u00e9s oktat\u00f3 programok tekintet\u00e9ben is sok \u00e9ves m\u00faltra tekint vissza, leg\u00fajabban a Semmelweis Egyetem 250 \u00e9ves fenn\u00e1ll\u00e1sa alkalm\u00e1b\u00f3l oktat\u00f3 \u00e9s hobbisportol\u00f3i sz\u0171r\u0151 programokat szervezt\u00fcnk. A Semmelweis Egyetem eg\u00e9szs\u00e9gmeg\u0151rz\u00e9s \u00e9s sport ir\u00e1nti elk\u00f6telezetts\u00e9g\u00e9t a 2020-ban megalakult a Sportorvostan Tansz\u00e9k is bizony\u00edtja. A tansz\u00e9k c\u00e9lja a sportol\u00f3kkal foglalkoz\u00f3 munkacsoportok szorosabb egy\u00fcttm\u0171k\u00f6d\u00e9s\u00e9nek el\u0151seg\u00edt\u00e9se valamint az oktat\u00f3 tev\u00e9kenys\u00e9ggel a fiatal orvos nemzed\u00e9k korszer\u0171 sportorvostan tud\u00e1s\u00e1nak megalapoz\u00e1sa. A Semmelweis Egyetem kutat\u00f3i publik\u00e1ci\u00f3s aktivit\u00e1s\u00e1t j\u00f3l jelzi, hogy tudom\u00e1nyos eredm\u00e9nyeinket sz\u00e1mos nemzetk\u00f6zi \u00e9s hazai magas szakmai sz\u00ednvonal\u00fa tudom\u00e1nyos foly\u00f3irat publik\u00e1lta. Sportkardiol\u00f3giai, sportorvostan t\u00e9m\u00e1ban az elm\u00falt 10 \u00e9vben t\u00f6bb mint 40 nemzetk\u00f6zi tudom\u00e1nyos publik\u00e1ci\u00f3nk jelent meg, melyek \u00f6sszes\u00edtett impakt faktora k\u00f6zel 200.<\/p>\n<p style=\"text-align: justify\">A Semmelweis Egyetem kiemelt jelent\u0151s\u00e9get tulajdon\u00edt az egyetem profilj\u00e1nak sz\u00e9les\u00edt\u00e9s\u00e9re \u00e9s kiterjeszt\u00e9s\u00e9re a sporteg\u00e9szs\u00e9g\u00fcgy, ut\u00e1np\u00f3tl\u00e1s nevel\u00e9s, teljes\u00edtm\u00e9ny optimaliz\u00e1l\u00e1s \u00e9s t\u00e1rsadalmi mozg\u00f3s\u00edt\u00e1s ter\u00e9n. Az Egyetem hossz\u00fa t\u00e1v\u00fa c\u00e9lja a sporteg\u00e9szs\u00e9g\u00fcgy ter\u00fclet\u00e9n szerzett tud\u00e1s ifj\u00fas\u00e1gi \u00e9s n\u00e9peg\u00e9szs\u00e9g\u00fcgyi szerep\u00e9nek hangs\u00falyoz\u00e1sa. Az \u201cEg\u00e9szs\u00e9ges nemzet: biztons\u00e1g \u00e9s eredm\u00e9nyess\u00e9g a verseny- \u00e9s szabadid\u0151 sportban\u201d c\u00edm\u0171 p\u00e1ly\u00e1zat keretein bel\u00fcl kutat\u00e1sunk c\u00e9ljai a k\u00f6vetkez\u0151 h\u00e1rom f\u0151 t\u00e9mak\u00f6r k\u00f6r\u00e9 csoportosulnak. Az els\u0151, a versenysportol\u00f3k \u2013 kiemelten a kor\u00e1bban kev\u00e9ss\u00e9 vizsg\u00e1lt ifj\u00fas\u00e1gi (12-18 \u00e9v k\u00f6z\u00f6tti) sportol\u00f3k \u2013 r\u00e9szletes sportol\u00f3i sz\u0171r\u00e9se, teljes\u00edtm\u00e9nydiagnosztik\u00e1ja \u00e9s \u00f6sszess\u00e9g\u00e9ben a nemzeti szempontb\u00f3l is kiemelten fontos ut\u00e1np\u00f3tl\u00e1s nevel\u00e9s el\u0151seg\u00edt\u00e9se. A m\u00e1sodik, a biztons\u00e1gos szabadid\u0151 sporttev\u00e9kenys\u00e9g el\u0151seg\u00edt\u00e9se, a Semmelweis Egyetem \u00e1ltal ny\u00fajtott sz\u0171r\u0151programok sz\u00e9lesebb k\u00f6rben el\u00e9rhet\u0151v\u00e9 t\u00e9tel\u00e9vel, a szabadid\u0151 sport, illetve a \u201cmaster\u201d \u00e9letkorban v\u00e9gzett sport n\u00e9pszer\u0171s\u00edt\u00e9s\u00e9vel. A harmadik t\u00e9mak\u00f6r elemei pedig a t\u00e1rsadalmi mozg\u00f3s\u00edt\u00e1s, az eg\u00e9szs\u00e9ges \u00e9letm\u00f3d, a kezd\u0151 sportol\u00f3k biztons\u00e1g\u00e1nak \u00e9s helyes sport\u00e1g v\u00e1laszt\u00e1s\u00e1nak el\u0151seg\u00edt\u00e9se, mellyel egyik f\u0151 c\u00e9lunk az \u00fcl\u0151 \u00e9letm\u00f3d okozta r\u00f6vid \u00e9s hossz\u00fa t\u00e1v\u00fa k\u00e1rosod\u00e1sok megel\u0151z\u00e9se. Mindezen feladatok megval\u00f3s\u00edt\u00e1s\u00e1hoz elengedhetetlen egy komplex digit\u00e1lis sportol\u00f3i regiszter l\u00e9trehoz\u00e1sa, mintegy 5 \u00e9ves ut\u00e1nk\u00f6vet\u00e9ses adatokkal. Adatb\u00e1zisunk fejlett, mesters\u00e9ges intelligenci\u00e1ra \u00e9p\u00fcl\u0151 feldolgoz\u00e1s\u00e1val olyan orvosszakmai \u00e9s sport\u00e9lettani k\u00e9rd\u00e9sek szem\u00e9lyre szabott megv\u00e1laszol\u00e1s\u00e1hoz juthatunk k\u00f6zelebb, mint a sport\u00e1gv\u00e1laszt\u00e1s, sports\u00e9r\u00fcl\u00e9sek predikci\u00f3ja, esetlegesen a t\u00faledz\u00e9s \u00e1ltal induk\u00e1lt patol\u00f3gi\u00e1s folyamatokra val\u00f3 hajlam kimutat\u00e1sa. Ez\u00e1ltal nem csup\u00e1n direkt m\u00f3don a sz\u0171r\u00e9sben r\u00e9sztvev\u0151 szabadid\u0151- \u00e9s \u00e9lsportol\u00f3k profit\u00e1lhatnak majd a kutat\u00e1sokb\u00f3l, hanem egy \u00e1tfog\u00f3 tud\u00e1sb\u00e1zissal a tov\u00e1bbi vizsg\u00e1latokat, hipot\u00e9zis gener\u00e1l\u00e1st is el\u0151seg\u00edten\u00e9nk.<\/p>\n<p style=\"text-align: justify\">Ezen t\u00e1rsadalmi m\u00e9ret\u0171 kih\u00edv\u00e1sok adekv\u00e1t megv\u00e1laszol\u00e1s\u00e1hoz az eg\u00e9szs\u00e9g\u00fcgyi ell\u00e1t\u00f3 int\u00e9zetek k\u00f6z\u00f6tti szoros egy\u00fcttm\u0171k\u00f6d\u00e9sre van sz\u00fcks\u00e9g, \u00e9ppen ez\u00e9rt jelen p\u00e1ly\u00e1zatunkat a Semmelweis Egyetem multidiszciplin\u00e1ris infrastrukt\u00far\u00e1j\u00e1nak \u00e9s szeml\u00e9let\u00e9nek k\u00f6sz\u00f6nhet\u0151en sz\u00e1mos int\u00e9zet\u00e9nek egy\u00fcttes r\u00e9szv\u00e9tel\u00e9vel k\u00edv\u00e1njuk megval\u00f3s\u00edtani. A r\u00e9sztvev\u0151 int\u00e9zetek t\u00f6bbek k\u00f6z\u00f6tt a Sportorvostan Tansz\u00e9k, a V\u00e1rosmajori Sz\u00edv- \u00e9s \u00c9rgy\u00f3gy\u00e1szati Klinika, a Pulmonol\u00f3giai Klinika, az Ortop\u00e9diai Klinika, Semmelweis Egyetem Sz\u00fcl\u00e9szeti \u00e9s N\u0151gy\u00f3gy\u00e1szati Klinika (\u00dcll\u0151i \u00fati r\u00e9szleg), Szent R\u00f3kus Klinikai T\u00f6mb \u00e9s a Semmelweis Eg\u00e9szs\u00e9gfejleszt\u00e9si K\u00f6zpont kooper\u00e1ci\u00f3j\u00e1ban. A versenysportol\u00f3i c\u00e9lkit\u0171z\u00e9seket az Orsz\u00e1gos Sporteg\u00e9szs\u00e9g\u00fcgyi Int\u00e9zet, mint strat\u00e9giai fontoss\u00e1g\u00fa adatszolg\u00e1ltat\u00f3val k\u00f6t\u00f6tt szerz\u0151d\u00e9s alapj\u00e1n egy\u00fcttm\u0171k\u00f6dve tervezz\u00fck megval\u00f3s\u00edtani.<\/p>\n<p><img loading=\"lazy\" decoding=\"async\" class=\"alignright\" src=\"https:\/\/semmelweis.hu\/kfipalyazat\/files\/2025\/07\/NKFIA_infoblokk_kerettel_program_fekvo_2019_HU.jpg\" width=\"550\" height=\"233\" \/><\/p>\n","protected":false},"excerpt":{"rendered":"<p>EG\u00c9SZS\u00c9GES NEMZET Biztons\u00e1g \u00e9s eredm\u00e9nyess\u00e9g a verseny- \u00e9s szabadid\u0151 sportban T\u00e9mater\u00fcleti kutat\u00e1s vezet\u0151je: Prof. Dr. Merkely B\u00e9la P\u00e9ter T\u00e1mogat\u00e1si \u00f6sszeg: 1 200 000 000 HUF Projekt azonos\u00edt\u00f3ja: TKP2021-NKTA-46 A Semmelweis Egyetem mint vezet\u0151 magyar kutat\u00f3-elitegyetem kiemelt feladat\u00e1nak tekinti, hogy kimagasl\u00f3 infrastrukt\u00far\u00e1j\u00e1val, multidiszciplin\u00e1ris szeml\u00e9let\u00e9vel, modern eszk\u00f6zeivel \u00e9s nemzetk\u00f6zileg elismert tudom\u00e1nyos aktivit\u00e1s\u00e1val \u00e9s eredm\u00e9nyeivel seg\u00edtse a hazai &hellip;<\/p>\n","protected":false},"author":102410,"featured_media":0,"parent":165,"menu_order":6,"comment_status":"closed","ping_status":"closed","template":"","meta":{"_acf_changed":false,"footnotes":""},"categories":[],"tags":[],"class_list":["post-217","page","type-page","status-publish","hentry"],"acf":[],"_links":{"self":[{"href":"https:\/\/semmelweis.hu\/kfipalyazat\/wp-json\/wp\/v2\/pages\/217","targetHints":{"allow":["GET"]}}],"collection":[{"href":"https:\/\/semmelweis.hu\/kfipalyazat\/wp-json\/wp\/v2\/pages"}],"about":[{"href":"https:\/\/semmelweis.hu\/kfipalyazat\/wp-json\/wp\/v2\/types\/page"}],"author":[{"embeddable":true,"href":"https:\/\/semmelweis.hu\/kfipalyazat\/wp-json\/wp\/v2\/users\/102410"}],"replies":[{"embeddable":true,"href":"https:\/\/semmelweis.hu\/kfipalyazat\/wp-json\/wp\/v2\/comments?post=217"}],"version-history":[{"count":2,"href":"https:\/\/semmelweis.hu\/kfipalyazat\/wp-json\/wp\/v2\/pages\/217\/revisions"}],"predecessor-version":[{"id":619,"href":"https:\/\/semmelweis.hu\/kfipalyazat\/wp-json\/wp\/v2\/pages\/217\/revisions\/619"}],"up":[{"embeddable":true,"href":"https:\/\/semmelweis.hu\/kfipalyazat\/wp-json\/wp\/v2\/pages\/165"}],"wp:attachment":[{"href":"https:\/\/semmelweis.hu\/kfipalyazat\/wp-json\/wp\/v2\/media?parent=217"}],"wp:term":[{"taxonomy":"category","embeddable":true,"href":"https:\/\/semmelweis.hu\/kfipalyazat\/wp-json\/wp\/v2\/categories?post=217"},{"taxonomy":"post_tag","embeddable":true,"href":"https:\/\/semmelweis.hu\/kfipalyazat\/wp-json\/wp\/v2\/tags?post=217"}],"curies":[{"name":"wp","href":"https:\/\/api.w.org\/{rel}","templated":true}]}}