{"id":206,"date":"2025-07-03T11:34:46","date_gmt":"2025-07-03T09:34:46","guid":{"rendered":"https:\/\/semmelweis.hu\/kfipalyazat\/?page_id=206"},"modified":"2025-08-14T09:48:16","modified_gmt":"2025-08-14T07:48:16","slug":"tkp-2021-egeszseg-alprogram-transzlacios-reumatologia-transzlacios-reumatologiai-kivalosagi-kutatasok-a-semmelweis-egyetemen","status":"publish","type":"page","link":"https:\/\/semmelweis.hu\/kfipalyazat\/palyazatok\/hazai-palyazatok\/nkfih\/temateruleti-kivalosagi-program-2020-tkp2020\/temateruleti-kivalosagi-program-2021\/tkp-2021-egeszseg-alprogram-transzlacios-reumatologia-transzlacios-reumatologiai-kivalosagi-kutatasok-a-semmelweis-egyetemen\/","title":{"rendered":"TKP 2021 \u2013 Eg\u00e9szs\u00e9g alprogram \/ Transzl\u00e1ci\u00f3s reumatol\u00f3gia \u2013 Transzl\u00e1ci\u00f3s reumatol\u00f3giai kiv\u00e1l\u00f3s\u00e1gi kutat\u00e1sok a Semmelweis Egyetemen"},"content":{"rendered":"<p style=\"text-align: justify\">Transzl\u00e1ci\u00f3s reumatol\u00f3gia \u2013 Transzl\u00e1ci\u00f3s reumatol\u00f3giai kiv\u00e1l\u00f3s\u00e1gi kutat\u00e1sok a Semmelweis Egyetemen (SEMTRHEUM)<\/p>\n<p style=\"text-align: justify\">T\u00e9mater\u00fcleti kutat\u00e1s vezet\u0151je: Prof. Dr. Nagy Gy\u00f6rgy<\/p>\n<p style=\"text-align: justify\">T\u00e1mogat\u00e1si \u00f6sszeg: 510 000 000 HUF<\/p>\n<p style=\"text-align: justify\">Projekt azonos\u00edt\u00f3ja: TKP2021-EGA-29<\/p>\n<p style=\"text-align: justify\">A reumatol\u00f3gia klinikai immunol\u00f3gi\u00e1val hat\u00e1ros, a sziszt\u00e9m\u00e1s autoimmun betegs\u00e9gekkel foglalkoz\u00f3 tudom\u00e1nyter\u00fclete az elm\u00falt \u00e9vtizedekben robban\u00e1sszer\u0171 v\u00e1ltoz\u00e1son ment kereszt\u00fcl. B\u00e1r a k\u00f3rk\u00e9pekkel kapcsolatos egyre n\u00f6vekv\u0151 m\u00e9rt\u00e9k\u0171 ismereteink \u00e9s az ezek r\u00e9v\u00e9n megjelen\u0151 \u00fajabb gy\u00f3gym\u00f3dok sz\u00e1mos ponton forradalmas\u00edtott\u00e1k a betegs\u00e9gek ter\u00e1pi\u00e1j\u00e1t, jelent\u0151s sz\u00e1m\u00fa beteg eset\u00e9ben a remisszi\u00f3 m\u00e9g mindig nem \u00e9rhet\u0151 el, mely miatt tov\u00e1bbi c\u00e9lzott kutat\u00e1sokra van sz\u00fcks\u00e9g. A Semmelweis Egyetemen 2020.10.01-j\u00e9n j\u00f6tt l\u00e9tre a Reumatol\u00f3giai \u00e9s Klinikai Immunol\u00f3giai Tansz\u00e9k, mely az oktat\u00e1si \u00e9s a kutat\u00e1si feladatok mellett a gy\u00f3gy\u00edt\u00e1sban is r\u00e9szt vesz. A tervek szerint a budapesti centrumm\u00e1 v\u00e1l\u00f3 tansz\u00e9k betegforgalma \u00e9s a betegell\u00e1t\u00e1sban r\u00e9szt vev\u0151 tapasztalt klinikusai seg\u00edts\u00e9g\u00e9vel megteremti a lehet\u0151s\u00e9get a Semmelweis Egyetemen megval\u00f3sul\u00f3, az Eur\u00f3pia Uni\u00f3 immunol\u00f3giai toleranci\u00e1t vizsg\u00e1l\u00f3 Horizon 2020 programj\u00e1ban (az RTCure-ban) a tansz\u00e9k mellett szerepet v\u00e1llal\u00f3 magas sz\u00ednvonal\u00fa egyetemi reumatol\u00f3giai-immunol\u00f3giai alapkutat\u00e1sokkal val\u00f3 kapcsolat\u00e9p\u00edt\u00e9sre, a transzl\u00e1ci\u00f3s szeml\u00e9let megval\u00f3s\u00edt\u00e1s\u00e1ra, a t\u00e1rsszakm\u00e1kkal val\u00f3 egy\u00fcttm\u0171k\u00f6d\u00e9sre, tov\u00e1bb\u00e1 az ilyen ir\u00e1ny\u00fa kutat\u00e1sok j\u00f6v\u0151beli fejleszt\u00e9s\u00e9re.<\/p>\n<p style=\"text-align: justify\">A gyullad\u00e1sos mozg\u00e1sszervi megbeteged\u00e9sek komoly n\u00e9peg\u00e9szs\u00e9g\u00fcgyi vonzatokkal b\u00edrnak. A rheumatoid arthritis az autoantitest-medi\u00e1lt sziszt\u00e9m\u00e1s autoimmun betegs\u00e9gek egyik relat\u00edve gyakori protot\u00edpusa, mely eset\u00e9ben annak ellen\u00e9re, hogy egyre t\u00f6bb ter\u00e1pi\u00e1s lehet\u0151s\u00e9ggel rendelkez\u00fcnk a betegs\u00e9g gy\u00f3gy\u00edt\u00e1s\u00e1ra, a p\u00e1ciensek egy r\u00e9sz\u00e9ben a jelenlegi gy\u00f3gyszerek alkalmaz\u00e1sa mellett remisszi\u00f3 nem \u00e9rhet\u0151 el. Ez pedig felveti \u00fajabb ter\u00e1pi\u00e1k bevezet\u00e9s\u00e9nek sz\u00fcks\u00e9gess\u00e9g\u00e9t, melyhez azonban jobban meg kell ismern\u00fcnk a patogenezist. A k\u00f6szv\u00e9ny a h\u00fagysavkrist\u00e1lyok kicsap\u00f3d\u00e1sa \u00e1ltal okozott, az elh\u00edz\u00e1s, a mozg\u00e1sszeg\u00e9ny \u00e9letm\u00f3d \u00e9s az \u00f6reged\u00e9s miatt egyre gyakoribb kr\u00f3nikus megbeteged\u00e9s. B\u00e1r l\u00e9teznek a h\u00fagysavszintet cs\u00f6kkent\u0151 \u00e9s az akut gyullad\u00e1sos fell\u00e1ngol\u00e1sokat kezel\u0151 gy\u00f3gyszerek, az \u00e9rintett nagysz\u00e1m\u00fa beteg jelent\u0151s r\u00e9sz\u00e9ben nem lehets\u00e9ges a betegs\u00e9g megfelel\u0151 ter\u00e1pi\u00e1ja. A jelen Transzl\u00e1ci\u00f3s reumatol\u00f3gia c\u00edm\u0171 p\u00e1ly\u00e1zatunk keret\u00e9ben az egyes munkacsoportok egy\u00fcttm\u0171k\u00f6d\u00e9s\u00e9vel az al\u00e1bbi, a gyullad\u00e1sos reumatol\u00f3giai betegs\u00e9gek sz\u00e1mos aspektus\u00e1t mag\u00e1ban foglal\u00f3 c\u00e9lokat t\u0171zt\u00fck ki magunk el\u00e9: 1.) a rheumatoid arthritises betegek \u201enehezen kezelhet\u0151\u201d (difficult-to-treat, D2T), a p\u00e1cienseket \u00e9s az orvosokat is komoly kih\u00edv\u00e1sok el\u00e9 \u00e1ll\u00edt\u00f3 form\u00e1j\u00e1nak korai predikci\u00f3ja egy \u00faj algoritmus \u00e9s biomarkerek azonos\u00edt\u00e1sa r\u00e9v\u00e9n a min\u00e9l kor\u00e1bbi, szem\u00e9lyre szabott ter\u00e1pia megkezd\u00e9se c\u00e9lj\u00e1b\u00f3l, 2.) a rheumatoid arthritis patogenezis\u00e9ben szerepet j\u00e1tsz\u00f3 szinovi\u00e1lis fibroblasztok jel\u00e1tviteli folyamatainak vizsg\u00e1lata \u00e9s \u00fajabb t\u00e1mad\u00e1spontok azonos\u00edt\u00e1sa, azok valid\u00e1l\u00e1sa, 3.) a k\u00f6szv\u00e9ny molekul\u00e1ris mechanizmusainak felt\u00e9rk\u00e9pez\u00e9se, 4.) az immunkomplex-medi\u00e1lt reumatol\u00f3giai k\u00f3rk\u00e9pekhez hasonl\u00f3 patomechanizmus\u00fa subepiteli\u00e1lis h\u00f3lyagos b\u0151rbetegs\u00e9gek jelp\u00e1ly\u00e1inak vizsg\u00e1lata, 5.) a nyirokrendszer \u00e9s a nyirok\u00e9r-n\u00f6veked\u00e9si jelp\u00e1ly\u00e1k szerep\u00e9nek felt\u00e9rk\u00e9pez\u00e9se a patogenezis pontosabb meg\u00e9rt\u00e9se c\u00e9lj\u00e1b\u00f3l, 6.) a rheumatoid arthritisre jellemz\u0151 patol\u00f3gi\u00e1s csontbont\u00e1sban r\u00e9sztvev\u0151 molekul\u00e1k azonos\u00edt\u00e1sa, 7.) a rheumatoid arthritis kontrollj\u00e1ra alkalmazott, a ter\u00e1pi\u00e1s aj\u00e1nl\u00e1sokban a k\u00e9s\u0151bbi l\u00e9pcs\u0151kben alkalmazhat\u00f3 Janus-kin\u00e1z g\u00e1tl\u00f3 gy\u00f3gyszerek hat\u00e1soss\u00e1g\u00e1t, illetve hat\u00e1stalans\u00e1g\u00e1t megj\u00f3sl\u00f3, a betegeknek \u00e9s a t\u00e1rsadalombiztos\u00edt\u00f3nak is hasznos ter\u00e1pia-predikci\u00f3s elj\u00e1r\u00e1s kidolgoz\u00e1sa. A k\u00eds\u00e9rletek \u00e9s a m\u00e9r\u00e9sek kivitelez\u00e9shez eg\u00e9r \u00e9s hum\u00e1n sejteket, transzg\u00e9nikus \u00e1llatmodelleket, g\u00e1tl\u00f3szereket \u00e9s sz\u00e1m\u00edt\u00f3g\u00e9pes biol\u00f3gi\u00e1t haszn\u00e1lunk; a mint\u00e1k biztos\u00edt\u00e1sa az egy\u00fcttm\u0171k\u00f6d\u00e9sen bel\u00fcl lesz megoldva. A k\u00eds\u00e9rletekhez a sz\u00fcks\u00e9ges szem\u00e9lyi \u00e9s t\u00e1rgyi felt\u00e9telek adottak.<\/p>\n<p style=\"text-align: justify\">A tervezett kutat\u00e1sok \u00e9rintik a vizsg\u00e1lt gyullad\u00e1sos reumatol\u00f3giai k\u00f3rk\u00e9pek, \u00edgy a rheumatoid arthritis patomechanizmus\u00e1nak, diagnosztik\u00e1j\u00e1nak \u00e9s ter\u00e1pi\u00e1j\u00e1nak sz\u00e1mos fontos elem\u00e9t, mely r\u00e9v\u00e9n p\u00e1ly\u00e1zatunk egyed\u00fcl\u00e1ll\u00f3 m\u00f3don egyes\u00edti az elm\u00e9leti reumatol\u00f3giai\/immunol\u00f3giai kutat\u00e1sokat a klinikai vonzatokkal, val\u00f3di transzl\u00e1ci\u00f3s hidat \u00e9p\u00edtve k\u00f6z\u00e9j\u00fck. Az alapokt\u00f3l a betegell\u00e1t\u00e1sig eljutva pedig lehet\u0151s\u00e9get teremt a betegek \u00e9let\u00e9t \u00e9s a mindennapi betegell\u00e1t\u00e1st megk\u00f6nny\u00edt\u0151 predikci\u00f3s algoritmusok kidolgoz\u00e1s\u00e1ra, valamint \u00fajabb ter\u00e1pi\u00e1s c\u00e9lpontok azonos\u00edt\u00e1s\u00e1ra, mely kihathat a t\u00f6bbi gyullad\u00e1sos reumatol\u00f3giai, illetve sziszt\u00e9m\u00e1s autoimmun betegs\u00e9ggel kapcsolatos kutat\u00e1sokra, valamint azok diagnosztik\u00e1j\u00e1ra \u00e9s ter\u00e1pi\u00e1j\u00e1ra is.\u00a0A p\u00e1ly\u00e1zat keret\u00e9ben megval\u00f3sul\u00f3 vizsg\u00e1latok egyben lehet\u0151s\u00e9get teremtenek egy j\u00f3l m\u0171k\u00f6d\u0151 transzl\u00e1ci\u00f3s reumatol\u00f3giai kutat\u00e1si h\u00e1l\u00f3zat kialak\u00edt\u00e1s\u00e1ra a Semmelweis Egyetemen, mely a k\u00e9s\u0151bbiekben tov\u00e1bbi betegs\u00e9gek r\u00e9szletes vizsg\u00e1lat\u00e1val p\u00e9ldak\u00e9nt szolg\u00e1lhat az alap- \u00e9s a klinikai kutat\u00e1sok \u00f6sszekapcsol\u00e1s\u00e1ra az Eur\u00f3pai Uni\u00f3 egy\u00e9b t\u00e9rs\u00e9geiben is.<\/p>\n<p style=\"text-align: justify\"><img loading=\"lazy\" decoding=\"async\" class=\"alignright\" src=\"https:\/\/semmelweis.hu\/kfipalyazat\/files\/2025\/07\/NKFIA_infoblokk_kerettel_program_fekvo_2019_HU.jpg\" width=\"550\" height=\"233\" \/><\/p>\n","protected":false},"excerpt":{"rendered":"<p>Transzl\u00e1ci\u00f3s reumatol\u00f3gia \u2013 Transzl\u00e1ci\u00f3s reumatol\u00f3giai kiv\u00e1l\u00f3s\u00e1gi kutat\u00e1sok a Semmelweis Egyetemen (SEMTRHEUM) T\u00e9mater\u00fcleti kutat\u00e1s vezet\u0151je: Prof. Dr. Nagy Gy\u00f6rgy T\u00e1mogat\u00e1si \u00f6sszeg: 510 000 000 HUF Projekt azonos\u00edt\u00f3ja: TKP2021-EGA-29 A reumatol\u00f3gia klinikai immunol\u00f3gi\u00e1val hat\u00e1ros, a sziszt\u00e9m\u00e1s autoimmun betegs\u00e9gekkel foglalkoz\u00f3 tudom\u00e1nyter\u00fclete az elm\u00falt \u00e9vtizedekben robban\u00e1sszer\u0171 v\u00e1ltoz\u00e1son ment kereszt\u00fcl. B\u00e1r a k\u00f3rk\u00e9pekkel kapcsolatos egyre n\u00f6vekv\u0151 m\u00e9rt\u00e9k\u0171 ismereteink \u00e9s az &hellip;<\/p>\n","protected":false},"author":102410,"featured_media":0,"parent":165,"menu_order":4,"comment_status":"closed","ping_status":"closed","template":"","meta":{"_acf_changed":false,"footnotes":""},"categories":[],"tags":[],"class_list":["post-206","page","type-page","status-publish","hentry"],"acf":[],"_links":{"self":[{"href":"https:\/\/semmelweis.hu\/kfipalyazat\/wp-json\/wp\/v2\/pages\/206","targetHints":{"allow":["GET"]}}],"collection":[{"href":"https:\/\/semmelweis.hu\/kfipalyazat\/wp-json\/wp\/v2\/pages"}],"about":[{"href":"https:\/\/semmelweis.hu\/kfipalyazat\/wp-json\/wp\/v2\/types\/page"}],"author":[{"embeddable":true,"href":"https:\/\/semmelweis.hu\/kfipalyazat\/wp-json\/wp\/v2\/users\/102410"}],"replies":[{"embeddable":true,"href":"https:\/\/semmelweis.hu\/kfipalyazat\/wp-json\/wp\/v2\/comments?post=206"}],"version-history":[{"count":3,"href":"https:\/\/semmelweis.hu\/kfipalyazat\/wp-json\/wp\/v2\/pages\/206\/revisions"}],"predecessor-version":[{"id":617,"href":"https:\/\/semmelweis.hu\/kfipalyazat\/wp-json\/wp\/v2\/pages\/206\/revisions\/617"}],"up":[{"embeddable":true,"href":"https:\/\/semmelweis.hu\/kfipalyazat\/wp-json\/wp\/v2\/pages\/165"}],"wp:attachment":[{"href":"https:\/\/semmelweis.hu\/kfipalyazat\/wp-json\/wp\/v2\/media?parent=206"}],"wp:term":[{"taxonomy":"category","embeddable":true,"href":"https:\/\/semmelweis.hu\/kfipalyazat\/wp-json\/wp\/v2\/categories?post=206"},{"taxonomy":"post_tag","embeddable":true,"href":"https:\/\/semmelweis.hu\/kfipalyazat\/wp-json\/wp\/v2\/tags?post=206"}],"curies":[{"name":"wp","href":"https:\/\/api.w.org\/{rel}","templated":true}]}}