{"id":204,"date":"2025-07-03T11:33:59","date_gmt":"2025-07-03T09:33:59","guid":{"rendered":"https:\/\/semmelweis.hu\/kfipalyazat\/?page_id=204"},"modified":"2025-08-14T09:47:58","modified_gmt":"2025-08-14T07:47:58","slug":"tkp-2021-egeszseg-alprogram-felfedezo-klinikai-es-kognitiv-idegtudomanyi-kutatasok-a-semmelweis-egyetemen","status":"publish","type":"page","link":"https:\/\/semmelweis.hu\/kfipalyazat\/palyazatok\/hazai-palyazatok\/nkfih\/temateruleti-kivalosagi-program-2020-tkp2020\/temateruleti-kivalosagi-program-2021\/tkp-2021-egeszseg-alprogram-felfedezo-klinikai-es-kognitiv-idegtudomanyi-kutatasok-a-semmelweis-egyetemen\/","title":{"rendered":"TKP 2021 \u2013 Eg\u00e9szs\u00e9g alprogram \/ Felfedez\u0151, klinikai \u00e9s kognit\u00edv idegtudom\u00e1nyi kutat\u00e1sok a Semmelweis Egyetemen"},"content":{"rendered":"<p style=\"text-align: justify\">Felfedez\u0151, klinikai \u00e9s kognit\u00edv idegtudom\u00e1nyi kutat\u00e1sok a Semmelweis Egyetemen (SEMMELWEIS NEUROSCIENCE)<\/p>\n<p style=\"text-align: justify\">T\u00e9mater\u00fcleti kutat\u00e1s vezet\u0151je: Dr. R\u00e9thelyi J\u00e1nos<\/p>\n<p style=\"text-align: justify\">T\u00e1mogat\u00e1si \u00f6sszeg: 1 200 000 000 HUF<\/p>\n<p style=\"text-align: justify\">Projekt azonos\u00edt\u00f3ja: TKP2021-EGA-25<\/p>\n<p style=\"text-align: justify\">Az idegtudom\u00e1nyi kutat\u00e1sok jelent\u0151s\u00e9g\u00e9t a k\u00f6zponti idegrendszeri betegs\u00e9gek, \u2013 neurol\u00f3giai, pszichi\u00e1triai \u00e9s gyermekgy\u00f3gy\u00e1szati k\u00f3rk\u00e9pek gyakori el\u0151fordul\u00e1sa, valamint az ezekhez t\u00e1rsul\u00f3 jelent\u0151s t\u00e1rsadalmi k\u00f6lts\u00e9gek \u00e9s terhek adj\u00e1k. A Vil\u00e1g Eg\u00e9szs\u00e9g\u00fcgyi Szervezet, a WHO el\u0151rejelz\u00e9se alapj\u00e1n a k\u00f6vetkez\u0151 \u00e9vtizedekben az agyi \u00e9rbetegs\u00e9gek, a Parkinson-k\u00f3r, az Alzheimer-k\u00f3r \u00e9s egy\u00e9b neurokognit\u00edv zavarok, a hangulatzavarok, szorong\u00e1sos zavarok, szkizofr\u00e9nia, valamint az alkohol \u00e9s szerhaszn\u00e1lati zavarok a betegs\u00e9gterhek \u00e9s a hal\u00e1loz\u00e1s legfontosabb okai k\u00f6z\u00e9 fognak tartozni vil\u00e1gszerte. Az agyi betegs\u00e9gek pontos, molekul\u00e1ris szint\u0171 okait sokszor nem ismerj\u00fck \u00e9s a gy\u00f3gy\u00edt\u00e1si lehet\u0151s\u00e9geink is korl\u00e1tosok. A t\u00e9mater\u00fcleti program sz\u00e1mos kutat\u00e1si ter\u00fcletet lefed, bele\u00e9rtve az idegtudom\u00e1nyi alapkutat\u00e1sokat (neuroanat\u00f3mia, ideg\u00e9lettan, neurofarmakol\u00f3gia), a kognit\u00edv idegtudom\u00e1nyokat \u00e9s a magatart\u00e1studom\u00e1nyokat, melyek pszichol\u00f3giai m\u00f3dszerekkel vizsg\u00e1lj\u00e1k az agy m\u0171k\u00f6d\u00e9s\u00e9t, valamint a klinikai idegtudom\u00e1nyokat, a neurol\u00f3gi\u00e1t, pszichi\u00e1tri\u00e1t, klinikai pszichol\u00f3gi\u00e1t, gyerekneurol\u00f3gi\u00e1t \u00e9s \u2013pszichi\u00e1tri\u00e1t, valamint az agyi k\u00e9palkot\u00e1st. Ez ut\u00f3bbiaknak a f\u00f3kusz\u00e1ban az agyi betegs\u00e9gek \u00e9s ezek jobb gy\u00f3gy\u00edt\u00e1sa \u00e1llnak.<\/p>\n<p style=\"text-align: justify\">A t\u00e9mater\u00fcleten dolgoz\u00f3 kutat\u00f3csoportok egy\u00fcttm\u0171k\u00f6d\u00e9se a Semmelweis Egyetem sok \u00e9vtizedre tekint vissza. 2018-2021-ben ez a t\u00e9mater\u00fclet m\u00e1r t\u00e1mogat\u00e1sban r\u00e9szes\u00fclt a Fels\u0151oktat\u00e1si Int\u00e9zm\u00e9nyi Kiv\u00e1l\u00f3s\u00e1g Programban. A kutat\u00f3k innovat\u00edv \u00e9s interdiszciplin\u00e1ris megk\u00f6zel\u00edt\u00e9seket alkalmatnak az idegtudom\u00e1nyi kutat\u00e1sok sikeres lebonyol\u00edt\u00e1s\u00e1ra, melyben helyet kaptak az elm\u00e9leti \u00e9s alkalmazott kutat\u00e1si m\u00f3dszerek egyar\u00e1nt, 14 elm\u00e9leti int\u00e9zet \u00e9s betegell\u00e1t\u00f3 klinika r\u00e9szv\u00e9tel\u00e9vel. Az idegtudom\u00e1nyi h\u00e1l\u00f3zatban eddig r\u00e9szt vev\u0151 szervezeti egys\u00e9gek: Anat\u00f3miai Int\u00e9zet, Farmakol\u00f3giai \u00e9s Farmakoter\u00e1pi\u00e1s Int\u00e9zet, Genomikai Medic\u00edna \u00e9s Ritka Betegs\u00e9gek Int\u00e9zete, I. sz. Gyermekklinika, II. sz. Patol\u00f3giai Int\u00e9zet, Orvosi Biok\u00e9miai Int\u00e9zet, Magatart\u00e1studom\u00e1nyi Int\u00e9zet, Klinikai Pszichol\u00f3giai Tansz\u00e9k, Neurol\u00f3giai Klinika, Pszichi\u00e1triai \u00e9s Pszichoter\u00e1pi\u00e1s Klinika, Orvosi K\u00e9palkot\u00f3 Klinika, Neuroradiol\u00f3giai Tansz\u00e9k, Gy\u00f3gyszerhat\u00e1stani Int\u00e9zet, Hum\u00e1nmorfol\u00f3giai \u00e9s \u00c9lettani Int\u00e9zet, Alkalmazott Pszichol\u00f3giai Tansz\u00e9k, Kondukt\u00edv Pedag\u00f3giai kutat\u00f3csoport. Jelen p\u00e1ly\u00e1zati ciklusban k\u00e9t tov\u00e1bbi szervezeti egys\u00e9g, az \u00c9lettani Int\u00e9zet \u00e9s Transzl\u00e1ci\u00f3s Medicina Int\u00e9zet egy-egy kutat\u00f3csoportja csatlakozik a t\u00e9mater\u00fclethez, \u00edgy a r\u00e9sztvev\u0151 szervezeti egys\u00e9gek sz\u00e1ma 16.<\/p>\n<p style=\"text-align: justify\">A t\u00e9mater\u00fcleti programban r\u00e9sztvev\u0151 kutat\u00f3csoportok kiv\u00e1l\u00f3 eredm\u00e9nyeket tudtak el\u00e9rni 2018-2021 k\u00f6z\u00f6tti \u00e9vekben. Sz\u00e1mos k\u00fclf\u00f6ldi munkat\u00e1rs \u00e9s hallgat\u00f3 tudott a kutat\u00f3csoportokhoz csatlakozni. T\u00f6bb mint 50 nemzetk\u00f6zi publik\u00e1ci\u00f3 sz\u00fcletett meg vezet\u0151 foly\u00f3iratokban, stroke, depresszi\u00f3, szkizofr\u00e9nia, feln\u0151ttkori ADHD, \u00fajsz\u00fcl\u00f6ttkori asphyxia, szem\u00e9lyis\u00e9gzavar t\u00e9m\u00e1kban. Sz\u00e1mos \u00faj kutat\u00e1si p\u00e1ly\u00e1zat indult el a ter\u00fcleten \u00e9s \u00faj ipari kutat\u00e1sok \u00e9p\u00fcltek ki a kutat\u00f3csoportok r\u00e9szv\u00e9tel\u00e9vel. Az alkalmazott tudom\u00e1nyos m\u00f3dszertan \u00e9s \u201eknow-how\u201d vonz\u00f3v\u00e1 v\u00e1lt az ipari partnerek sz\u00e1m\u00e1ra \u00e9s \u00fczleti egy\u00fcttm\u0171k\u00f6d\u00e9sek kialakul\u00e1s\u00e1t seg\u00edtette. Nagy hangs\u00falyt fektett\u00fcnk a kutat\u00f3csoportok k\u00f6z\u00f6tti tudom\u00e1nyos kommunik\u00e1ci\u00f3ra is. 2019. j\u00fanius 25-\u00e9n a Semmelweis Egyetem legnagyobb kara, az \u00c1ltal\u00e1nos Orvostudom\u00e1nyi Kar rendezv\u00e9nysorozat\u00e1ba illeszked\u0151en megszervezt\u00fck a Kiemelt Kutat\u00f3csoportok F\u00f3rum\u00e1t, ahol a t\u00e9mater\u00fclet sz\u00e1mos kutat\u00f3csoportj\u00e1nak volt lehet\u0151s\u00e9ge tudom\u00e1nyos munk\u00e1j\u00e1r\u00f3l besz\u00e1molni. 2019. szeptember 14-\u00e9n a Semmelweis 250 programsorozat keret\u00e9ben a Neurol\u00f3giai t\u00e9mater\u00fclet sz\u00e1mos kutat\u00f3csoportja mutatta be kutat\u00e1sait a Ment\u00e1lhigi\u00e9n\u00e9s Nap nev\u0171 lakoss\u00e1gi rendezv\u00e9nyen. 2020. november 10-\u00e9n a Semmelweis 250 Clinical Conference \u2013 Online keret\u00e9ben a klinikai kutat\u00f3csoportok szimp\u00f3zium keret\u00e9ben osztott\u00e1k meg eredm\u00e9nyeiket.<\/p>\n<p style=\"text-align: justify\">Eddigi eredm\u00e9nyeinkre \u00e9p\u00edtve a 2025-ig terjed\u0151 t\u00e1mogat\u00e1si id\u0151szakban egyik c\u00e9lunk jelenleg is sikeresen foly\u00f3 idegtudom\u00e1nyi kutat\u00e1sok folytat\u00e1sa, a felfedez\u0151, kognit\u00edv \u00e9s klinikai idegtudom\u00e1nyi ter\u00fcleteken egyar\u00e1nt. K\u00fcl\u00f6n\u00f6s hangs\u00falyt kapnak az el\u0151z\u0151 id\u0151szak kiemelt t\u00e9m\u00e1i, \u00edgy a k\u00eds\u00e9rleti neurobiol\u00f3giai, neuropatol\u00f3giai, neurofarmakol\u00f3giai, genetikai vizsg\u00e1latok, valamint a stroke-ra, demenci\u00e1ra, Parkinson-betegs\u00e9gre, szkizofr\u00e9ni\u00e1ra, bipol\u00e1ris betegs\u00e9gre, szem\u00e9lyis\u00e9gzavarokra, autizmus spektrum zavarra, poszt-traum\u00e1s stressz zavarra, figyelemhi\u00e1nyos-hiperaktivit\u00e1si zavarra ir\u00e1nyul\u00f3, a legmodernebb m\u00f3dszereket alkalmaz\u00f3 kutat\u00e1sok. Tov\u00e1bbra is c\u00e9l a kutat\u00f3csoportok k\u00f6z\u00f6tti egy\u00fcttm\u0171k\u00f6d\u00e9s, \u00e9s a multidiszciplin\u00e1ris, transzl\u00e1ci\u00f3s, felfedez\u0151 \u00e9s klinikai kutat\u00f3kat \u00f6sszekapcsol\u00f3 kutat\u00e1sok el\u0151seg\u00edt\u00e9se.<\/p>\n<p style=\"text-align: justify\">Ezzel p\u00e1rhuzamosan a program ki\u00edr\u00e1s\u00e1nak megfelel\u0151en egy \u00faj multicentrikus COVID-19\/Post-COVID vizsg\u00e1latot tervez\u00fcnk a t\u00e9mater\u00fclet betegell\u00e1t\u00f3 szervezeteinek k\u00f6z\u00f6s r\u00e9szv\u00e9tel\u00e9vel. Nem vitathat\u00f3, hogy korunk egyik legnagyobb eg\u00e9szs\u00e9g\u00fcgyi kih\u00edv\u00e1sa a 2020-ben indul\u00f3 COVID-19 pand\u00e9mia. A vizsg\u00e1lat c\u00e9lja a jelenleg is fut\u00f3 COVID-19\/Post-COVID vizsg\u00e1latok \u00f6sszefog\u00e1sa, a COVID-19\/Post-COVID \u00e1llapotok neurol\u00f3giai, pszichi\u00e1triai \u00e9s pszichol\u00f3giai vonatkoz\u00e1sainak prospekt\u00edv kutat\u00e1sa. Vizsg\u00e1latunk kiterjed a gyermekkori \u00e9s feln\u0151ttkori manifeszt\u00e1ci\u00f3ra egyar\u00e1nt, valamint a COVID-19 j\u00e1rv\u00e1nyhelyzet pszichol\u00f3giai hat\u00e1saira az \u00e1ltal\u00e1nos lakoss\u00e1g k\u00f6r\u00e9ben. A vizsg\u00e1latokban feldolgozzunk a jelenleg is rendelkez\u00e9sre \u00e1ll\u00f3 egyetemi COVID\/Post-COVID adatb\u00e1zisokat, valamint folytatjuk \u00faj betegek bevon\u00e1s\u00e1t.<\/p>\n<p><img loading=\"lazy\" decoding=\"async\" class=\"alignright\" src=\"https:\/\/semmelweis.hu\/kfipalyazat\/files\/2025\/07\/NKFIA_infoblokk_kerettel_program_fekvo_2019_HU.jpg\" width=\"550\" height=\"233\" \/><\/p>\n","protected":false},"excerpt":{"rendered":"<p>Felfedez\u0151, klinikai \u00e9s kognit\u00edv idegtudom\u00e1nyi kutat\u00e1sok a Semmelweis Egyetemen (SEMMELWEIS NEUROSCIENCE) T\u00e9mater\u00fcleti kutat\u00e1s vezet\u0151je: Dr. R\u00e9thelyi J\u00e1nos T\u00e1mogat\u00e1si \u00f6sszeg: 1 200 000 000 HUF Projekt azonos\u00edt\u00f3ja: TKP2021-EGA-25 Az idegtudom\u00e1nyi kutat\u00e1sok jelent\u0151s\u00e9g\u00e9t a k\u00f6zponti idegrendszeri betegs\u00e9gek, \u2013 neurol\u00f3giai, pszichi\u00e1triai \u00e9s gyermekgy\u00f3gy\u00e1szati k\u00f3rk\u00e9pek gyakori el\u0151fordul\u00e1sa, valamint az ezekhez t\u00e1rsul\u00f3 jelent\u0151s t\u00e1rsadalmi k\u00f6lts\u00e9gek \u00e9s terhek adj\u00e1k. A Vil\u00e1g &hellip;<\/p>\n","protected":false},"author":102410,"featured_media":0,"parent":165,"menu_order":3,"comment_status":"closed","ping_status":"closed","template":"","meta":{"_acf_changed":false,"footnotes":""},"categories":[],"tags":[],"class_list":["post-204","page","type-page","status-publish","hentry"],"acf":[],"_links":{"self":[{"href":"https:\/\/semmelweis.hu\/kfipalyazat\/wp-json\/wp\/v2\/pages\/204","targetHints":{"allow":["GET"]}}],"collection":[{"href":"https:\/\/semmelweis.hu\/kfipalyazat\/wp-json\/wp\/v2\/pages"}],"about":[{"href":"https:\/\/semmelweis.hu\/kfipalyazat\/wp-json\/wp\/v2\/types\/page"}],"author":[{"embeddable":true,"href":"https:\/\/semmelweis.hu\/kfipalyazat\/wp-json\/wp\/v2\/users\/102410"}],"replies":[{"embeddable":true,"href":"https:\/\/semmelweis.hu\/kfipalyazat\/wp-json\/wp\/v2\/comments?post=204"}],"version-history":[{"count":4,"href":"https:\/\/semmelweis.hu\/kfipalyazat\/wp-json\/wp\/v2\/pages\/204\/revisions"}],"predecessor-version":[{"id":616,"href":"https:\/\/semmelweis.hu\/kfipalyazat\/wp-json\/wp\/v2\/pages\/204\/revisions\/616"}],"up":[{"embeddable":true,"href":"https:\/\/semmelweis.hu\/kfipalyazat\/wp-json\/wp\/v2\/pages\/165"}],"wp:attachment":[{"href":"https:\/\/semmelweis.hu\/kfipalyazat\/wp-json\/wp\/v2\/media?parent=204"}],"wp:term":[{"taxonomy":"category","embeddable":true,"href":"https:\/\/semmelweis.hu\/kfipalyazat\/wp-json\/wp\/v2\/categories?post=204"},{"taxonomy":"post_tag","embeddable":true,"href":"https:\/\/semmelweis.hu\/kfipalyazat\/wp-json\/wp\/v2\/tags?post=204"}],"curies":[{"name":"wp","href":"https:\/\/api.w.org\/{rel}","templated":true}]}}