{"id":202,"date":"2025-07-03T11:33:13","date_gmt":"2025-07-03T09:33:13","guid":{"rendered":"https:\/\/semmelweis.hu\/kfipalyazat\/?page_id=202"},"modified":"2025-08-14T09:47:13","modified_gmt":"2025-08-14T07:47:13","slug":"tkp-2021-egeszseg-alprogram-molekularis-biologia-molekularis-orvostudomanyi-kivalosagi-kutatasok-a-semmelweis-egyetemen","status":"publish","type":"page","link":"https:\/\/semmelweis.hu\/kfipalyazat\/palyazatok\/hazai-palyazatok\/nkfih\/temateruleti-kivalosagi-program-2020-tkp2020\/temateruleti-kivalosagi-program-2021\/tkp-2021-egeszseg-alprogram-molekularis-biologia-molekularis-orvostudomanyi-kivalosagi-kutatasok-a-semmelweis-egyetemen\/","title":{"rendered":"TKP 2021 \u2013 Eg\u00e9szs\u00e9g alprogram \/ Molekul\u00e1ris biol\u00f3gia \u2013 Molekul\u00e1ris orvostudom\u00e1nyi kiv\u00e1l\u00f3s\u00e1gi kutat\u00e1sok a Semmelweis Egyetemen"},"content":{"rendered":"<p style=\"text-align: justify\">Molekul\u00e1ris biol\u00f3gia \u2013 Molekul\u00e1ris orvostudom\u00e1nyi kiv\u00e1l\u00f3s\u00e1gi kutat\u00e1sok a Semmelweis Egyetemen (MOLORKIV)<\/p>\n<p style=\"text-align: justify\">T\u00e9mater\u00fcleti kutat\u00e1s vezet\u0151je: Dr. M\u00f3csai Attila<\/p>\n<p style=\"text-align: justify\">T\u00e1mogat\u00e1si \u00f6sszeg: 1 600 000 000 HUF<\/p>\n<p style=\"text-align: justify\">Projekt azonos\u00edt\u00f3ja: TKP2021-EGA-24<\/p>\n<p style=\"text-align: justify\">\u00d6SSZEFOGLAL\u00c1S<\/p>\n<p style=\"text-align: justify\">A MOLORKIV projekt a Semmelweis Egyetem FIKP\/TKP2020 Molekul\u00e1ris Biol\u00f3gia projekt folytat\u00e1sa, az Egyetem molekul\u00e1ris orvostudom\u00e1nyi kiv\u00e1l\u00f3s\u00e1gi kutat\u00e1sainak els\u0151dleges t\u00e1mogat\u00e1si forr\u00e1sa. A projekt c\u00e9lja k\u00fcl\u00f6nb\u00f6z\u0151 betegs\u00e9gek molekul\u00e1ris alapjainak a meg\u00e9rt\u00e9se, \u00faj diagnosztikai \u00e9s ter\u00e1pi\u00e1s elj\u00e1r\u00e1sok megalapoz\u00e1sa. A projekt h\u00e1rom strat\u00e9giai t\u00e9mak\u00f6r (daganatos betegs\u00e9gek;\u00a0 fert\u0151z\u0151 \u00e9s immunol\u00f3giai betegs\u00e9gek; genetikailag determin\u00e1lt betegs\u00e9gek) k\u00f6r\u00e9 \u00e9p\u00fcl. Mindh\u00e1rom ter\u00fcleten jelent\u0151s molekul\u00e1ris biol\u00f3giai, sejtszint\u0171, \u00e1llatk\u00eds\u00e9rletes, hum\u00e1n klinikai \u00e9s bioinformatikai vizsg\u00e1latokat v\u00e9gz\u00fcnk. A projekt eredm\u00e9nyek\u00e9nt jelent\u0151s \u00faj ismeretek, rangos nemzetk\u00f6zi publik\u00e1ci\u00f3k, \u00faj diagnosztikai \u00e9s ter\u00e1pi\u00e1s elj\u00e1r\u00e1sok, az eredm\u00e9nyek piaci hasznos\u00edt\u00e1sa, \u00faj nemzetk\u00f6zi projektek elind\u00edt\u00e1sa v\u00e1rhat\u00f3. A r\u00e9sztvev\u0151k nagyon jelent\u0151s nemzetk\u00f6zi tudom\u00e1nyos aktivit\u00e1ssal rendelkeznek, t\u00edzen elnyert\u00e9k a\u00a0 Lend\u00fclet-program t\u00e1mogat\u00e1s\u00e1t is. A projekt vezet\u0151je az ERC \u00e9s a Lend\u00fclet program kor\u00e1bbi t\u00e1mogatottja, egy kor\u00e1bbi EU konzorcium vezet\u0151je. A projekt c\u00e9lja a Semmelweis Egyetem tudom\u00e1nyos aktivit\u00e1s\u00e1nak jav\u00edt\u00e1sa, a PhD-k\u00e9pz\u00e9s meger\u0151s\u00edt\u00e9se, az Egyetem nemzetk\u00f6zi be\u00e1gyazotts\u00e1g\u00e1nak a fokoz\u00e1sa, elismert kutat\u00f3i \u00e9letp\u00e1lyamodell biztos\u00edt\u00e1sa.<\/p>\n<p style=\"text-align: justify\">A T\u00c9MATER\u00dcLETI KUTAT\u00c1S BEMUTAT\u00c1SA<\/p>\n<p style=\"text-align: justify\">Az elm\u00falt \u00e9vtizedek dr\u00e1mai m\u00e9rt\u00e9k\u0171 orvos-biol\u00f3giai tudom\u00e1nyos fejl\u0151d\u00e9se elhozta az orvostudom\u00e1ny \u00faj, molekul\u00e1ris szeml\u00e9let\u0171 korszak\u00e1t. A molekul\u00e1ris orvostudom\u00e1ny c\u00e9lja a betegs\u00e9gek molekul\u00e1ris alapjainak a meg\u00e9rt\u00e9se, \u00e9s ezen ismereteknek a diagnosztik\u00e1ban \u00e9s a ter\u00e1pi\u00e1ban val\u00f3 felhaszn\u00e1l\u00e1sa. A projekt c\u00e9lja a Semmelweis Egyetem legkiv\u00e1l\u00f3bb, nemzetk\u00f6zileg is kiemelked\u0151en versenyk\u00e9pes molekul\u00e1ris orvostudom\u00e1nyi kutat\u00f3csoportjainak a t\u00e1mogat\u00e1sa \u00e9s tev\u00e9kenys\u00e9g\u00fck \u00f6sszefog\u00e1sa.<\/p>\n<p style=\"text-align: justify\">A projekt az al\u00e1bbi h\u00e1rom f\u0151 t\u00e9ma k\u00f6r\u00e9 \u00e9p\u00fcl:<\/p>\n<p style=\"text-align: justify\">1) Daganatos betegs\u00e9gek meg\u00e9rt\u00e9se, diagnosztik\u00e1ja \u00e9s ter\u00e1pi\u00e1ja<\/p>\n<p style=\"text-align: justify\">A hal\u00e1loz\u00e1si statisztik\u00e1k \u00e9l\u00e9n szerepl\u0151 daganatos betegs\u00e9gek sor\u00e1n m\u00e9lyrehat\u00f3 molekul\u00e1ris v\u00e1ltoz\u00e1sok j\u00f6nnek l\u00e9tre, melyek potenci\u00e1lis diagnosztikai \u00e9s ter\u00e1pi\u00e1s lehet\u0151s\u00e9geket teremtenek. Ez\u00e9rt a daganatok vizsg\u00e1lata a molekul\u00e1ris orvostudom\u00e1ny egyik meghat\u00e1roz\u00f3 ter\u00fclete. A tervezett projekt sor\u00e1n vizsg\u00e1lni fogjuk a daganatk\u00e9pz\u0151d\u00e9s molekul\u00e1ris mechanizmusait, elemezz\u00fck daganatsejtekre jellemz\u0151 molekul\u00e1ris mint\u00e1zatokat, \u00faj diagnosztikus elj\u00e1r\u00e1sokat dolgozunk ki \u00e9s megteremtj\u00fck \u00faj ter\u00e1pi\u00e1s beavatkoz\u00e1sok molekul\u00e1ris alapjait.<\/p>\n<p style=\"text-align: justify\">2) Fert\u0151z\u0151 \u00e9s immunol\u00f3giai betegs\u00e9gek vizsg\u00e1lata (bele\u00e9rtve a COVID-19-et)<\/p>\n<p style=\"text-align: justify\">Az immunrendszer szervezet\u00fcnk molekul\u00e1ris szinten legbonyolultabb rendszere, a molekul\u00e1ris orvostudom\u00e1nyok m\u00e1sik kiemelked\u0151 ter\u00fclete. Az immunrendszer elengedhetetlen a k\u00f3rokoz\u00f3k elleni v\u00e9dekez\u00e9sben, k\u00f3ros aktiv\u00e1l\u00f3d\u00e1sa azonban autoimmun \u00e9s gyullad\u00e1sos betegs\u00e9gekhez is vezethet. A tervezett projekt sor\u00e1n vizsg\u00e1lni fogjuk az eg\u00e9szs\u00e9ges \u00e9s k\u00f3ros immunv\u00e1lasz molekul\u00e1ris mechanizmusait \u00e9s a vakcin\u00e1ci\u00f3 hat\u00e9konys\u00e1g\u00e1t meghat\u00e1roz\u00f3 t\u00e9nyez\u0151ket. Vizsg\u00e1lni fogjuk a COVID-19 \u00e1ltal kiv\u00e1ltott hegesed\u00e9s g\u00e1tl\u00e1s\u00e1nak \u00e9s az mRNS-alap\u00fa vakcin\u00e1k optimaliz\u00e1ci\u00f3j\u00e1nak a lehet\u0151s\u00e9geit is.<\/p>\n<p style=\"text-align: justify\">3) Genetikailag determin\u00e1lt betegs\u00e9gek molekul\u00e1ris alapjai<\/p>\n<p style=\"text-align: justify\">A molekul\u00e1ris orvostudom\u00e1nyok harmadik meghat\u00e1roz\u00f3 ter\u00fclete a genetikailag determin\u00e1lt betegs\u00e9gek molekul\u00e1ris mechanizmusainak a vizsg\u00e1lata. A tervezett projekt sor\u00e1n vizsg\u00e1lni fogjuk egyes \u00f6r\u00f6kl\u00f6tt vesebetegs\u00e9gek molekul\u00e1ris alapjait \u00e9s genetikailag determin\u00e1lt betegs\u00e9gekben \u00e9rintett ioncsatorn\u00e1k saj\u00e1toss\u00e1gait.<\/p>\n<p style=\"text-align: justify\">A tervezett projekt a Semmelweis Egyetem 25 kutat\u00f3csoportj\u00e1nak szoros egy\u00fcttm\u0171k\u00f6d\u00e9s\u00e9ben val\u00f3sul meg. A projekt a munkacsoportok k\u00f6z\u00f6tti kapcsolatok tov\u00e1bbi elm\u00e9ly\u00fcl\u00e9s\u00e9t eredm\u00e9nyezi \u00e9s kiemelked\u0151 szerepet j\u00e1tszik egy egys\u00e9ges \u00e9s egy\u00fcttm\u0171k\u00f6d\u0151 molekul\u00e1ris orvostudom\u00e1nyi kutat\u00f3i k\u00f6z\u00f6ss\u00e9g fenntart\u00e1s\u00e1ban \u00e9s meger\u0151s\u00edt\u00e9s\u00e9ben a Semmelweis Egyetemen.<\/p>\n<p style=\"text-align: justify\">A p\u00e1ly\u00e1z\u00f3k kiv\u00e1l\u00f3s\u00e1g\u00e1t j\u00f3l szeml\u00e9lteti, hogy a p\u00e1ly\u00e1z\u00f3 k\u00f6z\u00f6ss\u00e9g t\u00edz tagja nyerte el a Lend\u00fclet-program t\u00e1mogat\u00e1s\u00e1t, valamint sz\u00e1mos tov\u00e1bbi hazai \u00e9s nemzetk\u00f6zi (k\u00f6zt\u00fck ERC \u00e9s egy\u00e9b Eur\u00f3pai Uni\u00f3s) kiv\u00e1l\u00f3s\u00e1gi t\u00e1mogat\u00e1st. A p\u00e1ly\u00e1z\u00f3 kutat\u00f3i k\u00f6z\u00f6ss\u00e9g nagyon kiterjedt nemzetk\u00f6zi elismerts\u00e9ge \u00e9s nemzetk\u00f6zi p\u00e1ly\u00e1zati tapasztalata megalapozza a projekt nemzetk\u00f6zi siker\u00e9t \u00e9s tov\u00e1bbi nemzetk\u00f6zi t\u00e1mogat\u00e1sok elnyer\u00e9s\u00e9t.<\/p>\n<p style=\"text-align: justify\">V\u00c1RHAT\u00d3 EREDM\u00c9NYEK<\/p>\n<p style=\"text-align: justify\">A projekt eredm\u00e9nyek\u00e9nt nagyon jelent\u0151s \u00faj szakmai ismeretek v\u00e1rhat\u00f3k a daganatkutat\u00e1s, a fert\u0151z\u0151 \u00e9s immunol\u00f3giai eredet\u0171 betegs\u00e9gek (bele\u00e9rtve a COVID-19 betegs\u00e9get) vizsg\u00e1lata \u00e9s a genetikailag determin\u00e1lt betegs\u00e9gek t\u00e9m\u00e1j\u00e1ban. Az eredm\u00e9nyeket kiemelked\u0151 nemzetk\u00f6zi foly\u00f3iratokban publik\u00e1ljuk \u00e9s nemzetk\u00f6zi konferenci\u00e1kon mutatjuk be. Kiakn\u00e1zzuk a kutat\u00e1sok transzl\u00e1ci\u00f3s lehet\u0151s\u00e9geit, \u00faj diagnosztikai \u00e9s ter\u00e1pi\u00e1s fejleszt\u00e9seket v\u00e9gz\u00fcnk \u00e9s kezdem\u00e9nyezz\u00fck az eredm\u00e9nyek piaci hasznos\u00edt\u00e1s\u00e1t.<\/p>\n<p style=\"text-align: justify\">A szakmai eredm\u00e9nyeken t\u00falmen\u0151en a Semmelweis Egyetem Doktori Iskol\u00e1inak jelent\u0151s fejl\u0151d\u00e9se, az egyetem legfontosabb tudom\u00e1nyos m\u0171helyeinek a meger\u0151s\u00f6d\u00e9se v\u00e1rhat\u00f3. A projekt lehet\u0151v\u00e9 teszi kiemelked\u0151 kutat\u00f3k Magyarorsz\u00e1gon tart\u00e1s\u00e1t, a Semmelweis Egyetem jelenleg is el\u0151kel\u0151 rangj\u00e1nak tov\u00e1bbi javul\u00e1s\u00e1t, k\u00f6zvetve az eg\u00e9sz hazai orvostudom\u00e1ny fejl\u0151d\u00e9s\u00e9t.<\/p>\n<p><img loading=\"lazy\" decoding=\"async\" class=\"alignright\" src=\"https:\/\/semmelweis.hu\/kfipalyazat\/files\/2025\/07\/NKFIA_infoblokk_kerettel_program_fekvo_2019_HU.jpg\" width=\"550\" height=\"233\" \/><\/p>\n","protected":false},"excerpt":{"rendered":"<p>Molekul\u00e1ris biol\u00f3gia \u2013 Molekul\u00e1ris orvostudom\u00e1nyi kiv\u00e1l\u00f3s\u00e1gi kutat\u00e1sok a Semmelweis Egyetemen (MOLORKIV) T\u00e9mater\u00fcleti kutat\u00e1s vezet\u0151je: Dr. M\u00f3csai Attila T\u00e1mogat\u00e1si \u00f6sszeg: 1 600 000 000 HUF Projekt azonos\u00edt\u00f3ja: TKP2021-EGA-24 \u00d6SSZEFOGLAL\u00c1S A MOLORKIV projekt a Semmelweis Egyetem FIKP\/TKP2020 Molekul\u00e1ris Biol\u00f3gia projekt folytat\u00e1sa, az Egyetem molekul\u00e1ris orvostudom\u00e1nyi kiv\u00e1l\u00f3s\u00e1gi kutat\u00e1sainak els\u0151dleges t\u00e1mogat\u00e1si forr\u00e1sa. A projekt c\u00e9lja k\u00fcl\u00f6nb\u00f6z\u0151 betegs\u00e9gek molekul\u00e1ris alapjainak &hellip;<\/p>\n","protected":false},"author":102410,"featured_media":0,"parent":165,"menu_order":2,"comment_status":"closed","ping_status":"closed","template":"","meta":{"_acf_changed":false,"footnotes":""},"categories":[],"tags":[],"class_list":["post-202","page","type-page","status-publish","hentry"],"acf":[],"_links":{"self":[{"href":"https:\/\/semmelweis.hu\/kfipalyazat\/wp-json\/wp\/v2\/pages\/202","targetHints":{"allow":["GET"]}}],"collection":[{"href":"https:\/\/semmelweis.hu\/kfipalyazat\/wp-json\/wp\/v2\/pages"}],"about":[{"href":"https:\/\/semmelweis.hu\/kfipalyazat\/wp-json\/wp\/v2\/types\/page"}],"author":[{"embeddable":true,"href":"https:\/\/semmelweis.hu\/kfipalyazat\/wp-json\/wp\/v2\/users\/102410"}],"replies":[{"embeddable":true,"href":"https:\/\/semmelweis.hu\/kfipalyazat\/wp-json\/wp\/v2\/comments?post=202"}],"version-history":[{"count":3,"href":"https:\/\/semmelweis.hu\/kfipalyazat\/wp-json\/wp\/v2\/pages\/202\/revisions"}],"predecessor-version":[{"id":615,"href":"https:\/\/semmelweis.hu\/kfipalyazat\/wp-json\/wp\/v2\/pages\/202\/revisions\/615"}],"up":[{"embeddable":true,"href":"https:\/\/semmelweis.hu\/kfipalyazat\/wp-json\/wp\/v2\/pages\/165"}],"wp:attachment":[{"href":"https:\/\/semmelweis.hu\/kfipalyazat\/wp-json\/wp\/v2\/media?parent=202"}],"wp:term":[{"taxonomy":"category","embeddable":true,"href":"https:\/\/semmelweis.hu\/kfipalyazat\/wp-json\/wp\/v2\/categories?post=202"},{"taxonomy":"post_tag","embeddable":true,"href":"https:\/\/semmelweis.hu\/kfipalyazat\/wp-json\/wp\/v2\/tags?post=202"}],"curies":[{"name":"wp","href":"https:\/\/api.w.org\/{rel}","templated":true}]}}