{"id":200,"date":"2025-07-03T11:32:29","date_gmt":"2025-07-03T09:32:29","guid":{"rendered":"https:\/\/semmelweis.hu\/kfipalyazat\/?page_id=200"},"modified":"2025-08-14T09:46:53","modified_gmt":"2025-08-14T07:46:53","slug":"tkp-2021-egeszseg-alprogram-transzlacios-kutatasok-es-innovacio-az-iszkemias-szivbetegseg-es-tarsbetegsegei-diagnosztikajaban-es-terapiajaban","status":"publish","type":"page","link":"https:\/\/semmelweis.hu\/kfipalyazat\/palyazatok\/hazai-palyazatok\/nkfih\/temateruleti-kivalosagi-program-2020-tkp2020\/temateruleti-kivalosagi-program-2021\/tkp-2021-egeszseg-alprogram-transzlacios-kutatasok-es-innovacio-az-iszkemias-szivbetegseg-es-tarsbetegsegei-diagnosztikajaban-es-terapiajaban\/","title":{"rendered":"TKP 2021 \u2013 Eg\u00e9szs\u00e9g alprogram \/ Transzl\u00e1ci\u00f3s kutat\u00e1sok \u00e9s innov\u00e1ci\u00f3 az iszk\u00e9mi\u00e1s sz\u00edvbetegs\u00e9g \u00e9s t\u00e1rsbetegs\u00e9gei diagnosztik\u00e1j\u00e1ban \u00e9s ter\u00e1pi\u00e1j\u00e1ban"},"content":{"rendered":"<p style=\"text-align: justify\">Transzl\u00e1ci\u00f3s kutat\u00e1sok \u00e9s innov\u00e1ci\u00f3 az iszk\u00e9mi\u00e1s sz\u00edvbetegs\u00e9g \u00e9s t\u00e1rsbetegs\u00e9gei diagnosztik\u00e1j\u00e1ban \u00e9s ter\u00e1pi\u00e1j\u00e1ban<\/p>\n<p style=\"text-align: justify\">T\u00e9mater\u00fcleti kutat\u00e1s vezet\u0151je: Prof. Dr. Ferdinandy P\u00e9ter<\/p>\n<p style=\"text-align: justify\">T\u00e1mogat\u00e1si \u00f6sszeg: 1 400 000 000 HUF<\/p>\n<p style=\"text-align: justify\">Projekt azonos\u00edt\u00f3ja: TKP2021-EGA-23<\/p>\n<p style=\"text-align: justify\">A Ter\u00e1pi\u00e1s c\u00e9l\u00fa fejleszt\u00e9s t\u00e9mater\u00fcleten (szakmai vezet\u0151: Prof. Dr. Ferdinandy P\u00e9ter, int\u00e9zetvezet\u0151 egyetemi tan\u00e1r, tudom\u00e1nyos \u00e9s innov\u00e1ci\u00f3s rektorhelyettes) a k\u00f6vetkez\u0151 f\u0151bb \u00e1ltal\u00e1nos c\u00e9lokat t\u0171zt\u00fck ki:<\/p>\n<ol style=\"text-align: justify\">\n<li>\u00daj ter\u00e1pi\u00e1s c\u00e9l\u00fa kutat\u00e1sfejleszt\u00e9si projektek klinikai transzl\u00e1ci\u00f3j\u00e1nak \u00e9s piacra vitel\u00e9nek el\u0151seg\u00edt\u00e9se, KFI v\u00e1llalkoz\u00e1sokkal szoros egy\u00fcttm\u0171k\u00f6d\u00e9sben, az igen sikeresen z\u00e1rult \u201eFIKP Ter\u00e1pi\u00e1s fejleszt\u00e9s t\u00e9mater\u00fclet\u201d project\u00fcnk folytat\u00e1sak\u00e9nt<\/li>\n<li>nemzetk\u00f6zi kiv\u00e1l\u00f3s\u00e1g t\u00e1mogat\u00e1sa:<\/li>\n<\/ol>\n<p style=\"text-align: justify\">\u2013 hazai \u00e9s k\u00fclf\u00f6ldi PhD hallgat\u00f3k \u00e9s fiatal kutat\u00f3k maxim\u00e1lis bevon\u00e1sa \u00e9s finansz\u00edroz\u00e1sa a t\u00e1mogat\u00e1s seg\u00edts\u00e9g\u00e9vel, MD-PhD \u00e9s a Kooperat\u00edv PhD programban val\u00f3 r\u00e9szv\u00e9tel facilit\u00e1l\u00e1s\u00e1val.<\/p>\n<p style=\"text-align: justify\">\u2013 HCEMM kutat\u00f3csoportok m\u0171k\u00f6d\u00e9s\u00e9hez val\u00f3 hozz\u00e1j\u00e1rul\u00e1s \u00e9s egy\u00fcttm\u0171k\u00f6d\u00e9sek b\u0151v\u00edt\u00e9se<\/p>\n<p style=\"text-align: justify\">\u2013 Nemzetk\u00f6zi egy\u00fcttm\u0171k\u00f6d\u00e9sek, kutat\u00f3csere b\u0151v\u00edt\u00e9se tov\u00e1bbi b\u0151v\u00edt\u00e9se,<\/p>\n<ol style=\"text-align: justify\" start=\"3\">\n<li>Core facilit\u00e1sok karbantart\u00e1sa \u00e9s \u00faj eszk\u00f6z\u00f6k beszerz\u00e9se, szinergi\u00e1ban az SE Science Park l\u00e9tes\u00edt\u00e9s\u00e9nek terveivel<\/li>\n<\/ol>\n<p style=\"text-align: justify\">F\u0151bb tev\u00e9kenys\u00e9gek, el\u00e9rni tervezett eredm\u00e9nyek:<\/p>\n<p style=\"text-align: justify\">A jelen projectben a kor\u00e1bbi kiv\u00e1l\u00f3s\u00e1gi \u201eTer\u00e1pi\u00e1s fejleszt\u00e9s t\u00e9mater\u00fclet\u201d project folytat\u00e1sa mellett \u00faj elemeket emelt\u00fcnk be. A jelen project els\u0151sorban a kardiovaszkul\u00e1ris megbeteged\u00e9sekhez (a leggyakoribb n\u00e9pbetegs\u00e9g) t\u00e1rsul\u00f3 metabolikus betegs\u00e9gek, mint a hiperlipid\u00e9mia, a metabolikus szindr\u00f3ma, az elh\u00edz\u00e1s, a cukorbetegs\u00e9g (diabetes mellitus) megel\u0151z\u00e9s\u00e9ben \u00e9s ter\u00e1pi\u00e1j\u00e1ban alkalmazhat\u00f3 kutat\u00e1sfejleszt\u00e9si projecteket c\u00e9loz meg, 6 egyetemi kutat\u00f3int\u00e9zet \u00e9s kutat\u00f3 klinika bevon\u00e1s\u00e1val. A projectben \u00faj c\u00e9lkit\u0171z\u00e9s jelenik meg, a hiperlipid\u00e9mia talaj\u00e1n kialakul\u00f3 pancreas betegs\u00e9gek ter\u00e1pi\u00e1s fejleszt\u00e9se, melyek cukorbetegs\u00e9ghez is vezetnek igy k\u00f6zvetlen\u00fcl visszahatna a kardiovaszkul\u00e1ris megbeteged\u00e9sekre, tov\u00e1bb\u00e1 a Covid-19 \u00e9s egy\u00e9b fert\u0151z\u0151 betegs\u00e9gek t\u00f6bbszervi elv\u00e1ltoz\u00e1sainak modellez\u00e9se. A jelen projectben a KFI projectek m\u00e9rhet\u0151 sikerei mellett k\u00fcl\u00f6n\u00f6s figyelmet ford\u00edtunk a kutat\u00f3i ut\u00e1np\u00f3tl\u00e1s \u00e9s nemzetk\u00f6zi kiv\u00e1l\u00f3s\u00e1g nevel\u00e9sre, ezzel er\u0151s\u00edtve a nemzetk\u00f6zi kutat\u00f3i \u00e9s ipari kapcsolatainkat. A PhD hallgat\u00f3k transzl\u00e1ci\u00f3s kutat\u00e1sokba val\u00f3 bevon\u00e1s\u00e1t az \u00fajonnan l\u00e9tes\u00edtett Transzl\u00e1ci\u00f3s Medicina K\u00f6zpont bevon\u00e1s\u00e1val.<\/p>\n<p style=\"text-align: justify\">A program megval\u00f3s\u00edt\u00e1s\u00e1t a Semmelweis egyetem 6 int\u00e9zete \u00e9s klinik\u00e1ja val\u00f3s\u00edtja meg szoros egy\u00fcttm\u0171k\u00f6d\u00e9sben. A Farmakol\u00f3giai \u00e9s Farmakoter\u00e1pi\u00e1s Int\u00e9zetben a mikroRNS-mRNS h\u00e1l\u00f3zat elfogulatlan elemz\u00e9s\u00e9t k\u00f6vet\u0151en \u00faj hiperkoleszterin\u00e9mia \u2013 miRNS-induk\u00e1lt jel\u00e1tviteli \u00fatvonalv\u00e1ltoz\u00e1sokat azonos\u00edtunk, \u00e9s ter\u00e1pi\u00e1ban alkalmazhat\u00f3 microRNS molekul\u00e1kat azonos\u00edtunk. Az immun-onkol\u00f3giai gy\u00f3gyszerek okozta sz\u00edvizomgyullad\u00e1s \u00e9s \u00e9relmeszesed\u00e9s mechanizmus\u00e1t, \u00e9s ezek kiv\u00e9d\u00e9si lehet\u0151s\u00e9geit is vizsg\u00e1ljuk. A V\u00e1rosmajori Sz\u00edv- \u00e9s \u00c9rgy\u00f3gy\u00e1szati Klinik\u00e1j\u00e1n fejlesztj\u00fck a hum\u00e1n sz\u00edv biobankot, mely elengedhetetlen a transzl\u00e1ci\u00f3s kutat\u00e1sokhoz, melyeket a legmodernebb multi omikai \u00e9s \u0151ssejt alap\u00fa kutat\u00e1sok eg\u00e9sz\u00edtenek ki. A kardi\u00e1lis reszinkroniz\u00e1ci\u00f3s ter\u00e1pia (CRT) fejleszt\u00e9s\u00e9t v\u00e9gezz\u00fck sz\u00edvel\u00e9gtelen betegek kezel\u00e9s\u00e9re sz\u00e9les nemzetk\u00f6zi kollabor\u00e1ci\u00f3ban. A Genetikai, Sejt- \u00e9s Immunbiol\u00f3giai Int\u00e9zetben a hyperlipid\u00e9mia hat\u00e1s\u00e1t vizsg\u00e1ljuk a ter\u00e1pi\u00e1s c\u00e9lb\u00f3l fejlesztett nanor\u00e9szecsk\u00e9k c\u00e9lba juttat\u00e1s\u00e1ra. K\u00fcl\u00f6nb\u00f6z\u0151 ter\u00e1pi\u00e1s nanor\u00e9szecsk\u00e9k funkcion\u00e1lis \u201erakom\u00e1ny\u00e1nak\u201d (cargoj\u00e1nak) sejtbe juttat\u00e1sa tekintet\u00e9ben \u00f6sszehasonl\u00edt\u00f3 vizsg\u00e1latot v\u00e9gezz\u00fcnk normo- \u00e9s hyperlipid\u00e9mi\u00e1s k\u00f6r\u00fclm\u00e9nyek k\u00f6z\u00f6tt. Els\u0151k\u00e9nt vizsg\u00e1ljuk p\u00e1rhuzamosan a k\u00fcl\u00f6nb\u00f6z\u0151 ter\u00e1pi\u00e1s nanor\u00e9szecsk\u00e9ket (az AAV r\u00e9szecsk\u00e9ket, az mRNS alap\u00fa COVID vakcin\u00e1k eset\u00e9ben is alkalmazott lipid nanopartikul\u00e1kat \u00e9s az extracellul\u00e1ris vezikul\u00e1kat), \u00e9s k\u00f6lcs\u00f6nhat\u00e1sukat a hyperlipid\u00e9mi\u00e1s lipoprotein r\u00e9szszecsk\u00e9kkel. A Biofizikai \u00e9s Sug\u00e1rbiol\u00f3giai Int\u00e9zetben \u00faj feh\u00e9rje-alapanyagokb\u00f3l k\u00e9sz\u00fcl\u0151 helyre\u00e1ll\u00edt\u00f3 eszk\u00f6z\u00f6ket fejleszt\u00fcnk mesters\u00e9ges sz\u00f6vetek c\u00e9lj\u00e1ra. Ezeket az \u00faj anyagokat a hasny\u00e1lmirigy-gyullad\u00e1shoz, velesz\u00fcletett \u00e9s szerzett s\u00falyos sz\u00edvbetegs\u00e9gekhez, \u00e9s a COVID-betegs\u00e9ghez egyar\u00e1nt k\u00f6thet\u0151 \u00e9rrendszeri mikro-gyullad\u00e1sos folyamatok diagnosztik\u00e1j\u00e1ra \u00e9s egy antioxid\u00e1ns ter\u00e1pia kifejleszt\u00e9s\u00e9re alkalmazzuk. A pancreas k\u00f6zpontban alapkutat\u00e1si \u00e9s labork\u00eds\u00e9rletek eredm\u00e9nyeire \u00e9p\u00fclve h\u00e1rom hum\u00e1n klinikai vizsg\u00e1latot tervezt\u00fcnk amik beavatkoz\u00e1si pontjai kiv\u00e9dhetik a gyullad\u00e1s k\u00f6vetkezt\u00e9ben kialakul\u00f3 sz\u00edvel\u00e9gtelens\u00e9get \u00e9s hal\u00e1lt. Az or\u00e1lbiol\u00f3gia int\u00e9zetben biomarkereket azonos\u00edtunk ny\u00e1lb\u00f3l, amelyek kardiovaszkul\u00e1ris k\u00f3rk\u00e9pekben nagy tal\u00e1lati ar\u00e1nnyal jelezhetik a k\u00f3rk\u00e9p kialakul\u00e1s\u00e1t \u00e9s lefoly\u00e1s\u00e1t. Fert\u0151z\u00e9ses k\u00f3rk\u00e9pekben elemezz\u00fck a gazdasejtek \u00e9s a mikrob\u00e1k interakci\u00f3j\u00e1t, a v\u00e9delmi mechanizmusokban szerepet j\u00e1tsz\u00f3 feh\u00e9rj\u00e9ket, amelyek a fert\u0151z\u00e9seken t\u00fal\u00a0 gyullad\u00e1sos k\u00f3rk\u00e9pekben is \u00faj ter\u00e1pi\u00e1s lehet\u0151s\u00e9geket nyithatnak meg. Olyan mikroeszk\u00f6zt fejleszt\u00fcnk, amely prevent\u00edv \u00e9s ter\u00e1pi\u00e1s c\u00e9llal alkalmazhat\u00f3 parodontitis kezel\u00e9s\u00e9ben.<\/p>\n<p><img loading=\"lazy\" decoding=\"async\" class=\"alignright\" src=\"https:\/\/semmelweis.hu\/kfipalyazat\/files\/2025\/07\/NKFIA_infoblokk_kerettel_program_fekvo_2019_HU.jpg\" width=\"550\" height=\"233\" \/><\/p>\n","protected":false},"excerpt":{"rendered":"<p>Transzl\u00e1ci\u00f3s kutat\u00e1sok \u00e9s innov\u00e1ci\u00f3 az iszk\u00e9mi\u00e1s sz\u00edvbetegs\u00e9g \u00e9s t\u00e1rsbetegs\u00e9gei diagnosztik\u00e1j\u00e1ban \u00e9s ter\u00e1pi\u00e1j\u00e1ban T\u00e9mater\u00fcleti kutat\u00e1s vezet\u0151je: Prof. Dr. Ferdinandy P\u00e9ter T\u00e1mogat\u00e1si \u00f6sszeg: 1 400 000 000 HUF Projekt azonos\u00edt\u00f3ja: TKP2021-EGA-23 A Ter\u00e1pi\u00e1s c\u00e9l\u00fa fejleszt\u00e9s t\u00e9mater\u00fcleten (szakmai vezet\u0151: Prof. Dr. Ferdinandy P\u00e9ter, int\u00e9zetvezet\u0151 egyetemi tan\u00e1r, tudom\u00e1nyos \u00e9s innov\u00e1ci\u00f3s rektorhelyettes) a k\u00f6vetkez\u0151 f\u0151bb \u00e1ltal\u00e1nos c\u00e9lokat t\u0171zt\u00fck ki: \u00daj &hellip;<\/p>\n","protected":false},"author":102410,"featured_media":0,"parent":165,"menu_order":1,"comment_status":"closed","ping_status":"closed","template":"","meta":{"_acf_changed":false,"footnotes":""},"categories":[],"tags":[],"class_list":["post-200","page","type-page","status-publish","hentry"],"acf":[],"_links":{"self":[{"href":"https:\/\/semmelweis.hu\/kfipalyazat\/wp-json\/wp\/v2\/pages\/200","targetHints":{"allow":["GET"]}}],"collection":[{"href":"https:\/\/semmelweis.hu\/kfipalyazat\/wp-json\/wp\/v2\/pages"}],"about":[{"href":"https:\/\/semmelweis.hu\/kfipalyazat\/wp-json\/wp\/v2\/types\/page"}],"author":[{"embeddable":true,"href":"https:\/\/semmelweis.hu\/kfipalyazat\/wp-json\/wp\/v2\/users\/102410"}],"replies":[{"embeddable":true,"href":"https:\/\/semmelweis.hu\/kfipalyazat\/wp-json\/wp\/v2\/comments?post=200"}],"version-history":[{"count":3,"href":"https:\/\/semmelweis.hu\/kfipalyazat\/wp-json\/wp\/v2\/pages\/200\/revisions"}],"predecessor-version":[{"id":614,"href":"https:\/\/semmelweis.hu\/kfipalyazat\/wp-json\/wp\/v2\/pages\/200\/revisions\/614"}],"up":[{"embeddable":true,"href":"https:\/\/semmelweis.hu\/kfipalyazat\/wp-json\/wp\/v2\/pages\/165"}],"wp:attachment":[{"href":"https:\/\/semmelweis.hu\/kfipalyazat\/wp-json\/wp\/v2\/media?parent=200"}],"wp:term":[{"taxonomy":"category","embeddable":true,"href":"https:\/\/semmelweis.hu\/kfipalyazat\/wp-json\/wp\/v2\/categories?post=200"},{"taxonomy":"post_tag","embeddable":true,"href":"https:\/\/semmelweis.hu\/kfipalyazat\/wp-json\/wp\/v2\/tags?post=200"}],"curies":[{"name":"wp","href":"https:\/\/api.w.org\/{rel}","templated":true}]}}