{"id":186,"date":"2025-07-03T11:10:52","date_gmt":"2025-07-03T09:10:52","guid":{"rendered":"https:\/\/semmelweis.hu\/kfipalyazat\/?page_id=186"},"modified":"2025-08-14T09:45:15","modified_gmt":"2025-08-14T07:45:15","slug":"temateruleti-kivalosagi-program-2020-2020-4-1-1-tkp2020-nemzeti-kihivasok-alprogram-transzlacios-biotechnologia","status":"publish","type":"page","link":"https:\/\/semmelweis.hu\/kfipalyazat\/palyazatok\/hazai-palyazatok\/nkfih\/temateruleti-kivalosagi-program-2020-tkp2020\/temateruleti-kivalosagi-program-2020\/temateruleti-kivalosagi-program-2020-2020-4-1-1-tkp2020-nemzeti-kihivasok-alprogram-transzlacios-biotechnologia\/","title":{"rendered":"T\u00e9mater\u00fcleti Kiv\u00e1l\u00f3s\u00e1gi Program 2020 (2020-4.1.1-TKP2020) Nemzeti Kih\u00edv\u00e1sok Alprogram Transzl\u00e1ci\u00f3s BIOtechnol\u00f3gia"},"content":{"rendered":"<p style=\"text-align: justify\">T\u00e1mogat\u00e1si k\u00e9relem sz\u00e1ma: TKP-24-1\/PALY-2020<\/p>\n<p style=\"text-align: justify\">Kedvezm\u00e9nyezett: Semmelweis Egyetem<\/p>\n<p style=\"text-align: justify\">T\u00e1mogatott T\u00e9mater\u00fclet c\u00edme: T\u00e9mater\u00fcleti Kiv\u00e1l\u00f3s\u00e1gi Program 2020 (2020-4.1.1-TKP2020) Nemzeti Kih\u00edv\u00e1sok Alprogram Transzl\u00e1ci\u00f3s BIOtechnol\u00f3gia<\/p>\n<p style=\"text-align: justify\">T\u00e1mogat\u00e1si \u00f6sszeg: 540\u00a0000\u00a0000.-Ft<\/p>\n<p style=\"text-align: justify\">A t\u00e9mater\u00fcleti kutat\u00e1s szakmai vezet\u0151je: Prof. Dr. Ferdinandy P\u00e9ter<\/p>\n<p style=\"text-align: justify\">Megval\u00f3s\u00edt\u00e1s id\u0151szaka (kezdete \u2013 v\u00e9ge): 2021.08.01-2022.07.31<br \/>\n<strong>Transzl\u00e1ci\u00f3s BIOtechnol\u00f3gia<\/strong>\u00a0projekt\u00a0<strong>c\u00e9lja<\/strong>\u00a0a modern orvosi m\u00f3dszerek, illetve ter\u00e1pi\u00e1s megold\u00e1sok k\u00eds\u00e9rletes \u00e9s klinikai fejleszt\u00e9se, valamint az ezekhez t\u00e1rsul\u00f3 klinikai kipr\u00f3b\u00e1l\u00e1sokon kereszt\u00fcl a\u00a0<strong>ter\u00e1pi\u00e1s hat\u00e9konys\u00e1got radik\u00e1lisan n\u00f6velje, illetve a piacra vitelhez sz\u00fcks\u00e9ges hat\u00f3s\u00e1gi el\u0151\u00edr\u00e1sokat teljes\u00edtse<\/strong>.<\/p>\n<p style=\"text-align: justify\">Szakmai r\u00e9szc\u00e9lok:<\/p>\n<ul>\n<li style=\"text-align: justify\">Mesters\u00e9ges intelligencia alkalmaz\u00e1sa glob\u00e1lis transzkriptomika adathalmazok \u00e9rt\u00e9kel\u00e9s\u00e9hez<\/li>\n<li style=\"text-align: justify\">Mesters\u00e9ges intelligencia alkalmaz\u00e1sa farmakovigilancia adathalmazok \u00e9rt\u00e9kel\u00e9s\u00e9hez<\/li>\n<\/ul>\n<p><img loading=\"lazy\" decoding=\"async\" class=\"alignright\" src=\"https:\/\/semmelweis.hu\/kfipalyazat\/files\/2025\/07\/NKFIA_infoblokk_kerettel_program_fekvo_2019_HU.jpg\" width=\"550\" height=\"233\" \/><\/p>\n","protected":false},"excerpt":{"rendered":"<p>T\u00e1mogat\u00e1si k\u00e9relem sz\u00e1ma: TKP-24-1\/PALY-2020 Kedvezm\u00e9nyezett: Semmelweis Egyetem T\u00e1mogatott T\u00e9mater\u00fclet c\u00edme: T\u00e9mater\u00fcleti Kiv\u00e1l\u00f3s\u00e1gi Program 2020 (2020-4.1.1-TKP2020) Nemzeti Kih\u00edv\u00e1sok Alprogram Transzl\u00e1ci\u00f3s BIOtechnol\u00f3gia T\u00e1mogat\u00e1si \u00f6sszeg: 540\u00a0000\u00a0000.-Ft A t\u00e9mater\u00fcleti kutat\u00e1s szakmai vezet\u0151je: Prof. Dr. Ferdinandy P\u00e9ter Megval\u00f3s\u00edt\u00e1s id\u0151szaka (kezdete \u2013 v\u00e9ge): 2021.08.01-2022.07.31 Transzl\u00e1ci\u00f3s BIOtechnol\u00f3gia\u00a0projekt\u00a0c\u00e9lja\u00a0a modern orvosi m\u00f3dszerek, illetve ter\u00e1pi\u00e1s megold\u00e1sok k\u00eds\u00e9rletes \u00e9s klinikai fejleszt\u00e9se, valamint az ezekhez t\u00e1rsul\u00f3 klinikai &hellip;<\/p>\n","protected":false},"author":102410,"featured_media":0,"parent":163,"menu_order":7,"comment_status":"closed","ping_status":"closed","template":"","meta":{"_acf_changed":false,"footnotes":""},"categories":[],"tags":[],"class_list":["post-186","page","type-page","status-publish","hentry"],"acf":[],"_links":{"self":[{"href":"https:\/\/semmelweis.hu\/kfipalyazat\/wp-json\/wp\/v2\/pages\/186","targetHints":{"allow":["GET"]}}],"collection":[{"href":"https:\/\/semmelweis.hu\/kfipalyazat\/wp-json\/wp\/v2\/pages"}],"about":[{"href":"https:\/\/semmelweis.hu\/kfipalyazat\/wp-json\/wp\/v2\/types\/page"}],"author":[{"embeddable":true,"href":"https:\/\/semmelweis.hu\/kfipalyazat\/wp-json\/wp\/v2\/users\/102410"}],"replies":[{"embeddable":true,"href":"https:\/\/semmelweis.hu\/kfipalyazat\/wp-json\/wp\/v2\/comments?post=186"}],"version-history":[{"count":3,"href":"https:\/\/semmelweis.hu\/kfipalyazat\/wp-json\/wp\/v2\/pages\/186\/revisions"}],"predecessor-version":[{"id":612,"href":"https:\/\/semmelweis.hu\/kfipalyazat\/wp-json\/wp\/v2\/pages\/186\/revisions\/612"}],"up":[{"embeddable":true,"href":"https:\/\/semmelweis.hu\/kfipalyazat\/wp-json\/wp\/v2\/pages\/163"}],"wp:attachment":[{"href":"https:\/\/semmelweis.hu\/kfipalyazat\/wp-json\/wp\/v2\/media?parent=186"}],"wp:term":[{"taxonomy":"category","embeddable":true,"href":"https:\/\/semmelweis.hu\/kfipalyazat\/wp-json\/wp\/v2\/categories?post=186"},{"taxonomy":"post_tag","embeddable":true,"href":"https:\/\/semmelweis.hu\/kfipalyazat\/wp-json\/wp\/v2\/tags?post=186"}],"curies":[{"name":"wp","href":"https:\/\/api.w.org\/{rel}","templated":true}]}}