{"id":184,"date":"2025-07-03T11:09:57","date_gmt":"2025-07-03T09:09:57","guid":{"rendered":"https:\/\/semmelweis.hu\/kfipalyazat\/?page_id=184"},"modified":"2025-08-14T09:44:53","modified_gmt":"2025-08-14T07:44:53","slug":"temateruleti-kivalosagi-program-2020-2020-4-1-1-tkp2020-nemzeti-kihivasok-alprogram-terapias-celu-fejlesztes","status":"publish","type":"page","link":"https:\/\/semmelweis.hu\/kfipalyazat\/palyazatok\/hazai-palyazatok\/nkfih\/temateruleti-kivalosagi-program-2020-tkp2020\/temateruleti-kivalosagi-program-2020\/temateruleti-kivalosagi-program-2020-2020-4-1-1-tkp2020-nemzeti-kihivasok-alprogram-terapias-celu-fejlesztes\/","title":{"rendered":"T\u00e9mater\u00fcleti Kiv\u00e1l\u00f3s\u00e1gi Program 2020 (2020-4.1.1-TKP2020) Nemzeti Kih\u00edv\u00e1sok Alprogram TER\u00c1PI\u00c1S C\u00c9L\u00da FEJLESZT\u00c9S"},"content":{"rendered":"<p style=\"text-align: justify\">T\u00e1mogat\u00e1si k\u00e9relem sz\u00e1ma: TKP2020-IKA-09<\/p>\n<p style=\"text-align: justify\">Kedvezm\u00e9nyezett: Semmelweis Egyetem<\/p>\n<p style=\"text-align: justify\">T\u00e1mogatott T\u00e9mater\u00fclet c\u00edme: T\u00e9mater\u00fcleti Kiv\u00e1l\u00f3s\u00e1gi Program 2020 (2020-4.1.1-TKP2020) Nemzeti Kih\u00edv\u00e1sok Alprogram TER\u00c1PI\u00c1S C\u00c9L\u00da FEJLESZT\u00c9S<\/p>\n<p style=\"text-align: justify\">T\u00e1mogat\u00e1si \u00f6sszeg: 368\u00a0717\u00a0000.- Ft<\/p>\n<p style=\"text-align: justify\">A t\u00e9mater\u00fcleti kutat\u00e1s szakmai vezet\u0151je: Dr. Ferdinandy P\u00e9ter<\/p>\n<p style=\"text-align: justify\">Megval\u00f3s\u00edt\u00e1s id\u0151szaka (kezdete \u2013 v\u00e9ge): 2020.08.01-2021.07.31.<\/p>\n<p style=\"text-align: justify\">A Program t\u00e1mogat\u00e1sa lehet\u0151s\u00e9get ny\u00fajthat arra, hogy n\u00f6velj\u00fck Ter\u00e1pi\u00e1s c\u00e9l\u00fa fejleszt\u00e9s t\u00e9mater\u00fclethez kapcsol\u00f3d\u00f3 kutat\u00f3i munkaid\u0151 r\u00e1ford\u00edt\u00e1sunkat, melyet \u00faj kutat\u00f3k felv\u00e9tel\u00e9vel, illetve kutat\u00f3k m\u00e1s t\u00e9mater\u00fcletekr\u0151l val\u00f3 bevon\u00e1s\u00e1val k\u00edv\u00e1njuk el\u00e9rni.<\/p>\n<p style=\"text-align: justify\">A t\u00e9mater\u00fclethez kapcsol\u00f3d\u00f3 nyertes p\u00e1ly\u00e1zatainkb\u00f3l t\u00f6bb nagy eszk\u00f6z beszerz\u00e9se, \u201ecore facilit\u00e1sok\u201d ki\u00e9p\u00edt\u00e9se val\u00f3sulhatott meg, mely k\u00f6r\u00e9 \u00e9p\u00fcl\u0151 innovat\u00edv kutat\u00e1sok sikeress\u00e9g\u00e9hez a megfelel\u0151 kutat\u00f3i kapacit\u00e1s elengedhetetlen fontoss\u00e1g\u00fa.<\/p>\n<p style=\"text-align: justify\">Szakmai c\u00e9lok:<\/p>\n<p style=\"text-align: justify\">A t\u00e9mater\u00fclet c\u00e9lja a sz\u00edv- \u00e9s \u00e9rrendszeri megbeteged\u00e9sek \u00e1ltal okozott hal\u00e1loz\u00e1s cs\u00f6kkent\u00e9se innovat\u00edv, j\u00f6v\u0151be mutat\u00f3 diagnosztikai \u00e9s ter\u00e1pi\u00e1s m\u00f3dszereken, szolg\u00e1ltat\u00e1sokon, fejleszt\u00e9seken kereszt\u00fcl. Ennek sor\u00e1n interdiszciplin\u00e1ris (orvostudom\u00e1ny, informatika, fizika) m\u00e9gis szorosan integr\u00e1lt transzl\u00e1ci\u00f3s (az alapkutat\u00e1st\u00f3l az epidemiol\u00f3gia kutat\u00e1sig terjed\u0151) kutat\u00e1s-fejleszt\u00e9si platformot hozunk l\u00e9tre a Semmelweis Egyetem \u00e9s nemzetk\u00f6zi tapasztalattal is rendelkez\u0151 magyar v\u00e1llalkoz\u00e1sok r\u00e9szv\u00e9tel\u00e9vel. A kutat\u00e1saink eredm\u00e9nye a klinikai gyakorlatban is hasznos\u00edthat\u00f3, \u00faj szem\u00e9lyre szabott megel\u0151z\u00e9st \u00e9s gy\u00f3gy\u00edt\u00e1st seg\u00edt\u0151 technol\u00f3gia megalkot\u00e1sa. A kutat\u00e1sok r\u00e9sze az \u00e1llatk\u00eds\u00e9rletek v\u00e9gz\u00e9se, melyhez egy \u00e1llath\u00e1z fel\u00faj\u00edt\u00e1s\u00e1t \u00e9s egy in vivo imgaing laborat\u00f3rium kialak\u00edt\u00e1s\u00e1t tervezz\u00fck, mely egys\u00e9g a HCEMM szakmai programj\u00e1ban is neves\u00edtve van, mint kutat\u00f3csoportot befogad\u00f3 infrastrukt\u00fara. A SE Nagyv\u00e1radt\u00e9ri Elm\u00e9leti t\u00f6mbj\u00e9ben l\u00e9v\u0151, fel\u00faj\u00edt\u00e1sra tervezett \u00e1llath\u00e1z \u00e9s laborat\u00f3rium korszer\u0171s\u00edt\u00e9s\u00e9vel moderniz\u00e1lhatjuk a preklinikai vizsg\u00e1latokat. Olyan, az EU standardok szerinti core facilitas kialak\u00edt\u00e1s\u00e1t tervezz\u00fck, amely vonz\u00f3 kutat\u00f3i infrastrukt\u00far\u00e1t k\u00edn\u00e1l egyetem\u00fcnk kutat\u00f3inak, de k\u00fclf\u00f6ld\u00f6n dolgoz\u00f3 kutat\u00f3k hazah\u00edv\u00e1s\u00e1t is el\u0151seg\u00edtheti. Hossz\u00fa t\u00e1von lehet\u0151s\u00e9get ny\u00fajt olyan piack\u00e9pes szolg\u00e1ltat\u00e1sok kialak\u00edt\u00e1s\u00e1ra, amely el\u0151seg\u00edti a hazai \u00e9s nemzetk\u00f6zi \u00fczleti jelleg\u0171 egy\u00fcttm\u0171k\u00f6d\u00e9sek sz\u00e1m\u00e1nak n\u00f6vel\u00e9s\u00e9t, a megl\u00e9v\u0151 kapcsolatok er\u0151s\u00edt\u00e9s\u00e9t is.<\/p>\n<p><img loading=\"lazy\" decoding=\"async\" class=\"alignright\" src=\"https:\/\/semmelweis.hu\/kfipalyazat\/files\/2025\/07\/NKFIA_infoblokk_kerettel_program_fekvo_2019_HU.jpg\" width=\"550\" height=\"233\" \/><\/p>\n","protected":false},"excerpt":{"rendered":"<p>T\u00e1mogat\u00e1si k\u00e9relem sz\u00e1ma: TKP2020-IKA-09 Kedvezm\u00e9nyezett: Semmelweis Egyetem T\u00e1mogatott T\u00e9mater\u00fclet c\u00edme: T\u00e9mater\u00fcleti Kiv\u00e1l\u00f3s\u00e1gi Program 2020 (2020-4.1.1-TKP2020) Nemzeti Kih\u00edv\u00e1sok Alprogram TER\u00c1PI\u00c1S C\u00c9L\u00da FEJLESZT\u00c9S T\u00e1mogat\u00e1si \u00f6sszeg: 368\u00a0717\u00a0000.- Ft A t\u00e9mater\u00fcleti kutat\u00e1s szakmai vezet\u0151je: Dr. Ferdinandy P\u00e9ter Megval\u00f3s\u00edt\u00e1s id\u0151szaka (kezdete \u2013 v\u00e9ge): 2020.08.01-2021.07.31. A Program t\u00e1mogat\u00e1sa lehet\u0151s\u00e9get ny\u00fajthat arra, hogy n\u00f6velj\u00fck Ter\u00e1pi\u00e1s c\u00e9l\u00fa fejleszt\u00e9s t\u00e9mater\u00fclethez kapcsol\u00f3d\u00f3 kutat\u00f3i munkaid\u0151 r\u00e1ford\u00edt\u00e1sunkat, &hellip;<\/p>\n","protected":false},"author":102410,"featured_media":0,"parent":163,"menu_order":6,"comment_status":"closed","ping_status":"closed","template":"","meta":{"_acf_changed":false,"footnotes":""},"categories":[],"tags":[],"class_list":["post-184","page","type-page","status-publish","hentry"],"acf":[],"_links":{"self":[{"href":"https:\/\/semmelweis.hu\/kfipalyazat\/wp-json\/wp\/v2\/pages\/184","targetHints":{"allow":["GET"]}}],"collection":[{"href":"https:\/\/semmelweis.hu\/kfipalyazat\/wp-json\/wp\/v2\/pages"}],"about":[{"href":"https:\/\/semmelweis.hu\/kfipalyazat\/wp-json\/wp\/v2\/types\/page"}],"author":[{"embeddable":true,"href":"https:\/\/semmelweis.hu\/kfipalyazat\/wp-json\/wp\/v2\/users\/102410"}],"replies":[{"embeddable":true,"href":"https:\/\/semmelweis.hu\/kfipalyazat\/wp-json\/wp\/v2\/comments?post=184"}],"version-history":[{"count":3,"href":"https:\/\/semmelweis.hu\/kfipalyazat\/wp-json\/wp\/v2\/pages\/184\/revisions"}],"predecessor-version":[{"id":611,"href":"https:\/\/semmelweis.hu\/kfipalyazat\/wp-json\/wp\/v2\/pages\/184\/revisions\/611"}],"up":[{"embeddable":true,"href":"https:\/\/semmelweis.hu\/kfipalyazat\/wp-json\/wp\/v2\/pages\/163"}],"wp:attachment":[{"href":"https:\/\/semmelweis.hu\/kfipalyazat\/wp-json\/wp\/v2\/media?parent=184"}],"wp:term":[{"taxonomy":"category","embeddable":true,"href":"https:\/\/semmelweis.hu\/kfipalyazat\/wp-json\/wp\/v2\/categories?post=184"},{"taxonomy":"post_tag","embeddable":true,"href":"https:\/\/semmelweis.hu\/kfipalyazat\/wp-json\/wp\/v2\/tags?post=184"}],"curies":[{"name":"wp","href":"https:\/\/api.w.org\/{rel}","templated":true}]}}