{"id":182,"date":"2025-07-03T11:04:08","date_gmt":"2025-07-03T09:04:08","guid":{"rendered":"https:\/\/semmelweis.hu\/kfipalyazat\/?page_id=182"},"modified":"2025-08-14T09:44:28","modified_gmt":"2025-08-14T07:44:28","slug":"temateruleti-kivalosagi-program-2020-2020-4-1-1-tkp2020-nemzeti-kihivasok-alprogram-digitalis-biomarker","status":"publish","type":"page","link":"https:\/\/semmelweis.hu\/kfipalyazat\/palyazatok\/hazai-palyazatok\/nkfih\/temateruleti-kivalosagi-program-2020-tkp2020\/temateruleti-kivalosagi-program-2020\/temateruleti-kivalosagi-program-2020-2020-4-1-1-tkp2020-nemzeti-kihivasok-alprogram-digitalis-biomarker\/","title":{"rendered":"T\u00e9mater\u00fcleti Kiv\u00e1l\u00f3s\u00e1gi Program 2020 (2020-4.1.1-TKP2020) Nemzeti Kih\u00edv\u00e1sok Alprogram Digit\u00e1lis BIOMarker"},"content":{"rendered":"<p style=\"text-align: justify\">T\u00e1mogat\u00e1si k\u00e9relem sz\u00e1ma: TKP-24-1\/PALY-2020<\/p>\n<p style=\"text-align: justify\">Kedvezm\u00e9nyezett: Semmelweis Egyetem<\/p>\n<p style=\"text-align: justify\">T\u00e1mogatott T\u00e9mater\u00fclet c\u00edme: T\u00e9mater\u00fcleti Kiv\u00e1l\u00f3s\u00e1gi Program 2020 (2020-4.1.1-TKP2020) Nemzeti Kih\u00edv\u00e1sok Alprogram Digit\u00e1lis BIOMarker<\/p>\n<p style=\"text-align: justify\">T\u00e1mogat\u00e1si \u00f6sszeg: 891\u00a0750 000.-Ft<\/p>\n<p style=\"text-align: justify\">A t\u00e9mater\u00fcleti kutat\u00e1s szakmai vezet\u0151je: Prof. Dr. Sz\u00f3cska Mikl\u00f3s<\/p>\n<p style=\"text-align: justify\">Megval\u00f3s\u00edt\u00e1s id\u0151szaka (kezdete \u2013 v\u00e9ge): 2021.08.01-2022.07.31<br \/>\n<strong>Digit\u00e1lis BIOmarker<\/strong>\u00a0fejleszt\u00e9s c\u00e9lja, hogy az eg\u00e9szs\u00e9g\u00fcgyi adatokban, valamint a mobileszk\u00f6z\u00f6kb\u0151l, felsz\u00edni \u00e9s implant\u00e1lt szenzorokb\u00f3l sz\u00e1rmaz\u00f3\u00a0<strong>adatok elemz\u00e9s\u00e9b\u0151l az eg\u00e9szs\u00e9g\u00fcgyi ell\u00e1t\u00f3knak, a betegeknek prevent\u00edv, diagnosztikus \u00e9s ter\u00e1pi\u00e1s seg\u00edts\u00e9g<\/strong>et ny\u00fajtson.<\/p>\n<p style=\"text-align: justify\">Szakmai r\u00e9szc\u00e9lok:<\/p>\n<ul>\n<li style=\"text-align: justify\">M\u00e9lytanul\u00e1s \u00e9s beteg\u00fat adatb\u00e1zis<\/li>\n<li style=\"text-align: justify\">Molekulah\u00e1l\u00f3zatos inform\u00e1ci\u00f3technol\u00f3gia fejleszt\u00e9se \u00e9s alkalmaz\u00e1sa az onkol\u00f3gi\u00e1ban<\/li>\n<\/ul>\n<p><img loading=\"lazy\" decoding=\"async\" class=\"alignright\" src=\"https:\/\/semmelweis.hu\/kfipalyazat\/files\/2025\/07\/NKFIA_infoblokk_kerettel_program_fekvo_2019_HU.jpg\" width=\"550\" height=\"233\" \/><\/p>\n","protected":false},"excerpt":{"rendered":"<p>T\u00e1mogat\u00e1si k\u00e9relem sz\u00e1ma: TKP-24-1\/PALY-2020 Kedvezm\u00e9nyezett: Semmelweis Egyetem T\u00e1mogatott T\u00e9mater\u00fclet c\u00edme: T\u00e9mater\u00fcleti Kiv\u00e1l\u00f3s\u00e1gi Program 2020 (2020-4.1.1-TKP2020) Nemzeti Kih\u00edv\u00e1sok Alprogram Digit\u00e1lis BIOMarker T\u00e1mogat\u00e1si \u00f6sszeg: 891\u00a0750 000.-Ft A t\u00e9mater\u00fcleti kutat\u00e1s szakmai vezet\u0151je: Prof. Dr. Sz\u00f3cska Mikl\u00f3s Megval\u00f3s\u00edt\u00e1s id\u0151szaka (kezdete \u2013 v\u00e9ge): 2021.08.01-2022.07.31 Digit\u00e1lis BIOmarker\u00a0fejleszt\u00e9s c\u00e9lja, hogy az eg\u00e9szs\u00e9g\u00fcgyi adatokban, valamint a mobileszk\u00f6z\u00f6kb\u0151l, felsz\u00edni \u00e9s implant\u00e1lt szenzorokb\u00f3l sz\u00e1rmaz\u00f3\u00a0adatok elemz\u00e9s\u00e9b\u0151l &hellip;<\/p>\n","protected":false},"author":102410,"featured_media":0,"parent":163,"menu_order":5,"comment_status":"closed","ping_status":"closed","template":"","meta":{"_acf_changed":false,"footnotes":""},"categories":[],"tags":[],"class_list":["post-182","page","type-page","status-publish","hentry"],"acf":[],"_links":{"self":[{"href":"https:\/\/semmelweis.hu\/kfipalyazat\/wp-json\/wp\/v2\/pages\/182","targetHints":{"allow":["GET"]}}],"collection":[{"href":"https:\/\/semmelweis.hu\/kfipalyazat\/wp-json\/wp\/v2\/pages"}],"about":[{"href":"https:\/\/semmelweis.hu\/kfipalyazat\/wp-json\/wp\/v2\/types\/page"}],"author":[{"embeddable":true,"href":"https:\/\/semmelweis.hu\/kfipalyazat\/wp-json\/wp\/v2\/users\/102410"}],"replies":[{"embeddable":true,"href":"https:\/\/semmelweis.hu\/kfipalyazat\/wp-json\/wp\/v2\/comments?post=182"}],"version-history":[{"count":3,"href":"https:\/\/semmelweis.hu\/kfipalyazat\/wp-json\/wp\/v2\/pages\/182\/revisions"}],"predecessor-version":[{"id":610,"href":"https:\/\/semmelweis.hu\/kfipalyazat\/wp-json\/wp\/v2\/pages\/182\/revisions\/610"}],"up":[{"embeddable":true,"href":"https:\/\/semmelweis.hu\/kfipalyazat\/wp-json\/wp\/v2\/pages\/163"}],"wp:attachment":[{"href":"https:\/\/semmelweis.hu\/kfipalyazat\/wp-json\/wp\/v2\/media?parent=182"}],"wp:term":[{"taxonomy":"category","embeddable":true,"href":"https:\/\/semmelweis.hu\/kfipalyazat\/wp-json\/wp\/v2\/categories?post=182"},{"taxonomy":"post_tag","embeddable":true,"href":"https:\/\/semmelweis.hu\/kfipalyazat\/wp-json\/wp\/v2\/tags?post=182"}],"curies":[{"name":"wp","href":"https:\/\/api.w.org\/{rel}","templated":true}]}}