{"id":180,"date":"2025-07-03T11:03:26","date_gmt":"2025-07-03T09:03:26","guid":{"rendered":"https:\/\/semmelweis.hu\/kfipalyazat\/?page_id=180"},"modified":"2025-08-14T09:44:02","modified_gmt":"2025-08-14T07:44:02","slug":"temateruleti-kivalosagi-program-2020-2020-4-1-1-tkp2020-nemzeti-kihivasok-alprogram-bionika","status":"publish","type":"page","link":"https:\/\/semmelweis.hu\/kfipalyazat\/palyazatok\/hazai-palyazatok\/nkfih\/temateruleti-kivalosagi-program-2020-tkp2020\/temateruleti-kivalosagi-program-2020\/temateruleti-kivalosagi-program-2020-2020-4-1-1-tkp2020-nemzeti-kihivasok-alprogram-bionika\/","title":{"rendered":"T\u00e9mater\u00fcleti Kiv\u00e1l\u00f3s\u00e1gi Program 2020 (2020-4.1.1-TKP2020) Nemzeti Kih\u00edv\u00e1sok Alprogram BIONIKA"},"content":{"rendered":"<p>T\u00e1mogat\u00e1si k\u00e9relem sz\u00e1ma: TKP-24-1\/PALY-2020<\/p>\n<p style=\"text-align: justify\">Kedvezm\u00e9nyezett: Semmelweis Egyetem<\/p>\n<p style=\"text-align: justify\">T\u00e1mogatott T\u00e9mater\u00fclet c\u00edme: \u00a0 T\u00e9mater\u00fcleti Kiv\u00e1l\u00f3s\u00e1gi Program 2020 (2020-4.1.1-TKP2020) Nemzeti Kih\u00edv\u00e1sok Alprogram BIONIKA<\/p>\n<p style=\"text-align: justify\">T\u00e1mogat\u00e1si \u00f6sszeg: 360\u00a0000\u00a0000.- Ft<\/p>\n<p style=\"text-align: justify\">A t\u00e9mater\u00fcleti kutat\u00e1s szakmai vezet\u0151je: Gy\u0151rffy Bal\u00e1zs<\/p>\n<p style=\"text-align: justify\">Megval\u00f3s\u00edt\u00e1s id\u0151szaka (kezdete \u2013 v\u00e9ge): 2021.08.01-2022.07.31<br \/>\n<strong>BIOnika<\/strong>\u00a0fejleszt\u00e9s c\u00e9lja a term\u00e9szetben tal\u00e1lhat\u00f3 megold\u00e1sok implement\u00e1l\u00e1sa az eg\u00e9szs\u00e9gipari fejleszt\u00e9sekben, ez\u00e1ltal az \u00faj ismeretek birtok\u00e1ban\u00a0<strong>\u00fajfajta tulajdons\u00e1g\u00fa anyagok, eszk\u00f6z\u00f6k, megold\u00e1si m\u00f3dok kifejleszt\u00e9se.<\/strong><\/p>\n<p style=\"text-align: justify\">Szakmai r\u00e9szc\u00e9lok:<\/p>\n<ul>\n<li style=\"text-align: justify\">\u00daj ter\u00e1pi\u00e1s eszk\u00f6z\u00f6k fejleszt\u00e9se biol\u00f3giai rendszerek modellez\u00e9s\u00e9n kereszt\u00fcl<\/li>\n<li style=\"text-align: justify\">Hum\u00e1n-g\u00e9p interf\u00e9sz<\/li>\n<\/ul>\n<p><img loading=\"lazy\" decoding=\"async\" class=\"alignright\" src=\"https:\/\/semmelweis.hu\/kfipalyazat\/files\/2025\/07\/NKFIA_infoblokk_kerettel_program_fekvo_2019_HU.jpg\" width=\"550\" height=\"233\" \/><\/p>\n","protected":false},"excerpt":{"rendered":"<p>T\u00e1mogat\u00e1si k\u00e9relem sz\u00e1ma: TKP-24-1\/PALY-2020 Kedvezm\u00e9nyezett: Semmelweis Egyetem T\u00e1mogatott T\u00e9mater\u00fclet c\u00edme: \u00a0 T\u00e9mater\u00fcleti Kiv\u00e1l\u00f3s\u00e1gi Program 2020 (2020-4.1.1-TKP2020) Nemzeti Kih\u00edv\u00e1sok Alprogram BIONIKA T\u00e1mogat\u00e1si \u00f6sszeg: 360\u00a0000\u00a0000.- Ft A t\u00e9mater\u00fcleti kutat\u00e1s szakmai vezet\u0151je: Gy\u0151rffy Bal\u00e1zs Megval\u00f3s\u00edt\u00e1s id\u0151szaka (kezdete \u2013 v\u00e9ge): 2021.08.01-2022.07.31 BIOnika\u00a0fejleszt\u00e9s c\u00e9lja a term\u00e9szetben tal\u00e1lhat\u00f3 megold\u00e1sok implement\u00e1l\u00e1sa az eg\u00e9szs\u00e9gipari fejleszt\u00e9sekben, ez\u00e1ltal az \u00faj ismeretek birtok\u00e1ban\u00a0\u00fajfajta tulajdons\u00e1g\u00fa anyagok, eszk\u00f6z\u00f6k, &hellip;<\/p>\n","protected":false},"author":102410,"featured_media":0,"parent":163,"menu_order":4,"comment_status":"closed","ping_status":"closed","template":"","meta":{"_acf_changed":false,"footnotes":""},"categories":[],"tags":[],"class_list":["post-180","page","type-page","status-publish","hentry"],"acf":[],"_links":{"self":[{"href":"https:\/\/semmelweis.hu\/kfipalyazat\/wp-json\/wp\/v2\/pages\/180","targetHints":{"allow":["GET"]}}],"collection":[{"href":"https:\/\/semmelweis.hu\/kfipalyazat\/wp-json\/wp\/v2\/pages"}],"about":[{"href":"https:\/\/semmelweis.hu\/kfipalyazat\/wp-json\/wp\/v2\/types\/page"}],"author":[{"embeddable":true,"href":"https:\/\/semmelweis.hu\/kfipalyazat\/wp-json\/wp\/v2\/users\/102410"}],"replies":[{"embeddable":true,"href":"https:\/\/semmelweis.hu\/kfipalyazat\/wp-json\/wp\/v2\/comments?post=180"}],"version-history":[{"count":3,"href":"https:\/\/semmelweis.hu\/kfipalyazat\/wp-json\/wp\/v2\/pages\/180\/revisions"}],"predecessor-version":[{"id":609,"href":"https:\/\/semmelweis.hu\/kfipalyazat\/wp-json\/wp\/v2\/pages\/180\/revisions\/609"}],"up":[{"embeddable":true,"href":"https:\/\/semmelweis.hu\/kfipalyazat\/wp-json\/wp\/v2\/pages\/163"}],"wp:attachment":[{"href":"https:\/\/semmelweis.hu\/kfipalyazat\/wp-json\/wp\/v2\/media?parent=180"}],"wp:term":[{"taxonomy":"category","embeddable":true,"href":"https:\/\/semmelweis.hu\/kfipalyazat\/wp-json\/wp\/v2\/categories?post=180"},{"taxonomy":"post_tag","embeddable":true,"href":"https:\/\/semmelweis.hu\/kfipalyazat\/wp-json\/wp\/v2\/tags?post=180"}],"curies":[{"name":"wp","href":"https:\/\/api.w.org\/{rel}","templated":true}]}}