{"id":178,"date":"2025-07-03T11:02:35","date_gmt":"2025-07-03T09:02:35","guid":{"rendered":"https:\/\/semmelweis.hu\/kfipalyazat\/?page_id=178"},"modified":"2025-08-14T09:43:44","modified_gmt":"2025-08-14T07:43:44","slug":"temateruleti-kivalosagi-program-2020-2020-4-1-1-tkp2020-nemzeti-kihivasok-alprogram-neurologia","status":"publish","type":"page","link":"https:\/\/semmelweis.hu\/kfipalyazat\/palyazatok\/hazai-palyazatok\/nkfih\/temateruleti-kivalosagi-program-2020-tkp2020\/temateruleti-kivalosagi-program-2020\/temateruleti-kivalosagi-program-2020-2020-4-1-1-tkp2020-nemzeti-kihivasok-alprogram-neurologia\/","title":{"rendered":"T\u00e9mater\u00fcleti Kiv\u00e1l\u00f3s\u00e1gi Program 2020 (2020-4.1.1-TKP2020) Nemzeti Kih\u00edv\u00e1sok Alprogram NEUROL\u00d3GIA"},"content":{"rendered":"<p style=\"text-align: justify\">T\u00e1mogat\u00e1si k\u00e9relem sz\u00e1ma: TKP2020-IKA-09<\/p>\n<p style=\"text-align: justify\">Kedvezm\u00e9nyezett: Semmelweis Egyetem<\/p>\n<p style=\"text-align: justify\">T\u00e1mogatott T\u00e9mater\u00fclet c\u00edme: T\u00e9mater\u00fcleti Kiv\u00e1l\u00f3s\u00e1gi Program 2020 (2020-4.1.1-TKP2020) Nemzeti Kih\u00edv\u00e1sok Alprogram NEUROL\u00d3GIA<\/p>\n<p style=\"text-align: justify\">T\u00e1mogat\u00e1si \u00f6sszeg: 302\u00a0318\u00a0000.- Ft<\/p>\n<p style=\"text-align: justify\">A t\u00e9mater\u00fcleti kutat\u00e1s szakmai vezet\u0151je: Dr. R\u00e9thelyi J\u00e1nos<\/p>\n<p style=\"text-align: justify\">Megval\u00f3s\u00edt\u00e1s id\u0151szaka (kezdete \u2013 v\u00e9ge): 2020.08.01-2021.07.31.<\/p>\n<p style=\"text-align: justify\">A Neurol\u00f3gia t\u00e9mater\u00fcleten a Semmelweis Egyetem 14 szervezeti egys\u00e9g\u00e9t vontuk be a Fels\u0151oktat\u00e1si Int\u00e9zm\u00e9nyi Kiv\u00e1l\u00f3s\u00e1g Programba, melyek 4 karon m\u0171k\u00f6dnek (\u00c1ltal\u00e1nos Orvostudom\u00e1nyi Kar, Gy\u00f3gyszer\u00e9sztudom\u00e1nyi Kar, Eg\u00e9szs\u00e9gtudom\u00e1nyi Kar, Pet\u0151 Andr\u00e1s Kar). A szervezeti egys\u00e9gek \u00e9s kutat\u00f3csoportok k\u00f6z\u00f6s jellemz\u0151je, hogy alap, alkalmazott vagy klinikai idegtudom\u00e1nyi kutat\u00e1sokat v\u00e9geznek, azaz neurobiol\u00f3giai, neurol\u00f3giai, magatart\u00e1studom\u00e1nyi, pszichi\u00e1triai vagy pszichol\u00f3giai t\u00e9m\u00e1j\u00fa vizsg\u00e1latokban rendelkeznek metodikai ismeretekkel \u00e9s folytatnak vizsg\u00e1latokat.\u00a0<\/p>\n<p style=\"text-align: justify\">Szakmai c\u00e9lok:<br \/>\nA t\u00e9mater\u00fcleten foly\u00f3 kutat\u00e1saink c\u00e9lja modern, a hagyom\u00e1nyos tudom\u00e1nyter\u00fcleteken \u00e1t\u00edvel\u0151, multidiszciplin\u00e1ris, innovat\u00edv idegtudom\u00e1nyi projektek:<\/p>\n<ul>\n<li style=\"text-align: justify\">a klinikai orvostudom\u00e1nyi megk\u00f6zel\u00edt\u00e9s jobb meg\u00e9rt\u00e9se \u00e9s jellemz\u00e9se,<\/li>\n<li style=\"text-align: justify\">farmakol\u00f3giai c\u00e9lpontokat azonos\u00edt\u00e1sa \u00e9s tesztel\u00e9se,<\/li>\n<li style=\"text-align: justify\">az eg\u00e9szs\u00e9ges agy fejl\u0151d\u00e9si \u00e9s m\u0171k\u00f6d\u00e9si folyamatainak neurobiol\u00f3giai megk\u00f6zel\u00edt\u00e9s\u0171 vizsg\u00e1lata \u00e9s<\/li>\n<li style=\"text-align: justify\">pszichol\u00f3giai \u00e9s eg\u00e9szs\u00e9gtudom\u00e1nyi vizsg\u00e1latok.<\/li>\n<\/ul>\n<p><img loading=\"lazy\" decoding=\"async\" class=\"alignright\" src=\"https:\/\/semmelweis.hu\/kfipalyazat\/files\/2025\/07\/NKFIA_infoblokk_kerettel_program_fekvo_2019_HU.jpg\" width=\"550\" height=\"233\" \/><\/p>\n","protected":false},"excerpt":{"rendered":"<p>T\u00e1mogat\u00e1si k\u00e9relem sz\u00e1ma: TKP2020-IKA-09 Kedvezm\u00e9nyezett: Semmelweis Egyetem T\u00e1mogatott T\u00e9mater\u00fclet c\u00edme: T\u00e9mater\u00fcleti Kiv\u00e1l\u00f3s\u00e1gi Program 2020 (2020-4.1.1-TKP2020) Nemzeti Kih\u00edv\u00e1sok Alprogram NEUROL\u00d3GIA T\u00e1mogat\u00e1si \u00f6sszeg: 302\u00a0318\u00a0000.- Ft A t\u00e9mater\u00fcleti kutat\u00e1s szakmai vezet\u0151je: Dr. R\u00e9thelyi J\u00e1nos Megval\u00f3s\u00edt\u00e1s id\u0151szaka (kezdete \u2013 v\u00e9ge): 2020.08.01-2021.07.31. A Neurol\u00f3gia t\u00e9mater\u00fcleten a Semmelweis Egyetem 14 szervezeti egys\u00e9g\u00e9t vontuk be a Fels\u0151oktat\u00e1si Int\u00e9zm\u00e9nyi Kiv\u00e1l\u00f3s\u00e1g Programba, melyek 4 &hellip;<\/p>\n","protected":false},"author":102410,"featured_media":0,"parent":163,"menu_order":3,"comment_status":"closed","ping_status":"closed","template":"","meta":{"_acf_changed":false,"footnotes":""},"categories":[],"tags":[],"class_list":["post-178","page","type-page","status-publish","hentry"],"acf":[],"_links":{"self":[{"href":"https:\/\/semmelweis.hu\/kfipalyazat\/wp-json\/wp\/v2\/pages\/178","targetHints":{"allow":["GET"]}}],"collection":[{"href":"https:\/\/semmelweis.hu\/kfipalyazat\/wp-json\/wp\/v2\/pages"}],"about":[{"href":"https:\/\/semmelweis.hu\/kfipalyazat\/wp-json\/wp\/v2\/types\/page"}],"author":[{"embeddable":true,"href":"https:\/\/semmelweis.hu\/kfipalyazat\/wp-json\/wp\/v2\/users\/102410"}],"replies":[{"embeddable":true,"href":"https:\/\/semmelweis.hu\/kfipalyazat\/wp-json\/wp\/v2\/comments?post=178"}],"version-history":[{"count":3,"href":"https:\/\/semmelweis.hu\/kfipalyazat\/wp-json\/wp\/v2\/pages\/178\/revisions"}],"predecessor-version":[{"id":608,"href":"https:\/\/semmelweis.hu\/kfipalyazat\/wp-json\/wp\/v2\/pages\/178\/revisions\/608"}],"up":[{"embeddable":true,"href":"https:\/\/semmelweis.hu\/kfipalyazat\/wp-json\/wp\/v2\/pages\/163"}],"wp:attachment":[{"href":"https:\/\/semmelweis.hu\/kfipalyazat\/wp-json\/wp\/v2\/media?parent=178"}],"wp:term":[{"taxonomy":"category","embeddable":true,"href":"https:\/\/semmelweis.hu\/kfipalyazat\/wp-json\/wp\/v2\/categories?post=178"},{"taxonomy":"post_tag","embeddable":true,"href":"https:\/\/semmelweis.hu\/kfipalyazat\/wp-json\/wp\/v2\/tags?post=178"}],"curies":[{"name":"wp","href":"https:\/\/api.w.org\/{rel}","templated":true}]}}