{"id":176,"date":"2025-07-03T11:01:59","date_gmt":"2025-07-03T09:01:59","guid":{"rendered":"https:\/\/semmelweis.hu\/kfipalyazat\/?page_id=176"},"modified":"2025-08-14T09:43:17","modified_gmt":"2025-08-14T07:43:17","slug":"temateruleti-kivalosagi-program-2020-2020-4-1-1-tkp2020-nemzeti-kihivasok-alprogram-bioimaging","status":"publish","type":"page","link":"https:\/\/semmelweis.hu\/kfipalyazat\/palyazatok\/hazai-palyazatok\/nkfih\/temateruleti-kivalosagi-program-2020-tkp2020\/temateruleti-kivalosagi-program-2020\/temateruleti-kivalosagi-program-2020-2020-4-1-1-tkp2020-nemzeti-kihivasok-alprogram-bioimaging\/","title":{"rendered":"T\u00e9mater\u00fcleti Kiv\u00e1l\u00f3s\u00e1gi Program 2020 (2020-4.1.1-TKP2020) Nemzeti Kih\u00edv\u00e1sok Alprogram BIOIMAGING"},"content":{"rendered":"<p style=\"text-align: justify\">T\u00e1mogat\u00e1si k\u00e9relem sz\u00e1ma: TKP-24-1\/PALY-2020<\/p>\n<p style=\"text-align: justify\">Kedvezm\u00e9nyezett: Semmelweis Egyetem<\/p>\n<p style=\"text-align: justify\">T\u00e1mogatott T\u00e9mater\u00fclet c\u00edme: T\u00e9mater\u00fcleti Kiv\u00e1l\u00f3s\u00e1gi Program 2020 (2020-4.1.1-TKP2020) Nemzeti Kih\u00edv\u00e1sok Alprogram BIOIMAGING<\/p>\n<p style=\"text-align: justify\">T\u00e1mogat\u00e1si \u00f6sszeg: 1\u00a0718\u00a0250 000.-Ft<\/p>\n<p style=\"text-align: justify\">A t\u00e9mater\u00fcleti kutat\u00e1s szakmai vezet\u0151je: Prof. Dr. Merkely B\u00e9la P\u00e9ter<\/p>\n<p style=\"text-align: justify\">Megval\u00f3s\u00edt\u00e1s id\u0151szaka (kezdete \u2013 v\u00e9ge): 2021.08.01-2022.07.31<\/p>\n<p style=\"text-align: justify\"><strong>BIOimaging<\/strong>\u00a0fejleszt\u00e9s\u00a0<strong>c\u00e9lja<\/strong>\u00a0a modern,\u00a0<strong>vil\u00e1g \u00e9lvonal\u00e1t meghat\u00e1roz\u00f3 orvosbiol\u00f3giai k\u00e9palkot\u00f3 m\u00f3dszerek, megold\u00e1sok \u00e9s eszk\u00f6z\u00f6k fejleszt\u00e9se, \u00e9p\u00edt\u00e9se \u00e9s tesztel\u00e9se,\u00a0<\/strong>\u00e9s ezen kereszt\u00fcl az orvosi diagnosztikai \u00e9s ter\u00e1pi\u00e1s hat\u00e9konys\u00e1g radik\u00e1lis n\u00f6vel\u00e9se.<\/p>\n<p style=\"text-align: justify\">Szakmai r\u00e9szc\u00e9lok:<\/p>\n<ul>\n<li style=\"text-align: justify\">Mesters\u00e9ges Intelligencia Alap\u00fa Kardiol\u00f3giai D\u00f6nt\u00e9st\u00e1mogat\u00f3 Rendszer \u00e9s Digit\u00e1lis Asszisztens<\/li>\n<li style=\"text-align: justify\">Az \u00e9rrendszer nanor\u00e9szecsk\u00e9s kontrasztanyagokat \u00e9s alakparametriz\u00e1l\u00f3 tanul\u00f3 algoritmusokat alkalmaz\u00f3 multimod\u00e1lis k\u00e9palkot\u00e1sa<\/li>\n<li style=\"text-align: justify\">T\u00e9rdporc-diagnosztikai mesters\u00e9ges intelligencia rendszer elk\u00e9sz\u00edt\u00e9se \u00e9s betan\u00edt\u00e1sa.<\/li>\n<\/ul>\n<p><img loading=\"lazy\" decoding=\"async\" class=\"alignright\" src=\"https:\/\/semmelweis.hu\/kfipalyazat\/files\/2025\/07\/NKFIA_infoblokk_kerettel_program_fekvo_2019_HU.jpg\" width=\"527\" height=\"223\" \/><\/p>\n","protected":false},"excerpt":{"rendered":"<p>T\u00e1mogat\u00e1si k\u00e9relem sz\u00e1ma: TKP-24-1\/PALY-2020 Kedvezm\u00e9nyezett: Semmelweis Egyetem T\u00e1mogatott T\u00e9mater\u00fclet c\u00edme: T\u00e9mater\u00fcleti Kiv\u00e1l\u00f3s\u00e1gi Program 2020 (2020-4.1.1-TKP2020) Nemzeti Kih\u00edv\u00e1sok Alprogram BIOIMAGING T\u00e1mogat\u00e1si \u00f6sszeg: 1\u00a0718\u00a0250 000.-Ft A t\u00e9mater\u00fcleti kutat\u00e1s szakmai vezet\u0151je: Prof. Dr. Merkely B\u00e9la P\u00e9ter Megval\u00f3s\u00edt\u00e1s id\u0151szaka (kezdete \u2013 v\u00e9ge): 2021.08.01-2022.07.31 BIOimaging\u00a0fejleszt\u00e9s\u00a0c\u00e9lja\u00a0a modern,\u00a0vil\u00e1g \u00e9lvonal\u00e1t meghat\u00e1roz\u00f3 orvosbiol\u00f3giai k\u00e9palkot\u00f3 m\u00f3dszerek, megold\u00e1sok \u00e9s eszk\u00f6z\u00f6k fejleszt\u00e9se, \u00e9p\u00edt\u00e9se \u00e9s tesztel\u00e9se,\u00a0\u00e9s ezen kereszt\u00fcl &hellip;<\/p>\n","protected":false},"author":102410,"featured_media":0,"parent":163,"menu_order":2,"comment_status":"closed","ping_status":"closed","template":"","meta":{"_acf_changed":false,"footnotes":""},"categories":[],"tags":[],"class_list":["post-176","page","type-page","status-publish","hentry"],"acf":[],"_links":{"self":[{"href":"https:\/\/semmelweis.hu\/kfipalyazat\/wp-json\/wp\/v2\/pages\/176","targetHints":{"allow":["GET"]}}],"collection":[{"href":"https:\/\/semmelweis.hu\/kfipalyazat\/wp-json\/wp\/v2\/pages"}],"about":[{"href":"https:\/\/semmelweis.hu\/kfipalyazat\/wp-json\/wp\/v2\/types\/page"}],"author":[{"embeddable":true,"href":"https:\/\/semmelweis.hu\/kfipalyazat\/wp-json\/wp\/v2\/users\/102410"}],"replies":[{"embeddable":true,"href":"https:\/\/semmelweis.hu\/kfipalyazat\/wp-json\/wp\/v2\/comments?post=176"}],"version-history":[{"count":3,"href":"https:\/\/semmelweis.hu\/kfipalyazat\/wp-json\/wp\/v2\/pages\/176\/revisions"}],"predecessor-version":[{"id":607,"href":"https:\/\/semmelweis.hu\/kfipalyazat\/wp-json\/wp\/v2\/pages\/176\/revisions\/607"}],"up":[{"embeddable":true,"href":"https:\/\/semmelweis.hu\/kfipalyazat\/wp-json\/wp\/v2\/pages\/163"}],"wp:attachment":[{"href":"https:\/\/semmelweis.hu\/kfipalyazat\/wp-json\/wp\/v2\/media?parent=176"}],"wp:term":[{"taxonomy":"category","embeddable":true,"href":"https:\/\/semmelweis.hu\/kfipalyazat\/wp-json\/wp\/v2\/categories?post=176"},{"taxonomy":"post_tag","embeddable":true,"href":"https:\/\/semmelweis.hu\/kfipalyazat\/wp-json\/wp\/v2\/tags?post=176"}],"curies":[{"name":"wp","href":"https:\/\/api.w.org\/{rel}","templated":true}]}}