{"id":174,"date":"2025-07-03T11:01:10","date_gmt":"2025-07-03T09:01:10","guid":{"rendered":"https:\/\/semmelweis.hu\/kfipalyazat\/?page_id=174"},"modified":"2025-08-14T09:42:40","modified_gmt":"2025-08-14T07:42:40","slug":"temateruleti-kivalosagi-program-2020-2020-4-1-1-tkp2020-nemzeti-kihivasok-alprogram-molekularis-biologia","status":"publish","type":"page","link":"https:\/\/semmelweis.hu\/kfipalyazat\/palyazatok\/hazai-palyazatok\/nkfih\/temateruleti-kivalosagi-program-2020-tkp2020\/temateruleti-kivalosagi-program-2020\/temateruleti-kivalosagi-program-2020-2020-4-1-1-tkp2020-nemzeti-kihivasok-alprogram-molekularis-biologia\/","title":{"rendered":"T\u00e9mater\u00fcleti Kiv\u00e1l\u00f3s\u00e1gi Program 2020 (2020-4.1.1-TKP2020) Nemzeti Kih\u00edv\u00e1sok Alprogram MOLEKUL\u00c1RIS BIOL\u00d3GIA"},"content":{"rendered":"<p style=\"text-align: justify\">T\u00e1mogat\u00e1si k\u00e9relem sz\u00e1ma: TKP2020-IKA-09<\/p>\n<p style=\"text-align: justify\">Kedvezm\u00e9nyezett: Semmelweis Egyetem<\/p>\n<p style=\"text-align: justify\">T\u00e1mogatott T\u00e9mater\u00fclet c\u00edme: T\u00e9mater\u00fcleti Kiv\u00e1l\u00f3s\u00e1gi Program 2020 (2020-4.1.1-TKP2020) Nemzeti Kih\u00edv\u00e1sok Alprogram MOLEKUL\u00c1RIS BIOL\u00d3GIA<\/p>\n<p style=\"text-align: justify\">T\u00e1mogat\u00e1si \u00f6sszeg: 728\u00a0965\u00a0000.- Ft<\/p>\n<p style=\"text-align: justify\">A t\u00e9mater\u00fcleti kutat\u00e1s szakmai vezet\u0151je: Dr. Enyedi P\u00e9ter<\/p>\n<p style=\"text-align: justify\">Megval\u00f3s\u00edt\u00e1s id\u0151szaka (kezdete \u2013 v\u00e9ge): 2020.08.01-2021.07.31.<\/p>\n<p style=\"text-align: justify\">A Molekul\u00e1ris biol\u00f3gia t\u00e9mater\u00fclet a Semmelweis Egyetem egyik jelent\u0151s kutat\u00e1si ir\u00e1nya tekintettel arra, hogy a molekul\u00e1ris biol\u00f3giai megk\u00f6zel\u00edt\u00e9sek az ut\u00f3bbi \u00e9vekben \u00e9s \u00e9vtizedekben robban\u00e1sszer\u0171 fejl\u0151d\u00e9st hoztak az orvostudom\u00e1nyi kutat\u00e1sokban. Ez k\u00e9pezi az alapj\u00e1t, hogy meg\u00e9rthess\u00fck, hogy a molekul\u00e1ris komponensek funkci\u00f3j\u00e1nak zavara hogyan vezethet k\u00f3rfolyamatok kialakul\u00e1s\u00e1hoz, ami egy\u00fattal \u00faj ter\u00e1pi\u00e1s megk\u00f6zel\u00edt\u00e9sek kifejleszt\u00e9s\u00e9nek a lehet\u0151s\u00e9g\u00e9t hordozza, \u00e9s megteremti az alapj\u00e1t a szem\u00e9lyre szabott orvosl\u00e1snak.<\/p>\n<p style=\"text-align: justify\">Szakmai c\u00e9lok:<\/p>\n<p style=\"text-align: justify\">A kutat\u00e1si strat\u00e9gi\u00e1ban kiemelt jelent\u0151s\u00e9g\u0171ek a molekul\u00e1ris biol\u00f3giai megk\u00f6zel\u00edt\u00e9sek, amelyek seg\u00edts\u00e9g\u00e9vel az immunol\u00f3giai \u00e9s gyullad\u00e1sos, a metabolikus \u00e9s kardiovaszkul\u00e1ris, illetve daganatos betegs\u00e9geket vizsg\u00e1ljuk in vitro, in vivo \u00e9s transzl\u00e1ci\u00f3s m\u00f3dszerekkel.<\/p>\n<p><img loading=\"lazy\" decoding=\"async\" class=\"alignright\" src=\"https:\/\/semmelweis.hu\/kfipalyazat\/files\/2025\/07\/NKFIA_infoblokk_kerettel_program_fekvo_2019_HU.jpg\" width=\"550\" height=\"233\" \/><\/p>\n<p>&nbsp;<\/p>\n","protected":false},"excerpt":{"rendered":"<p>T\u00e1mogat\u00e1si k\u00e9relem sz\u00e1ma: TKP2020-IKA-09 Kedvezm\u00e9nyezett: Semmelweis Egyetem T\u00e1mogatott T\u00e9mater\u00fclet c\u00edme: T\u00e9mater\u00fcleti Kiv\u00e1l\u00f3s\u00e1gi Program 2020 (2020-4.1.1-TKP2020) Nemzeti Kih\u00edv\u00e1sok Alprogram MOLEKUL\u00c1RIS BIOL\u00d3GIA T\u00e1mogat\u00e1si \u00f6sszeg: 728\u00a0965\u00a0000.- Ft A t\u00e9mater\u00fcleti kutat\u00e1s szakmai vezet\u0151je: Dr. Enyedi P\u00e9ter Megval\u00f3s\u00edt\u00e1s id\u0151szaka (kezdete \u2013 v\u00e9ge): 2020.08.01-2021.07.31. A Molekul\u00e1ris biol\u00f3gia t\u00e9mater\u00fclet a Semmelweis Egyetem egyik jelent\u0151s kutat\u00e1si ir\u00e1nya tekintettel arra, hogy a molekul\u00e1ris biol\u00f3giai &hellip;<\/p>\n","protected":false},"author":102410,"featured_media":0,"parent":163,"menu_order":1,"comment_status":"closed","ping_status":"closed","template":"","meta":{"_acf_changed":false,"footnotes":""},"categories":[],"tags":[],"class_list":["post-174","page","type-page","status-publish","hentry"],"acf":[],"_links":{"self":[{"href":"https:\/\/semmelweis.hu\/kfipalyazat\/wp-json\/wp\/v2\/pages\/174","targetHints":{"allow":["GET"]}}],"collection":[{"href":"https:\/\/semmelweis.hu\/kfipalyazat\/wp-json\/wp\/v2\/pages"}],"about":[{"href":"https:\/\/semmelweis.hu\/kfipalyazat\/wp-json\/wp\/v2\/types\/page"}],"author":[{"embeddable":true,"href":"https:\/\/semmelweis.hu\/kfipalyazat\/wp-json\/wp\/v2\/users\/102410"}],"replies":[{"embeddable":true,"href":"https:\/\/semmelweis.hu\/kfipalyazat\/wp-json\/wp\/v2\/comments?post=174"}],"version-history":[{"count":3,"href":"https:\/\/semmelweis.hu\/kfipalyazat\/wp-json\/wp\/v2\/pages\/174\/revisions"}],"predecessor-version":[{"id":606,"href":"https:\/\/semmelweis.hu\/kfipalyazat\/wp-json\/wp\/v2\/pages\/174\/revisions\/606"}],"up":[{"embeddable":true,"href":"https:\/\/semmelweis.hu\/kfipalyazat\/wp-json\/wp\/v2\/pages\/163"}],"wp:attachment":[{"href":"https:\/\/semmelweis.hu\/kfipalyazat\/wp-json\/wp\/v2\/media?parent=174"}],"wp:term":[{"taxonomy":"category","embeddable":true,"href":"https:\/\/semmelweis.hu\/kfipalyazat\/wp-json\/wp\/v2\/categories?post=174"},{"taxonomy":"post_tag","embeddable":true,"href":"https:\/\/semmelweis.hu\/kfipalyazat\/wp-json\/wp\/v2\/tags?post=174"}],"curies":[{"name":"wp","href":"https:\/\/api.w.org\/{rel}","templated":true}]}}