{"id":163,"date":"2025-07-03T10:51:47","date_gmt":"2025-07-03T08:51:47","guid":{"rendered":"https:\/\/semmelweis.hu\/kfipalyazat\/?page_id=163"},"modified":"2025-08-14T09:42:18","modified_gmt":"2025-08-14T07:42:18","slug":"temateruleti-kivalosagi-program-2020","status":"publish","type":"page","link":"https:\/\/semmelweis.hu\/kfipalyazat\/palyazatok\/hazai-palyazatok\/nkfih\/temateruleti-kivalosagi-program-2020-tkp2020\/temateruleti-kivalosagi-program-2020\/","title":{"rendered":"T\u00e9mater\u00fcleti Kiv\u00e1l\u00f3s\u00e1gi Program 2020"},"content":{"rendered":"<p style=\"text-align: justify\">T\u00e9mater\u00fcleti Kiv\u00e1l\u00f3s\u00e1gi Program 2020<\/p>\n<p style=\"text-align: justify\">Az int\u00e9zm\u00e9nyek kiv\u00e1l\u00f3s\u00e1g\u00e1t \u00f6szt\u00f6nz\u0151 eddigi programok \u2013 a Fels\u0151oktat\u00e1si Int\u00e9zm\u00e9nyi Kiv\u00e1l\u00f3s\u00e1gi Program (FIKP) \u00e9s a T\u00e9mater\u00fcleti Kiv\u00e1l\u00f3s\u00e1gi Program (TKP) \u2013 2020-t\u00f3l integr\u00e1lt t\u00e1mogat\u00e1si konstrukci\u00f3k\u00e9nt folytat\u00f3dnak, az NKFI Alap finansz\u00edroz\u00e1s\u00e1ban. A meg\u00fajul\u00f3 rendszer c\u00e9lja tov\u00e1bbra is az, hogy az egyetemi tud\u00e1sk\u00f6zpontok \u00e9s kutat\u00f3helyek hat\u00e9kony szakmai munk\u00e1j\u00e1t a kutat\u00e1s-fejleszt\u00e9si \u00e9s innov\u00e1ci\u00f3s tev\u00e9kenys\u00e9gre f\u00f3kusz\u00e1lva t\u00e1mogassa.<\/p>\n<p style=\"text-align: justify\">A Program c\u00e9lja, hogy a fels\u0151oktat\u00e1si int\u00e9zm\u00e9nyek \u00e9s \u00e1llami kutat\u00f3helyek szakmai kiv\u00e1l\u00f3s\u00e1g\u00e1ra \u00e9p\u00edtve, \u00fagynevezett t\u00e9mater\u00fcleti kutat\u00e1si programokat val\u00f3s\u00edtsanak meg annak \u00e9rdek\u00e9ben, hogy<\/p>\n<ul style=\"text-align: justify\">\n<li>jelent\u0151s tudom\u00e1nyos vagy m\u0171szaki \u00fajdons\u00e1gtartalommal rendelkez\u0151 term\u00e9k, technol\u00f3gia vagy szolg\u00e1ltat\u00e1s kifejleszt\u00e9sre ker\u00fclj\u00f6n;<\/li>\n<li>a t\u00e9mater\u00fcleti kutat\u00e1s eredm\u00e9nyek\u00e9nt l\u00e9trej\u00f6v\u0151 term\u00e9k, technol\u00f3gia vagy szolg\u00e1ltat\u00e1s \u00fczletileg hasznos\u00edthat\u00f3 legyen;<\/li>\n<li>a kutat\u00e1si felt\u00e9telrendszer t\u00f6k\u00e9letesedjen;<\/li>\n<li>a kutat\u00f3i ut\u00e1np\u00f3tl\u00e1s fellend\u00fclj\u00f6n;<\/li>\n<li>nemzetk\u00f6zi kutat\u00f3i k\u00f6z\u00f6ss\u00e9gbe t\u00f6rt\u00e9n\u0151 be\u00e1gyazotts\u00e1g fokozottabb legyen;<\/li>\n<li>a kutat\u00e1sfejleszt\u00e9si \u00e9s innov\u00e1ci\u00f3s f\u00f3kusz er\u0151s\u00f6dj\u00f6n<\/li>\n<li>a kutat\u00e1sok eredm\u00e9nyei t\u00e1rsadalmi, gazdas\u00e1gi, k\u00f6rnyezeti szempontb\u00f3l hasznosuljanak, az ezeket c\u00e9lz\u00f3 kezdem\u00e9nyez\u00e9seket t\u00e1mogassa;<\/li>\n<li>sor ker\u00fclj\u00f6n m\u00e1s KFI szerepl\u0151kkel t\u00f6rt\u00e9n\u0151 egy\u00fcttm\u0171k\u00f6d\u00e9sek megteremt\u00e9s\u00e9re;<\/li>\n<\/ul>\n<p style=\"text-align: justify\">A t\u00e9mater\u00fcleti kutat\u00e1s eredm\u00e9nyek\u00e9nt l\u00e9trej\u00f6v\u0151 term\u00e9k, technol\u00f3gia vagy szolg\u00e1ltat\u00e1s \u00fczleti vagy t\u00e1rsadalmi hasznos\u00edthat\u00f3s\u00e1g\u00e1t \u00f6szt\u00f6n\u00f6zze.<\/p>\n<ul>\n<li style=\"text-align: justify\" data-wpview-marker=\"https%3A%2F%2Fsemmelweis.hu%2Fkfipalyazat%2Ffiles%2F2025%2F07%2FNKFIA_infoblokk_kerettel_program_fekvo_2019_HU.jpg\">T\u00e9mater\u00fcleti Kiv\u00e1l\u00f3s\u00e1gi Program 2020 (2020-4.1.1-TKP2020) Nemzeti Kih\u00edv\u00e1sok Alprogram MOLEKUL\u00c1RIS BIOL\u00d3GIA<\/li>\n<li style=\"text-align: justify\" data-wpview-marker=\"https%3A%2F%2Fsemmelweis.hu%2Fkfipalyazat%2Ffiles%2F2025%2F07%2FNKFIA_infoblokk_kerettel_program_fekvo_2019_HU.jpg\">T\u00e9mater\u00fcleti Kiv\u00e1l\u00f3s\u00e1gi Program 2020 (2020-4.1.1-TKP2020) Nemzeti Kih\u00edv\u00e1sok Alprogram BIOIMAGING<\/li>\n<li style=\"text-align: justify\" data-wpview-marker=\"https%3A%2F%2Fsemmelweis.hu%2Fkfipalyazat%2Ffiles%2F2025%2F07%2FNKFIA_infoblokk_kerettel_program_fekvo_2019_HU.jpg\">T\u00e9mater\u00fcleti Kiv\u00e1l\u00f3s\u00e1gi Program 2020 (2020-4.1.1-TKP2020) Nemzeti Kih\u00edv\u00e1sok Alprogram NEUROL\u00d3GIA<\/li>\n<li style=\"text-align: justify\" data-wpview-marker=\"https%3A%2F%2Fsemmelweis.hu%2Fkfipalyazat%2Ffiles%2F2025%2F07%2FNKFIA_infoblokk_kerettel_program_fekvo_2019_HU.jpg\">T\u00e9mater\u00fcleti Kiv\u00e1l\u00f3s\u00e1gi Program 2020 (2020-4.1.1-TKP2020) Nemzeti Kih\u00edv\u00e1sok Alprogram BIONIKA<\/li>\n<li style=\"text-align: justify\" data-wpview-marker=\"https%3A%2F%2Fsemmelweis.hu%2Fkfipalyazat%2Ffiles%2F2025%2F07%2FNKFIA_infoblokk_kerettel_program_fekvo_2019_HU.jpg\">T\u00e9mater\u00fcleti Kiv\u00e1l\u00f3s\u00e1gi Program 2020 (2020-4.1.1-TKP2020) Nemzeti Kih\u00edv\u00e1sok Alprogram Digit\u00e1lis BIOMarker<\/li>\n<li style=\"text-align: justify\" data-wpview-marker=\"https%3A%2F%2Fsemmelweis.hu%2Fkfipalyazat%2Ffiles%2F2025%2F07%2FNKFIA_infoblokk_kerettel_program_fekvo_2019_HU.jpg\">T\u00e9mater\u00fcleti Kiv\u00e1l\u00f3s\u00e1gi Program 2020 (2020-4.1.1-TKP2020) Nemzeti Kih\u00edv\u00e1sok Alprogram TER\u00c1PI\u00c1S C\u00c9L\u00da FEJLESZT\u00c9S<\/li>\n<li style=\"text-align: justify\" data-wpview-marker=\"https%3A%2F%2Fsemmelweis.hu%2Fkfipalyazat%2Ffiles%2F2025%2F07%2FNKFIA_infoblokk_kerettel_program_fekvo_2019_HU.jpg\">T\u00e9mater\u00fcleti Kiv\u00e1l\u00f3s\u00e1gi Program 2020 (2020-4.1.1-TKP2020) Nemzeti Kih\u00edv\u00e1sok Alprogram Transzl\u00e1ci\u00f3s BIOtechnol\u00f3gia<\/li>\n<\/ul>\n<p><img loading=\"lazy\" decoding=\"async\" class=\"alignright\" src=\"https:\/\/semmelweis.hu\/kfipalyazat\/files\/2025\/07\/NKFIA_infoblokk_kerettel_program_fekvo_2019_HU.jpg\" width=\"555\" height=\"235\" \/><\/p>\n","protected":false},"excerpt":{"rendered":"<p>T\u00e9mater\u00fcleti Kiv\u00e1l\u00f3s\u00e1gi Program 2020 Az int\u00e9zm\u00e9nyek kiv\u00e1l\u00f3s\u00e1g\u00e1t \u00f6szt\u00f6nz\u0151 eddigi programok \u2013 a Fels\u0151oktat\u00e1si Int\u00e9zm\u00e9nyi Kiv\u00e1l\u00f3s\u00e1gi Program (FIKP) \u00e9s a T\u00e9mater\u00fcleti Kiv\u00e1l\u00f3s\u00e1gi Program (TKP) \u2013 2020-t\u00f3l integr\u00e1lt t\u00e1mogat\u00e1si konstrukci\u00f3k\u00e9nt folytat\u00f3dnak, az NKFI Alap finansz\u00edroz\u00e1s\u00e1ban. A meg\u00fajul\u00f3 rendszer c\u00e9lja tov\u00e1bbra is az, hogy az egyetemi tud\u00e1sk\u00f6zpontok \u00e9s kutat\u00f3helyek hat\u00e9kony szakmai munk\u00e1j\u00e1t a kutat\u00e1s-fejleszt\u00e9si \u00e9s innov\u00e1ci\u00f3s tev\u00e9kenys\u00e9gre f\u00f3kusz\u00e1lva &hellip;<\/p>\n","protected":false},"author":102410,"featured_media":0,"parent":160,"menu_order":1,"comment_status":"closed","ping_status":"closed","template":"","meta":{"_acf_changed":false,"footnotes":""},"categories":[],"tags":[],"class_list":["post-163","page","type-page","status-publish","hentry"],"acf":[],"_links":{"self":[{"href":"https:\/\/semmelweis.hu\/kfipalyazat\/wp-json\/wp\/v2\/pages\/163","targetHints":{"allow":["GET"]}}],"collection":[{"href":"https:\/\/semmelweis.hu\/kfipalyazat\/wp-json\/wp\/v2\/pages"}],"about":[{"href":"https:\/\/semmelweis.hu\/kfipalyazat\/wp-json\/wp\/v2\/types\/page"}],"author":[{"embeddable":true,"href":"https:\/\/semmelweis.hu\/kfipalyazat\/wp-json\/wp\/v2\/users\/102410"}],"replies":[{"embeddable":true,"href":"https:\/\/semmelweis.hu\/kfipalyazat\/wp-json\/wp\/v2\/comments?post=163"}],"version-history":[{"count":8,"href":"https:\/\/semmelweis.hu\/kfipalyazat\/wp-json\/wp\/v2\/pages\/163\/revisions"}],"predecessor-version":[{"id":605,"href":"https:\/\/semmelweis.hu\/kfipalyazat\/wp-json\/wp\/v2\/pages\/163\/revisions\/605"}],"up":[{"embeddable":true,"href":"https:\/\/semmelweis.hu\/kfipalyazat\/wp-json\/wp\/v2\/pages\/160"}],"wp:attachment":[{"href":"https:\/\/semmelweis.hu\/kfipalyazat\/wp-json\/wp\/v2\/media?parent=163"}],"wp:term":[{"taxonomy":"category","embeddable":true,"href":"https:\/\/semmelweis.hu\/kfipalyazat\/wp-json\/wp\/v2\/categories?post=163"},{"taxonomy":"post_tag","embeddable":true,"href":"https:\/\/semmelweis.hu\/kfipalyazat\/wp-json\/wp\/v2\/tags?post=163"}],"curies":[{"name":"wp","href":"https:\/\/api.w.org\/{rel}","templated":true}]}}