{"id":1081,"date":"2026-04-28T11:59:48","date_gmt":"2026-04-28T09:59:48","guid":{"rendered":"https:\/\/semmelweis.hu\/kfipalyazat\/?page_id=1081"},"modified":"2026-04-28T12:45:56","modified_gmt":"2026-04-28T10:45:56","slug":"vekop-2-2-1-16-2017-00002","status":"publish","type":"page","link":"https:\/\/semmelweis.hu\/kfipalyazat\/palyazatok\/tarsfinanszirozott-palyazatok\/fenntartas\/vekop-2-2-1-16-2017-00002\/","title":{"rendered":"VEKOP-2.2.1.-16-2017-00002"},"content":{"rendered":"<p><strong>Projekt azonos\u00edt\u00f3 sz\u00e1ma: <\/strong>VEKOP-2.2.1.-16-2017-00002<\/p>\n<p><strong>Projekt c\u00edme: <\/strong>\u00dajsz\u00fcl\u00f6tt, korasz\u00fcl\u00f6tt csecsem\u0151k hal\u00e1loz\u00e1si ar\u00e1ny\u00e1t cs\u00f6kkent\u0151, eg\u00e9szs\u00e9ges, \u00e9let\u00fck es\u00e9lyeit n\u00f6vel\u0151, intelligens digit\u00e1lis \u00faj neonatal reanim\u00e1ci\u00f3s asztal (nyitott inkub\u00e1tor) kifejleszt\u00e9se<\/p>\n<p>&nbsp;<\/p>\n<p><strong>Konzorcium vezet\u0151je: <\/strong>MEDICOR Elektronika Zrt\u00a0<\/p>\n<p><strong>Konzorciumi tagok: <\/strong><\/p>\n<ul>\n<li>Semmelweis Egyetem<\/li>\n<li>HUN-REN Sz\u00e1m\u00edt\u00e1stechnikai \u00e9s Automatiz\u00e1l\u00e1si Kutat\u00f3int\u00e9zet<\/li>\n<\/ul>\n<p>&nbsp;<\/p>\n<p><strong>Projekt megval\u00f3s\u00edt\u00e1s\u00e1nak kezdete: <\/strong>2018.01.01.<\/p>\n<p><strong>Projekt fizikai befejez\u00e9s\u00e9nek hat\u00e1rideje: <\/strong>2019.12.31.<\/p>\n<p>&nbsp;<\/p>\n<p><strong>T\u00e1mogat\u00e1s \u00f6sszege: <\/strong>418 869 264 Ft<\/p>\n<p><strong>SE T\u00e1mogat\u00e1s \u00f6sszege:<\/strong>\u00a0160 000 000 Ft<\/p>\n<p><strong>T\u00e1mogat\u00e1s intenzit\u00e1sa: <\/strong>100%<\/p>\n<p>&nbsp;<\/p>\n<p><strong>Projektr\u0151l:\u00a0<\/strong><\/p>\n<p style=\"text-align: justify\">Projekt els\u0151dleges c\u00e9lja volt az \u00fajsz\u00fcl\u00f6ttek, k\u00fcl\u00f6n\u00f6sen a korasz\u00fcl\u00f6tt csecsem\u0151k hal\u00e1loz\u00e1si ar\u00e1ny cs\u00f6kkent\u00e9se, \u00e9letben marad\u00e1sa \u00e9s \u00e9letkil\u00e1t\u00e1sait jav\u00edt\u00f3, s\u00e9r\u00fcl\u00e9sek m\u00e9rs\u00e9kl\u00e9se, valamint a betegbiztons\u00e1g n\u00f6veked\u00e9s\u00e9t szolg\u00e1l\u00f3 \u00faj fejleszt\u00e9si megval\u00f3s\u00edt\u00e1s, amit a konzorcium partnerek tudom\u00e1nyos kutat\u00e1saival \u00e9s a legkorszer\u0171bb technol\u00f3gi\u00e1k felhaszn\u00e1l\u00e1s\u00e1val \u00e9rtek el.<br \/>\nA projektben konzorciumi tagk\u00e9nt r\u00e9sztvev\u0151 Semmelweis Egyetem (SE) \u00e9s\u00a0Sz\u00e1m\u00edt\u00e1stechnikai \u00e9s Automatiz\u00e1l\u00e1si Kutat\u00f3int\u00e9zet\u00a0(SZTAKI) magas szint\u0171 tudom\u00e1nyos j\u00e1rtass\u00e1g\u00e1nak, nemzetk\u00f6zi kutat\u00e1si tapasztalatainak \u00e9s ismereteiknek eredm\u00e9nyeit felhaszn\u00e1lva, valamint a MEDICOR Elektronika Zrt. 50 \u00e9ves K+F technol\u00f3giai fejleszt\u00e9seit hasznos\u00edtva, az alapkutat\u00e1si, alkalmazott kutat\u00e1si \u00e9s k\u00eds\u00e9rleti fejleszt\u00e9si tev\u00e9kenys\u00e9g eredm\u00e9nyek\u00e9nt \u00faj \u00fajsz\u00fcl\u00f6tt \u00fajra\u00e9leszt\u0151 nyitott inkub\u00e1tort ker\u00fclt kifejleszt\u00e9sre. A Semmelweis Egyetem az \u201e\u00e9l\u0151 inkub\u00e1tor\u201d-k\u00e9nt is felfoghat\u00f3 anya\/apa \u00e9s a baba szoros kapcsolat\u00e1nak kutat\u00e1si eredm\u00e9nyeivel t\u00e1masztotta al\u00e1 a fejleszt\u00e9s azon vizsg\u00e1lat\u00e1t, hogy az \u00fajsz\u00fcl\u00f6ttekre, k\u00fcl\u00f6n\u00f6sen a korasz\u00fcl\u00f6tt csecsem\u0151kre milyen fiziol\u00f3giai hat\u00e1st gyakorol a kenguru m\u00f3dszer. A kutat\u00e1s kiterjedt a mortalit\u00e1sra, a s\u00falyos fert\u0151z\u00e9sek el\u0151fordul\u00e1si kock\u00e1zat\u00e1ra, a betegbiztons\u00e1gra, a sz\u00fcks\u00e9ges k\u00f3rh\u00e1zi \u00e1pol\u00e1s idej\u00e9re, valamint a min\u0151s\u00e9gi t\u00fal\u00e9l\u00e9sre gyakorolt \u200b\u200bhat\u00e1sok vizsg\u00e1lat\u00e1ra is. \u00dajdons\u00e1g az \u00fajsz\u00fcl\u00f6tt megfigyel\u00e9s\u00e9t szolg\u00e1l\u00f3 non-kontakt technol\u00f3gia, a teljes testszkenner rendszer megval\u00f3s\u00edt\u00e1sa. A SZTAKI \u00e1ltal alkalmazott hiper- illetve multispektr\u00e1lis technol\u00f3gia ilyen kombin\u00e1ci\u00f3ja ma nem l\u00e9tezik a nemzetk\u00f6zi piacokon, ez\u00e9rt kifejleszt\u00e9s\u00e9vel \u00e9s \u00fajsz\u00fcl\u00f6tt korasz\u00fcl\u00f6tt csecsem\u0151k monitoroz\u00e1s\u00e1ra t\u00f6rt\u00e9n\u0151 adapt\u00e1l\u00e1s\u00e1val az inkub\u00e1torok egy teljesen \u00faj gener\u00e1ci\u00f3ja val\u00f3sulhatott meg. Az \u00faj digit\u00e1lis neonatal reanim\u00e1ci\u00f3s asztal a j\u00f6v\u0151 leg\u00fajabb \u00fajsz\u00fcl\u00f6tt-gy\u00f3gy\u00e1szati \u200b\u200bm\u00f3dszereit, technol\u00f3gi\u00e1it alkalmazza \u00e9s integr\u00e1lja, a keletkezett, t\u00e1rolja \u00e9s az archiv\u00e1lt adatok tov\u00e1bbi tudom\u00e1nyos elemz\u00e9s\u00e9re adnak lehet\u0151s\u00e9geket. Ezzel egyed\u00fcl\u00e1ll\u00f3, kutathat\u00f3 szakmai adatb\u00e1zis, struktur\u00e1lt big-data rendszer j\u00f6n l\u00e9tre.<\/p>\n<p style=\"text-align: justify\"><img loading=\"lazy\" decoding=\"async\" class=\"alignright\" src=\"https:\/\/semmelweis.hu\/kfipalyazat\/files\/2026\/04\/infoblokk_kedv_final_CMYK_ERFA.jpg\" width=\"483\" height=\"334\" \/><\/p>\n<p>&nbsp;<\/p>\n<p>&nbsp;<\/p>\n","protected":false},"excerpt":{"rendered":"<p>Projekt azonos\u00edt\u00f3 sz\u00e1ma: VEKOP-2.2.1.-16-2017-00002 Projekt c\u00edme: \u00dajsz\u00fcl\u00f6tt, korasz\u00fcl\u00f6tt csecsem\u0151k hal\u00e1loz\u00e1si ar\u00e1ny\u00e1t cs\u00f6kkent\u0151, eg\u00e9szs\u00e9ges, \u00e9let\u00fck es\u00e9lyeit n\u00f6vel\u0151, intelligens digit\u00e1lis \u00faj neonatal reanim\u00e1ci\u00f3s asztal (nyitott inkub\u00e1tor) kifejleszt\u00e9se &nbsp; Konzorcium vezet\u0151je: MEDICOR Elektronika Zrt\u00a0 Konzorciumi tagok: Semmelweis Egyetem HUN-REN Sz\u00e1m\u00edt\u00e1stechnikai \u00e9s Automatiz\u00e1l\u00e1si Kutat\u00f3int\u00e9zet &nbsp; Projekt megval\u00f3s\u00edt\u00e1s\u00e1nak kezdete: 2018.01.01. Projekt fizikai befejez\u00e9s\u00e9nek hat\u00e1rideje: 2019.12.31. &nbsp; T\u00e1mogat\u00e1s \u00f6sszege: 418 869 &hellip;<\/p>\n","protected":false},"author":102410,"featured_media":0,"parent":148,"menu_order":8,"comment_status":"closed","ping_status":"closed","template":"","meta":{"_acf_changed":false,"footnotes":""},"categories":[],"tags":[],"class_list":["post-1081","page","type-page","status-publish","hentry"],"acf":[],"_links":{"self":[{"href":"https:\/\/semmelweis.hu\/kfipalyazat\/wp-json\/wp\/v2\/pages\/1081","targetHints":{"allow":["GET"]}}],"collection":[{"href":"https:\/\/semmelweis.hu\/kfipalyazat\/wp-json\/wp\/v2\/pages"}],"about":[{"href":"https:\/\/semmelweis.hu\/kfipalyazat\/wp-json\/wp\/v2\/types\/page"}],"author":[{"embeddable":true,"href":"https:\/\/semmelweis.hu\/kfipalyazat\/wp-json\/wp\/v2\/users\/102410"}],"replies":[{"embeddable":true,"href":"https:\/\/semmelweis.hu\/kfipalyazat\/wp-json\/wp\/v2\/comments?post=1081"}],"version-history":[{"count":10,"href":"https:\/\/semmelweis.hu\/kfipalyazat\/wp-json\/wp\/v2\/pages\/1081\/revisions"}],"predecessor-version":[{"id":1093,"href":"https:\/\/semmelweis.hu\/kfipalyazat\/wp-json\/wp\/v2\/pages\/1081\/revisions\/1093"}],"up":[{"embeddable":true,"href":"https:\/\/semmelweis.hu\/kfipalyazat\/wp-json\/wp\/v2\/pages\/148"}],"wp:attachment":[{"href":"https:\/\/semmelweis.hu\/kfipalyazat\/wp-json\/wp\/v2\/media?parent=1081"}],"wp:term":[{"taxonomy":"category","embeddable":true,"href":"https:\/\/semmelweis.hu\/kfipalyazat\/wp-json\/wp\/v2\/categories?post=1081"},{"taxonomy":"post_tag","embeddable":true,"href":"https:\/\/semmelweis.hu\/kfipalyazat\/wp-json\/wp\/v2\/tags?post=1081"}],"curies":[{"name":"wp","href":"https:\/\/api.w.org\/{rel}","templated":true}]}}