{"id":1066,"date":"2026-04-17T10:39:50","date_gmt":"2026-04-17T08:39:50","guid":{"rendered":"https:\/\/semmelweis.hu\/kfipalyazat\/?page_id=1066"},"modified":"2026-04-17T11:04:05","modified_gmt":"2026-04-17T09:04:05","slug":"2025-1-1-3-life_sciences_i-2025-00019","status":"publish","type":"page","link":"https:\/\/semmelweis.hu\/kfipalyazat\/palyazatok\/hazai-palyazatok\/nkfih\/life-sciences-catalyst-program\/2025-1-1-3-life_sciences_i-2025-00019\/","title":{"rendered":"2025-1.1.3-LIFE_SCIENCES_I-2025-00019"},"content":{"rendered":"<p><strong>Projekt azonos\u00edt\u00f3 sz\u00e1ma:<\/strong> 2025-1.1.3-LIFE_SCIENCES_I-2025-00019<\/p>\n<p><strong>Projekt c\u00edme:<\/strong>Tumor-mikrok\u00f6rnyezetet c\u00e9lz\u00f3 \u00faj gener\u00e1ci\u00f3s antitest fejleszt\u00e9se daganatellenes ter\u00e1pi\u00e1ra<\/p>\n<p>&nbsp;<\/p>\n<p><strong>Konzorciumvezet\u0151: <\/strong>ImmunoGenes Korl\u00e1tolt Felel\u0151ss\u00e9g\u0171 T\u00e1rsas\u00e1g<\/p>\n<p><strong>Konzorciumi tag:<\/strong><\/p>\n<ul>\n<li>Semmelweis Egyetem<\/li>\n<\/ul>\n<p>&nbsp;<\/p>\n<p><strong>Projekt megval\u00f3s\u00edt\u00e1s\u00e1nak kezdete:<\/strong> 2026.03.01.<\/p>\n<p><strong>Projekt fizikai befejez\u00e9s\u00e9nek hat\u00e1rideje:<\/strong> 2029.02.28.<\/p>\n<p>&nbsp;<\/p>\n<p><strong>T\u00e1mogat\u00e1s \u00f6sszege: <\/strong>409.530.012 Ft<\/p>\n<p><strong>Semmelweis Egyetem t\u00e1mogat\u00e1si \u00f6sszege:<\/strong> 159.256.345 Ft<\/p>\n<p><strong>T\u00e1mogat\u00e1s intenzit\u00e1sa:<\/strong>\u00a0100%<\/p>\n<p>&nbsp;<\/p>\n<p><strong>Projektr\u0151l:<\/strong><\/p>\n<p style=\"text-align: justify\">A monoklon\u00e1lis antitestek (mEa) ma a daganatter\u00e1pi\u00e1k kulcsszerepl\u0151i: c\u00e9lzottan ismernek fel tumorsejteket vagy a tumormikrok\u00f6rnyezet komponenseit, \u00edgy hat\u00e9kony kezel\u00e9st \u00e9s kedvez\u0151bb mell\u00e9khat\u00e1s-profilt k\u00edn\u00e1lnak a hagyom\u00e1nyos kemoter\u00e1pi\u00e1hoz k\u00e9pest. Az onkol\u00f3gia gyorsan b\u0151v\u00fcl\u0151 molekul\u00e1ris tud\u00e1sb\u00e1zisa \u00faj ter\u00e1pi\u00e1s c\u00e9lpontokat t\u00e1r fel, k\u00fcl\u00f6n\u00f6sen a daganatok megtapad\u00e1s\u00e1t, inv\u00e1zi\u00f3j\u00e1t \u00e9s \u00e1tt\u00e9tk\u00e9pz\u00e9s\u00e9t ir\u00e1ny\u00edt\u00f3 \u00fatvonalakban. Konzorciumunk \u2013 az Immunogenes Kft. \u00e9s a Semmelweis Egyetem \u2013 egy \u00faj, ter\u00e1pi\u00e1s potenci\u00e1llal rendelkez\u0151 monoklon\u00e1lis antitest kifejleszt\u00e9s\u00e9t t\u0171zte ki c\u00e9lul, amely egy, a tumorsejtek mikrok\u00f6rnyezet\u00e9ben tal\u00e1lhat\u00f3 c\u00e9lfeh\u00e9rj\u00e9hez k\u00f6t\u0151dik. El\u0151zetes eredm\u00e9nyeink arra utalnak, hogy e feh\u00e9rje g\u00e1tl\u00e1sa m\u00e9rs\u00e9kli a tumorsejtek szaporod\u00e1s\u00e1t, megtapad\u00e1s\u00e1t \u00e9s terjed\u00e9s\u00e9t.<\/p>\n<p style=\"text-align: justify\">Hipot\u00e9zis\u00fcnk szerint a c\u00e9lfeh\u00e9rje kulcsszerepet j\u00e1tszik az \u00fajonnan l\u00e9trej\u00f6v\u0151 tumorsejtek mikrok\u00f6rnyezethez val\u00f3 r\u00f6gz\u00fcl\u00e9sben; ez\u00e9rt antitest-alap\u00fa blokkol\u00e1sa \u00e1ltal\u00e1nos tumorellenes hat\u00e1st fejthet ki, \u00e9s cs\u00f6kkentheti az \u00e1tt\u00e9tk\u00e9pz\u0151d\u00e9st. A projekt \u00fajdons\u00e1ga, hogy nemcsak a tumorsejtre, hanem annak t\u00e1mogat\u00f3 k\u00f6rnyezet\u00e9re c\u00e9loz, \u00edgy kombin\u00e1ci\u00f3kban (pl. immun-, anti-angiog\u00e9n vagy kemoter\u00e1pi\u00e1s szerekkel) is \u00edg\u00e9retes lehet, tov\u00e1bb\u00e1 es\u00e9lyt k\u00edn\u00e1l a kemorezisztencia meghalad\u00e1s\u00e1ra.<\/p>\n<p style=\"text-align: justify\">V\u00e1rt eredm\u00e9nyek: legal\u00e1bb egy vezet\u0151 antitestjel\u00f6lt nanom\u00f3los affinit\u00e1ssal \u00e9s magas specificit\u00e1ssal; reproduk\u00e1lhat\u00f3 prolifer\u00e1ci\u00f3-, migr\u00e1ci\u00f3- \u00e9s inv\u00e1zi\u00f3g\u00e1tl\u00e1s t\u00f6bb hum\u00e1n sejtvonalon; szignifik\u00e1ns tumorn\u00f6veked\u00e9s- \u00e9s metaszt\u00e1zis-cs\u00f6kkent\u00e9s legal\u00e1bb k\u00e9t in vivo modellen; d\u00f6nt\u00e9st\u00e1mogat\u00f3 PK\/PD \u00e9s kezdeti biztons\u00e1goss\u00e1gi csomag; predikt\u00edv biomarker-panel a klinikai fejleszt\u00e9si strat\u00e9gia megalapoz\u00e1s\u00e1ra. Siker eset\u00e9n \u201efirst-in-class\u201d jel\u00f6ltet \u00e1ll\u00edtunk el\u0151, amely sz\u00e9les k\u00f6rben alkalmazhat\u00f3 lehet \u00e9s kombin\u00e1lhat\u00f3 megl\u00e9v\u0151 onkol\u00f3giai ter\u00e1pi\u00e1kkal. A projekt tudom\u00e1nyos-technol\u00f3giai hat\u00e1sa a mikrok\u00f6rnyezet-c\u00e9lz\u00e1s klinikai hasznos\u00edthat\u00f3s\u00e1g\u00e1nak demonstr\u00e1ci\u00f3ja, gazdas\u00e1gi-ipari haszna pedig egy versenyk\u00e9pes biogy\u00f3gyszer-jel\u00f6lt \u00e9s a hozz\u00e1 kapcsol\u00f3d\u00f3 szellemi tulajdon l\u00e9trehoz\u00e1sa. A konzorcium ipari\u2013akad\u00e9miai egy\u00fcttm\u0171k\u00f6d\u00e9se gyors tud\u00e1stranszfert \u00e9s sk\u00e1l\u00e1zhat\u00f3 gy\u00e1rt\u00e1si\/fejleszt\u00e9si \u00fatvonalat biztos\u00edt, ler\u00f6vid\u00edtve az utat a klinikai vizsg\u00e1latok el\u0151k\u00e9sz\u00edt\u00e9s\u00e9ig.<\/p>\n<p><img loading=\"lazy\" decoding=\"async\" class=\"alignright\" src=\"https:\/\/semmelweis.hu\/kfipalyazat\/files\/2025\/07\/NKFIA_infoblokk_kerettel_program_fekvo_2019_HU.jpg\" width=\"590\" height=\"250\" \/><\/p>\n","protected":false},"excerpt":{"rendered":"<p>Projekt azonos\u00edt\u00f3 sz\u00e1ma: 2025-1.1.3-LIFE_SCIENCES_I-2025-00019 Projekt c\u00edme:Tumor-mikrok\u00f6rnyezetet c\u00e9lz\u00f3 \u00faj gener\u00e1ci\u00f3s antitest fejleszt\u00e9se daganatellenes ter\u00e1pi\u00e1ra &nbsp; Konzorciumvezet\u0151: ImmunoGenes Korl\u00e1tolt Felel\u0151ss\u00e9g\u0171 T\u00e1rsas\u00e1g Konzorciumi tag: Semmelweis Egyetem &nbsp; Projekt megval\u00f3s\u00edt\u00e1s\u00e1nak kezdete: 2026.03.01. Projekt fizikai befejez\u00e9s\u00e9nek hat\u00e1rideje: 2029.02.28. &nbsp; T\u00e1mogat\u00e1s \u00f6sszege: 409.530.012 Ft Semmelweis Egyetem t\u00e1mogat\u00e1si \u00f6sszege: 159.256.345 Ft T\u00e1mogat\u00e1s intenzit\u00e1sa:\u00a0100% &nbsp; Projektr\u0151l: A monoklon\u00e1lis antitestek (mEa) ma a daganatter\u00e1pi\u00e1k &hellip;<\/p>\n","protected":false},"author":102410,"featured_media":0,"parent":1062,"menu_order":2,"comment_status":"closed","ping_status":"closed","template":"","meta":{"_acf_changed":false,"footnotes":""},"categories":[],"tags":[],"class_list":["post-1066","page","type-page","status-publish","hentry"],"acf":[],"_links":{"self":[{"href":"https:\/\/semmelweis.hu\/kfipalyazat\/wp-json\/wp\/v2\/pages\/1066","targetHints":{"allow":["GET"]}}],"collection":[{"href":"https:\/\/semmelweis.hu\/kfipalyazat\/wp-json\/wp\/v2\/pages"}],"about":[{"href":"https:\/\/semmelweis.hu\/kfipalyazat\/wp-json\/wp\/v2\/types\/page"}],"author":[{"embeddable":true,"href":"https:\/\/semmelweis.hu\/kfipalyazat\/wp-json\/wp\/v2\/users\/102410"}],"replies":[{"embeddable":true,"href":"https:\/\/semmelweis.hu\/kfipalyazat\/wp-json\/wp\/v2\/comments?post=1066"}],"version-history":[{"count":5,"href":"https:\/\/semmelweis.hu\/kfipalyazat\/wp-json\/wp\/v2\/pages\/1066\/revisions"}],"predecessor-version":[{"id":1076,"href":"https:\/\/semmelweis.hu\/kfipalyazat\/wp-json\/wp\/v2\/pages\/1066\/revisions\/1076"}],"up":[{"embeddable":true,"href":"https:\/\/semmelweis.hu\/kfipalyazat\/wp-json\/wp\/v2\/pages\/1062"}],"wp:attachment":[{"href":"https:\/\/semmelweis.hu\/kfipalyazat\/wp-json\/wp\/v2\/media?parent=1066"}],"wp:term":[{"taxonomy":"category","embeddable":true,"href":"https:\/\/semmelweis.hu\/kfipalyazat\/wp-json\/wp\/v2\/categories?post=1066"},{"taxonomy":"post_tag","embeddable":true,"href":"https:\/\/semmelweis.hu\/kfipalyazat\/wp-json\/wp\/v2\/tags?post=1066"}],"curies":[{"name":"wp","href":"https:\/\/api.w.org\/{rel}","templated":true}]}}