{"id":1026,"date":"2026-04-09T13:40:34","date_gmt":"2026-04-09T11:40:34","guid":{"rendered":"https:\/\/semmelweis.hu\/kfipalyazat\/?page_id=1026"},"modified":"2026-04-09T13:40:58","modified_gmt":"2026-04-09T11:40:58","slug":"2025-3-1-1-ed-2026-00068","status":"publish","type":"page","link":"https:\/\/semmelweis.hu\/kfipalyazat\/palyazatok\/hazai-palyazatok\/nkfih\/kormanyzati-onero-alap\/2025-3-1-1-ed-2026-00068\/","title":{"rendered":"2025-3.1.1-ED-2026-00068"},"content":{"rendered":"<p><strong>Projekt azonos\u00edt\u00f3 sz\u00e1ma:<\/strong> 2025-3.1.1-ED-2026-00068<\/p>\n<p><strong>Projekt c\u00edme: <\/strong>Digit\u00e1lis eg\u00e9szs\u00e9g\u00fcgyi rendszeren alapul\u00f3 m\u0171t\u00e9ti el\u0151k\u00e9sz\u00edt\u00e9st \u00e9s t\u00e1j\u00e9koztat\u00e1st t\u00e1mogat\u00f3 program<\/p>\n<p>&nbsp;<\/p>\n<p><strong>Projekt megval\u00f3s\u00edt\u00e1s\u00e1nak kezdete:<\/strong> 2026.04.01.<\/p>\n<p><strong>Projekt fizikai befejez\u00e9s\u00e9nek hat\u00e1rideje:<\/strong> 2027.03.31.<\/p>\n<p>&nbsp;<\/p>\n<p><strong>T\u00e1mogat\u00e1s \u00f6sszege:<\/strong> 150.000.000,-Ft<\/p>\n<p><strong>T\u00e1mogat\u00e1s intenzit\u00e1sa:<\/strong>\u00a0100%<\/p>\n<p>&nbsp;<\/p>\n<p><strong>Projektr\u0151l:\u00a0<\/strong><\/p>\n<p>A seb\u00e9szi beavatkoz\u00e1sok sz\u00e1ma vil\u00e1gszerte folyamatosan n\u00f6vekszik. A seb\u00e9szeti \u00e9s perioperat\u00edv ell\u00e1t\u00e1s fejl\u0151d\u00e9se ellen\u00e9re \u00e9vente mintegy 4,2 milli\u00f3 beteg hal meg m\u0171t\u00e9ti sz\u00f6v\u0151dm\u00e9nyek k\u00f6vetkezt\u00e9ben, amellyel a m\u0171t\u00e9ti beavatkoz\u00e1sok glob\u00e1lisan a harmadik leggyakoribb hal\u00e1loknak tekinthet\u0151k. A probl\u00e9ma s\u00falyoss\u00e1g\u00e1t n\u00f6veli, hogy a m\u0171t\u00e9tre ker\u00fcl\u0151 betegek k\u00f6zel k\u00e9tharmada 65 \u00e9v feletti, amely \u00e9letkorban a funkcion\u00e1lis tartal\u00e9kok cs\u00f6kken\u00e9se miatt a betegek kev\u00e9sb\u00e9 k\u00e9pesek a seb\u00e9szi stressz kompenz\u00e1l\u00e1s\u00e1ra, ez\u00e1ltal magasabb sz\u00f6v\u0151dm\u00e9nykock\u00e1zattal kell sz\u00e1molni.<\/p>\n<p>A m\u0171t\u00e9ti rizik\u00f3t els\u0151sorban a beavatkoz\u00e1s kiterjed\u00e9se \u00e9s a beteg \u00e1ltal\u00e1nos \u00e1llapota hat\u00e1rozza meg, mely alapj\u00e1n alacsony, k\u00f6zepes \u00e9s magas kock\u00e1zat\u00fa beavatkoz\u00e1sok k\u00fcl\u00f6n\u00edthet\u0151k el. C\u00e9lunk egy m\u0171t\u00e9ti rizik\u00f3becsl\u00e9sen alapul\u00f3, szem\u00e9lyre szabott, betegk\u00f6zpont\u00fa, t\u00f6bbl\u00e9pcs\u0151s m\u0171t\u00e9ti felk\u00e9sz\u00edt\u0151 program, valamint az azt t\u00e1mogat\u00f3 digit\u00e1lis eg\u00e9szs\u00e9g\u00fcgyi rendszer fejleszt\u00e9se.<\/p>\n<p>Alacsony kock\u00e1zat\u00fa beavatkoz\u00e1sok eset\u00e9n a c\u00e9l a m\u0171t\u00e9ti stressz minimaliz\u00e1l\u00e1sa, amely els\u0151sorban minim\u00e1lisan invaz\u00edv technik\u00e1k \u2013 p\u00e9ld\u00e1ul laparoscopos \u00e9s robot-assziszt\u00e1lt seb\u00e9szet \u2013 alkalmaz\u00e1s\u00e1val \u00e9rhet\u0151 el. Ezek lehet\u0151v\u00e9 teszik az egynapos seb\u00e9szeti ell\u00e1t\u00e1st, amelyhez elengedhetetlen egy a teljes betegutat t\u00e1mogat\u00f3 digit\u00e1lis rendszer, amely seg\u00edti a betegir\u00e1ny\u00edt\u00e1st, az orvos-beteg kommunik\u00e1ci\u00f3t \u00e9s az otthoni beteg\u00e1pol\u00e1st.<\/p>\n<p>K\u00f6zepes kock\u00e1zat\u00fa beavatkoz\u00e1sok eset\u00e9n a m\u0171t\u00e9ti stressz mellett a perioperat\u00edv terhel\u00e9s cs\u00f6kkent\u00e9se is kiemelt jelent\u0151s\u00e9g\u0171. Ezt szolg\u00e1lja az Enhanced Recovery After Surgery (ERAS) program, amely bizony\u00edt\u00e9kokon alapul\u00f3, multidiszciplin\u00e1ris ell\u00e1t\u00e1si protokoll. Az ERAS cs\u00f6kkenti a posztoperat\u00edv sz\u00f6v\u0151dm\u00e9nyek el\u0151fordul\u00e1s\u00e1t, gyors\u00edtja a rehabilit\u00e1ci\u00f3t, r\u00f6vid\u00edti a k\u00f3rh\u00e1zi tart\u00f3zkod\u00e1st \u00e9s k\u00f6lts\u00e9ghat\u00e9kony ell\u00e1t\u00e1st tesz lehet\u0151v\u00e9. Hat\u00e9konys\u00e1ga tov\u00e1bb jav\u00edthat\u00f3 digit\u00e1lis, informatikai t\u00e1mogat\u00e1ssal, amely el\u0151seg\u00edti a betegeduk\u00e1ci\u00f3t, a protokollk\u00f6vet\u00e9st \u00e9s a m\u0171t\u00e9ti kimenetelek dokument\u00e1l\u00e1s\u00e1t.<\/p>\n<p>Magas kock\u00e1zat\u00fa betegek eset\u00e9ben a perioperat\u00edv stressz cs\u00f6kkent\u00e9se mellett sz\u00fcks\u00e9ges a betegek m\u0171t\u00e9t el\u0151tti teherb\u00edr\u00f3 k\u00e9pess\u00e9g\u00e9nek jav\u00edt\u00e1sa is. Ezt szolg\u00e1lja a prehabilit\u00e1ci\u00f3, amely egy 4\u20136 hetes, struktur\u00e1lt felk\u00e9sz\u00edt\u0151 program. A m\u00f3dszer h\u00e1rom f\u0151 pill\u00e9ren alapul: a fizikai \u00e1llapot jav\u00edt\u00e1sa, a t\u00e1pl\u00e1lts\u00e1gi \u00e1llapot optimaliz\u00e1l\u00e1sa, valamint a pszich\u00e9s felk\u00e9sz\u00edt\u00e9s \u00e9s szorong\u00e1scs\u00f6kkent\u00e9s. A diagn\u00f3zis \u00e9s a m\u0171t\u00e9t k\u00f6z\u00f6tti v\u00e1rakoz\u00e1si id\u0151 \u00edgy akt\u00edv felk\u00e9sz\u00fcl\u00e9si id\u0151szakk\u00e1 alak\u00edthat\u00f3. C\u00e9lunk egy olyan digit\u00e1lis rendszer fejleszt\u00e9se, amely t\u00e1mogatja a prehabilit\u00e1ci\u00f3 mindh\u00e1rom elem\u00e9t \u00e9s el\u0151seg\u00edti annak klinikai bevezet\u00e9s\u00e9t.<\/p>\n<p>A program v\u00e1rhat\u00f3an jav\u00edtja a m\u0171t\u00e9ti kimeneteleket, cs\u00f6kkenti a mortalit\u00e1st \u00e9s a sz\u00f6v\u0151dm\u00e9nyek ar\u00e1ny\u00e1t, r\u00f6vid\u00edti a k\u00f3rh\u00e1zi tart\u00f3zkod\u00e1st \u00e9s m\u00e9rs\u00e9kli az ell\u00e1t\u00e1si k\u00f6lts\u00e9geket. K\u00fcl\u00f6n\u00f6sen a magas kock\u00e1zat\u00fa, id\u0151s betegek eset\u00e9ben n\u00f6velhet\u0151 a betegbiztons\u00e1g, mik\u00f6zben a gyorsabb fel\u00e9p\u00fcl\u00e9s lehet\u0151v\u00e9 teszi a betegek miel\u0151bbi visszat\u00e9r\u00e9s\u00e9t mindennapi \u00e9let\u00fckbe \u00e9s munk\u00e1jukhoz.<\/p>\n<p><img loading=\"lazy\" decoding=\"async\" class=\"alignright\" src=\"https:\/\/semmelweis.hu\/kfipalyazat\/files\/2025\/07\/NKFIA_infoblokk_kerettel_program_fekvo_2019_HU.jpg\" width=\"590\" height=\"250\" \/><\/p>\n","protected":false},"excerpt":{"rendered":"<p>Projekt azonos\u00edt\u00f3 sz\u00e1ma: 2025-3.1.1-ED-2026-00068 Projekt c\u00edme: Digit\u00e1lis eg\u00e9szs\u00e9g\u00fcgyi rendszeren alapul\u00f3 m\u0171t\u00e9ti el\u0151k\u00e9sz\u00edt\u00e9st \u00e9s t\u00e1j\u00e9koztat\u00e1st t\u00e1mogat\u00f3 program &nbsp; Projekt megval\u00f3s\u00edt\u00e1s\u00e1nak kezdete: 2026.04.01. Projekt fizikai befejez\u00e9s\u00e9nek hat\u00e1rideje: 2027.03.31. &nbsp; T\u00e1mogat\u00e1s \u00f6sszege: 150.000.000,-Ft T\u00e1mogat\u00e1s intenzit\u00e1sa:\u00a0100% &nbsp; Projektr\u0151l:\u00a0 A seb\u00e9szi beavatkoz\u00e1sok sz\u00e1ma vil\u00e1gszerte folyamatosan n\u00f6vekszik. A seb\u00e9szeti \u00e9s perioperat\u00edv ell\u00e1t\u00e1s fejl\u0151d\u00e9se ellen\u00e9re \u00e9vente mintegy 4,2 milli\u00f3 beteg hal meg &hellip;<\/p>\n","protected":false},"author":102410,"featured_media":0,"parent":229,"menu_order":17,"comment_status":"closed","ping_status":"closed","template":"","meta":{"_acf_changed":false,"footnotes":""},"categories":[],"tags":[],"class_list":["post-1026","page","type-page","status-publish","hentry"],"acf":[],"_links":{"self":[{"href":"https:\/\/semmelweis.hu\/kfipalyazat\/wp-json\/wp\/v2\/pages\/1026","targetHints":{"allow":["GET"]}}],"collection":[{"href":"https:\/\/semmelweis.hu\/kfipalyazat\/wp-json\/wp\/v2\/pages"}],"about":[{"href":"https:\/\/semmelweis.hu\/kfipalyazat\/wp-json\/wp\/v2\/types\/page"}],"author":[{"embeddable":true,"href":"https:\/\/semmelweis.hu\/kfipalyazat\/wp-json\/wp\/v2\/users\/102410"}],"replies":[{"embeddable":true,"href":"https:\/\/semmelweis.hu\/kfipalyazat\/wp-json\/wp\/v2\/comments?post=1026"}],"version-history":[{"count":1,"href":"https:\/\/semmelweis.hu\/kfipalyazat\/wp-json\/wp\/v2\/pages\/1026\/revisions"}],"predecessor-version":[{"id":1027,"href":"https:\/\/semmelweis.hu\/kfipalyazat\/wp-json\/wp\/v2\/pages\/1026\/revisions\/1027"}],"up":[{"embeddable":true,"href":"https:\/\/semmelweis.hu\/kfipalyazat\/wp-json\/wp\/v2\/pages\/229"}],"wp:attachment":[{"href":"https:\/\/semmelweis.hu\/kfipalyazat\/wp-json\/wp\/v2\/media?parent=1026"}],"wp:term":[{"taxonomy":"category","embeddable":true,"href":"https:\/\/semmelweis.hu\/kfipalyazat\/wp-json\/wp\/v2\/categories?post=1026"},{"taxonomy":"post_tag","embeddable":true,"href":"https:\/\/semmelweis.hu\/kfipalyazat\/wp-json\/wp\/v2\/tags?post=1026"}],"curies":[{"name":"wp","href":"https:\/\/api.w.org\/{rel}","templated":true}]}}