{"id":1023,"date":"2026-04-09T13:16:36","date_gmt":"2026-04-09T11:16:36","guid":{"rendered":"https:\/\/semmelweis.hu\/kfipalyazat\/?page_id=1023"},"modified":"2026-04-09T14:05:20","modified_gmt":"2026-04-09T12:05:20","slug":"2025-1-2-1-hu-rizont-2025-00016","status":"publish","type":"page","link":"https:\/\/semmelweis.hu\/kfipalyazat\/palyazatok\/hazai-palyazatok\/nkfih\/hu-rizont\/2025-2\/2025-1-2-1-hu-rizont-2025-00016\/","title":{"rendered":"2025-1.2.1-HU-RIZONT-2025-00016"},"content":{"rendered":"<p><strong>Projekt azonos\u00edt\u00f3 sz\u00e1ma:<\/strong>\u00a02025-1.2.1-HU-RIZONT-2025-00016<\/p>\n<p><strong>Projekt c\u00edme:<\/strong>\u00a0INNOBRAIN \u2013 Innovat\u00edv megk\u00f6zel\u00edt\u00e9s az eg\u00e9szs\u00e9ges agyi \u00f6reged\u00e9s el\u0151seg\u00edt\u00e9s\u00e9re: transzl\u00e1ci\u00f3s strat\u00e9gia az \u00e9rrendszeri eredet\u0171 kognit\u00edv zavarok lek\u00fczd\u00e9s\u00e9re az el\u00f6reged\u0151 t\u00e1rsadalomban<\/p>\n<p><strong>Projekt megval\u00f3s\u00edt\u00e1s\u00e1nak kezdete:<\/strong>\u00a0 2026.01.01.<\/p>\n<p><strong>Projekt fizikai befejez\u00e9s\u00e9nek hat\u00e1rideje:<\/strong>\u00a02028.12.31.<\/p>\n<p><strong>T\u00e1mogat\u00e1s \u00f6sszege: <\/strong>399 594 850,-Ft<\/p>\n<p><strong>T\u00e1mogat\u00e1s intenzit\u00e1sa:<\/strong>\u00a0100%<\/p>\n<p>&nbsp;<\/p>\n<p><strong>Projektr\u0151l:\u00a0<\/strong><\/p>\n<p>A projekt\u00fcnk c\u00e9lja a Vascular Cognitive Impairment and Dementia (VCID), vagyis az \u00e9rrendszeri eredet\u0171 kognit\u00edv k\u00e1rosod\u00e1s \u00e9s demencia vizsg\u00e1lata \u00e9s kezel\u00e9s\u00e9nek innovat\u00edv m\u00f3dszereit fejleszteni. A Semmelweis Egyetem vezet\u00e9s\u00e9vel, egy nemzetk\u00f6zileg elismert konzorcium keret\u00e9ben k\u00edv\u00e1njuk kib\u0151v\u00edteni a kutat\u00e1si h\u00e1l\u00f3zatunkat, bele\u00e9rtve \u00faj eur\u00f3pai int\u00e9zm\u00e9nyekkel val\u00f3 egy\u00fcttm\u0171k\u00f6d\u00e9st. A projekt sor\u00e1n a VCID komplex kezel\u00e9si \u00e9s diagnosztikai m\u00f3dszereit k\u00edv\u00e1njuk tov\u00e1bbfejleszteni, \u00f6sszehangolva a klinikai \u00e9s az preklinikai kutat\u00e1sokat. Az egy\u00fcttm\u0171k\u00f6d\u00e9s c\u00e9lja egy olyan interdiszciplin\u00e1ris platform l\u00e9trehoz\u00e1sa, amely integr\u00e1lja a k\u00fcl\u00f6nb\u00f6z\u0151 tudom\u00e1nyter\u00fcletek szak\u00e9rtelm\u00e9t a VCID jobb meg\u00e9rt\u00e9se \u00e9rdek\u00e9ben. A r\u00e9sztvev\u0151 int\u00e9zm\u00e9nyek k\u00fcl\u00f6nleges szak\u00e9rtelmet hoznak a projektbe, \u00edgy n\u00f6velve annak hat\u00e9konys\u00e1g\u00e1t \u00e9s eredm\u00e9nyess\u00e9g\u00e9t. A projekt sor\u00e1n magyar PhD-hallgat\u00f3k \u00e9s posztdoktori kutat\u00f3k is r\u00e9szt vesznek a VCID transzl\u00e1ci\u00f3s kutat\u00e1sokban, lehet\u0151s\u00e9get kapva a nemzetk\u00f6zi egy\u00fcttm\u0171k\u00f6d\u00e9sben val\u00f3 akt\u00edv r\u00e9szv\u00e9telre \u00e9s a leg\u00fajabb kutat\u00e1si m\u00f3dszerek elsaj\u00e1t\u00edt\u00e1s\u00e1ra. A konzorcium kiterjeszt\u00e9se nem csak a kutat\u00e1si kapacit\u00e1st n\u00f6veli, hanem hozz\u00e1j\u00e1rul a tudom\u00e1nyos eredm\u00e9nyek t\u00e1rsadalmi \u00e9s gazdas\u00e1gi hat\u00e1s\u00e1nak maximaliz\u00e1l\u00e1s\u00e1hoz is, el\u0151seg\u00edtve a magyar \u00e9s a nemzetk\u00f6zi k\u00f6z\u00f6ss\u00e9gek eg\u00e9szs\u00e9g\u00fcgyi kih\u00edv\u00e1sainak hat\u00e9konyabb kezel\u00e9s\u00e9t.<\/p>\n<p><img loading=\"lazy\" decoding=\"async\" class=\"alignright\" src=\"https:\/\/semmelweis.hu\/kfipalyazat\/files\/2025\/07\/NKFIA_infoblokk_kerettel_program_fekvo_2019_HU.jpg\" width=\"590\" height=\"250\" \/><\/p>\n","protected":false},"excerpt":{"rendered":"<p>Projekt azonos\u00edt\u00f3 sz\u00e1ma:\u00a02025-1.2.1-HU-RIZONT-2025-00016 Projekt c\u00edme:\u00a0INNOBRAIN \u2013 Innovat\u00edv megk\u00f6zel\u00edt\u00e9s az eg\u00e9szs\u00e9ges agyi \u00f6reged\u00e9s el\u0151seg\u00edt\u00e9s\u00e9re: transzl\u00e1ci\u00f3s strat\u00e9gia az \u00e9rrendszeri eredet\u0171 kognit\u00edv zavarok lek\u00fczd\u00e9s\u00e9re az el\u00f6reged\u0151 t\u00e1rsadalomban Projekt megval\u00f3s\u00edt\u00e1s\u00e1nak kezdete:\u00a0 2026.01.01. Projekt fizikai befejez\u00e9s\u00e9nek hat\u00e1rideje:\u00a02028.12.31. T\u00e1mogat\u00e1s \u00f6sszege: 399 594 850,-Ft T\u00e1mogat\u00e1s intenzit\u00e1sa:\u00a0100% &nbsp; Projektr\u0151l:\u00a0 A projekt\u00fcnk c\u00e9lja a Vascular Cognitive Impairment and Dementia (VCID), vagyis az \u00e9rrendszeri eredet\u0171 &hellip;<\/p>\n","protected":false},"author":102410,"featured_media":0,"parent":1050,"menu_order":2,"comment_status":"closed","ping_status":"closed","template":"","meta":{"_acf_changed":false,"footnotes":""},"categories":[],"tags":[],"class_list":["post-1023","page","type-page","status-publish","hentry"],"acf":[],"_links":{"self":[{"href":"https:\/\/semmelweis.hu\/kfipalyazat\/wp-json\/wp\/v2\/pages\/1023","targetHints":{"allow":["GET"]}}],"collection":[{"href":"https:\/\/semmelweis.hu\/kfipalyazat\/wp-json\/wp\/v2\/pages"}],"about":[{"href":"https:\/\/semmelweis.hu\/kfipalyazat\/wp-json\/wp\/v2\/types\/page"}],"author":[{"embeddable":true,"href":"https:\/\/semmelweis.hu\/kfipalyazat\/wp-json\/wp\/v2\/users\/102410"}],"replies":[{"embeddable":true,"href":"https:\/\/semmelweis.hu\/kfipalyazat\/wp-json\/wp\/v2\/comments?post=1023"}],"version-history":[{"count":1,"href":"https:\/\/semmelweis.hu\/kfipalyazat\/wp-json\/wp\/v2\/pages\/1023\/revisions"}],"predecessor-version":[{"id":1024,"href":"https:\/\/semmelweis.hu\/kfipalyazat\/wp-json\/wp\/v2\/pages\/1023\/revisions\/1024"}],"up":[{"embeddable":true,"href":"https:\/\/semmelweis.hu\/kfipalyazat\/wp-json\/wp\/v2\/pages\/1050"}],"wp:attachment":[{"href":"https:\/\/semmelweis.hu\/kfipalyazat\/wp-json\/wp\/v2\/media?parent=1023"}],"wp:term":[{"taxonomy":"category","embeddable":true,"href":"https:\/\/semmelweis.hu\/kfipalyazat\/wp-json\/wp\/v2\/categories?post=1023"},{"taxonomy":"post_tag","embeddable":true,"href":"https:\/\/semmelweis.hu\/kfipalyazat\/wp-json\/wp\/v2\/tags?post=1023"}],"curies":[{"name":"wp","href":"https:\/\/api.w.org\/{rel}","templated":true}]}}