{"id":1020,"date":"2026-04-09T13:13:55","date_gmt":"2026-04-09T11:13:55","guid":{"rendered":"https:\/\/semmelweis.hu\/kfipalyazat\/?page_id=1020"},"modified":"2026-04-09T14:06:41","modified_gmt":"2026-04-09T12:06:41","slug":"2025-1-2-1-hu-rizont-2025-00025","status":"publish","type":"page","link":"https:\/\/semmelweis.hu\/kfipalyazat\/palyazatok\/hazai-palyazatok\/nkfih\/hu-rizont\/2025-2\/2025-1-2-1-hu-rizont-2025-00025\/","title":{"rendered":"2025-1.2.1-HU-RIZONT-2025-00025"},"content":{"rendered":"<p><strong>Projekt azonos\u00edt\u00f3 sz\u00e1ma:<\/strong>\u00a02025-1.2.1-HU-RIZONT-2025-00025<\/p>\n<p><strong>Projekt c\u00edme:<\/strong>\u00a0Neutrofil navig\u00e1ci\u00f3 vizsg\u00e1lata az \u00e9rp\u00e1ly\u00e1t\u00f3l a gyullad\u00e1sos g\u00f3cokig<\/p>\n<p><strong>Projekt megval\u00f3s\u00edt\u00e1s\u00e1nak kezdete:<\/strong>\u00a0 2026.01.01.<\/p>\n<p><strong>Projekt fizikai befejez\u00e9s\u00e9nek hat\u00e1rideje:<\/strong>\u00a02028.12.31.<\/p>\n<p><strong>T\u00e1mogat\u00e1s \u00f6sszege: <\/strong>400 000\u00a0000,-Ft<\/p>\n<p><strong>T\u00e1mogat\u00e1s intenzit\u00e1sa:<\/strong>\u00a0100%<\/p>\n<p>&nbsp;<\/p>\n<p><strong>Projektr\u0151l:\u00a0<\/strong><\/p>\n<p>A neutrofil granulocit\u00e1k immunrendszer\u00fcnk leggyorsabban reag\u00e1l\u00f3 sejtjei k\u00f6z\u00e9 tartoznak, melyek v\u00e9delmet ny\u00fajtanak a sz\u00f6veti s\u00e9r\u00fcl\u00e9sek \u00e9s fert\u0151z\u00e9sek sor\u00e1n. K\u00f6zpont\u00ed szerep\u00fck ellen\u00e9re nem tiszt\u00e1zott, hogy mik\u00e9nt \u00e9rz\u00e9kelik \u00e9s integr\u00e1lj\u00e1k k\u00f6rnyezet\u00fck kemotaktikus ingereit mik\u00f6zben az \u00e9rp\u00e1ly\u00e1b\u00f3l kil\u00e9pve komplex sz\u00f6veti k\u00f6rnyezeteken \u00e1t a gyulladt ter\u00fcletekre v\u00e1ndorolnak. Egy nemzetk\u00f6zi multidiszciplin\u00e1ris kutat\u00f3csapat egy\u00fcttm\u0171k\u00f6d\u00e9s\u00e9ben projekt\u00fcnk c\u00e9lja a neutrofil granulocit\u00e1k v\u00e1ndorl\u00e1s\u00e1t, ezzel a gyullad\u00e1sos folyamatok alapvet\u0151 l\u00e9p\u00e9seit szab\u00e1lyoz\u00f3 folyamatok felt\u00e1r\u00e1sa.<\/p>\n<p>A kutat\u00e1si ter\u00fclet f\u0151 kih\u00edv\u00e1sa, hogy eddig nem l\u00e9teztek m\u00f3dszerek, melyek a kis m\u00e9ret\u0171 \u00e9s diffuzibilis gyullad\u00e1sos szab\u00e1lyoz\u00f3 faktorok val\u00f3s idej\u0171 megfigyel\u00e9s\u00e9t lehet\u0151v\u00e9 tett\u00e9k volna. Ezen korl\u00e1tok \u00e1thidal\u00e1sa \u00e9rdek\u00e9ben csapatunk genetikailag k\u00f3dolt, fluoreszcens bioszenzorokat fejleszt, melyek el\u0151sz\u00f6r teszik lehet\u0151v\u00e9 a neutrofilek vaszkul\u00e1ris kil\u00e9p\u00e9s\u00e9t befoly\u00e1sol\u00f3 faktorok, illetve a gyullad\u00e1ssal j\u00e1r\u00f3 folyamatok sor\u00e1n a v\u00e1ndorl\u00e1sukat ir\u00e1ny\u00edt\u00f3 kemotakt\u00e1nsok val\u00f3s idej\u0171 detekt\u00e1l\u00e1s\u00e1t. A neutrofilek mozg\u00e1s\u00e1nak jobb meg\u00e9rt\u00e9se \u00e9rdek\u00e9ben fotoaktiv\u00e1lhat\u00f3 kemoattrakt\u00e1nsokat is el\u0151\u00e1ll\u00edtunk, melyeket t\u00e9rben prec\u00edzen defini\u00e1lt gradiensek l\u00e9trehoz\u00e1s\u00e1ra haszn\u00e1lunk majd, lehet\u0151v\u00e9 t\u00e9ve az ir\u00e1ny\u00edtott neutrofil migr\u00e1ci\u00f3 kontroll\u00e1lt vizsg\u00e1lat\u00e1t.<\/p>\n<p>A kifejlesztett eszk\u00f6z\u00f6ket zebrad\u00e1ni\u00f3kon, eg\u00e9rmodelleken \u00e9s hum\u00e1n neutrofileken p\u00e1rhuzamosan v\u00e9gzett k\u00eds\u00e9rletek sor\u00e1n tervezz\u00fck alkalmazni. C\u00e9lunk annak meg\u00e9rt\u00e9se, hogy mik\u00e9nt l\u00e9pnek ki a feh\u00e9rv\u00e9rsejtneink az \u00e9rp\u00e1ly\u00e1b\u00f3l, milyen k\u00e9miai ingerek hat\u00e1s\u00e1ra indulnak \u00fatnak a s\u00e9r\u00fclt vagy fert\u0151z\u00f6tt sz\u00f6veti ter\u00fcletekre \u00e9s hogyan szervez\u0151dnek \u00f6ssze kollekt\u00edv m\u00f3don a fert\u0151z\u00e9sek lek\u00fczd\u00e9s\u00e9re. A legkorszer\u0171bb mikroszk\u00f3pos k\u00e9palkot\u00f3 eszk\u00f6z\u00f6k \u00e9s mikrofluidikai rendszerek r\u00e9v\u00e9n, illetve matematikai modellez\u00e9s seg\u00edts\u00e9g\u00e9vel tervezz\u00fck vizs\u00e1lni, hogy mik\u00e9nt ir\u00e1nytj\u00e1k a kemotakt\u00e1ns-gradiensek ezeket a v\u00e1laszokat, melyek v\u00e9g\u00fcl neutrofil rajz\u00e1shoz vezetnek a s\u00e9r\u00fclt \u00e9s fert\u0151z\u00f6tt ter\u00fcleteken.<\/p>\n<p><img loading=\"lazy\" decoding=\"async\" class=\"alignright\" src=\"https:\/\/semmelweis.hu\/kfipalyazat\/files\/2025\/07\/NKFIA_infoblokk_kerettel_program_fekvo_2019_HU.jpg\" width=\"590\" height=\"250\" \/><\/p>\n","protected":false},"excerpt":{"rendered":"<p>Projekt azonos\u00edt\u00f3 sz\u00e1ma:\u00a02025-1.2.1-HU-RIZONT-2025-00025 Projekt c\u00edme:\u00a0Neutrofil navig\u00e1ci\u00f3 vizsg\u00e1lata az \u00e9rp\u00e1ly\u00e1t\u00f3l a gyullad\u00e1sos g\u00f3cokig Projekt megval\u00f3s\u00edt\u00e1s\u00e1nak kezdete:\u00a0 2026.01.01. Projekt fizikai befejez\u00e9s\u00e9nek hat\u00e1rideje:\u00a02028.12.31. T\u00e1mogat\u00e1s \u00f6sszege: 400 000\u00a0000,-Ft T\u00e1mogat\u00e1s intenzit\u00e1sa:\u00a0100% &nbsp; Projektr\u0151l:\u00a0 A neutrofil granulocit\u00e1k immunrendszer\u00fcnk leggyorsabban reag\u00e1l\u00f3 sejtjei k\u00f6z\u00e9 tartoznak, melyek v\u00e9delmet ny\u00fajtanak a sz\u00f6veti s\u00e9r\u00fcl\u00e9sek \u00e9s fert\u0151z\u00e9sek sor\u00e1n. K\u00f6zpont\u00ed szerep\u00fck ellen\u00e9re nem tiszt\u00e1zott, hogy mik\u00e9nt \u00e9rz\u00e9kelik \u00e9s &hellip;<\/p>\n","protected":false},"author":102410,"featured_media":0,"parent":1050,"menu_order":3,"comment_status":"closed","ping_status":"closed","template":"","meta":{"_acf_changed":false,"footnotes":""},"categories":[],"tags":[],"class_list":["post-1020","page","type-page","status-publish","hentry"],"acf":[],"_links":{"self":[{"href":"https:\/\/semmelweis.hu\/kfipalyazat\/wp-json\/wp\/v2\/pages\/1020","targetHints":{"allow":["GET"]}}],"collection":[{"href":"https:\/\/semmelweis.hu\/kfipalyazat\/wp-json\/wp\/v2\/pages"}],"about":[{"href":"https:\/\/semmelweis.hu\/kfipalyazat\/wp-json\/wp\/v2\/types\/page"}],"author":[{"embeddable":true,"href":"https:\/\/semmelweis.hu\/kfipalyazat\/wp-json\/wp\/v2\/users\/102410"}],"replies":[{"embeddable":true,"href":"https:\/\/semmelweis.hu\/kfipalyazat\/wp-json\/wp\/v2\/comments?post=1020"}],"version-history":[{"count":2,"href":"https:\/\/semmelweis.hu\/kfipalyazat\/wp-json\/wp\/v2\/pages\/1020\/revisions"}],"predecessor-version":[{"id":1022,"href":"https:\/\/semmelweis.hu\/kfipalyazat\/wp-json\/wp\/v2\/pages\/1020\/revisions\/1022"}],"up":[{"embeddable":true,"href":"https:\/\/semmelweis.hu\/kfipalyazat\/wp-json\/wp\/v2\/pages\/1050"}],"wp:attachment":[{"href":"https:\/\/semmelweis.hu\/kfipalyazat\/wp-json\/wp\/v2\/media?parent=1020"}],"wp:term":[{"taxonomy":"category","embeddable":true,"href":"https:\/\/semmelweis.hu\/kfipalyazat\/wp-json\/wp\/v2\/categories?post=1020"},{"taxonomy":"post_tag","embeddable":true,"href":"https:\/\/semmelweis.hu\/kfipalyazat\/wp-json\/wp\/v2\/tags?post=1020"}],"curies":[{"name":"wp","href":"https:\/\/api.w.org\/{rel}","templated":true}]}}