{"id":1017,"date":"2026-04-09T13:10:56","date_gmt":"2026-04-09T11:10:56","guid":{"rendered":"https:\/\/semmelweis.hu\/kfipalyazat\/?page_id=1017"},"modified":"2026-04-09T14:07:52","modified_gmt":"2026-04-09T12:07:52","slug":"2025-1-2-1-hu-rizont-2025-00032","status":"publish","type":"page","link":"https:\/\/semmelweis.hu\/kfipalyazat\/palyazatok\/hazai-palyazatok\/nkfih\/hu-rizont\/2025-2\/2025-1-2-1-hu-rizont-2025-00032\/","title":{"rendered":"2025-1.2.1-HU-RIZONT-2025-00032"},"content":{"rendered":"<p><strong>Projekt azonos\u00edt\u00f3 sz\u00e1ma:<\/strong>\u00a02025-1.2.1-HU-RIZONT-2025-00032<\/p>\n<p><strong>Projekt c\u00edme:<\/strong>\u00a0Eg\u00e9szs\u00e9g\u00fcgyi Mesters\u00e9ges Intelligencia \u00c1ltal Ir\u00e1ny\u00edtott Rendszeroptimaliz\u00e1l\u00e1s<\/p>\n<p><strong>Projekt megval\u00f3s\u00edt\u00e1s\u00e1nak kezdete:<\/strong>\u00a0 2026.03.01.<\/p>\n<p><strong>Projekt fizikai befejez\u00e9s\u00e9nek hat\u00e1rideje:<\/strong>\u00a02028.02.29.<\/p>\n<p><strong>T\u00e1mogat\u00e1s \u00f6sszege:<\/strong> 399 328 104,-Ft<\/p>\n<p><strong>T\u00e1mogat\u00e1s intenzit\u00e1sa:<\/strong>\u00a0100%<\/p>\n<p>&nbsp;<\/p>\n<p><strong>Projektr\u0151l:\u00a0<\/strong><\/p>\n<p>Az AI-HSO projekt \u00e1tfog\u00f3 c\u00e9lja annak bemutat\u00e1sa, hogy a mesters\u00e9ges intelligencia alap\u00fa, adatalap\u00fa m\u00f3dszertanok hogyan alkalmazhat\u00f3k rendszerszint\u0171en az eg\u00e9szs\u00e9g\u00fcgyi rendszer \u00e9s a k\u00f3rh\u00e1zi m\u0171k\u00f6d\u00e9s optimaliz\u00e1l\u00e1s\u00e1ra. A projekt kihaszn\u00e1lja Magyarorsz\u00e1g fejlett e-eg\u00e9szs\u00e9g\u00fcgyi infrastrukt\u00far\u00e1j\u00e1t (Elektronikus Eg\u00e9szs\u00e9g\u00fcgyi Szolg\u00e1ltat\u00e1si T\u00e9r \u2013 EESZT, Nemzeti Eg\u00e9szs\u00e9gbiztos\u00edt\u00e1si Alapkezel\u0151 \u2013 NEAK, k\u00f3rh\u00e1zi inform\u00e1ci\u00f3s rendszerek), \u00e9s \u00f6sszekapcsolja a nagyl\u00e9pt\u00e9k\u0171 eg\u00e9szs\u00e9g\u00fcgyi adatokat a vezet\u0151 nemzetk\u00f6zi akad\u00e9miai partnerek \u00e1ltal fejlesztett \u00e9lvonalbeli mesters\u00e9ges intelligencia m\u00f3dszerekkel.<\/p>\n<p>Ez a transzatlanti egy\u00fcttm\u0171k\u00f6d\u00e9s lehet\u0151v\u00e9 teszi mesters\u00e9ges intelligencia alap\u00fa megold\u00e1sok finom\u00edt\u00e1s\u00e1t, valid\u00e1l\u00e1s\u00e1t \u00e9s pilot alkalmaz\u00e1s\u00e1t az eg\u00e9szs\u00e9g\u00fcgyi rendszer \u00e9s a k\u00f3rh\u00e1zak m\u0171k\u00f6d\u00e9s\u00e9nek jav\u00edt\u00e1sa \u00e9rdek\u00e9ben, bele\u00e9rtve az er\u0151forr\u00e1s-eloszt\u00e1st, d\u00f6nt\u00e9shozatalt, betegutakat \u00e9s betegkimeneteleket. A projekt kulcsfontoss\u00e1g\u00fa c\u00e9lkit\u0171z\u00e9sei k\u00f6z\u00e9 tartozik a m\u00f3dszertani fejleszt\u00e9s (a Harvard Kennedy School \u00e9s a Northeastern University vezet\u00e9s\u00e9vel), az integr\u00e1ci\u00f3 a nemzeti adat-infrastrukt\u00far\u00e1val (a Semmelweis Egyetem vezet\u00e9s\u00e9vel), valamint nemzetk\u00f6zi pilot tanulm\u00e1nyok v\u00e9grehajt\u00e1sa Csehorsz\u00e1gban \u00e9s Magyarorsz\u00e1gon (a Pr\u00e1gai K\u00f6zgazdas\u00e1gtudom\u00e1nyi Egyetem \u00e9s a Semmelweis Egyetem vezet\u00e9s\u00e9vel).<\/p>\n<p>A projekt emellett nagy hangs\u00falyt fektet magyar kutat\u00f3k k\u00e9pz\u00e9s\u00e9re \u00e9s mentor\u00e1l\u00e1s\u00e1ra, a hazai adatalap\u00fa tapasztalatok megoszt\u00e1s\u00e1ra a nemzetk\u00f6zi partnerekkel, valamint a fenntarthat\u00f3 hat\u00e1s \u00e9s a technol\u00f3gia transzfer lehet\u0151s\u00e9g\u00e9nek biztos\u00edt\u00e1s\u00e1ra. Hossz\u00fa t\u00e1v\u00fa c\u00e9l egy olyan sk\u00e1l\u00e1zhat\u00f3 modell kidolgoz\u00e1sa, amely lehet\u0151v\u00e9 teszi a mesters\u00e9ges intelligencia integr\u00e1ci\u00f3j\u00e1t az eg\u00e9szs\u00e9g\u00fcgyi rendszerekbe, megfelel\u0151 szakpolitikai keretekkel, \u00e9rintetti bevon\u00e1ssal \u00e9s nemzetk\u00f6zi \u00f6sszehasonl\u00edt\u00e1ssal t\u00e1mogatva.<\/p>\n<p><img loading=\"lazy\" decoding=\"async\" class=\"alignright\" src=\"https:\/\/semmelweis.hu\/kfipalyazat\/files\/2025\/07\/NKFIA_infoblokk_kerettel_program_fekvo_2019_HU.jpg\" width=\"590\" height=\"250\" \/><\/p>\n","protected":false},"excerpt":{"rendered":"<p>Projekt azonos\u00edt\u00f3 sz\u00e1ma:\u00a02025-1.2.1-HU-RIZONT-2025-00032 Projekt c\u00edme:\u00a0Eg\u00e9szs\u00e9g\u00fcgyi Mesters\u00e9ges Intelligencia \u00c1ltal Ir\u00e1ny\u00edtott Rendszeroptimaliz\u00e1l\u00e1s Projekt megval\u00f3s\u00edt\u00e1s\u00e1nak kezdete:\u00a0 2026.03.01. Projekt fizikai befejez\u00e9s\u00e9nek hat\u00e1rideje:\u00a02028.02.29. T\u00e1mogat\u00e1s \u00f6sszege: 399 328 104,-Ft T\u00e1mogat\u00e1s intenzit\u00e1sa:\u00a0100% &nbsp; Projektr\u0151l:\u00a0 Az AI-HSO projekt \u00e1tfog\u00f3 c\u00e9lja annak bemutat\u00e1sa, hogy a mesters\u00e9ges intelligencia alap\u00fa, adatalap\u00fa m\u00f3dszertanok hogyan alkalmazhat\u00f3k rendszerszint\u0171en az eg\u00e9szs\u00e9g\u00fcgyi rendszer \u00e9s a k\u00f3rh\u00e1zi m\u0171k\u00f6d\u00e9s optimaliz\u00e1l\u00e1s\u00e1ra. A projekt kihaszn\u00e1lja &hellip;<\/p>\n","protected":false},"author":102410,"featured_media":0,"parent":1050,"menu_order":5,"comment_status":"closed","ping_status":"closed","template":"","meta":{"_acf_changed":false,"footnotes":""},"categories":[],"tags":[],"class_list":["post-1017","page","type-page","status-publish","hentry"],"acf":[],"_links":{"self":[{"href":"https:\/\/semmelweis.hu\/kfipalyazat\/wp-json\/wp\/v2\/pages\/1017","targetHints":{"allow":["GET"]}}],"collection":[{"href":"https:\/\/semmelweis.hu\/kfipalyazat\/wp-json\/wp\/v2\/pages"}],"about":[{"href":"https:\/\/semmelweis.hu\/kfipalyazat\/wp-json\/wp\/v2\/types\/page"}],"author":[{"embeddable":true,"href":"https:\/\/semmelweis.hu\/kfipalyazat\/wp-json\/wp\/v2\/users\/102410"}],"replies":[{"embeddable":true,"href":"https:\/\/semmelweis.hu\/kfipalyazat\/wp-json\/wp\/v2\/comments?post=1017"}],"version-history":[{"count":2,"href":"https:\/\/semmelweis.hu\/kfipalyazat\/wp-json\/wp\/v2\/pages\/1017\/revisions"}],"predecessor-version":[{"id":1019,"href":"https:\/\/semmelweis.hu\/kfipalyazat\/wp-json\/wp\/v2\/pages\/1017\/revisions\/1019"}],"up":[{"embeddable":true,"href":"https:\/\/semmelweis.hu\/kfipalyazat\/wp-json\/wp\/v2\/pages\/1050"}],"wp:attachment":[{"href":"https:\/\/semmelweis.hu\/kfipalyazat\/wp-json\/wp\/v2\/media?parent=1017"}],"wp:term":[{"taxonomy":"category","embeddable":true,"href":"https:\/\/semmelweis.hu\/kfipalyazat\/wp-json\/wp\/v2\/categories?post=1017"},{"taxonomy":"post_tag","embeddable":true,"href":"https:\/\/semmelweis.hu\/kfipalyazat\/wp-json\/wp\/v2\/tags?post=1017"}],"curies":[{"name":"wp","href":"https:\/\/api.w.org\/{rel}","templated":true}]}}