{"id":1013,"date":"2026-04-09T13:07:12","date_gmt":"2026-04-09T11:07:12","guid":{"rendered":"https:\/\/semmelweis.hu\/kfipalyazat\/?page_id=1013"},"modified":"2026-04-09T14:07:15","modified_gmt":"2026-04-09T12:07:15","slug":"2025-1-2-1-hu-rizont-2025-00028","status":"publish","type":"page","link":"https:\/\/semmelweis.hu\/kfipalyazat\/palyazatok\/hazai-palyazatok\/nkfih\/hu-rizont\/2025-2\/2025-1-2-1-hu-rizont-2025-00028\/","title":{"rendered":"2025-1.2.1-HU-RIZONT-2025-00028"},"content":{"rendered":"<p><strong>Projekt azonos\u00edt\u00f3 sz\u00e1ma:<\/strong>\u00a02025-1.2.1-HU-RIZONT-2025-00028<\/p>\n<p><strong>Projekt c\u00edme:<\/strong>\u00a0\u00daj kezel\u00e9si strat\u00e9gi\u00e1k a nyirokm\u0171k\u00f6d\u00e9s zavar\u00e1val j\u00e1r\u00f3 betegs\u00e9gekben<\/p>\n<p><strong>Projekt megval\u00f3s\u00edt\u00e1s\u00e1nak kezdete:<\/strong>\u00a0 2026.01.01.<\/p>\n<p><strong>Projekt fizikai befejez\u00e9s\u00e9nek hat\u00e1rideje:<\/strong>\u00a02028.12.31.<\/p>\n<p><strong>T\u00e1mogat\u00e1s \u00f6sszege:<\/strong>\u00a0400 000\u00a0000,-Ft<\/p>\n<p><strong>T\u00e1mogat\u00e1s intenzit\u00e1sa:<\/strong>\u00a0100%<\/p>\n<p>&nbsp;<\/p>\n<p><strong>Projektr\u0151l:\u00a0<\/strong><\/p>\n<p>A tumorok m\u0171t\u00e9ti elt\u00e1vol\u00edt\u00e1sa, sug\u00e1rkezel\u00e9s, s\u00e9r\u00fcl\u00e9s vagy fert\u0151z\u00e9s k\u00f6vetkezt\u00e9ben kialakul\u00f3 m\u00e1sodlagos nyirok\u00f6d\u00e9ma egy olyan kr\u00f3nikus betegs\u00e9g, mely vil\u00e1gszerte betegek milli\u00f3it \u00e9rinti. A jelenleg el\u00e9rhet\u0151 kezel\u00e9sek azonban csak a t\u00fcnetek enyh\u00edt\u00e9s\u00e9t c\u00e9lozz\u00e1k, \u00edgy nagy sz\u00fcks\u00e9g van specifikus \u00e9s hat\u00e9kony gy\u00f3gym\u00f3dok kidolgoz\u00e1s\u00e1ra. A k\u00f6zelm\u00faltban kifejlesztett\u00fcnk egy h\u00edrviv\u0151 RNS alap\u00fa (mRNS) rendszert, amely a vaszkul\u00e1ris endot\u00e9lsejt-n\u00f6veked\u00e9si faktor C kifejez\u00e9s\u00e9n kereszt\u00fcl hat\u00e9konyan serkenti a helyi nyirok\u00e9r-n\u00f6veked\u00e9st, \u00e9s k\u00e9pes visszaford\u00edtani a nyirok\u00f6d\u00e9m\u00e1t eg\u00e9rmodellben. A k\u00f6zelm\u00faltban felmer\u00fclt, hogy egy \u00f6sszetettebb, t\u00f6bb c\u00e9lpontot egyszerre befoly\u00e1sol\u00f3 strat\u00e9gia elengedhetetlen lehet ezen nyirokrendszeri betegs\u00e9gek hat\u00e9kony gy\u00f3gy\u00edt\u00e1s\u00e1ban. El\u0151zetes eredm\u00e9nyeink \u00e9s kor\u00e1bban publik\u00e1lt adatok arra utalnak, hogy egy extracellul\u00e1ris m\u00e1trixfeh\u00e9rje, a Tenascin C (TNC), r\u00e9szt vesz a nyirok\u00e9r-n\u00f6veked\u00e9s szab\u00e1lyoz\u00e1s\u00e1ban. Jelen projekt\u00fcnk c\u00e9lja \u00faj ter\u00e1pi\u00e1s c\u00e9lpontok \u00e9s a nyirokrendszeri m\u0171k\u00f6d\u00e9si zavarokban r\u00e9sztvev\u0151 mechanizmusok azonos\u00edt\u00e1sa, k\u00fcl\u00f6n\u00f6s tekintettel a TNC-re \u00e9s az mRNS-alap\u00fa technol\u00f3gi\u00e1kra, a Pennsylvaniai Egyetemmel (mRNS-technol\u00f3gia) \u00e9s a B\u00e9csi Orvostudom\u00e1nyi Egyetemmel (seb\u00e9szeti megk\u00f6zel\u00edt\u00e9sek \u00e9s TNC-biol\u00f3gia) egy\u00fcttm\u0171k\u00f6d\u00e9sben. El\u0151sz\u00f6r megvizsg\u00e1ljuk a TNC molekul\u00e1ris \u00e9s sejtszint\u0171 szerep\u00e9t a nyirok\u00e9r-n\u00f6veked\u00e9sben, mint \u00faj kezel\u00e9si c\u00e9lpont (WP1). Ezt k\u00f6vet\u0151en meghat\u00e1rozzuk azokat a molekul\u00e1ris \u00e9s sejtes mechanizmusokat, amelyek k\u00f6zvet\u00edtik az mRNS-k\u00e9sz\u00edtm\u00e9nyek hat\u00e1s\u00e1t (WP2). Ezut\u00e1n vizsg\u00e1ljuk a TNC modul\u00e1ci\u00f3 \u00e9s a VEGFC jel\u00e1tvitel egy\u00fcttes hat\u00e1s\u00e1t a nyirokrendszeri betegs\u00e9g el\u0151rehalad\u00e1s\u00e1ra (WP3). V\u00e9g\u00fcl innovat\u00edv kezel\u00e9si strat\u00e9gi\u00e1kat dolgozunk ki nyirok\u00f6d\u00e9m\u00e1ban, melyek a TNC g\u00e1tl\u00e1s\u00e1n, valamint optimaliz\u00e1lt nukleozid-m\u00f3dos\u00edtott mRNS-rendszereken alapulnak (WP4). V\u00e1rhat\u00f3an ez az \u00e1tfog\u00f3 megk\u00f6zel\u00edt\u00e9s \u00faj ter\u00e1pi\u00e1s strat\u00e9gi\u00e1kat hozhat l\u00e9tre a nyirokrendszeri betegs\u00e9gek kezel\u00e9s\u00e9re, hidat k\u00e9pezve a molekul\u00e1ris kutat\u00e1s \u00e9s a klinikai alkalmaz\u00e1s k\u00f6z\u00f6tt.<\/p>\n<p><img loading=\"lazy\" decoding=\"async\" class=\"alignright\" src=\"https:\/\/semmelweis.hu\/kfipalyazat\/files\/2025\/07\/NKFIA_infoblokk_kerettel_program_fekvo_2019_HU.jpg\" width=\"590\" height=\"250\" \/><\/p>\n","protected":false},"excerpt":{"rendered":"<p>Projekt azonos\u00edt\u00f3 sz\u00e1ma:\u00a02025-1.2.1-HU-RIZONT-2025-00028 Projekt c\u00edme:\u00a0\u00daj kezel\u00e9si strat\u00e9gi\u00e1k a nyirokm\u0171k\u00f6d\u00e9s zavar\u00e1val j\u00e1r\u00f3 betegs\u00e9gekben Projekt megval\u00f3s\u00edt\u00e1s\u00e1nak kezdete:\u00a0 2026.01.01. Projekt fizikai befejez\u00e9s\u00e9nek hat\u00e1rideje:\u00a02028.12.31. T\u00e1mogat\u00e1s \u00f6sszege:\u00a0400 000\u00a0000,-Ft T\u00e1mogat\u00e1s intenzit\u00e1sa:\u00a0100% &nbsp; Projektr\u0151l:\u00a0 A tumorok m\u0171t\u00e9ti elt\u00e1vol\u00edt\u00e1sa, sug\u00e1rkezel\u00e9s, s\u00e9r\u00fcl\u00e9s vagy fert\u0151z\u00e9s k\u00f6vetkezt\u00e9ben kialakul\u00f3 m\u00e1sodlagos nyirok\u00f6d\u00e9ma egy olyan kr\u00f3nikus betegs\u00e9g, mely vil\u00e1gszerte betegek milli\u00f3it \u00e9rinti. A jelenleg el\u00e9rhet\u0151 kezel\u00e9sek azonban csak a &hellip;<\/p>\n","protected":false},"author":102410,"featured_media":0,"parent":1050,"menu_order":4,"comment_status":"closed","ping_status":"closed","template":"","meta":{"_acf_changed":false,"footnotes":""},"categories":[],"tags":[],"class_list":["post-1013","page","type-page","status-publish","hentry"],"acf":[],"_links":{"self":[{"href":"https:\/\/semmelweis.hu\/kfipalyazat\/wp-json\/wp\/v2\/pages\/1013","targetHints":{"allow":["GET"]}}],"collection":[{"href":"https:\/\/semmelweis.hu\/kfipalyazat\/wp-json\/wp\/v2\/pages"}],"about":[{"href":"https:\/\/semmelweis.hu\/kfipalyazat\/wp-json\/wp\/v2\/types\/page"}],"author":[{"embeddable":true,"href":"https:\/\/semmelweis.hu\/kfipalyazat\/wp-json\/wp\/v2\/users\/102410"}],"replies":[{"embeddable":true,"href":"https:\/\/semmelweis.hu\/kfipalyazat\/wp-json\/wp\/v2\/comments?post=1013"}],"version-history":[{"count":3,"href":"https:\/\/semmelweis.hu\/kfipalyazat\/wp-json\/wp\/v2\/pages\/1013\/revisions"}],"predecessor-version":[{"id":1016,"href":"https:\/\/semmelweis.hu\/kfipalyazat\/wp-json\/wp\/v2\/pages\/1013\/revisions\/1016"}],"up":[{"embeddable":true,"href":"https:\/\/semmelweis.hu\/kfipalyazat\/wp-json\/wp\/v2\/pages\/1050"}],"wp:attachment":[{"href":"https:\/\/semmelweis.hu\/kfipalyazat\/wp-json\/wp\/v2\/media?parent=1013"}],"wp:term":[{"taxonomy":"category","embeddable":true,"href":"https:\/\/semmelweis.hu\/kfipalyazat\/wp-json\/wp\/v2\/categories?post=1013"},{"taxonomy":"post_tag","embeddable":true,"href":"https:\/\/semmelweis.hu\/kfipalyazat\/wp-json\/wp\/v2\/tags?post=1013"}],"curies":[{"name":"wp","href":"https:\/\/api.w.org\/{rel}","templated":true}]}}