{"id":984,"date":"2019-05-09T09:46:42","date_gmt":"2019-05-09T07:46:42","guid":{"rendered":"http:\/\/test.semmelweis.hu\/kerpel\/?page_id=984"},"modified":"2019-09-13T16:29:39","modified_gmt":"2019-09-13T14:29:39","slug":"kerpel-fronius-odon","status":"publish","type":"page","link":"https:\/\/semmelweis.hu\/kerpel\/bemutatkozas\/kerpel-fronius-odon\/","title":{"rendered":"N\u00e9vad\u00f3nk: Kerpel-Fronius \u00d6d\u00f6n"},"content":{"rendered":"<p><strong>Kerpel-Fronius \u00d6d\u00f6n<\/strong><br \/>\n(Versec, 1906. janu\u00e1r 14. \u2013 Nyugat-Berlin, 1984. \u00e1prilis 22.)<\/p>\n<p><img loading=\"lazy\" decoding=\"async\" class=\"size-full wp-image-523 alignright\" src=\"https:\/\/semmelweis.hu\/kerpel\/files\/2019\/05\/KerpelFronius_dn2.jpg\" alt=\"\" width=\"198\" height=\"238\" \/><\/p>\n<p>Kossuth-d\u00edjas orvos, gyermekgy\u00f3gy\u00e1sz, fiziol\u00f3gus, a Magyar Tudom\u00e1nyos Akad\u00e9mia rendes tagja. A 20. sz\u00e1zadi magyarorsz\u00e1gi gyermekgy\u00f3gy\u00e1szat kiemelked\u0151 jelent\u0151s\u00e9g\u0171, vil\u00e1gszerte elismert alakja volt. Klinikai kutat\u00e1sai sor\u00e1n a gyermeki szervezet folyad\u00e9kh\u00e1ztart\u00e1s\u00e1ban fell\u00e9p\u0151 \u00e9lettani zavarok patol\u00f3giai vizsg\u00e1lat\u00e1val hozz\u00e1j\u00e1rult a csecsem\u0151kori atr\u00f3fia (sorvad\u00e1s) megel\u0151z\u00e9s\u00e9hez \u00e9s gy\u00f3gy\u00edt\u00e1s\u00e1hoz. H\u00e1rom \u00e9vtizeden kereszt\u00fcl, 1946 \u00e9s 1976 k\u00f6z\u00f6tt volt a p\u00e9csi, majd a budapesti egyetemi gyermekklinik\u00e1k \u00e9s gyermekgy\u00f3gy\u00e1szati tansz\u00e9kek vezet\u0151je.<\/p>\n<p><a href=\"https:\/\/hu.wikipedia.org\/wiki\/Kerpel-Fronius_%C3%96d%C3%B6n\">Kerpel-Fronius \u00d6d\u00f6n Wikip\u00e9dia sz\u00f3cikk<\/a><\/p>\n","protected":false},"excerpt":{"rendered":"<p>Kerpel-Fronius \u00d6d\u00f6n (Versec, 1906. janu\u00e1r 14. \u2013 Nyugat-Berlin, 1984. \u00e1prilis 22.) Kossuth-d\u00edjas orvos, gyermekgy\u00f3gy\u00e1sz, fiziol\u00f3gus, a Magyar Tudom\u00e1nyos Akad\u00e9mia rendes tagja. A 20. sz\u00e1zadi magyarorsz\u00e1gi gyermekgy\u00f3gy\u00e1szat kiemelked\u0151 jelent\u0151s\u00e9g\u0171, vil\u00e1gszerte elismert alakja volt. Klinikai kutat\u00e1sai sor\u00e1n a gyermeki szervezet folyad\u00e9kh\u00e1ztart\u00e1s\u00e1ban fell\u00e9p\u0151 \u00e9lettani zavarok patol\u00f3giai vizsg\u00e1lat\u00e1val hozz\u00e1j\u00e1rult a csecsem\u0151kori atr\u00f3fia (sorvad\u00e1s) megel\u0151z\u00e9s\u00e9hez \u00e9s gy\u00f3gy\u00edt\u00e1s\u00e1hoz. H\u00e1rom \u00e9vtizeden kereszt\u00fcl, &hellip;<\/p>\n","protected":false},"author":158,"featured_media":0,"parent":8,"menu_order":4,"comment_status":"closed","ping_status":"closed","template":"","meta":{"_acf_changed":false,"footnotes":""},"categories":[],"tags":[],"class_list":["post-984","page","type-page","status-publish","hentry"],"acf":[],"_links":{"self":[{"href":"https:\/\/semmelweis.hu\/kerpel\/wp-json\/wp\/v2\/pages\/984","targetHints":{"allow":["GET"]}}],"collection":[{"href":"https:\/\/semmelweis.hu\/kerpel\/wp-json\/wp\/v2\/pages"}],"about":[{"href":"https:\/\/semmelweis.hu\/kerpel\/wp-json\/wp\/v2\/types\/page"}],"author":[{"embeddable":true,"href":"https:\/\/semmelweis.hu\/kerpel\/wp-json\/wp\/v2\/users\/158"}],"replies":[{"embeddable":true,"href":"https:\/\/semmelweis.hu\/kerpel\/wp-json\/wp\/v2\/comments?post=984"}],"version-history":[{"count":2,"href":"https:\/\/semmelweis.hu\/kerpel\/wp-json\/wp\/v2\/pages\/984\/revisions"}],"predecessor-version":[{"id":2660,"href":"https:\/\/semmelweis.hu\/kerpel\/wp-json\/wp\/v2\/pages\/984\/revisions\/2660"}],"up":[{"embeddable":true,"href":"https:\/\/semmelweis.hu\/kerpel\/wp-json\/wp\/v2\/pages\/8"}],"wp:attachment":[{"href":"https:\/\/semmelweis.hu\/kerpel\/wp-json\/wp\/v2\/media?parent=984"}],"wp:term":[{"taxonomy":"category","embeddable":true,"href":"https:\/\/semmelweis.hu\/kerpel\/wp-json\/wp\/v2\/categories?post=984"},{"taxonomy":"post_tag","embeddable":true,"href":"https:\/\/semmelweis.hu\/kerpel\/wp-json\/wp\/v2\/tags?post=984"}],"curies":[{"name":"wp","href":"https:\/\/api.w.org\/{rel}","templated":true}]}}