{"id":979,"date":"2019-05-09T09:40:06","date_gmt":"2019-05-09T07:40:06","guid":{"rendered":"http:\/\/test.semmelweis.hu\/kerpel\/?page_id=979"},"modified":"2022-11-04T14:45:02","modified_gmt":"2022-11-04T13:45:02","slug":"kapcsolat","status":"publish","type":"page","link":"https:\/\/semmelweis.hu\/kerpel\/kapcsolat\/","title":{"rendered":"Kapcsolat"},"content":{"rendered":"<p><span style=\"color: #3366ff\"><strong>Kerpel-Fronius \u00d6d\u00f6n Tehets\u00e9ggondoz\u00f3 Program<\/strong><\/span><\/p>\n<p>C\u00edm: 1089 Budapest, Nagyv\u00e1rad t\u00e9r 4.<\/p>\n<p>Nagyv\u00e1rad t\u00e9ri Elm\u00e9leti T\u00f6mbben az F4-es iroda.<\/p>\n<p>Koordin\u00e1tor: Szluka Be\u00e1ta<\/p>\n<p>Telefon\/Fax: 459-1500\/56352 mell\u00e9k<\/p>\n<p>Email: <a href=\"mailto:tehetsegpont.se@gmail.com\">tehetsegpont.se@gmail.com<\/a><\/p>\n","protected":false},"excerpt":{"rendered":"<p>Kerpel-Fronius \u00d6d\u00f6n Tehets\u00e9ggondoz\u00f3 Program<br \/>\nC\u00edm: 1089 Budapest, Nagyv\u00e1rad t\u00e9r 4.<br \/>\nNagyv\u00e1rad t\u00e9ri Elm\u00e9leti T\u00f6mbben az F4-es iroda.<br \/>\nKoordin\u00e1tor: Szluka Be\u00e1ta<br \/>\nTelefon\/Fax: 459-1500\/56352 mell\u00e9k<br \/>\nEmail: <a href=\"mailto:tehetsegpont.se@gmail.com\">tehetsegpont.se@gmail.com<\/a><\/p>\n","protected":false},"author":158,"featured_media":0,"parent":0,"menu_order":8,"comment_status":"closed","ping_status":"closed","template":"","meta":{"_acf_changed":false,"footnotes":""},"categories":[],"tags":[],"class_list":["post-979","page","type-page","status-publish","hentry"],"acf":[],"_links":{"self":[{"href":"https:\/\/semmelweis.hu\/kerpel\/wp-json\/wp\/v2\/pages\/979","targetHints":{"allow":["GET"]}}],"collection":[{"href":"https:\/\/semmelweis.hu\/kerpel\/wp-json\/wp\/v2\/pages"}],"about":[{"href":"https:\/\/semmelweis.hu\/kerpel\/wp-json\/wp\/v2\/types\/page"}],"author":[{"embeddable":true,"href":"https:\/\/semmelweis.hu\/kerpel\/wp-json\/wp\/v2\/users\/158"}],"replies":[{"embeddable":true,"href":"https:\/\/semmelweis.hu\/kerpel\/wp-json\/wp\/v2\/comments?post=979"}],"version-history":[{"count":1,"href":"https:\/\/semmelweis.hu\/kerpel\/wp-json\/wp\/v2\/pages\/979\/revisions"}],"predecessor-version":[{"id":2668,"href":"https:\/\/semmelweis.hu\/kerpel\/wp-json\/wp\/v2\/pages\/979\/revisions\/2668"}],"wp:attachment":[{"href":"https:\/\/semmelweis.hu\/kerpel\/wp-json\/wp\/v2\/media?parent=979"}],"wp:term":[{"taxonomy":"category","embeddable":true,"href":"https:\/\/semmelweis.hu\/kerpel\/wp-json\/wp\/v2\/categories?post=979"},{"taxonomy":"post_tag","embeddable":true,"href":"https:\/\/semmelweis.hu\/kerpel\/wp-json\/wp\/v2\/tags?post=979"}],"curies":[{"name":"wp","href":"https:\/\/api.w.org\/{rel}","templated":true}]}}