{"id":8,"date":"2019-05-08T00:00:00","date_gmt":"2019-05-07T22:00:00","guid":{"rendered":"http:\/\/test.semmelweis.hu\/kerpel\/bemutatkozas\/"},"modified":"2023-10-05T18:50:48","modified_gmt":"2023-10-05T16:50:48","slug":"bemutatkozas","status":"publish","type":"page","link":"https:\/\/semmelweis.hu\/kerpel\/bemutatkozas\/","title":{"rendered":"A Kerpel-Fronius \u00d6d\u00f6n Tehets\u00e9ggondoz\u00f3 Program"},"content":{"rendered":"<p><strong>Az egyetem kor\u00e1bbi professzor\u00e1r\u00f3l, Kerpel-Fronius \u00d6d\u00f6nr\u0151l elnevezett tehets\u00e9ggondoz\u00f3 programot 2007-ben ind\u00edtotta el a Semmelweis Egyetem. A Tehets\u00e9ggondoz\u00f3 Program els\u0151dleges c\u00e9lja, hogy az egyetemre \u00e9rkez\u0151, illetve az itt tanul\u00f3 tehets\u00e9ges di\u00e1kokat felkutassa \u00e9s gondozza, seg\u00edtse \u0151ket.<\/strong><\/p>\n<div class=\"responsive-tabs\">\n<h2 class=\"tabtitle\">A programr\u00f3l \u00e1ltal\u00e1ban<\/h2>\n<div class=\"tabcontent\">\n\n<h2>A Kerpel-Fronius \u00d6d\u00f6n Tehets\u00e9ggondoz\u00f3 Program<\/h2>\n<p>A di\u00e1kok a Tehets\u00e9ggondoz\u00f3 Programba ker\u00fcl\u00e9ssel els\u0151sorban kiemelt szakmai ir\u00e1ny\u00edt\u00e1st, valamint az egyetem \u00e9s a szponzorok \u00e1ltal biztos\u00edtott \u00f6szt\u00f6nd\u00edj lehet\u0151s\u00e9geket kapnak.<\/p>\n<p><strong>MENTORPROGRAM<\/strong><\/p>\n<p><img loading=\"lazy\" decoding=\"async\" class=\"alignright  wp-image-2879\" src=\"https:\/\/semmelweis.hu\/kerpel\/files\/2020\/12\/RS46340_KA-20160301-IMG_6516-scr-400x267.jpg\" alt=\"\" width=\"360\" height=\"240\" srcset=\"https:\/\/semmelweis.hu\/kerpel\/files\/2020\/12\/RS46340_KA-20160301-IMG_6516-scr-400x267.jpg 400w, https:\/\/semmelweis.hu\/kerpel\/files\/2020\/12\/RS46340_KA-20160301-IMG_6516-scr-768x512.jpg 768w, https:\/\/semmelweis.hu\/kerpel\/files\/2020\/12\/RS46340_KA-20160301-IMG_6516-scr-753x502.jpg 753w, https:\/\/semmelweis.hu\/kerpel\/files\/2020\/12\/RS46340_KA-20160301-IMG_6516-scr-203x135.jpg 203w, https:\/\/semmelweis.hu\/kerpel\/files\/2020\/12\/RS46340_KA-20160301-IMG_6516-scr.jpg 950w\" sizes=\"auto, (max-width: 360px) 100vw, 360px\" \/><\/p>\n<p>A Kerpel-Fronius \u00d6d\u00f6n Tehets\u00e9ggondoz\u00f3 Programban r\u00e9szt vev\u0151 hallgat\u00f3k sz\u00e1m\u00e1ra az egyetem mentort biztos\u00edt, aki nemcsak a hallgat\u00f3 sz\u0171ken vett szakmai el\u0151rehalad\u00e1s\u00e1t seg\u00edti, hanem \u00e1ltal\u00e1nos emberi fejl\u0151d\u00e9s\u00e9t is figyelemmel k\u00eds\u00e9ri. A jelenleg mentor\u00e1lt hallgat\u00f3ink sz\u00e1ma 200 f\u0151. Di\u00e1kjainkat 90 akt\u00edv mentor t\u00e1mogatja \u00e9s k\u00eds\u00e9ri figyelemmel. Azok a hallgat\u00f3k, akik befejezik PhD tanulm\u00e1nyaikat, illetve kiker\u00fclnek az egyetem k\u00f6tel\u00e9kei al\u00f3l, a Kerpel-Alumni szervezetbe ker\u00fclnek.<\/p>\n<p><strong><span style=\"font-size: 1rem\">TEHETS\u00c9GGONDOZ\u00d3 TAN\u00c1CS<\/span><\/strong><\/p>\n<p><span style=\"font-size: 1rem\">A Kerpel-Fronius \u00d6d\u00f6n Tehets\u00e9ggondoz\u00f3 Programot a Tehets\u00e9ggondoz\u00f3 Tan\u00e1cs ir\u00e1ny\u00edtja. Tehets\u00e9ggondoz\u00f3 Tan\u00e1cs tagjai az egyetem oktat\u00f3ib\u00f3l ker\u00fclnek ki. Ezek a szem\u00e9lyek saj\u00e1t \u00e9letp\u00e1ly\u00e1jukkal is p\u00e9ld\u00e1t mutatnak a fiataloknak \u00e9s egy\u00fattal elk\u00f6telezettek a tehets\u00e9ggondoz\u00e1s ir\u00e1nt. <\/span>A Tan\u00e1cs kapcsolatot tart fenn a tehets\u00e9ggondoz\u00e1sban \u00e9rintett egyetemi szervezetekkel (TDK Tan\u00e1cs, szakkoll\u00e9gium, Doktori Tan\u00e1cs, Technol\u00f3giai Transzfer Iroda, Hallgat\u00f3i \u00d6nkorm\u00e1nyzat, Instruktori \u00d6ntev\u00e9keny Csoport, stb.)<\/p>\n<p>A Tan\u00e1cs dolgoztatja ki \u00e9s fogadja el az egyetemi tehets\u00e9ggondoz\u00e1s t\u00f6bbletlehet\u0151s\u00e9geinek form\u00e1it \u00e9s az e t\u00f6bbletlehet\u0151s\u00e9gekben r\u00e9szes\u00fcl\u0151k k\u00f6r\u00e9nek krit\u00e9riumait is. A Tan\u00e1cs gondoskodik e lehet\u0151s\u00e9gek \u00e9s krit\u00e9riumok, valamint az oda\u00edt\u00e9l\u00e9s folyamat\u00e1nak nyilv\u00e1noss\u00e1g\u00e1r\u00f3l \u00e9s ellen\u0151rizhet\u0151s\u00e9g\u00e9r\u0151l. A Tan\u00e1cs tagjai rendszeresen \u00e9s akt\u00edvan r\u00e9szt vesznek az egyetem TDK konferenci\u00e1j\u00e1n, az OTDK-n, a rektori p\u00e1ly\u00e1zatok b\u00edr\u00e1lat\u00e1ban \u00e9s n\u00e9h\u00e1ny kiv\u00e1lasztott \u00f6szt\u00f6nd\u00edj (\u00edgy pl. a Jellinek Harry, ERASMUS, stb.) oda\u00edt\u00e9l\u00e9s\u00e9ben.<\/p>\n<p><strong>RENDEZV\u00c9NYEK<\/strong><\/p>\n<p><a href=\"https:\/\/semmelweis.hu\/kerpel\/files\/2020\/12\/RS71518_ADZ_20171219_0103-scr.jpg\"><img loading=\"lazy\" decoding=\"async\" class=\"wp-image-2880 alignright\" src=\"https:\/\/semmelweis.hu\/kerpel\/files\/2020\/12\/RS71518_ADZ_20171219_0103-scr-400x267.jpg\" alt=\"\" width=\"360\" height=\"240\" srcset=\"https:\/\/semmelweis.hu\/kerpel\/files\/2020\/12\/RS71518_ADZ_20171219_0103-scr-400x267.jpg 400w, https:\/\/semmelweis.hu\/kerpel\/files\/2020\/12\/RS71518_ADZ_20171219_0103-scr-768x512.jpg 768w, https:\/\/semmelweis.hu\/kerpel\/files\/2020\/12\/RS71518_ADZ_20171219_0103-scr-753x502.jpg 753w, https:\/\/semmelweis.hu\/kerpel\/files\/2020\/12\/RS71518_ADZ_20171219_0103-scr-203x135.jpg 203w, https:\/\/semmelweis.hu\/kerpel\/files\/2020\/12\/RS71518_ADZ_20171219_0103-scr.jpg 950w\" sizes=\"auto, (max-width: 360px) 100vw, 360px\" \/><\/a>A program keret\u00e9ben rendszeresen szervez\u00fcnk szakmai rendezv\u00e9nyeket is tagjaink sz\u00e1m\u00e1ra. Hallgat\u00f3ink, mentoraink, rendszeres akt\u00edv r\u00e9sztvev\u0151i a kultur\u00e1lis \u00e9s egy\u00e9b k\u00f6z\u00f6ss\u00e9g\u00e9p\u00edt\u0151 programokon, kir\u00e1ndul\u00e1sokon, opera, sz\u00ednh\u00e1zl\u00e1togat\u00e1sokon.\u00a0M\u00e1jusban \u00e9s decemberben programunk egyik kiemelked\u0151 tudom\u00e1nyos-kultur\u00e1lis rendezv\u00e9nye a <strong>Kerpel nap<\/strong>, melyen a tehets\u00e9ges hallgat\u00f3ink bemutatj\u00e1k a tudom\u00e1ny \u00e9s a kult\u00fara ter\u00fclet\u00e9n el\u00e9rt eredm\u00e9nyeiket. Ez alkalommal ker\u00fcl sor a Kerpel d\u00edjak \u00e9s plakettek \u00e1tad\u00e1s\u00e1ra is.\u00a019 partner k\u00f6z\u00e9piskol\u00e1nk di\u00e1kjai sz\u00e1m\u00e1ra az egyetem neves oktat\u00f3i tartanak \u00e9vente egyszer a <strong>Tehets\u00e9gnap<\/strong> keret\u00e9ben nagy siker\u0171 el\u0151ad\u00e1sokat. A rendezv\u00e9nyen a di\u00e1kok betekint\u00e9st nyernek az egyetemen foly\u00f3 klinikai \u00e9s kutat\u00f3 munk\u00e1ba is.<\/p>\n<p><strong>\u00d6SZT\u00d6ND\u00cdJAK<\/strong><\/p>\n<p>A Kerpel \u00d6szt\u00f6nd\u00edj seg\u00edts\u00e9g\u00e9vel a k\u00fcl\u00f6nb\u00f6z\u0151 Alap\u00edtv\u00e1nyok \u00e9s p\u00e1ly\u00e1zatok \u00e1ltal ny\u00fajtott forr\u00e1sb\u00f3l \u00e9vente 30 hallgat\u00f3 kongresszusi r\u00e9szv\u00e9tel\u00e9t vagy kutat\u00f3i tanulm\u00e1ny\u00fatj\u00e1t t\u00e1mogatjuk. A Tehets\u00e9ggondoz\u00f3 Tan\u00e1cs akt\u00edvan r\u00e9szt vett a Freiburgi, Heidelbergi Egyetem \u00e9s az ausztria Lions program \u00e1ltal ny\u00fajtott \u00f6szt\u00f6nd\u00edj p\u00e1ly\u00e1ztat\u00e1s\u00e1ban. El\u00e9rt eredm\u00e9nyek k\u00f6z\u00f6tt sikeres PhD v\u00e9d\u00e9sek, TDK Konferencia-helyez\u00e9sek, Rektori p\u00e1lyamunka d\u00edjaz\u00e1sok, sz\u00e1mos publik\u00e1ci\u00f3, nemzetk\u00f6zi \u00f6szt\u00f6nd\u00edjak sikeres p\u00e1ly\u00e1zata szerepel a hallgat\u00f3k r\u00e9sz\u00e9r\u0151l.<\/p>\n<h2>Jelentkez\u00e9s felt\u00e9telei \u00e9s felv\u00e9teli elbesz\u00e9lget\u00e9s<\/h2>\n<p>A programba alapvet\u0151en form\u00e1lis krit\u00e9riumok (tanulm\u00e1nyi \u00e1tlag, el\u00e9rt eredm\u00e9nyek) alapj\u00e1n lehet jelentkezni. A legjobbak a <strong>\u201eKiv\u00e1l\u00f3s\u00e1gi list\u00e1ra\u201d<\/strong> ker\u00fclnek, majd a Kerpel-Fronius \u00d6d\u00f6n Tehets\u00e9ggondoz\u00f3 Programba a di\u00e1kok szem\u00e9lyes felv\u00e9teli besz\u00e9lget\u00e9s ut\u00e1n juthatnak be.<br \/>\n<a href=\"https:\/\/semmelweis.hu\/kerpel\/bemutatkozas\/a-felvetel-menete\/\"><strong>Tov\u00e1bb a programba val\u00f3 jelentkez\u00e9s menet\u00e9t \u00e9s a felv\u00e9telit ismertet\u0151 oldalra \u2192<\/strong><\/a><\/p>\n<p>HASZNOS LINEK:<\/p>\n<ul>\n<li><a href=\"https:\/\/semmelweis.hu\/kerpel\/bemutatkozas\/a-felvetel-menete\/\">Sz\u00f3beli felv\u00e9teli krit\u00e9riumok<\/a><\/li>\n<li><a href=\"https:\/\/semmelweis.hu\/kerpel\/bemutatkozas\/tehetsegpont\/\"> A Tehets\u00e9gpont feladata, szolg\u00e1ltat\u00e1sai<\/a><\/li>\n<\/ul>\n<h2>Cikksorozat a Kerpel mentorprogramr\u00f3l<\/h2>\n    \r\n    <div id=\"import-title\">\r\n      \r\n      <div class=\"section-row row my-2 pr-0 ml-0 mb-3\">\r\n        <div class=\"col-12 col-md-auto section-title\">\r\n          <h2 style=\"margin-top: 0;\"><\/h2>\r\n        <\/div>\r\n        <div class=\"col section-divider px-0 mx-2 event-mobil-hidden d-none d-md-block\"><\/div>\r\n        <div class=\"col col-md-auto section-link text-uppercase px-0 event-mobil-hidden d-none d-md-block mr-5\">\r\n                      <h5 class=\"m-0\" style=\"width: fit-content;\"><a href=\"https:\/\/semmelweis.hu\/hirek\/tag\/kerpel-sorozat\/\" target=\"_blank\">\u00d6sszes cikk<\/a><\/h5>\r\n                  <\/div>\r\n      <\/div>\r\n        \r\n    <\/div>\r\n\r\n\r\n    <div class=\"import-posts row ml-0 mr-0\">\r\n      \r\n\r\n      \r\n\r\n        <article class=\"list-format post-164586 post type-post status-publish format-standard has-post-thumbnail hentry category-hallgatok-oktatas category-kiemelt tag-alhonlapokra tag-hallgatoi-elet-alumni tag-kerpel-program tag-kerpel-sorozat tag-mki-alairas\">\r\n          <div class=\"row mb-2 mx-0 p-2 mr-2 mr-lg-0\" style=\"border: 1px solid #DFE3E6;\">\r\n            \r\n            <div class=\"col px-normal px-lg-0\">\r\n              <div class=\"row w-100 mx-0\">\r\n                                <div class=\"entry-summary col-12  px-0\">\r\n                  <div class=\"col-12 mb-2 px-0\">\r\n                    <h3 class=\"entry-title mb-1\"><a target=\"_blank\" href=\"https:\/\/semmelweis.hu\/hirek\/2026\/02\/05\/a-kerpel-program-a-kozepiskolatol-a-doktori-iskolaig-kiseri-a-hallgatokat\/\">A Kerpel-program a k\u00f6z\u00e9piskol\u00e1t\u00f3l a doktori iskol\u00e1ig k\u00eds\u00e9ri a hallgat\u00f3kat<\/a><\/h3>\r\n                    <h6 class=\"entry-meta text-uppercase\">\r\n                      <time class=\"mr-3\" datetime=\"2026-02-05T05:00:55+00:00\">2026. febru\u00e1r 5.  cs\u00fct\u00f6rt\u00f6k 06:00<\/time>\r\n                    <\/h6>\r\n                  <\/div>\r\n                  <p>Febru\u00e1r 16-ig lehet beadni a p\u00e1ly\u00e1zatokat a Kerpel-programban val\u00f3 r\u00e9szv\u00e9telhez. <\/p>\n                <\/div>\r\n              <\/div>\r\n            <\/div>\r\n          <\/div>\r\n        <\/article>\r\n        <hr \/>\r\n      \r\n\r\n        <article class=\"list-format post-160974 post type-post status-publish format-standard has-post-thumbnail hentry category-hallgatok-oktatas category-kiemelt tag-alhonlapokra tag-kerpel-program tag-kerpel-sorozat tag-mki-alairas\">\r\n          <div class=\"row mb-2 mx-0 p-2 mr-2 mr-lg-0\" style=\"border: 1px solid #DFE3E6;\">\r\n            \r\n            <div class=\"col px-normal px-lg-0\">\r\n              <div class=\"row w-100 mx-0\">\r\n                                <div class=\"entry-summary col-12  px-0\">\r\n                  <div class=\"col-12 mb-2 px-0\">\r\n                    <h3 class=\"entry-title mb-1\"><a target=\"_blank\" href=\"https:\/\/semmelweis.hu\/hirek\/2025\/11\/26\/kerpel-tehetsegnapok-iranytu-a-palyavalasztashoz\/\">Kerpel Tehets\u00e9gnapok: ir\u00e1nyt\u0171 a p\u00e1lyav\u00e1laszt\u00e1shoz<\/a><\/h3>\r\n                    <h6 class=\"entry-meta text-uppercase\">\r\n                      <time class=\"mr-3\" datetime=\"2025-11-26T13:00:12+00:00\">2025. november 26.  szerda 14:00<\/time>\r\n                    <\/h6>\r\n                  <\/div>\r\n                  <p>A di\u00e1kok betekinthettek a klinikai, egyetemi mindennapokba \u00e9s megismerkedhettek az itt haszn\u00e1lt eszk\u00f6zparkkal. <\/p>\n                <\/div>\r\n              <\/div>\r\n            <\/div>\r\n          <\/div>\r\n        <\/article>\r\n        <hr \/>\r\n      \r\n\r\n        <article class=\"list-format post-147071 post type-post status-publish format-standard has-post-thumbnail hentry category-semmelweis-vilag category-kiemelt tag-alhonlapokra tag-kerpel-program tag-kerpel-sorozat tag-mki-alairas tag-tehetseg\">\r\n          <div class=\"row mb-2 mx-0 p-2 mr-2 mr-lg-0\" style=\"border: 1px solid #DFE3E6;\">\r\n            \r\n            <div class=\"col px-normal px-lg-0\">\r\n              <div class=\"row w-100 mx-0\">\r\n                                <div class=\"entry-summary col-12  px-0\">\r\n                  <div class=\"col-12 mb-2 px-0\">\r\n                    <h3 class=\"entry-title mb-1\"><a target=\"_blank\" href=\"https:\/\/semmelweis.hu\/hirek\/2024\/11\/29\/a-jovo-tudosai-ismerkedhettek-a-semmelweis-egyetemmel\/\">A j\u00f6v\u0151 tud\u00f3sai ismerkedhettek a Semmelweis Egyetemmel<\/a><\/h3>\r\n                    <h6 class=\"entry-meta text-uppercase\">\r\n                      <time class=\"mr-3\" datetime=\"2024-11-29T05:00:21+00:00\">2024. november 29.  p\u00e9ntek 06:00<\/time>\r\n                    <\/h6>\r\n                  <\/div>\r\n                  <p>Id\u00e9n mind a hat egyetemi kar, \u00e9s t\u00f6bb \u00faj klinika, int\u00e9zet is bemutatkozott a Kerpel Tehets\u00e9gnapokon.<\/p>\n                <\/div>\r\n              <\/div>\r\n            <\/div>\r\n          <\/div>\r\n        <\/article>\r\n        <hr \/>\r\n                  <div class=\"section-row row w-100 mt-2 mb-2\">\r\n        <div class=\"col-7 section-divider px-0 mx-2 d-md-none\"><\/div>\r\n          <div class=\"col-4 d-block d-md-none text-uppercase px-0 section-link ml-2\">\r\n            <h5 class=\"m-0\" style=\"width: fit-content;\"><a href=\"https:\/\/semmelweis.hu\/hirek\/tag\/\/\" target=\"_blank\"> \u00d6sszes cikk><\/a><\/h5>\r\n            \r\n        <\/div>\r\n      <\/div>\r\n\r\n    <\/div><!-- \/.import-posts -->\r\n\r\n\n<p style=\"text-align: right\"><strong><a href=\"https:\/\/semmelweis.hu\/hirek\/tag\/kerpel-sorozat\/\" target=\"_blank\" rel=\"noopener noreferrer\">Tov\u00e1bb a Kerpel-programr\u00f3l sz\u00f3l\u00f3 cikksorozathoz \u2192<\/a><\/strong><\/p>\n\n<\/div><h2 class=\"tabtitle\">Kiv\u00e1l\u00f3s\u00e1gi lista<\/h2>\n<div class=\"tabcontent\">\n\n<h2>Az egyetem Kiv\u00e1l\u00f3s\u00e1gi list\u00e1ja<\/h2>\n<p>Az egyetem Kiv\u00e1l\u00f3s\u00e1gi List\u00e1j\u00e1ra tanulm\u00e1nyi, tudom\u00e1nyos \u00e9s egy\u00e9b kiemelked\u0151 teljes\u00edtm\u00e9nyeket \u00f6sszefoglal\u00f3 p\u00e1ly\u00e1zattal az egyetem adott \u00e9vfolyam\u00e1n tanul\u00f3 35 \u00e9ven aluli hallgat\u00f3inak kb. 5%-a ker\u00fclhet fel.<\/p>\n<h2>K\u00e9pz\u00e9st gazdag\u00edt\u00f3 form\u00e1k a Kiv\u00e1l\u00f3s\u00e1gi List\u00e1ra ker\u00fclt tehets\u00e9ges hallgat\u00f3k \u00e9s fiatal oktat\u00f3k sz\u00e1m\u00e1ra:<\/h2>\n<ul style=\"list-style-type: square\">\n<li>Az egyetem gondoskodik a kiemelked\u0151en tehets\u00e9ges hallgat\u00f3i \u00e9s fiatal oktat\u00f3i sz\u00e1m\u00e1ra szem\u00e9lyes mentorok kijel\u00f6l\u00e9s\u00e9r\u0151l, legkiv\u00e1l\u00f3bb oktat\u00f3i \u00e9s kutat\u00f3i, kiv\u00e1l\u00f3 TDK \u00e9s PhD t\u00e9mavezet\u0151i k\u00f6z\u00fcl. Ennek el\u0151seg\u00edt\u00e9s\u00e9re az egyetem fel\u00e1ll\u00edtja mentorb\u00e1zis\u00e1t \u00e9s megteremti annak a lehet\u0151s\u00e9g\u00e9t, hogy e mentori munka oktat\u00e1si feladatk\u00e9nt &#8222;elsz\u00e1molhat\u00f3&#8221; legyen.<\/li>\n<li>A mentorok javaslatot tehetnek az egyetemnek a gondjukra b\u00edzott kiemelked\u0151en tehets\u00e9ges hallgat\u00f3 speci\u00e1lis tanmenet\u00e9re. Az egyetem a kiemelked\u0151en tehets\u00e9ges hallgat\u00f3i sz\u00e1m\u00e1ra biztos\u00edtja a K\u00f6zponti K\u00f6nyvt\u00e1r \u00f6sszes elektronikus adatb\u00e1zis\u00e1hoz val\u00f3 t\u00e1vols\u00e1gi kapcsolatot (e-k\u00f6nyvt\u00e1r).<\/li>\n<li>Az egyetem a kiemelked\u0151en tehets\u00e9ges hallgat\u00f3i \u00e9s fiatal oktat\u00f3i sz\u00e1m\u00e1ra \u00f6szt\u00f6nd\u00edjat alap\u00edt.<\/li>\n<li>Az egyetem seg\u00edti a kiemelked\u0151en tehets\u00e9ges hallgat\u00f3i \u00e9s fiatal oktat\u00f3i k\u00fclf\u00f6ldi tapasztalatszerz\u00e9s\u00e9t, \u0151ket a Tehets\u00e9ggondoz\u00f3 Tan\u00e1cs tapasztalataikr\u00f3l besz\u00e1moltatja.<\/li>\n<li>Az egyetem rendszeres lehet\u0151s\u00e9get biztos\u00edt a kiemelked\u0151en tehets\u00e9ges hallgat\u00f3k \u00e9s fiatal oktat\u00f3k, valamint mentoraik tal\u00e1lkoz\u00e1s\u00e1ra.<\/li>\n<li>A kiemelked\u0151en tehets\u00e9ges hallgat\u00f3kat \u00e9s fiatal oktat\u00f3kat az egyetem Tehets\u00e9ggondoz\u00f3 Tan\u00e1csa rendszeresen besz\u00e1moltatja tev\u00e9kenys\u00e9g\u00fckr\u0151l.<\/li>\n<li>Az egyetem k\u00fcl\u00f6n\u00f6s \u00e9s szem\u00e9lyre ir\u00e1nyul\u00f3 gondot ford\u00edt arra, hogy kiemelked\u0151 tehets\u00e9g\u0171 hallgat\u00f3i az egyetem oktat\u00f3i kar\u00e1ba ker\u00fcljenek.<\/li>\n<li>Az egyetem kiemelked\u0151 tehets\u00e9g\u0171 fiatal oktat\u00f3it regul\u00e1ris oktat\u00e1si \u00e9s adminisztrat\u00edv terhel\u00e9s\u00fck m\u00e9rs\u00e9kl\u00e9s\u00e9vel kutat\u00e1saik v\u00e9gz\u00e9s\u00e9t \u00e9s hasznos\u00edt\u00e1s\u00e1t seg\u00edt\u0151 t\u00f6bblet lehet\u0151s\u00e9gekhez juttatja.<\/li>\n<li>Az egyetemre felvett els\u0151\u00e9ves tehets\u00e9ges hallgat\u00f3kat az egyetem \u00f6szt\u00f6k\u00e9li a szakkoll\u00e9gium\u00e1ba val\u00f3 jelentkez\u00e9sre \u00e9s szem\u00e9ly\u00fckr\u0151l szakkoll\u00e9giumot, a Hallgat\u00f3i \u00d6nkorm\u00e1nyzat instruktorait \u00e9s a TDK Tan\u00e1csot \u00e9rtes\u00edti. Az instruktorok \u00e9s a TDK Tan\u00e1cs a szakkoll\u00e9giummal kar\u00f6ltve programot dolgoz ki az els\u0151\u00e9ves tehets\u00e9ges hallgat\u00f3k orient\u00e1l\u00e1s\u00e1ra, \u00e9s sz\u00e1mukra az \u00e9rdekl\u0151d\u00e9s\u00fcket felkelt\u0151 egyetemi lehet\u0151s\u00e9gekr\u0151l (tudom\u00e1nyos \u00e9s szakmai el\u0151ad\u00e1sok, rendezv\u00e9nyek, az egyetem k\u00f6nyvt\u00e1r\u00e1nak szolg\u00e1ltat\u00e1sai, az egyetem Bar\u00e1ti K\u00f6r\u00e9nek programja, di\u00e1kk\u00f6ri konferenci\u00e1k, versenyek, stb.) rendszeresen ismertet\u0151ket juttat el.\n<ul style=\"list-style-type: disc\" type=\"disc\">\n<li>Az egyetem a Hallgat\u00f3i \u00d6nkorm\u00e1nyzattal a HuMSIRC-kel \u00e9s az ERASMUS irod\u00e1val egy\u00fcttm\u0171k\u00f6d\u00e9sben megteremti annak a lehet\u0151s\u00e9g\u00e9t, hogy tehets\u00e9ges hallgat\u00f3inak fokozott lehet\u0151s\u00e9gei legyenek k\u00fclf\u00f6ldi r\u00e9szk\u00e9pz\u00e9sben val\u00f3 r\u00e9szv\u00e9telre.<\/li>\n<li>Az egyetem lehet\u0151s\u00e9get biztos\u00edt arra, hogy tehets\u00e9ges hallgat\u00f3i a Doktori Iskola kutat\u00e1s-fejleszt\u00e9si munka m\u00f3dszertan\u00e1r\u00f3l, etik\u00e1j\u00e1r\u00f3l, tudom\u00e1nyos kommunik\u00e1ci\u00f3r\u00f3l, CV \u00e9s p\u00e1ly\u00e1zat \u00edr\u00e1sr\u00f3l, menedzseri, \u00e9letvezet\u00e9si k\u00e9szs\u00e9gekr\u0151l, az ismeretek gyakorlati hasznos\u00edt\u00e1si lehet\u0151s\u00e9geir\u0151l, a v\u00e1llalkoz\u00e1si k\u00e9szs\u00e9get seg\u00edt\u0151 ismeretekr\u0151l, a szellemi tulajdon v\u00e9delm\u00e9vel \u00e9s hasznos\u00edt\u00e1s\u00e1val kapcsolatos ismeretekr\u0151l szervezett kurzusait l\u00e1togathass\u00e1k. Sz\u00fcks\u00e9g \u00e9s ig\u00e9ny szerint el\u0151seg\u00edti ilyen kurzusok indul\u00e1s\u00e1t.<\/li>\n<li>A tehets\u00e9ges hallgat\u00f3knak az egyetem speci\u00e1lis lehet\u0151s\u00e9geket teremt az MSc szakjaira val\u00f3 jelentkez\u00e9sre, \u00e9s e szakok p\u00e1rhuzamos v\u00e9gz\u00e9s\u00e9re, az egyetem PhD programjaiba val\u00f3 &#8211; az MD-PhD k\u00e9pz\u00e9s t\u00f6rv\u00e9nyi felhatalmaz\u00e1sa h\u00edj\u00e1n ak\u00e1r inform\u00e1lis, a kurzusok l\u00e1togat\u00e1s\u00e1ban kimer\u00fcl\u0151 &#8211; bekapcsol\u00f3d\u00e1sra, illetve a rezidens k\u00e9pz\u00e9sre val\u00f3 orient\u00e1ci\u00f3ra \u00e9s felk\u00e9sz\u00fcl\u00e9sre.<\/li>\n<li>A tehets\u00e9ges hallgat\u00f3k sz\u00e1m\u00e1ra az egyetem Tehets\u00e9gb\u00f3nusz programot hirdet, az \u00e1ltaluk felvett egyetemi kurzusok k\u00f6lts\u00e9geit a t\u00e9r\u00edt\u00e9smentes 360+36 kreditpontnyi hat\u00e1ron t\u00fal az egyetem mag\u00e1ra v\u00e1llalja.<\/li>\n<li>Az egyetem forr\u00e1sokat biztos\u00edt a tehets\u00e9ges hallgat\u00f3i \u00e9s fiatal oktat\u00f3i tal\u00e1lkoz\u00e1si lehet\u0151s\u00e9geinek \u00e9s \u00f6nszervez\u0151d\u00e9s\u00e9nek el\u0151seg\u00edt\u00e9s\u00e9re.<br \/>\nAz egyetem 35 \u00e9ves korukig szervezetten nyomon k\u00f6veti tehets\u00e9ges hallgat\u00f3inak sors\u00e1t a doktori, rezidensi k\u00e9pz\u00e9s sor\u00e1n \u00e9s ut\u00e1n.<\/li>\n<\/ul>\n<p><b>K\u00e9pz\u00e9st gazdag\u00edt\u00f3 form\u00e1k a Kiv\u00e1l\u00f3s\u00e1gi List\u00e1r\u00f3l a Kerpel-Fronius \u00d6d\u00f6n Tehets\u00e9ggondoz\u00f3 Programba beker\u00fclt hallgat\u00f3k \u00e9s fiatal oktat\u00f3k sz\u00e1m\u00e1ra<\/b><\/p>\n<\/li>\n<\/ul>\n<\/div><\/div>\n<p>&nbsp;<\/p>\n","protected":false},"excerpt":{"rendered":"<p>Id\u00e9n m\u00e1r mind a hat egyetemi kar, \u00e9s sz\u00e1mos \u00faj klinika, int\u00e9zet is bemutatkozott az \u00e9rdekl\u0151d\u0151 k\u00f6z\u00e9piskol\u00e1soknak a Kerpel Tehets\u00e9gnapokon. <a href=\"https:\/\/semmelweis.hu\/hirek\/files\/2024\/11\/RS205912_GV5A9737-scr.jpg\"><\/a> \u00a0 Ez\u00fattal is t\u00f6bb mint \u00f6tsz\u00e1z k\u00f6z\u00e9piskol\u00e1s tanul\u00f3 vett r\u00e9szt a Kerpel-Fronius \u00d6d\u00f6n Tehets\u00e9ggondoz\u00f3 Program Tehets\u00e9gnapjain november v\u00e9g\u00e9n. A Semmelweis Egyetem kiemelt figyelmet ford\u00edt a tehets\u00e9ggondoz\u00e1sra, nemcsak a hallgat\u00f3k, hanem m\u00e1r a felv\u00e9teli el\u0151tt \u00e1ll\u00f3 &hellip;<\/p>\n","protected":false},"author":158,"featured_media":1456,"parent":0,"menu_order":0,"comment_status":"closed","ping_status":"closed","template":"","meta":{"_acf_changed":false,"footnotes":""},"categories":[],"tags":[],"class_list":["post-8","page","type-page","status-publish","has-post-thumbnail","hentry"],"acf":[],"_links":{"self":[{"href":"https:\/\/semmelweis.hu\/kerpel\/wp-json\/wp\/v2\/pages\/8","targetHints":{"allow":["GET"]}}],"collection":[{"href":"https:\/\/semmelweis.hu\/kerpel\/wp-json\/wp\/v2\/pages"}],"about":[{"href":"https:\/\/semmelweis.hu\/kerpel\/wp-json\/wp\/v2\/types\/page"}],"author":[{"embeddable":true,"href":"https:\/\/semmelweis.hu\/kerpel\/wp-json\/wp\/v2\/users\/158"}],"replies":[{"embeddable":true,"href":"https:\/\/semmelweis.hu\/kerpel\/wp-json\/wp\/v2\/comments?post=8"}],"version-history":[{"count":11,"href":"https:\/\/semmelweis.hu\/kerpel\/wp-json\/wp\/v2\/pages\/8\/revisions"}],"predecessor-version":[{"id":3331,"href":"https:\/\/semmelweis.hu\/kerpel\/wp-json\/wp\/v2\/pages\/8\/revisions\/3331"}],"wp:featuredmedia":[{"embeddable":true,"href":"https:\/\/semmelweis.hu\/kerpel\/wp-json\/wp\/v2\/media\/1456"}],"wp:attachment":[{"href":"https:\/\/semmelweis.hu\/kerpel\/wp-json\/wp\/v2\/media?parent=8"}],"wp:term":[{"taxonomy":"category","embeddable":true,"href":"https:\/\/semmelweis.hu\/kerpel\/wp-json\/wp\/v2\/categories?post=8"},{"taxonomy":"post_tag","embeddable":true,"href":"https:\/\/semmelweis.hu\/kerpel\/wp-json\/wp\/v2\/tags?post=8"}],"curies":[{"name":"wp","href":"https:\/\/api.w.org\/{rel}","templated":true}]}}