{"id":67,"date":"2019-05-08T00:00:00","date_gmt":"2019-05-08T00:00:00","guid":{"rendered":"http:\/\/test.semmelweis.hu\/kerpel\/150-41920\/"},"modified":"2019-05-08T00:00:00","modified_gmt":"2019-05-08T00:00:00","slug":"150-41920","status":"publish","type":"page","link":"https:\/\/semmelweis.hu\/kerpel\/elismeresek\/150-41920\/","title":{"rendered":"Cser\u00e9p Csaba a PhD Tudom\u00e1nyos Napokon elismer\u00e9sben r\u00e9szes\u00fclt"},"content":{"rendered":"<p><strong> A \u201ePhD Tudom\u00e1nyos Napok 2012\u201d \u00e1prilis 12-13-\u00e1n ker\u00fclt megrendez\u00e9sre a Nagyv\u00e1rad t\u00e9ri Elm\u00e9leti T\u00f6mbben.   A konferencia keret\u00e9ben ny\u00fajtott kiemelked\u0151 szerepl\u00e9s\u00e9\u00e9rt Cser\u00e9p Csaba, a Szent\u00e1gothai J\u00e1nos Idegtudom\u00e1nyi Doktori Iskola hallgat\u00f3ja elismer\u00e9sben r\u00e9szes\u00fclt.<\/strong> <\/p>\n","protected":false},"excerpt":{"rendered":"<p> A \u201ePhD Tudom\u00e1nyos Napok 2012\u201d \u00e1prilis 12-13-\u00e1n ker\u00fclt megrendez\u00e9sre a Nagyv\u00e1rad t\u00e9ri Elm\u00e9leti T\u00f6mbben.   A konferencia keret\u00e9ben ny\u00fajtott kiemelked\u0151 szerepl\u00e9s\u00e9\u00e9rt Cser\u00e9p Csaba, a Szent\u00e1gothai J\u00e1nos Idegtudom\u00e1nyi Doktori Iskola hallgat\u00f3ja elismer\u00e9sben r\u00e9szes\u00fclt. <\/p>\n","protected":false},"author":158,"featured_media":0,"parent":1074,"menu_order":10,"comment_status":"closed","ping_status":"closed","template":"","meta":{"_acf_changed":false,"footnotes":""},"categories":[],"tags":[],"class_list":["post-67","page","type-page","status-publish","hentry"],"acf":[],"_links":{"self":[{"href":"https:\/\/semmelweis.hu\/kerpel\/wp-json\/wp\/v2\/pages\/67","targetHints":{"allow":["GET"]}}],"collection":[{"href":"https:\/\/semmelweis.hu\/kerpel\/wp-json\/wp\/v2\/pages"}],"about":[{"href":"https:\/\/semmelweis.hu\/kerpel\/wp-json\/wp\/v2\/types\/page"}],"author":[{"embeddable":true,"href":"https:\/\/semmelweis.hu\/kerpel\/wp-json\/wp\/v2\/users\/158"}],"replies":[{"embeddable":true,"href":"https:\/\/semmelweis.hu\/kerpel\/wp-json\/wp\/v2\/comments?post=67"}],"version-history":[{"count":0,"href":"https:\/\/semmelweis.hu\/kerpel\/wp-json\/wp\/v2\/pages\/67\/revisions"}],"up":[{"embeddable":true,"href":"https:\/\/semmelweis.hu\/kerpel\/wp-json\/wp\/v2\/pages\/1074"}],"wp:attachment":[{"href":"https:\/\/semmelweis.hu\/kerpel\/wp-json\/wp\/v2\/media?parent=67"}],"wp:term":[{"taxonomy":"category","embeddable":true,"href":"https:\/\/semmelweis.hu\/kerpel\/wp-json\/wp\/v2\/categories?post=67"},{"taxonomy":"post_tag","embeddable":true,"href":"https:\/\/semmelweis.hu\/kerpel\/wp-json\/wp\/v2\/tags?post=67"}],"curies":[{"name":"wp","href":"https:\/\/api.w.org\/{rel}","templated":true}]}}