{"id":65,"date":"2019-05-08T00:00:00","date_gmt":"2019-05-08T00:00:00","guid":{"rendered":"http:\/\/test.semmelweis.hu\/kerpel\/150-44047\/"},"modified":"2019-05-08T00:00:00","modified_gmt":"2019-05-08T00:00:00","slug":"150-44047","status":"publish","type":"page","link":"https:\/\/semmelweis.hu\/kerpel\/elismeresek\/150-44047\/","title":{"rendered":"Tudom\u00e1nyos Di\u00e1kk\u00f6ri Konferencia sikerei a Kerpelesek k\u00f6r\u00e9ben"},"content":{"rendered":"<p><strong>Az idei TDK Konferenci\u00e1t 2013. febru\u00e1r 13-14-\u00e9n rendezt\u00e9k meg a Semmelweis Egyetemen. A rendezv\u00e9nyen hat Kerpeles hallgat\u00f3 kapott &#8222;Semmelweis Egyetem Kiv\u00e1l\u00f3 Di\u00e1kk\u00f6r\u00f6se&#8221; elismer\u00e9st.<\/strong><\/p>\n<p>A 2013-as TDK konferenci\u00e1n t\u00f6bb Kerpeles hallgat\u00f3 tartott el\u0151ad\u00e1st. A kongresszust Dr. Sz\u00e9l \u00c1goston rektor nyitotta meg az al\u00e1bbi szavakkal: \u201eA Tudom\u00e1nyos Di\u00e1kk\u00f6r az egyetemnek az a legfrissebb, leg\u00e9l\u00e9nkebb, potenci\u00e1lisan legt\u00f6bbet \u00edg\u00e9r\u0151 k\u00f6re, amelyre az egyetem eg\u00e9sz\u00e9nek alapoznia kell\u201d.<br \/>\nDr. Merkely B\u00e9la, a Semmelweis Egyetem Tudom\u00e1nyos Di\u00e1kk\u00f6ri Tan\u00e1cs\u00e1nak eln\u00f6ke elmondta: az idei Orvos-, Fogorvos- \u00e9s Gy\u00f3gyszer\u00e9sztudom\u00e1nyi Di\u00e1kk\u00f6ri Konferenci\u00e1ra \u00f6sszesen 331 hallgat\u00f3 adott be absztraktot, a szakmai bizotts\u00e1gok d\u00f6nt\u00e9se alapj\u00e1n a Tudom\u00e1nyos Di\u00e1kk\u00f6ri Tan\u00e1cs az el\u0151ad\u00e1sok 98 sz\u00e1zal\u00e9k\u00e1t elfogadta. Ez az ar\u00e1ny jelzi az absztraktok min\u0151s\u00e9g\u00e9nek javul\u00e1s\u00e1t \u2013 jegyezte meg.<\/p>\n<p>Az idei TDK Konferenci\u00e1n 6 Kerpeles hallgat\u00f3 kapott &#8222;Semmelweis Egyetem Kiv\u00e1l\u00f3 Di\u00e1kk\u00f6r\u00f6se&#8221; elismer\u00e9st:<\/p>\n<p>Dr. Csete D\u00e1niel, \u00c1OK (T\u00e9mavezet\u0151: Dr. Gy\u0151ri D\u00e1vid, Dr. M\u00f3csai Attila)<br \/>\nDr. Domonkos Andor, \u00c1OK (T\u00e9mavezet\u0151: Dr. Varga Viktor Lajos)<br \/>\nDr. Gara Edit, \u00c1OK (T\u00e9mavezet\u0151: Dr. Merkely B\u00e9la, Dr. F\u00f6ldes G\u00e1bor)<br \/>\nHeim Attila, TF (T\u00e9mavezet\u0151: Dr. \u00d6kr\u00f6s Csaba)<br \/>\nDr. Kov\u00e1cs Attila, \u00c1OK (T\u00e9mavezet\u0151: Dr. Nagy Andrea, Dr. Apor Astrid)<br \/>\nSchuth G\u00e1bor, TSK (T\u00e9mavezet\u0151: Dr. Tihanyi J\u00f3zsef, Dr. \u00d6kr\u00f6s Csaba)<\/p>\n<p>Az elismer\u00e9seket Dr. Sz\u00e9l \u00c1goston \u00e9s Dr. Merkely B\u00e9la \u00e1tadt\u00e1k \u00e1t. Gratul\u00e1lunk minden sikeres Kerpeles hallgat\u00f3nak!<\/p>\n","protected":false},"excerpt":{"rendered":"<p>Az idei TDK Konferenci\u00e1t 2013. febru\u00e1r 13-14-\u00e9n rendezt\u00e9k meg a Semmelweis Egyetemen. A rendezv\u00e9nyen hat Kerpeles hallgat\u00f3 kapott &#8222;Semmelweis Egyetem Kiv\u00e1l\u00f3 Di\u00e1kk\u00f6r\u00f6se&#8221; elismer\u00e9st. A 2013-as TDK konferenci\u00e1n t\u00f6bb Kerpeles hallgat\u00f3 tartott el\u0151ad\u00e1st. A kongresszust Dr. Sz\u00e9l \u00c1goston rektor nyitotta meg az al\u00e1bbi szavakkal: \u201eA Tudom\u00e1nyos Di\u00e1kk\u00f6r az egyetemnek az a legfrissebb, leg\u00e9l\u00e9nkebb, potenci\u00e1lisan legt\u00f6bbet \u00edg\u00e9r\u0151 &hellip;<\/p>\n","protected":false},"author":158,"featured_media":0,"parent":1074,"menu_order":8,"comment_status":"closed","ping_status":"closed","template":"","meta":{"_acf_changed":false,"footnotes":""},"categories":[],"tags":[],"class_list":["post-65","page","type-page","status-publish","hentry"],"acf":[],"_links":{"self":[{"href":"https:\/\/semmelweis.hu\/kerpel\/wp-json\/wp\/v2\/pages\/65","targetHints":{"allow":["GET"]}}],"collection":[{"href":"https:\/\/semmelweis.hu\/kerpel\/wp-json\/wp\/v2\/pages"}],"about":[{"href":"https:\/\/semmelweis.hu\/kerpel\/wp-json\/wp\/v2\/types\/page"}],"author":[{"embeddable":true,"href":"https:\/\/semmelweis.hu\/kerpel\/wp-json\/wp\/v2\/users\/158"}],"replies":[{"embeddable":true,"href":"https:\/\/semmelweis.hu\/kerpel\/wp-json\/wp\/v2\/comments?post=65"}],"version-history":[{"count":0,"href":"https:\/\/semmelweis.hu\/kerpel\/wp-json\/wp\/v2\/pages\/65\/revisions"}],"up":[{"embeddable":true,"href":"https:\/\/semmelweis.hu\/kerpel\/wp-json\/wp\/v2\/pages\/1074"}],"wp:attachment":[{"href":"https:\/\/semmelweis.hu\/kerpel\/wp-json\/wp\/v2\/media?parent=65"}],"wp:term":[{"taxonomy":"category","embeddable":true,"href":"https:\/\/semmelweis.hu\/kerpel\/wp-json\/wp\/v2\/categories?post=65"},{"taxonomy":"post_tag","embeddable":true,"href":"https:\/\/semmelweis.hu\/kerpel\/wp-json\/wp\/v2\/tags?post=65"}],"curies":[{"name":"wp","href":"https:\/\/api.w.org\/{rel}","templated":true}]}}