{"id":63,"date":"2019-05-08T00:00:00","date_gmt":"2019-05-08T00:00:00","guid":{"rendered":"http:\/\/test.semmelweis.hu\/kerpel\/150-44358\/"},"modified":"2019-05-08T00:00:00","modified_gmt":"2019-05-08T00:00:00","slug":"150-44358","status":"publish","type":"page","link":"https:\/\/semmelweis.hu\/kerpel\/elismeresek\/150-44358\/","title":{"rendered":"Kerpelesek eredm\u00e9nyei a 2013. \u00e9vi egyetemi TDK-konferenci\u00e1n"},"content":{"rendered":"<table class=\"MsoNormalTable\" border=\"0\" width=\"585\" cellspacing=\"0\" cellpadding=\"0\">\n<tbody>\n<tr>\n<td valign=\"bottom\" nowrap=\"nowrap\" width=\"216\"><span style=\"color: #000000\">Balogh R\u00e9ka<\/span><\/td>\n<td valign=\"bottom\" width=\"369\"><span style=\"color: #000000\">Gy\u00f3gyszer\u00e9szeti tudom\u00e1nyok szekci\u00f3 I. D\u00edj<\/span><\/td>\n<\/tr>\n<tr>\n<td valign=\"bottom\" width=\"216\"><span style=\"color: #000000\">Benke K\u00e1lm\u00e1n<\/span><\/td>\n<td valign=\"bottom\" width=\"369\"><span style=\"color: #000000\">Seb\u00e9szet, idegseb\u00e9szet, transzplant\u00e1ci\u00f3 szekci\u00f3 I. D\u00edj<\/span><\/td>\n<\/tr>\n<tr>\n<td valign=\"bottom\" nowrap=\"nowrap\" width=\"216\"><span style=\"color: #000000\">Birtalan Ede <\/span><\/td>\n<td valign=\"bottom\" width=\"369\"><span style=\"color: #000000\">Kering\u00e9si betegs\u00e9gek, kardiol\u00f3gia, pulmonol\u00f3gia szekci\u00f3 I. D\u00edj<\/span><\/td>\n<\/tr>\n<tr>\n<td valign=\"bottom\" width=\"216\"><span style=\"color: #000000\">Bukosza \u00c9va N\u00f3ra<\/span><\/td>\n<td valign=\"bottom\" width=\"369\"><span style=\"color: #000000\">\u00c9lettan, k\u00f3r\u00e9lettan szekci\u00f3 II. D\u00edj<\/span><\/td>\n<\/tr>\n<tr>\n<td valign=\"bottom\" width=\"216\"><span style=\"color: #000000\">Haraszti R\u00e9ka<\/span><\/td>\n<td valign=\"bottom\" width=\"369\"><span style=\"color: #000000\">Magatart\u00e1studom\u00e1ny, pszichi\u00e1tria I. D\u00edj<\/span><\/td>\n<\/tr>\n<tr>\n<td valign=\"bottom\" nowrap=\"nowrap\" width=\"216\"><span style=\"color: #000000\">Horv\u00e1th N. Orsolya<\/span><\/td>\n<td valign=\"bottom\" width=\"369\"><span style=\"color: #000000\">K\u00f6zeg\u00e9szs\u00e9gtan, epidemiol\u00f3gia, orvosi t\u00f6rt\u00e9nelem szekci\u00f3 I. D\u00edj<\/span><\/td>\n<\/tr>\n<tr>\n<td valign=\"bottom\" width=\"216\"><span style=\"color: #000000\">Katona D\u00e1vid<\/span><\/td>\n<td valign=\"bottom\" width=\"369\"><span style=\"color: #000000\">Sejtbiol\u00f3gia, sejt\u00e9lettan &#8211; Genetika, molekul\u00e1ris biol\u00f3gia szekci\u00f3 I. D\u00edj<\/span><\/td>\n<\/tr>\n<tr>\n<td valign=\"bottom\" width=\"216\"><span style=\"color: #000000\">Kolossv\u00e1ry M\u00e1rton<\/span><\/td>\n<td valign=\"bottom\" width=\"369\"><span style=\"color: #000000\">Kering\u00e9si betegs\u00e9gek, kardiol\u00f3gia, pulmonol\u00f3gia szekci\u00f3 I. D\u00edj Radiol\u00f3gia, noninvaz\u00edv k\u00e9palkot\u00e1s szekci\u00f3 III. d\u00edj<\/span><\/td>\n<\/tr>\n<tr>\n<td valign=\"bottom\" width=\"216\"><span style=\"color: #000000\">M\u00f3r\u00e9 Dorottya <\/span><\/td>\n<td valign=\"bottom\" width=\"369\"><span style=\"color: #000000\">\u00c9lettan, k\u00f3r\u00e9lettan szekci\u00f3 I. D\u00edj<\/span><\/td>\n<\/tr>\n<tr>\n<td valign=\"bottom\" width=\"216\"><span style=\"color: #000000\">Prokopp Susanne<\/span><\/td>\n<td valign=\"bottom\" width=\"369\"><span style=\"color: #000000\">Anyagcsere, endokrinol\u00f3gia, hematol\u00f3gia szekci\u00f3 III. d\u00edj<\/span><\/td>\n<\/tr>\n<tr>\n<td valign=\"bottom\" nowrap=\"nowrap\" width=\"216\"><span style=\"color: #000000\">Szanyi Szil\u00e1rd <\/span><\/td>\n<td valign=\"bottom\" width=\"369\"><span style=\"color: #000000\">Seb\u00e9szet, idegseb\u00e9szet, transzplant\u00e1ci\u00f3 szekci\u00f3 I. D\u00edj Gyermekgy\u00f3gy\u00e1szat szekci\u00f3 I. D\u00edj<\/span><\/td>\n<\/tr>\n<tr>\n<td valign=\"bottom\" width=\"216\"><span style=\"color: #000000\">T\u00f3th Andr\u00e1s<\/span><\/td>\n<td valign=\"bottom\" width=\"369\"><span style=\"color: #000000\">Farmakol\u00f3gia szekci\u00f3 I. D\u00edj<\/span><\/td>\n<\/tr>\n<tr>\n<td valign=\"bottom\" width=\"216\"><span style=\"color: #000000\">Trojn\u00e1r Eszter<\/span><\/td>\n<td valign=\"bottom\" width=\"369\"><span style=\"color: #000000\">Gyermekgy\u00f3gy\u00e1szat szekci\u00f3 I. D\u00edj<\/span><\/td>\n<\/tr>\n<\/tbody>\n<\/table>\n","protected":false},"excerpt":{"rendered":"<p>Balogh R\u00e9ka Gy\u00f3gyszer\u00e9szeti tudom\u00e1nyok szekci\u00f3 I. D\u00edj Benke K\u00e1lm\u00e1n Seb\u00e9szet, idegseb\u00e9szet, transzplant\u00e1ci\u00f3 szekci\u00f3 I. D\u00edj Birtalan Ede Kering\u00e9si betegs\u00e9gek, kardiol\u00f3gia, pulmonol\u00f3gia szekci\u00f3 I. D\u00edj Bukosza \u00c9va N\u00f3ra \u00c9lettan, k\u00f3r\u00e9lettan szekci\u00f3 II. D\u00edj Haraszti R\u00e9ka Magatart\u00e1studom\u00e1ny, pszichi\u00e1tria I. D\u00edj Horv\u00e1th N. Orsolya K\u00f6zeg\u00e9szs\u00e9gtan, epidemiol\u00f3gia, orvosi t\u00f6rt\u00e9nelem szekci\u00f3 I. D\u00edj Katona D\u00e1vid Sejtbiol\u00f3gia, sejt\u00e9lettan &#8211; Genetika, molekul\u00e1ris &hellip;<\/p>\n","protected":false},"author":158,"featured_media":0,"parent":1074,"menu_order":6,"comment_status":"closed","ping_status":"closed","template":"","meta":{"_acf_changed":false,"footnotes":""},"categories":[],"tags":[],"class_list":["post-63","page","type-page","status-publish","hentry"],"acf":[],"_links":{"self":[{"href":"https:\/\/semmelweis.hu\/kerpel\/wp-json\/wp\/v2\/pages\/63","targetHints":{"allow":["GET"]}}],"collection":[{"href":"https:\/\/semmelweis.hu\/kerpel\/wp-json\/wp\/v2\/pages"}],"about":[{"href":"https:\/\/semmelweis.hu\/kerpel\/wp-json\/wp\/v2\/types\/page"}],"author":[{"embeddable":true,"href":"https:\/\/semmelweis.hu\/kerpel\/wp-json\/wp\/v2\/users\/158"}],"replies":[{"embeddable":true,"href":"https:\/\/semmelweis.hu\/kerpel\/wp-json\/wp\/v2\/comments?post=63"}],"version-history":[{"count":0,"href":"https:\/\/semmelweis.hu\/kerpel\/wp-json\/wp\/v2\/pages\/63\/revisions"}],"up":[{"embeddable":true,"href":"https:\/\/semmelweis.hu\/kerpel\/wp-json\/wp\/v2\/pages\/1074"}],"wp:attachment":[{"href":"https:\/\/semmelweis.hu\/kerpel\/wp-json\/wp\/v2\/media?parent=63"}],"wp:term":[{"taxonomy":"category","embeddable":true,"href":"https:\/\/semmelweis.hu\/kerpel\/wp-json\/wp\/v2\/categories?post=63"},{"taxonomy":"post_tag","embeddable":true,"href":"https:\/\/semmelweis.hu\/kerpel\/wp-json\/wp\/v2\/tags?post=63"}],"curies":[{"name":"wp","href":"https:\/\/api.w.org\/{rel}","templated":true}]}}