{"id":62,"date":"2019-05-08T00:00:00","date_gmt":"2019-05-08T00:00:00","guid":{"rendered":"http:\/\/test.semmelweis.hu\/kerpel\/150-44359\/"},"modified":"2019-05-08T00:00:00","modified_gmt":"2019-05-08T00:00:00","slug":"150-44359","status":"publish","type":"page","link":"https:\/\/semmelweis.hu\/kerpel\/elismeresek\/150-44359\/","title":{"rendered":"A m\u00e1rcius 15.-i \u00fcnneps\u00e9gen elismer\u00e9st kapott kerpeles hallgat\u00f3k"},"content":{"rendered":"<p><b>A m\u00e1rcius 15.-i \u00fcnneps\u00e9gen elismer\u00e9st kapott kerpeles hallgat\u00f3k:<\/b><\/p>\n<p><b>J\u00f3 tanul\u00f3 \u2013 j\u00f3 sportol\u00f3 d\u00edj<\/b><\/p>\n<p>A f\u00e9rfi hallgat\u00f3k verseny\u00e9ben <b>I. helyez\u00e9st<\/b> \u00e9rt el:<\/p>\n<p><b>Benke K\u00e1lm\u00e1n, <\/b>\u00c1ltal\u00e1nos Orvostudom\u00e1nyi Kar IV. \u00e9vfolyamos hallgat\u00f3<\/p>\n<p><b>III. helyez\u00e9st<\/b> \u00e9rt el: <\/p>\n<p><b>Vol\u00e1k Adrienn, <\/b>Testnevel\u00e9si \u00e9s Sporttudom\u00e1nyi Kar MA. II. \u00e9vfolyamos hallgat\u00f3.<\/p>\n<p><b><u>A Dr. Mozsonyi S\u00e1ndor Alap\u00edtv\u00e1ny d\u00edjai<\/u><\/b><\/p>\n<p><b><u>Hallgat\u00f3i kateg\u00f3ria<\/u><\/b><\/p>\n<p><i>I. d\u00edj 25 000 Ft <\/i><b>Balogh R\u00e9ka V. \u00e9vf.<\/b><\/p>\n<p><b><u>A Mih\u00e1lkovics Alap\u00edtv\u00e1ny d\u00edjai<\/u><\/b><\/p>\n<p><b>I. d\u00edj: E\u00f6rd\u00f6gh M\u00e1rton<\/b> (\u00c1OK VI.)<\/p>\n<p>A sinus cavernosus mikroseb\u00e9szeti \u00e9s endoszk\u00f3pos anat\u00f3mi\u00e1ja medialis ir\u00e1nyb\u00f3l, k\u00fcl\u00f6n\u00f6s tekintettel a plexus caroticus internusra.<\/p>\n","protected":false},"excerpt":{"rendered":"<p>A m\u00e1rcius 15.-i \u00fcnneps\u00e9gen elismer\u00e9st kapott kerpeles hallgat\u00f3k: J\u00f3 tanul\u00f3 \u2013 j\u00f3 sportol\u00f3 d\u00edj A f\u00e9rfi hallgat\u00f3k verseny\u00e9ben I. helyez\u00e9st \u00e9rt el: Benke K\u00e1lm\u00e1n, \u00c1ltal\u00e1nos Orvostudom\u00e1nyi Kar IV. \u00e9vfolyamos hallgat\u00f3 III. helyez\u00e9st \u00e9rt el: Vol\u00e1k Adrienn, Testnevel\u00e9si \u00e9s Sporttudom\u00e1nyi Kar MA. II. \u00e9vfolyamos hallgat\u00f3. A Dr. Mozsonyi S\u00e1ndor Alap\u00edtv\u00e1ny d\u00edjai Hallgat\u00f3i kateg\u00f3ria I. d\u00edj 25 &hellip;<\/p>\n","protected":false},"author":158,"featured_media":0,"parent":1074,"menu_order":5,"comment_status":"closed","ping_status":"closed","template":"","meta":{"_acf_changed":false,"footnotes":""},"categories":[],"tags":[],"class_list":["post-62","page","type-page","status-publish","hentry"],"acf":[],"_links":{"self":[{"href":"https:\/\/semmelweis.hu\/kerpel\/wp-json\/wp\/v2\/pages\/62","targetHints":{"allow":["GET"]}}],"collection":[{"href":"https:\/\/semmelweis.hu\/kerpel\/wp-json\/wp\/v2\/pages"}],"about":[{"href":"https:\/\/semmelweis.hu\/kerpel\/wp-json\/wp\/v2\/types\/page"}],"author":[{"embeddable":true,"href":"https:\/\/semmelweis.hu\/kerpel\/wp-json\/wp\/v2\/users\/158"}],"replies":[{"embeddable":true,"href":"https:\/\/semmelweis.hu\/kerpel\/wp-json\/wp\/v2\/comments?post=62"}],"version-history":[{"count":0,"href":"https:\/\/semmelweis.hu\/kerpel\/wp-json\/wp\/v2\/pages\/62\/revisions"}],"up":[{"embeddable":true,"href":"https:\/\/semmelweis.hu\/kerpel\/wp-json\/wp\/v2\/pages\/1074"}],"wp:attachment":[{"href":"https:\/\/semmelweis.hu\/kerpel\/wp-json\/wp\/v2\/media?parent=62"}],"wp:term":[{"taxonomy":"category","embeddable":true,"href":"https:\/\/semmelweis.hu\/kerpel\/wp-json\/wp\/v2\/categories?post=62"},{"taxonomy":"post_tag","embeddable":true,"href":"https:\/\/semmelweis.hu\/kerpel\/wp-json\/wp\/v2\/tags?post=62"}],"curies":[{"name":"wp","href":"https:\/\/api.w.org\/{rel}","templated":true}]}}