{"id":61,"date":"2019-05-08T00:00:00","date_gmt":"2019-05-08T00:00:00","guid":{"rendered":"http:\/\/test.semmelweis.hu\/kerpel\/150-46772\/"},"modified":"2019-05-08T00:00:00","modified_gmt":"2019-05-08T00:00:00","slug":"150-46772","status":"publish","type":"page","link":"https:\/\/semmelweis.hu\/kerpel\/elismeresek\/150-46772\/","title":{"rendered":"A k\u00f6zelm\u00falt Kerpeles sikerei"},"content":{"rendered":"<p><strong>Gara Edit \u00e9s Benke K\u00e1lm\u00e1n eredm\u00e9nyei<\/strong><\/p>\n<ul>\n<li><b>Gara Edit<\/b> &#8222;Best Poster&#8221; d\u00edjat nyert 2014 okt\u00f3ber\u00e9ben az European Section Meeting of the International Academy of Cardiovascular Sciences rendezv\u00e9nyen &#8222;Developing 3D structures from stem cell derived endothelial cells, differentiating endothelial subpopulations&#8221; c\u00edm\u0171 munk\u00e1j\u00e1val<\/li>\n<li><b>Gara Edit<\/b> \u00faj megosztott els\u0151 szerz\u0151s cikke: B. Merkely*, E. Gara*, Z. Lendvai, J. Skop\u00e1l, T. Leja, W. Zhou, A. Kosztin, G. V\u00e1rady, M. Mioulane, Z. Bagyura, T. N\u00e9meth, S. E. Harding, G. F\u00f6ldes Signalling via PI3K\/FOXO1A Pathway Modulates Formation and Survival of Human Embryonic Stem Cell-Derived Endothelial Cells<br \/>\n\u200bStem Cells and Development 2014<\/li>\n<\/ul>\n<p>&nbsp;<\/p>\n<ul>\n<li><b>Benke K\u00e1lm\u00e1n<\/b> 2014 november\u00e9ben elnyerte a Magyar Sz\u00edvseb\u00e9szeti T\u00e1rsas\u00e1g Littmann Imre d\u00edj\u00e1t<\/li>\n<\/ul>\n","protected":false},"excerpt":{"rendered":"<p>Gara Edit \u00e9s Benke K\u00e1lm\u00e1n eredm\u00e9nyei Gara Edit &#8222;Best Poster&#8221; d\u00edjat nyert 2014 okt\u00f3ber\u00e9ben az European Section Meeting of the International Academy of Cardiovascular Sciences rendezv\u00e9nyen &#8222;Developing 3D structures from stem cell derived endothelial cells, differentiating endothelial subpopulations&#8221; c\u00edm\u0171 munk\u00e1j\u00e1val Gara Edit \u00faj megosztott els\u0151 szerz\u0151s cikke: B. Merkely*, E. Gara*, Z. Lendvai, J. Skop\u00e1l, &hellip;<\/p>\n","protected":false},"author":158,"featured_media":0,"parent":1074,"menu_order":4,"comment_status":"closed","ping_status":"closed","template":"","meta":{"_acf_changed":false,"footnotes":""},"categories":[],"tags":[],"class_list":["post-61","page","type-page","status-publish","hentry"],"acf":[],"_links":{"self":[{"href":"https:\/\/semmelweis.hu\/kerpel\/wp-json\/wp\/v2\/pages\/61","targetHints":{"allow":["GET"]}}],"collection":[{"href":"https:\/\/semmelweis.hu\/kerpel\/wp-json\/wp\/v2\/pages"}],"about":[{"href":"https:\/\/semmelweis.hu\/kerpel\/wp-json\/wp\/v2\/types\/page"}],"author":[{"embeddable":true,"href":"https:\/\/semmelweis.hu\/kerpel\/wp-json\/wp\/v2\/users\/158"}],"replies":[{"embeddable":true,"href":"https:\/\/semmelweis.hu\/kerpel\/wp-json\/wp\/v2\/comments?post=61"}],"version-history":[{"count":0,"href":"https:\/\/semmelweis.hu\/kerpel\/wp-json\/wp\/v2\/pages\/61\/revisions"}],"up":[{"embeddable":true,"href":"https:\/\/semmelweis.hu\/kerpel\/wp-json\/wp\/v2\/pages\/1074"}],"wp:attachment":[{"href":"https:\/\/semmelweis.hu\/kerpel\/wp-json\/wp\/v2\/media?parent=61"}],"wp:term":[{"taxonomy":"category","embeddable":true,"href":"https:\/\/semmelweis.hu\/kerpel\/wp-json\/wp\/v2\/categories?post=61"},{"taxonomy":"post_tag","embeddable":true,"href":"https:\/\/semmelweis.hu\/kerpel\/wp-json\/wp\/v2\/tags?post=61"}],"curies":[{"name":"wp","href":"https:\/\/api.w.org\/{rel}","templated":true}]}}