{"id":60,"date":"2019-05-08T00:00:00","date_gmt":"2019-05-08T00:00:00","guid":{"rendered":"http:\/\/test.semmelweis.hu\/kerpel\/150-47054\/"},"modified":"2019-05-08T00:00:00","modified_gmt":"2019-05-08T00:00:00","slug":"150-47054","status":"publish","type":"page","link":"https:\/\/semmelweis.hu\/kerpel\/elismeresek\/150-47054\/","title":{"rendered":"Legfrissebb Kerpeles elismer\u00e9sek"},"content":{"rendered":"<p><strong>Kellermayer Dalma Lucia, Dr. T\u00f3th-Vajna Gergely \u00e9s az Astellas Pharma Kft. tavaszi sikerei.<\/strong><\/p>\n<ul>\n<li>A szakmai zs\u0171ri d\u00f6nt\u00e9se alapj\u00e1n, a Tehets\u00e9ggondoz\u00f3 Tan\u00e1cs \u00e1ltal jel\u00f6lt<b> Astellas Pharma Kft<\/b>, a 2015-\u00f6s \u00e9vben elnyerte a \u201e<b>Genius Loci D\u00edj &#8211; V\u00e1llalatok \u00e9s v\u00e1llalkoz\u00f3k a tehets\u00e9gek\u00e9rt<\/b>\u201d elismer\u00e9st.<br \/>\n<i>A sikerhez sz\u00edvb\u0151l gratul\u00e1lunk!<\/i> Mentoraink \u00e9s hallgat\u00f3ink nev\u00e9ben is k\u00f6sz\u00f6nj\u00fck az \u00e9vek \u00f3ta tart\u00f3 t\u00f6retlen t\u00e1mogat\u00e1st!<\/li>\n<li>A &#8222;<b>Felfedezettjeink 2015<\/b>&#8221; felh\u00edv\u00e1s P\u00e1ly\u00e1zati Bizotts\u00e1ga a Semmelweis Egyetem Tehets\u00e9ggondoz\u00f3 Tan\u00e1cs p\u00e1ly\u00e1zat\u00e1ban bemutatott <b>Kellermayer Dalma Lucia<\/b> eredm\u00e9nyeit kiemelked\u0151en magas sz\u00ednvonal\u00fanak tal\u00e1lta, \u00e9s sz\u00e1m\u00e1ra a f\u0151d\u00edjat \u00edt\u00e9lte meg.<br \/>\n<i>A d\u00edj elnyer\u00e9s\u00e9hez sz\u00edvb\u0151l gratul\u00e1lunk Kellermayer Dalma Lucianak, az \u0151t felk\u00e9sz\u00edt\u0151 mentoroknak \u00e9s a Semmelweis Egyetem Tehets\u00e9ggondoz\u00f3 Tan\u00e1cs\u00e1nak.<\/i><\/li>\n<li>A h\u00e9tv\u00e9g\u00e9n megrendezett La Femme g\u00e1l\u00e1n ker\u00fclt kihirdet\u00e9sre, hogy Programunk tagja, <b>Dr. T\u00f3th-Vajna Gergely<\/b> is beker\u00fclt a fiatal rem\u00e9nys\u00e9geket felkarol\u00f3 &#8222;<b>50 tehets\u00e9ges magyar fiatal<\/b>&#8221; programba, a mentora <b>Prof. Fekete Gy\u00f6rgy<\/b> lett. <i>Gratul\u00e1lunk a sz\u00e9p eredm\u00e9nyhez!<\/i> (Az al\u00e1bbi linken \u00e9rhet\u0151ek el \u00fajabb h\u00edrek ezzel kapcsolatosan.)<br \/>\n<a href=\"http:\/\/lafemme.hu\/tehetseg\/profil\/Toth-Vajna_Gergely\">http:\/\/lafemme.hu\/tehetseg\/profil\/Toth-Vajna_Gergely<\/a><\/li>\n<\/ul>\n","protected":false},"excerpt":{"rendered":"<p>Kellermayer Dalma Lucia, Dr. T\u00f3th-Vajna Gergely \u00e9s az Astellas Pharma Kft. tavaszi sikerei. A szakmai zs\u0171ri d\u00f6nt\u00e9se alapj\u00e1n, a Tehets\u00e9ggondoz\u00f3 Tan\u00e1cs \u00e1ltal jel\u00f6lt Astellas Pharma Kft, a 2015-\u00f6s \u00e9vben elnyerte a \u201eGenius Loci D\u00edj &#8211; V\u00e1llalatok \u00e9s v\u00e1llalkoz\u00f3k a tehets\u00e9gek\u00e9rt\u201d elismer\u00e9st. A sikerhez sz\u00edvb\u0151l gratul\u00e1lunk! Mentoraink \u00e9s hallgat\u00f3ink nev\u00e9ben is k\u00f6sz\u00f6nj\u00fck az \u00e9vek \u00f3ta tart\u00f3 &hellip;<\/p>\n","protected":false},"author":158,"featured_media":0,"parent":1074,"menu_order":3,"comment_status":"closed","ping_status":"closed","template":"","meta":{"_acf_changed":false,"footnotes":""},"categories":[],"tags":[],"class_list":["post-60","page","type-page","status-publish","hentry"],"acf":[],"_links":{"self":[{"href":"https:\/\/semmelweis.hu\/kerpel\/wp-json\/wp\/v2\/pages\/60","targetHints":{"allow":["GET"]}}],"collection":[{"href":"https:\/\/semmelweis.hu\/kerpel\/wp-json\/wp\/v2\/pages"}],"about":[{"href":"https:\/\/semmelweis.hu\/kerpel\/wp-json\/wp\/v2\/types\/page"}],"author":[{"embeddable":true,"href":"https:\/\/semmelweis.hu\/kerpel\/wp-json\/wp\/v2\/users\/158"}],"replies":[{"embeddable":true,"href":"https:\/\/semmelweis.hu\/kerpel\/wp-json\/wp\/v2\/comments?post=60"}],"version-history":[{"count":0,"href":"https:\/\/semmelweis.hu\/kerpel\/wp-json\/wp\/v2\/pages\/60\/revisions"}],"up":[{"embeddable":true,"href":"https:\/\/semmelweis.hu\/kerpel\/wp-json\/wp\/v2\/pages\/1074"}],"wp:attachment":[{"href":"https:\/\/semmelweis.hu\/kerpel\/wp-json\/wp\/v2\/media?parent=60"}],"wp:term":[{"taxonomy":"category","embeddable":true,"href":"https:\/\/semmelweis.hu\/kerpel\/wp-json\/wp\/v2\/categories?post=60"},{"taxonomy":"post_tag","embeddable":true,"href":"https:\/\/semmelweis.hu\/kerpel\/wp-json\/wp\/v2\/tags?post=60"}],"curies":[{"name":"wp","href":"https:\/\/api.w.org\/{rel}","templated":true}]}}