{"id":6,"date":"2019-05-08T00:00:00","date_gmt":"2019-05-08T00:00:00","guid":{"rendered":"http:\/\/test.semmelweis.hu\/kerpel\/gyik\/"},"modified":"2025-03-19T11:18:00","modified_gmt":"2025-03-19T10:18:00","slug":"gyik","status":"publish","type":"page","link":"https:\/\/semmelweis.hu\/kerpel\/bemutatkozas\/gyik\/","title":{"rendered":"Gyakran Ism\u00e9telt K\u00e9rd\u00e9sek"},"content":{"rendered":"<p><span style=\"color: #000080\"><strong>1. Milyen krit\u00e9riumok alapj\u00e1n ker\u00fclhet be valaki a Tehets\u00e9ggondoz\u00f3 Programba?<\/strong><\/span><\/p>\n<p style=\"padding-left: 40px\">\nA Kiv\u00e1l\u00f3s\u00e1gi List\u00e1ra val\u00f3 felker\u00fcl\u00e9s a m\u00faltbeli teljes\u00edtm\u00e9ny form\u00e1lis mutat\u00f3i alapj\u00e1n t\u00f6rt\u00e9nik, hogy a Tehets\u00e9ggondoz\u00f3 Program t\u00f6bbletlehet\u0151s\u00e9geiben val\u00f3 r\u00e9szes\u00fcl\u00e9st ne befoly\u00e1solhassa valamely szem\u00e9lyes ismerets\u00e9g. Ugyanakkor ezt k\u00f6vet\u0151en egy szem\u00e9lyes elbesz\u00e9lget\u00e9sre is sor ker\u00fcl, ahol a hallgat\u00f3k motiv\u00e1ci\u00f3j\u00e1r\u00f3l, szakmai-orvosi elk\u00f6telezetts\u00e9g\u00e9r\u0151l, habitus\u00e1r\u00f3l egy \u00e1rnyaltabb k\u00e9pet lehet kapni.<\/p>\n<p>\n<span style=\"color: #000080\"><strong>2. Els\u0151\u00e9ves korban mi jelenti a tehets\u00e9get, \u00e9s hogyan lehet ezt m\u00e9rni?<\/strong> <\/span><\/p>\n<p style=\"padding-left: 40px\">\nAz els\u0151 \u00e9vfolyamokon viszonylag sok k\u00f6z\u00e9piskol\u00e1b\u00f3l \u00e9rkez\u0151 tudom\u00e1nyos d\u00edjat elnyert hallgat\u00f3, \u00edgy a Kiv\u00e1l\u00f3s\u00e1gi List\u00e1ra val\u00f3 felker\u00fcl\u00e9s m\u00e1r az els\u0151\u00e9ves hallgat\u00f3k eset\u00e9n is kor\u00e1bban el\u00e9rt form\u00e1lis eredm\u00e9nyekhez k\u00f6thet\u0151.<\/p>\n<p>\n<span style=\"color: #000080\"><strong>3. Hov\u00e1 fordulhatnak azok a hallgat\u00f3k, akik tehets\u00e9gesnek \u00e9rzik magukat, de a form\u00e1lis krit\u00e9riumok alapj\u00e1n nem ker\u00fclnek be az egyetem Kiv\u00e1l\u00f3s\u00e1gi List\u00e1j\u00e1ba?<\/strong> <\/span><\/p>\n<p style=\"padding-left: 40px\">\nAz egyetem Tehets\u00e9gpontj\u00e1n az egyetem minden hallgat\u00f3j\u00e1nak joga van jelentkezni, \u00e9s seg\u00edts\u00e9get k\u00e9rni tehets\u00e9g\u00e9nek kibontakoztat\u00e1s\u00e1hoz. Indokolt esetben az adott hallgat\u00f3val az egyetem Tehets\u00e9ggondoz\u00f3 Tan\u00e1cs\u00e1nak egy vagy t\u00f6bb tagja szem\u00e9lyesen is elbesz\u00e9lget a hallgat\u00f3 speci\u00e1lis lehet\u0151s\u00e9geinek felm\u00e9r\u00e9s\u00e9re.<\/p>\n<p>\n<strong><span style=\"color: #000080\">4. Milyen seg\u00edts\u00e9get lehet kapni az egyetem Tehets\u00e9gpontj\u00e1n?<\/span> <\/strong><\/p>\n<p style=\"padding-left: 40px\">\nA Tehets\u00e9gpont r\u00e9szletes inform\u00e1ci\u00f3kat tud ny\u00fajtani a Tehets\u00e9ggondoz\u00f3 Programba val\u00f3 beker\u00fcl\u00e9s m\u00f3dj\u00e1r\u00f3l, seg\u00edts\u00e9get ad az egyetem hozz\u00e1 fordul\u00f3 b\u00e1rmely, mag\u00e1t tehets\u00e9gesnek tart\u00f3 hallgat\u00f3j\u00e1nak abban, hogy tehets\u00e9g\u00e9hez \u00e9s speci\u00e1lis ig\u00e9nyeihez m\u00e9rten r\u00e9szes\u00fclhessen az egyetem t\u00f6bbletlehet\u0151s\u00e9geib\u0151l.<\/p>\n<p>\n<span style=\"color: #000080\"><strong>5. Azoknak a di\u00e1koknak, akiknek m\u00e1r van mentoruk (TDK t\u00e9mavezet\u0151, PhD t\u00e9mavezet\u0151, laborvezet\u0151) lesz-e \u00faj mentoruk a Tehets\u00e9ggondoz\u00f3 Programban?<\/strong> <\/span><\/p>\n<p style=\"padding-left: 40px\">A mentor seg\u00edti, figyelemmel k\u00eds\u00e9ri a hallgat\u00f3 emberi, szakmai fejl\u0151d\u00e9s\u00e9t, amihez nem baj, s\u0151t a hallgat\u00f3 kapcsolatrendszere b\u0151v\u00fcl\u00e9se miatt kifejezetten hasznos, ha a mentor m\u00e1s szakter\u00fcletr\u0151l \u00e9rkezik, mint a hallgat\u00f3 eredeti szakter\u00fclete, ahol m\u00e1r pl. di\u00e1kk\u00f6r\u00f6s vezet\u0151k\u00e9nt vagy PhD t\u00e9mavezet\u0151k\u00e9nt rendelkezik szakter\u00fcleti mentorral. A hallgat\u00f3k mentorait a Tan\u00e1cs v\u00e1lasztja ki a list\u00e1n szerepl\u0151 mentorok k\u00f6z\u00fcl, de mentor lehet az is, akit a hallgat\u00f3 javasol, ha javaslat\u00e1t a Tan\u00e1cs elfogadja.<\/p>\n<p>\n<strong><span style=\"color: #000080\">6. Mit jelent a Tehets\u00e9ggondoz\u00f3 Programba ker\u00fcl\u0151 PhD hallgat\u00f3k eset\u00e9n fokozott publik\u00e1ci\u00f3s elv\u00e1r\u00e1s? A fokozatszerz\u00e9s felt\u00e9telei is v\u00e1ltoznak ezzel sz\u00e1mukra?<\/span><\/strong><\/p>\n<p style=\"padding-left: 40px\">\nA PhD hallgat\u00f3k sz\u00e1m\u00e1ra a fokozatszerz\u00e9s k\u00f6vetelm\u00e9nyeit nem v\u00e1ltoztatja meg (nem nehez\u00edti) az, hogy az adott hallgat\u00f3 a Tehets\u00e9ggondoz\u00f3 Program r\u00e9sztvev\u0151je vagy sem. Azonban azok a PhD hallgat\u00f3k, akik nem kimagasl\u00f3, a minim\u00e1lisan k\u00f6veteltn\u00e9l l\u00e9nyegesen nagyobb publik\u00e1ci\u00f3s eredm\u00e9nnyel v\u00e1gnak bele a PhD fokozat megszerz\u00e9s\u00e9be, fokozatot kaphatnak, de a Tehets\u00e9ggondoz\u00f3 Programb\u00f3l (\u00e9s ez\u00e1ltal az egyetem kiemelt figyelm\u00e9b\u0151l) kiker\u00fclnek.<\/p>\n<p style=\"padding-left: 40px\">\u00a0<\/p>\n","protected":false},"excerpt":{"rendered":"<p>1. Milyen krit\u00e9riumok alapj\u00e1n ker\u00fclhet be valaki a Tehets\u00e9ggondoz\u00f3 Programba? A Kiv\u00e1l\u00f3s\u00e1gi List\u00e1ra val\u00f3 felker\u00fcl\u00e9s a m\u00faltbeli teljes\u00edtm\u00e9ny form\u00e1lis mutat\u00f3i alapj\u00e1n t\u00f6rt\u00e9nik, hogy a Tehets\u00e9ggondoz\u00f3 Program t\u00f6bbletlehet\u0151s\u00e9geiben val\u00f3 r\u00e9szes\u00fcl\u00e9st ne befoly\u00e1solhassa valamely szem\u00e9lyes ismerets\u00e9g. Ugyanakkor ezt k\u00f6vet\u0151en egy szem\u00e9lyes elbesz\u00e9lget\u00e9sre is sor ker\u00fcl, ahol a hallgat\u00f3k motiv\u00e1ci\u00f3j\u00e1r\u00f3l, szakmai-orvosi elk\u00f6telezetts\u00e9g\u00e9r\u0151l, habitus\u00e1r\u00f3l egy \u00e1rnyaltabb k\u00e9pet lehet kapni. &hellip;<\/p>\n","protected":false},"author":158,"featured_media":0,"parent":8,"menu_order":5,"comment_status":"closed","ping_status":"closed","template":"","meta":{"_acf_changed":false,"footnotes":""},"categories":[],"tags":[],"class_list":["post-6","page","type-page","status-publish","hentry"],"acf":[],"_links":{"self":[{"href":"https:\/\/semmelweis.hu\/kerpel\/wp-json\/wp\/v2\/pages\/6","targetHints":{"allow":["GET"]}}],"collection":[{"href":"https:\/\/semmelweis.hu\/kerpel\/wp-json\/wp\/v2\/pages"}],"about":[{"href":"https:\/\/semmelweis.hu\/kerpel\/wp-json\/wp\/v2\/types\/page"}],"author":[{"embeddable":true,"href":"https:\/\/semmelweis.hu\/kerpel\/wp-json\/wp\/v2\/users\/158"}],"replies":[{"embeddable":true,"href":"https:\/\/semmelweis.hu\/kerpel\/wp-json\/wp\/v2\/comments?post=6"}],"version-history":[{"count":5,"href":"https:\/\/semmelweis.hu\/kerpel\/wp-json\/wp\/v2\/pages\/6\/revisions"}],"predecessor-version":[{"id":3559,"href":"https:\/\/semmelweis.hu\/kerpel\/wp-json\/wp\/v2\/pages\/6\/revisions\/3559"}],"up":[{"embeddable":true,"href":"https:\/\/semmelweis.hu\/kerpel\/wp-json\/wp\/v2\/pages\/8"}],"wp:attachment":[{"href":"https:\/\/semmelweis.hu\/kerpel\/wp-json\/wp\/v2\/media?parent=6"}],"wp:term":[{"taxonomy":"category","embeddable":true,"href":"https:\/\/semmelweis.hu\/kerpel\/wp-json\/wp\/v2\/categories?post=6"},{"taxonomy":"post_tag","embeddable":true,"href":"https:\/\/semmelweis.hu\/kerpel\/wp-json\/wp\/v2\/tags?post=6"}],"curies":[{"name":"wp","href":"https:\/\/api.w.org\/{rel}","templated":true}]}}