{"id":59,"date":"2019-05-08T00:00:00","date_gmt":"2019-05-08T00:00:00","guid":{"rendered":"http:\/\/test.semmelweis.hu\/kerpel\/150-47138\/"},"modified":"2019-05-08T00:00:00","modified_gmt":"2019-05-08T00:00:00","slug":"150-47138","status":"publish","type":"page","link":"https:\/\/semmelweis.hu\/kerpel\/elismeresek\/150-47138\/","title":{"rendered":"Benke K\u00e1lm\u00e1nnak cikke jelent meg a Thrombosis and Haemostasis lapban (IF: 5,76)"},"content":{"rendered":"<p><strong>Benke K\u00e1lm\u00e1nnak a Thrombosis and Haemostasis \u00fajs\u00e1gban jelent meg cikke.<\/strong><\/p>\n<p>Cikk: Benke K, \u00c1gg B, M\u00e1ty\u00e1s G, Szokolai V, Hars\u00e1nyi G, Szilveszter B, Odler B, P\u00f3los M, Maurovich-Horvat P, Radovits T, Merkely B, Nagy ZB, Szabolcs Z.<br \/>\nGene polymorphisms as risk factors for predicting the cardiovascular manifestations in Marfan syndrome. Role of folic acid metabolism enzyme gene polymorphisms in Marfan syndrome.<br \/>\nThromb Haemost. 2015 Jun 11;114(4).<\/p>\n<p>Link: <a href=\"http:\/\/www.ncbi.nlm.nih.gov\/pubmed\/?term=K%C3%A1lm%C3%A1n+Benke+GENE+polymorphism\" target=\"_blank\" rel=\"noopener noreferrer\">http:\/\/www.ncbi.nlm.nih.gov\/pubmed\/?term=K%C3%A1lm%C3%A1n+Benke+GENE+polymorphism<\/a><br \/>\nGratul\u00e1lunk!<\/p>\n","protected":false},"excerpt":{"rendered":"<p>Benke K\u00e1lm\u00e1nnak a Thrombosis and Haemostasis \u00fajs\u00e1gban jelent meg cikke. Cikk: Benke K, \u00c1gg B, M\u00e1ty\u00e1s G, Szokolai V, Hars\u00e1nyi G, Szilveszter B, Odler B, P\u00f3los M, Maurovich-Horvat P, Radovits T, Merkely B, Nagy ZB, Szabolcs Z. Gene polymorphisms as risk factors for predicting the cardiovascular manifestations in Marfan syndrome. Role of folic acid metabolism &hellip;<\/p>\n","protected":false},"author":158,"featured_media":0,"parent":1074,"menu_order":2,"comment_status":"closed","ping_status":"closed","template":"","meta":{"_acf_changed":false,"footnotes":""},"categories":[],"tags":[],"class_list":["post-59","page","type-page","status-publish","hentry"],"acf":[],"_links":{"self":[{"href":"https:\/\/semmelweis.hu\/kerpel\/wp-json\/wp\/v2\/pages\/59","targetHints":{"allow":["GET"]}}],"collection":[{"href":"https:\/\/semmelweis.hu\/kerpel\/wp-json\/wp\/v2\/pages"}],"about":[{"href":"https:\/\/semmelweis.hu\/kerpel\/wp-json\/wp\/v2\/types\/page"}],"author":[{"embeddable":true,"href":"https:\/\/semmelweis.hu\/kerpel\/wp-json\/wp\/v2\/users\/158"}],"replies":[{"embeddable":true,"href":"https:\/\/semmelweis.hu\/kerpel\/wp-json\/wp\/v2\/comments?post=59"}],"version-history":[{"count":0,"href":"https:\/\/semmelweis.hu\/kerpel\/wp-json\/wp\/v2\/pages\/59\/revisions"}],"up":[{"embeddable":true,"href":"https:\/\/semmelweis.hu\/kerpel\/wp-json\/wp\/v2\/pages\/1074"}],"wp:attachment":[{"href":"https:\/\/semmelweis.hu\/kerpel\/wp-json\/wp\/v2\/media?parent=59"}],"wp:term":[{"taxonomy":"category","embeddable":true,"href":"https:\/\/semmelweis.hu\/kerpel\/wp-json\/wp\/v2\/categories?post=59"},{"taxonomy":"post_tag","embeddable":true,"href":"https:\/\/semmelweis.hu\/kerpel\/wp-json\/wp\/v2\/tags?post=59"}],"curies":[{"name":"wp","href":"https:\/\/api.w.org\/{rel}","templated":true}]}}