{"id":58,"date":"2019-05-08T00:00:00","date_gmt":"2019-05-08T00:00:00","guid":{"rendered":"http:\/\/test.semmelweis.hu\/kerpel\/150-479350\/"},"modified":"2019-05-08T00:00:00","modified_gmt":"2019-05-08T00:00:00","slug":"150-479350","status":"publish","type":"page","link":"https:\/\/semmelweis.hu\/kerpel\/elismeresek\/150-479350\/","title":{"rendered":"D\u00e9k\u00e1ny Lea hallgat\u00f3nk k\u00fcl\u00f6nd\u00edjat nyert a Felfedezetteink 2019 p\u00e1ly\u00e1zat\u00e1n"},"content":{"rendered":"<p><strong>\u201eS\u00e1rospatak ifj\u00fa g\u00e9niusza -a t\u00e1nc, a fest\u00e9szet, term\u00e9szettudom\u00e1nyok virtu\u00f3za\u201d c\u00edmet visel\u0151 aj\u00e1nl\u00e1s\u00e1ban bemutatott D\u00e9k\u00e1ny Lea fiatal eredm\u00e9nyeit kiemelked\u0151en magas sz\u00ednvonal\u00fanak tal\u00e1lta, \u00e9s sz\u00e1m\u00e1ra k\u00fcl\u00f6nd\u00edjat \u00edt\u00e9lt meg. &#8222;<\/strong><\/p>\n<p>A magas sz\u00e1m\u00fa p\u00e1ly\u00e1z\u00f3 k\u00f6z\u00f6tt a P\u00e1ly\u00e1zati Bizotts\u00e1g hallgat\u00f3nkat, D\u00e9k\u00e1ny Le\u00e1t fiatal eredm\u00e9nyeit kiemelked\u0151en magas sz\u00ednvonal\u00fanak tal\u00e1lta, \u00e9s sz\u00e1m\u00e1ra k\u00fcl\u00f6nd\u00edjat \u00edt\u00e9lt meg, melyet m\u00e1rcius 23-\u00e1n \u00dcnnep\u00e9lyes keretek k\u00f6rz\u00f6tt adnak \u00e1t.<\/p>\n<p>A sikeres p\u00e1ly\u00e1zathoz a Nemzeti Tehets\u00e9gseg\u00edt\u0151 Tan\u00e1cs nev\u00e9ben gratul\u00e1lnak D\u00e9k\u00e1ny Le\u00e1nak, az \u0151t felk\u00e9sz\u00edt\u0151 tan\u00e1roknak \u00e9s a Semmelweis Egyetem Tehets\u00e9ggondoz\u00f3 Tan\u00e1csnak.<\/p>\n<p>A Tehets\u00e9ggondoz\u00f3 Program nev\u00e9ben mi is gratul\u00e1lunk hallgat\u00f3nknak, \u00e9s k\u00edv\u00e1nunk tov\u00e1bbi sikereket!<\/p><\/div><\/p>\n","protected":false},"excerpt":{"rendered":"<p>\u201eS\u00e1rospatak ifj\u00fa g\u00e9niusza -a t\u00e1nc, a fest\u00e9szet, term\u00e9szettudom\u00e1nyok virtu\u00f3za\u201d c\u00edmet visel\u0151 aj\u00e1nl\u00e1s\u00e1ban bemutatott D\u00e9k\u00e1ny Lea fiatal eredm\u00e9nyeit kiemelked\u0151en magas sz\u00ednvonal\u00fanak tal\u00e1lta, \u00e9s sz\u00e1m\u00e1ra k\u00fcl\u00f6nd\u00edjat \u00edt\u00e9lt meg. &#8222; A magas sz\u00e1m\u00fa p\u00e1ly\u00e1z\u00f3 k\u00f6z\u00f6tt a P\u00e1ly\u00e1zati Bizotts\u00e1g hallgat\u00f3nkat, D\u00e9k\u00e1ny Le\u00e1t fiatal eredm\u00e9nyeit kiemelked\u0151en magas sz\u00ednvonal\u00fanak tal\u00e1lta, \u00e9s sz\u00e1m\u00e1ra k\u00fcl\u00f6nd\u00edjat \u00edt\u00e9lt meg, melyet m\u00e1rcius 23-\u00e1n \u00dcnnep\u00e9lyes keretek k\u00f6rz\u00f6tt &hellip;<\/p>\n","protected":false},"author":158,"featured_media":0,"parent":1074,"menu_order":1,"comment_status":"closed","ping_status":"closed","template":"","meta":{"_acf_changed":false,"footnotes":""},"categories":[],"tags":[],"class_list":["post-58","page","type-page","status-publish","hentry"],"acf":[],"_links":{"self":[{"href":"https:\/\/semmelweis.hu\/kerpel\/wp-json\/wp\/v2\/pages\/58","targetHints":{"allow":["GET"]}}],"collection":[{"href":"https:\/\/semmelweis.hu\/kerpel\/wp-json\/wp\/v2\/pages"}],"about":[{"href":"https:\/\/semmelweis.hu\/kerpel\/wp-json\/wp\/v2\/types\/page"}],"author":[{"embeddable":true,"href":"https:\/\/semmelweis.hu\/kerpel\/wp-json\/wp\/v2\/users\/158"}],"replies":[{"embeddable":true,"href":"https:\/\/semmelweis.hu\/kerpel\/wp-json\/wp\/v2\/comments?post=58"}],"version-history":[{"count":0,"href":"https:\/\/semmelweis.hu\/kerpel\/wp-json\/wp\/v2\/pages\/58\/revisions"}],"up":[{"embeddable":true,"href":"https:\/\/semmelweis.hu\/kerpel\/wp-json\/wp\/v2\/pages\/1074"}],"wp:attachment":[{"href":"https:\/\/semmelweis.hu\/kerpel\/wp-json\/wp\/v2\/media?parent=58"}],"wp:term":[{"taxonomy":"category","embeddable":true,"href":"https:\/\/semmelweis.hu\/kerpel\/wp-json\/wp\/v2\/categories?post=58"},{"taxonomy":"post_tag","embeddable":true,"href":"https:\/\/semmelweis.hu\/kerpel\/wp-json\/wp\/v2\/tags?post=58"}],"curies":[{"name":"wp","href":"https:\/\/api.w.org\/{rel}","templated":true}]}}