{"id":46,"date":"2019-05-08T00:00:00","date_gmt":"2019-05-08T00:00:00","guid":{"rendered":"http:\/\/test.semmelweis.hu\/kerpel\/150-479311\/"},"modified":"2025-05-22T11:18:51","modified_gmt":"2025-05-22T09:18:51","slug":"igazolas","status":"publish","type":"page","link":"https:\/\/semmelweis.hu\/kerpel\/kapcsolat\/igazolas\/","title":{"rendered":"Igazol\u00e1s ig\u00e9nyl\u00e9s"},"content":{"rendered":"<p>Programunk hallgat\u00f3inak k\u00e9r\u00e9s\u00e9re igazol\u00e1st \u00e1ll\u00edtunk ki magyar vagy angol nyelven.<br \/>\nAz igazol\u00e1s felt\u00e9tele a tehets\u00e9ggondoz\u00f3 programban val\u00f3 akt\u00edv r\u00e9szv\u00e9tel:<\/p>\n<ul>\n<li><strong>jelenl\u00e9t \u00e9s seg\u00edts\u00e9g<\/strong> a program szervez\u00e9s\u00e9ben \u00e1ll\u00f3 esem\u00e9nyeken, rendezv\u00e9nyeken<\/li>\n<li>a mentorral val\u00f3 rendszeres kapcsolattart\u00e1s, ami \u00e9vente <strong>legal\u00e1bb 2 szem\u00e9lyes tal\u00e1lkoz\u00f3t<\/strong> jelent. Err\u0151l a mentort\u00f3l k\u00e9r\u00fcnk igazol\u00e1st, melyet az <a href=\"mailto:office.kerpel@gmail.com\">office.kerpel@gmail.com<\/a> email-c\u00edmre legyenek sz\u00edvesek eljuttatni.<\/li>\n<\/ul>\n\n<div class=\"wpcf7 no-js\" id=\"wpcf7-f2407-o1\" lang=\"hu-HU\" dir=\"ltr\" data-wpcf7-id=\"2407\">\n<div class=\"screen-reader-response\"><p role=\"status\" aria-live=\"polite\" aria-atomic=\"true\"><\/p> <ul><\/ul><\/div>\n<form action=\"\/kerpel\/wp-json\/wp\/v2\/pages\/46#wpcf7-f2407-o1\" method=\"post\" class=\"wpcf7-form init\" aria-label=\"Kapcsolatfelv\u00e9teli \u0171rlap\" novalidate=\"novalidate\" data-status=\"init\">\n<div style=\"display: none;\">\n<input type=\"hidden\" name=\"_wpcf7\" value=\"2407\" \/>\n<input type=\"hidden\" name=\"_wpcf7_version\" value=\"6.0.5\" \/>\n<input type=\"hidden\" name=\"_wpcf7_locale\" value=\"hu_HU\" \/>\n<input type=\"hidden\" name=\"_wpcf7_unit_tag\" value=\"wpcf7-f2407-o1\" \/>\n<input type=\"hidden\" name=\"_wpcf7_container_post\" value=\"0\" \/>\n<input type=\"hidden\" name=\"_wpcf7_posted_data_hash\" value=\"\" \/>\n<input type=\"hidden\" name=\"_wpcf7_recaptcha_response\" value=\"\" \/>\n<\/div>\n<p><label> N\u00e9v (k\u00f6telez\u0151)<\/label><br \/>\n<span class=\"wpcf7-form-control-wrap\" data-name=\"Yourname\"><input size=\"40\" maxlength=\"400\" class=\"wpcf7-form-control wpcf7-text wpcf7-validates-as-required\" aria-required=\"true\" aria-invalid=\"false\" value=\"\" type=\"text\" name=\"Yourname\" \/><\/span>\n<\/p>\n<p><label>Kar (K\u00f6telez\u0151)<\/label><br \/>\n<span class=\"wpcf7-form-control-wrap\" data-name=\"radio-602\"><span class=\"wpcf7-form-control wpcf7-radio\"><span class=\"wpcf7-list-item first\"><input type=\"radio\" name=\"radio-602\" value=\"\u00c1OK\" checked=\"checked\" \/><span class=\"wpcf7-list-item-label\">\u00c1OK<\/span><\/span><span class=\"wpcf7-list-item\"><input type=\"radio\" name=\"radio-602\" value=\"FOK\" \/><span class=\"wpcf7-list-item-label\">FOK<\/span><\/span><span class=\"wpcf7-list-item\"><input type=\"radio\" name=\"radio-602\" value=\"GYTK\" \/><span class=\"wpcf7-list-item-label\">GYTK<\/span><\/span><span class=\"wpcf7-list-item\"><input type=\"radio\" name=\"radio-602\" value=\"EKK\" \/><span class=\"wpcf7-list-item-label\">EKK<\/span><\/span><span class=\"wpcf7-list-item\"><input type=\"radio\" name=\"radio-602\" value=\"ETK\" \/><span class=\"wpcf7-list-item-label\">ETK<\/span><\/span><span class=\"wpcf7-list-item\"><input type=\"radio\" name=\"radio-602\" value=\"PAK\" \/><span class=\"wpcf7-list-item-label\">PAK<\/span><\/span><span class=\"wpcf7-list-item last\"><input type=\"radio\" name=\"radio-602\" value=\"PhD\" \/><span class=\"wpcf7-list-item-label\">PhD<\/span><\/span><\/span><\/span>\n<\/p>\n<p><label>\u00c9vfolyam (K\u00f6telez\u0151)<\/label><br \/>\n<span class=\"wpcf7-form-control-wrap\" data-name=\"your-yahree\"><input size=\"40\" maxlength=\"400\" class=\"wpcf7-form-control wpcf7-text wpcf7-validates-as-required\" aria-required=\"true\" aria-invalid=\"false\" value=\"\" type=\"text\" name=\"your-yahree\" \/><\/span>\n<\/p>\n<p><label> Email c\u00edm (k\u00f6telez\u0151)<\/label><br \/>\n<span class=\"wpcf7-form-control-wrap\" data-name=\"your-email\"><input size=\"40\" maxlength=\"400\" class=\"wpcf7-form-control wpcf7-email wpcf7-validates-as-required wpcf7-text wpcf7-validates-as-email\" aria-required=\"true\" aria-invalid=\"false\" value=\"\" type=\"email\" name=\"your-email\" \/><\/span>\n<\/p>\n<p><label>Igazol\u00e1s nyelve<\/label><br \/>\n<span class=\"wpcf7-form-control-wrap\" data-name=\"radio-518\"><span class=\"wpcf7-form-control wpcf7-radio\"><span class=\"wpcf7-list-item first\"><input type=\"radio\" name=\"radio-518\" value=\"magyar\" checked=\"checked\" \/><span class=\"wpcf7-list-item-label\">magyar<\/span><\/span><span class=\"wpcf7-list-item last\"><input type=\"radio\" name=\"radio-518\" value=\"angol\" \/><span class=\"wpcf7-list-item-label\">angol<\/span><\/span><\/span><\/span>\n<\/p>\n<p><label>Igazol\u00e1ssal kapcsolatos ig\u00e9nyed (pl.: digit\u00e1lisan szeretn\u00e9d)<\/label><br \/>\n<span class=\"wpcf7-form-control-wrap\" data-name=\"textarea-813\"><textarea cols=\"40\" rows=\"10\" maxlength=\"2000\" class=\"wpcf7-form-control wpcf7-textarea\" aria-invalid=\"false\" name=\"textarea-813\"><\/textarea><\/span>\n<\/p>\n<p><input class=\"wpcf7-form-control wpcf7-submit has-spinner\" type=\"submit\" value=\"K\u00fcld\u00e9s\" \/>\n<\/p><div class=\"wpcf7-response-output\" aria-hidden=\"true\"><\/div>\n<\/form>\n<\/div>\n\n","protected":false},"excerpt":{"rendered":"<p>Programunk hallgat\u00f3inak k\u00e9r\u00e9s\u00e9re igazol\u00e1st \u00e1ll\u00edtunk ki magyar vagy angol nyelven.<br \/>\nAz igazol\u00e1s felt\u00e9tele a tehets\u00e9ggondoz\u00f3 programban val\u00f3 akt\u00edv r\u00e9szv\u00e9tel:<\/p>\n<p>jelenl\u00e9t \u00e9s seg\u00edts\u00e9g a program szervez\u00e9s\u00e9ben \u00e1ll\u00f3 esem\u00e9nyeken, rendezv\u00e9nyeken<br \/>\na mentorral val\u00f3 rendszeres kapcsolattart\u00e1s, ami \u00e9vente legal\u00e1bb 2 szem\u00e9lyes tal\u00e1lkoz\u00f3t jelent. Err\u0151l a mentort\u00f3l k\u00e9r\u00fcnk igazol\u00e1st, melyet az <a href=\"mailto:office.kerpel@gmail.com\">office.kerpel@gmail.com<\/a> email-c\u00edmre legyenek sz\u00edvesek eljuttatni.<\/p>\n","protected":false},"author":158,"featured_media":0,"parent":979,"menu_order":2,"comment_status":"closed","ping_status":"closed","template":"","meta":{"_acf_changed":false,"footnotes":""},"categories":[],"tags":[],"class_list":["post-46","page","type-page","status-publish","hentry"],"acf":[],"_links":{"self":[{"href":"https:\/\/semmelweis.hu\/kerpel\/wp-json\/wp\/v2\/pages\/46","targetHints":{"allow":["GET"]}}],"collection":[{"href":"https:\/\/semmelweis.hu\/kerpel\/wp-json\/wp\/v2\/pages"}],"about":[{"href":"https:\/\/semmelweis.hu\/kerpel\/wp-json\/wp\/v2\/types\/page"}],"author":[{"embeddable":true,"href":"https:\/\/semmelweis.hu\/kerpel\/wp-json\/wp\/v2\/users\/158"}],"replies":[{"embeddable":true,"href":"https:\/\/semmelweis.hu\/kerpel\/wp-json\/wp\/v2\/comments?post=46"}],"version-history":[{"count":6,"href":"https:\/\/semmelweis.hu\/kerpel\/wp-json\/wp\/v2\/pages\/46\/revisions"}],"predecessor-version":[{"id":3601,"href":"https:\/\/semmelweis.hu\/kerpel\/wp-json\/wp\/v2\/pages\/46\/revisions\/3601"}],"up":[{"embeddable":true,"href":"https:\/\/semmelweis.hu\/kerpel\/wp-json\/wp\/v2\/pages\/979"}],"wp:attachment":[{"href":"https:\/\/semmelweis.hu\/kerpel\/wp-json\/wp\/v2\/media?parent=46"}],"wp:term":[{"taxonomy":"category","embeddable":true,"href":"https:\/\/semmelweis.hu\/kerpel\/wp-json\/wp\/v2\/categories?post=46"},{"taxonomy":"post_tag","embeddable":true,"href":"https:\/\/semmelweis.hu\/kerpel\/wp-json\/wp\/v2\/tags?post=46"}],"curies":[{"name":"wp","href":"https:\/\/api.w.org\/{rel}","templated":true}]}}