{"id":44,"date":"2019-05-08T00:00:00","date_gmt":"2019-05-08T00:00:00","guid":{"rendered":"http:\/\/test.semmelweis.hu\/kerpel\/eotvos-diakok_a_semmelweis_egyetemen\/"},"modified":"2019-05-08T00:00:00","modified_gmt":"2019-05-08T00:00:00","slug":"eotvos-diakok_a_semmelweis_egyetemen","status":"publish","type":"page","link":"https:\/\/semmelweis.hu\/kerpel\/partner_kozepiskolak\/eotvos-diakok_a_semmelweis_egyetemen\/","title":{"rendered":"E\u00f6tv\u00f6s-di\u00e1kok a Semmelweis Egyetemen"},"content":{"rendered":"<p><strong><a href=\"https:\/\/semmelweis.hu\/kerpel\/files\/2019\/05\/Kzpiskols_dikok.JPG.jpg\"><img loading=\"lazy\" decoding=\"async\" class=\"size-medium wp-image-546 alignright\" src=\"https:\/\/semmelweis.hu\/kerpel\/files\/2019\/05\/Kzpiskols_dikok.JPG-300x225.jpg\" alt=\"\" width=\"300\" height=\"225\" \/><\/a>A tatai E\u00f6tv\u00f6s J\u00f3zsef Gimn\u00e1ziumot 2008-ban v\u00e1lasztotta partneriskol\u00e1j\u00e1v\u00e1 a Semmelweis Egyetem. Az\u00f3ta \u00e9vente k\u00e9t alkalommal egy-egy di\u00e1kcsoport l\u00e1togat el az egyetem \u00e1ltal szervezett programokra. Az a szerencse \u00e9rt benn\u00fcnket, hogy mi is r\u00e9szt vehett\u00fcnk a SOTE novemberi Tehets\u00e9gnapj\u00e1n.<\/strong><\/p>\n<p style=\"text-align: justify\">Izgalommal sz\u00e1lltunk vonatra, \u00e9s alig v\u00e1rtuk, hogy megl\u00e1thassuk sokunk rem\u00e9nyeinek, \u00e1lmainak helysz\u00edn\u00e9t, a SOTE f\u0151\u00e9p\u00fclet\u00e9t. A modern \u00fcvegpalot\u00e1ba csak szigor\u00fa biztons\u00e1gi \u0151r enged\u00e9ly\u00e9vel l\u00e9phett\u00fcnk be.<\/p>\n<p style=\"text-align: justify\">Kicsit megszeppent\u00fcnk a sok idegen vagy \u00e9pp szaknyelven besz\u00e9l\u0151 hallgat\u00f3 k\u00f6z\u00f6tt, de szerencs\u00e9re nem kellett sok\u00e1ig v\u00e1rakozni, kezd\u0151dtek a programok! Kisebb csoportokban indultunk felfedezni az egyetem int\u00e9zm\u00e9nyeit. Di\u00e1kt\u00e1rsaimmal a k\u00f6vetkez\u0151 int\u00e9zm\u00e9nyekbe jutottunk el: Transzplant\u00e1ci\u00f3s Klinika, Szem\u00e9szeti Klinika, Biofizikai Int\u00e9zet, Gyermekklinika, \u00c9lettani Int\u00e9zet, Anat\u00f3miai M\u00fazeum, Or\u00e1lbiol\u00f3gia Tansz\u00e9k, OMSZ k\u00f6zpont \u00e9s Igazs\u00e1g\u00fcgyi Orvostani Int\u00e9zet. Az int\u00e9zm\u00e9nyek bemutat\u00e1sa mindannyiunknak nagyon tetszett, kedvesen fogadtak benn\u00fcnket.<\/p>\n<p style=\"text-align: justify\">Az int\u00e9zm\u00e9nyl\u00e1togat\u00e1s ut\u00e1n a f\u0151\u00e9p\u00fclet Hevesy-el\u0151ad\u00f3term\u00e9ben igazi egyetemist\u00e1k m\u00f3dj\u00e1ra hallgathattuk meg dr. Magyar L\u00f3r\u00e1nt igazs\u00e1g\u00fcgyi-orvosszak\u00e9rt\u0151 Dr. Csont c\u00edm\u0171 fantasztikus el\u0151ad\u00e1s\u00e1t. Sok nevet\u00e9s \u00e9s \u00e1mul\u00e1s k\u00f6zben megtudtuk, hogy mir\u0151l \u00e1rulkodnak a csontmaradv\u00e1nyok, s hogyan seg\u00edti a szak\u00e9rt\u0151 a nyomoz\u00e1sokat.<\/p>\n<p style=\"text-align: justify\">Ezut\u00e1n a DNS anal\u00edzis rejtelmeibe vezetett be benn\u00fcnket dr. Bedi Krisztina. Meglep\u0151dt\u00fcnk a m\u00f3dszer hat\u00e9konys\u00e1g\u00e1n, hisz ak\u00e1r egy joghurtban maradt ny\u00e1lminta is el\u00e9g lehet a szem\u00e9lyazonos\u00edt\u00e1shoz. Az el\u0151ad\u00e1s v\u00e9g\u00e9n egy k\u00f6ny\u00f6rtelen tesztet kaptunk, ahol egy k\u00e9rd\u00e9sre mind\u00f6ssze 30 m\u00e1sodperc alatt kellett v\u00e1laszolni. Na igen, most m\u00e1r \u00e1t\u00e9rezhetj\u00fck az egyetemi hangulatot! Term\u00e9szetesen ez nem szegte kedv\u00fcnket, \u00e9s v\u00e9g\u00fcl kicsit f\u00e1radtan, de boldogan, el\u00e9gedetten vonatoztunk haza Tat\u00e1ra.<br \/>\nMindannyian nagyon hasznosnak \u00e9s \u00e9rdekesnek tartottuk a programokat \u2013 k\u00f6sz\u00f6net \u00e9rte a szervez\u0151knek!<br \/>\nBiztosak vagyunk abban, hogy a SOTE az id\u00e9n is els\u0151 helyek k\u00f6z\u00f6tt szerepel az E\u00f6tv\u00f6s-di\u00e1kok jelentkez\u00e9si lapj\u00e1n \u2013 benn\u00fcnket meggy\u0151ztek!<\/p>\n<p><i>K\u00f6sz\u00f6nettel: Annoh Jennifer, Bors\u00f3 D\u00f3ra<\/i><br \/>\n<i>E\u00f6tv\u00f6s J\u00f3zsef Gimn\u00e1zium, Tata<\/i><br \/>\n<i>Tata, 2011. november 18. <\/i><\/p>\n","protected":false},"excerpt":{"rendered":"<p><a href=\"https:\/\/semmelweis.hu\/kerpel\/files\/2019\/05\/Kzpiskols_dikok.JPG.jpg\"><\/a> A tatai E\u00f6tv\u00f6s J\u00f3zsef Gimn\u00e1ziumot 2008-ban v\u00e1lasztotta partneriskol\u00e1j\u00e1v\u00e1 a Semmelweis Egyetem. Az\u00f3ta \u00e9vente k\u00e9t alkalommal egy-egy di\u00e1kcsoport l\u00e1togat el az egyetem \u00e1ltal szervezett programokra. Az a szerencse \u00e9rt benn\u00fcnket, hogy mi is r\u00e9szt vehett\u00fcnk a SOTE novemberi Tehets\u00e9gnapj\u00e1n. Izgalommal sz\u00e1lltunk vonatra, \u00e9s alig v\u00e1rtuk, hogy megl\u00e1thassuk sokunk rem\u00e9nyeinek, \u00e1lmainak helysz\u00edn\u00e9t, a SOTE f\u0151\u00e9p\u00fclet\u00e9t. A modern &hellip;<\/p>\n","protected":false},"author":158,"featured_media":0,"parent":10,"menu_order":2,"comment_status":"closed","ping_status":"closed","template":"","meta":{"_acf_changed":false,"footnotes":""},"categories":[],"tags":[],"class_list":["post-44","page","type-page","status-publish","hentry"],"acf":[],"_links":{"self":[{"href":"https:\/\/semmelweis.hu\/kerpel\/wp-json\/wp\/v2\/pages\/44","targetHints":{"allow":["GET"]}}],"collection":[{"href":"https:\/\/semmelweis.hu\/kerpel\/wp-json\/wp\/v2\/pages"}],"about":[{"href":"https:\/\/semmelweis.hu\/kerpel\/wp-json\/wp\/v2\/types\/page"}],"author":[{"embeddable":true,"href":"https:\/\/semmelweis.hu\/kerpel\/wp-json\/wp\/v2\/users\/158"}],"replies":[{"embeddable":true,"href":"https:\/\/semmelweis.hu\/kerpel\/wp-json\/wp\/v2\/comments?post=44"}],"version-history":[{"count":0,"href":"https:\/\/semmelweis.hu\/kerpel\/wp-json\/wp\/v2\/pages\/44\/revisions"}],"up":[{"embeddable":true,"href":"https:\/\/semmelweis.hu\/kerpel\/wp-json\/wp\/v2\/pages\/10"}],"wp:attachment":[{"href":"https:\/\/semmelweis.hu\/kerpel\/wp-json\/wp\/v2\/media?parent=44"}],"wp:term":[{"taxonomy":"category","embeddable":true,"href":"https:\/\/semmelweis.hu\/kerpel\/wp-json\/wp\/v2\/categories?post=44"},{"taxonomy":"post_tag","embeddable":true,"href":"https:\/\/semmelweis.hu\/kerpel\/wp-json\/wp\/v2\/tags?post=44"}],"curies":[{"name":"wp","href":"https:\/\/api.w.org\/{rel}","templated":true}]}}