{"id":43,"date":"2019-05-08T00:00:00","date_gmt":"2019-05-08T00:00:00","guid":{"rendered":"http:\/\/test.semmelweis.hu\/kerpel\/150-43052\/"},"modified":"2019-05-08T00:00:00","modified_gmt":"2019-05-08T00:00:00","slug":"150-43052","status":"publish","type":"page","link":"https:\/\/semmelweis.hu\/kerpel\/partner_kozepiskolak\/150-43052\/","title":{"rendered":"Az E\u00f6tv\u00f6s J\u00f3zsef Gimn\u00e1zium k\u00f6sz\u00f6n\u0151levele"},"content":{"rendered":"<p><strong>Az al\u00e1bbiakban olvashatj\u00e1k S\u00e1ndor Istv\u00e1n, az E\u00f6tv\u00f6s J\u00f3zsef Gimn\u00e1zium tan\u00e1r\u00e1nak k\u00f6sz\u00f6n\u0151level\u00e9t a szeptemberi egyeteml\u00e1togat\u00e1s kapcs\u00e1n<\/strong><\/p>\n<p><a href=\"https:\/\/semmelweis.hu\/kerpel\/files\/2019\/05\/P1010136.JPG.jpg\"><img loading=\"lazy\" decoding=\"async\" class=\"size-medium wp-image-569 alignright\" src=\"https:\/\/semmelweis.hu\/kerpel\/files\/2019\/05\/P1010136.JPG-300x225.jpg\" alt=\"\" width=\"300\" height=\"225\" \/><\/a>Kedves Be\u00e1ta!<\/p>\n<p style=\"text-align: justify\">K\u00f6sz\u00f6nj\u00fck sz\u00e9pen, hogy lehet\u0151v\u00e9 tett\u00e9k sz\u00e1munkra az egyetem megl\u00e1togat\u00e1s\u00e1t. \u0150szint\u00e9n mondom, a n\u00e9met koll\u00e9g\u00e1k is \u00e9s a gyerekek is le voltak ny\u0171g\u00f6zve, azon a v\u00e9lem\u00e9nyen voltak, hogy rendk\u00edv\u00fcli lehet\u0151s\u00e9g volt ez az egyetl\u00e1togat\u00e1s sz\u00e1mukra; \u00e9s mindenkinek igaz\u00e1n nagy \u00e9lm\u00e9ny volt. K\u00fcl\u00f6n\u00f6sen, hogy n\u00e9met nyelven kaptak \u00e9rt\u00e9kes inform\u00e1ci\u00f3kat az SE \u00e1lt\u00e1lanos \u00e9s soksz\u00edn\u0171 orvosk\u00e9pz\u0151 \u00e9s tudom\u00e1nyos tev\u00e9kenys\u00e9g\u00e9r\u0151l \u00e9s az egyes int\u00e9zetek h\u00e9tk\u00f6znapi kutat\u00f3 munk\u00e1j\u00e1r\u00f3l egyar\u00e1nt.<\/p>\n<p style=\"text-align: justify\">H\u00e1l\u00e1val tartozom Ligeti Erzs\u00e9bet Professzor Asszonynak \u00e9s Kellermayer Mikl\u00f3s Professzor \u00darnak, mind Dr. Szab\u00f3 Attila titk\u00e1r \u00farnak, hogy partnerk\u00e9nt tekintettek r\u00e1nk, \u00e9s seg\u00edtett\u00e9k ennek az esem\u00e9nynek a megval\u00f3sul\u00e1s\u00e1t.<br \/>\nK\u00f6sz\u00f6nj\u00fck Murvai \u00dcnig\u00e9nek, Dr B\u00e1nky N\u00f3r\u00e1nak \u00e9s Kolonics Ferencnek a t\u00e1j\u00e9koztat\u00e1st \u00e9s az int\u00e9zeti kalauzol\u00e1sokat.<br \/>\n\u00c9s nemk\u00fcl\u00f6nben \u00d6nnek j\u00e1r k\u00f6sz\u00f6net a sok munk\u00e1\u00e9rt , amit a l\u00e1togat\u00e1s megval\u00f3sul\u00e1s\u00e1\u00e9rt tett.<\/p>\n<p style=\"text-align: justify\">A Robert Bosch Gimn\u00e1ziummal 26 \u00e9ve vagyunk parneriskol\u00e1k, az iskola Gerlingenben (Stuttgart vonz\u00e1sk\u00f6rzete) tal\u00e1lhat\u00f3. Id\u00e9n 23 di\u00e1k \u00e9s k\u00e9t k\u00eds\u00e9r\u0151tan\u00e1r \u00e9rkezett 1 h\u00e9tre hozz\u00e1nk. Az idei partnerkapcsolat k\u00f6zponti t\u00e9m\u00e1j\u00e1nak a (k\u00fclf\u00f6ldi) tov\u00e1bbtanul\u00e1si lehet\u0151s\u00e9geket v\u00e1lasztotta k\u00f6z\u00f6sen a k\u00e9t partneriskola n\u00e9met mk-e. Ennek keret\u00e9ben ker\u00fclt sor a SE l\u00e1togat\u00e1s\u00e1ra is.<\/p>\n<p>M\u00e9g egyszer k\u00f6sz\u00f6n\u00f6m!<br \/>\n\u00dcdv\u00f6zlettel:<br \/>\nS\u00e1ndor Istv\u00e1n<\/p>\n<\/div>\n","protected":false},"excerpt":{"rendered":"<p>Az al\u00e1bbiakban olvashatj\u00e1k S\u00e1ndor Istv\u00e1n, az E\u00f6tv\u00f6s J\u00f3zsef Gimn\u00e1zium tan\u00e1r\u00e1nak k\u00f6sz\u00f6n\u0151level\u00e9t a szeptemberi egyeteml\u00e1togat\u00e1s kapcs\u00e1n <a href=\"https:\/\/semmelweis.hu\/kerpel\/files\/2019\/05\/P1010136.JPG.jpg\"><\/a> Kedves Be\u00e1ta! K\u00f6sz\u00f6nj\u00fck sz\u00e9pen, hogy lehet\u0151v\u00e9 tett\u00e9k sz\u00e1munkra az egyetem megl\u00e1togat\u00e1s\u00e1t. \u0150szint\u00e9n mondom, a n\u00e9met koll\u00e9g\u00e1k is \u00e9s a gyerekek is le voltak ny\u0171g\u00f6zve, azon a v\u00e9lem\u00e9nyen voltak, hogy rendk\u00edv\u00fcli lehet\u0151s\u00e9g volt ez az egyetl\u00e1togat\u00e1s sz\u00e1mukra; \u00e9s mindenkinek igaz\u00e1n nagy &hellip;<\/p>\n","protected":false},"author":158,"featured_media":0,"parent":10,"menu_order":1,"comment_status":"closed","ping_status":"closed","template":"","meta":{"_acf_changed":false,"footnotes":""},"categories":[],"tags":[],"class_list":["post-43","page","type-page","status-publish","hentry"],"acf":[],"_links":{"self":[{"href":"https:\/\/semmelweis.hu\/kerpel\/wp-json\/wp\/v2\/pages\/43","targetHints":{"allow":["GET"]}}],"collection":[{"href":"https:\/\/semmelweis.hu\/kerpel\/wp-json\/wp\/v2\/pages"}],"about":[{"href":"https:\/\/semmelweis.hu\/kerpel\/wp-json\/wp\/v2\/types\/page"}],"author":[{"embeddable":true,"href":"https:\/\/semmelweis.hu\/kerpel\/wp-json\/wp\/v2\/users\/158"}],"replies":[{"embeddable":true,"href":"https:\/\/semmelweis.hu\/kerpel\/wp-json\/wp\/v2\/comments?post=43"}],"version-history":[{"count":0,"href":"https:\/\/semmelweis.hu\/kerpel\/wp-json\/wp\/v2\/pages\/43\/revisions"}],"up":[{"embeddable":true,"href":"https:\/\/semmelweis.hu\/kerpel\/wp-json\/wp\/v2\/pages\/10"}],"wp:attachment":[{"href":"https:\/\/semmelweis.hu\/kerpel\/wp-json\/wp\/v2\/media?parent=43"}],"wp:term":[{"taxonomy":"category","embeddable":true,"href":"https:\/\/semmelweis.hu\/kerpel\/wp-json\/wp\/v2\/categories?post=43"},{"taxonomy":"post_tag","embeddable":true,"href":"https:\/\/semmelweis.hu\/kerpel\/wp-json\/wp\/v2\/tags?post=43"}],"curies":[{"name":"wp","href":"https:\/\/api.w.org\/{rel}","templated":true}]}}