{"id":39,"date":"2019-05-08T00:00:00","date_gmt":"2019-05-08T00:00:00","guid":{"rendered":"http:\/\/test.semmelweis.hu\/kerpel\/150-39839\/"},"modified":"2022-03-05T18:59:05","modified_gmt":"2022-03-05T17:59:05","slug":"150-39839","status":"publish","type":"page","link":"https:\/\/semmelweis.hu\/kerpel\/bemutatkozas\/kivalosagi_listara_kerules_szabalyrendszere\/150-39839\/","title":{"rendered":"List\u00e1ra ker\u00fcl\u00e9s \u00e9s a list\u00e1n marad\u00e1s felt\u00e9telei"},"content":{"rendered":"<p>Az egyetem Kiv\u00e1l\u00f3s\u00e1gi List\u00e1j\u00e1ra val\u00f3 felker\u00fcl\u00e9s felt\u00e9tele az aktu\u00e1lis \u00e9vfolyamnak megfelel\u0151 pontsz\u00e1m el\u00e9r\u00e9se, a fennmarad\u00e1s felt\u00e9tele a k\u00f6vetkez\u0151 tan\u00e9vben az, hogy az adott hallgat\u00f3 az eggyel feljebb l\u00e9v\u0151 \u00e9vfolyam tagjaival szemben t\u00e1masztott ponthat\u00e1rt el\u00e9rje. A ponthat\u00e1rok a Tan\u00e1cs kor\u00e1bbi d\u00f6nt\u00e9se alapj\u00e1n jelenleg az al\u00e1bbiak:<\/p>\n<table style=\"width: 70%;height: 858px\" border=\"0\">\n<tbody>\n<tr style=\"height: 33px\">\n<th style=\"height: 33px;width: 29.9475%\">Kar<\/th>\n<th style=\"height: 33px;width: 21.8914%\">\u00c9vfolyam<\/th>\n<th style=\"height: 33px;width: 47.8109%\">pontsz\u00e1m<\/th>\n<\/tr>\n<tr style=\"height: 33px\">\n<td style=\"height: 33px;width: 29.9475%\">\u00c1OK<\/td>\n<td style=\"height: 33px;width: 21.8914%\">I.<\/td>\n<td style=\"height: 33px;width: 47.8109%\">28 pont<\/td>\n<\/tr>\n<tr style=\"height: 33px\">\n<td style=\"height: 33px;width: 29.9475%\">\u00c1OK<\/td>\n<td style=\"height: 33px;width: 21.8914%\">II.<\/td>\n<td style=\"height: 33px;width: 47.8109%\">30 pont<\/td>\n<\/tr>\n<tr style=\"height: 33px\">\n<td style=\"height: 33px;width: 29.9475%\">\u00c1OK<\/td>\n<td style=\"height: 33px;width: 21.8914%\">III.<\/td>\n<td style=\"height: 33px;width: 47.8109%\">32 pont<\/td>\n<\/tr>\n<tr style=\"height: 33px\">\n<td style=\"height: 33px;width: 29.9475%\">\u00c1OK<\/td>\n<td style=\"height: 33px;width: 21.8914%\">IV.<\/td>\n<td style=\"height: 33px;width: 47.8109%\">34 pont<\/td>\n<\/tr>\n<tr style=\"height: 33px\">\n<td style=\"height: 33px;width: 29.9475%\">\u00c1OK<\/td>\n<td style=\"height: 33px;width: 21.8914%\">V.<\/td>\n<td style=\"height: 33px;width: 47.8109%\">36 pont<\/td>\n<\/tr>\n<tr style=\"height: 33px\">\n<td style=\"height: 33px;width: 29.9475%\">\u00c1OK<\/td>\n<td style=\"height: 33px;width: 21.8914%\">VI.<\/td>\n<td style=\"height: 33px;width: 47.8109%\">38 pont<\/td>\n<\/tr>\n<tr style=\"height: 33px\">\n<td style=\"height: 33px;width: 29.9475%\">FOK<\/td>\n<td style=\"height: 33px;width: 21.8914%\">I.<\/td>\n<td style=\"height: 33px;width: 47.8109%\">19 pont<\/td>\n<\/tr>\n<tr style=\"height: 33px\">\n<td style=\"height: 33px;width: 29.9475%\">FOK<\/td>\n<td style=\"height: 33px;width: 21.8914%\">II.<\/td>\n<td style=\"height: 33px;width: 47.8109%\">21 pont<\/td>\n<\/tr>\n<tr style=\"height: 33px\">\n<td style=\"height: 33px;width: 29.9475%\">FOK<\/td>\n<td style=\"height: 33px;width: 21.8914%\">III.<\/td>\n<td style=\"height: 33px;width: 47.8109%\">23 pont<\/td>\n<\/tr>\n<tr style=\"height: 33px\">\n<td style=\"height: 33px;width: 29.9475%\">FOK<\/td>\n<td style=\"height: 33px;width: 21.8914%\">IV.<\/td>\n<td style=\"height: 33px;width: 47.8109%\">25 pont<\/td>\n<\/tr>\n<tr style=\"height: 33px\">\n<td style=\"height: 33px;width: 29.9475%\">FOK<\/td>\n<td style=\"height: 33px;width: 21.8914%\">V.<\/td>\n<td style=\"height: 33px;width: 47.8109%\">27 pont<\/td>\n<\/tr>\n<tr style=\"height: 33px\">\n<td style=\"height: 33px;width: 29.9475%\">GyTK<\/td>\n<td style=\"height: 33px;width: 21.8914%\">I.<\/td>\n<td style=\"height: 33px;width: 47.8109%\">17 pont<\/td>\n<\/tr>\n<tr style=\"height: 33px\">\n<td style=\"height: 33px;width: 29.9475%\">GyTK<\/td>\n<td style=\"height: 33px;width: 21.8914%\">II.<\/td>\n<td style=\"height: 33px;width: 47.8109%\">19 pont<\/td>\n<\/tr>\n<tr style=\"height: 33px\">\n<td style=\"height: 33px;width: 29.9475%\">GyTK<\/td>\n<td style=\"height: 33px;width: 21.8914%\">III.<\/td>\n<td style=\"height: 33px;width: 47.8109%\">21 pont<\/td>\n<\/tr>\n<tr style=\"height: 33px\">\n<td style=\"height: 33px;width: 29.9475%\">GyTK<\/td>\n<td style=\"height: 33px;width: 21.8914%\">IV.<\/td>\n<td style=\"height: 33px;width: 47.8109%\">23 pont<\/td>\n<\/tr>\n<tr style=\"height: 33px\">\n<td style=\"height: 33px;width: 29.9475%\">GyTK<\/td>\n<td style=\"height: 33px;width: 21.8914%\">V.<\/td>\n<td style=\"height: 33px;width: 47.8109%\">25 pont<\/td>\n<\/tr>\n<tr style=\"height: 33px\">\n<td style=\"height: 33px;width: 29.9475%\">ETK<\/td>\n<td style=\"height: 33px;width: 21.8914%\">I.<\/td>\n<td style=\"height: 33px;width: 47.8109%\">17 pont<\/td>\n<\/tr>\n<tr style=\"height: 33px\">\n<td style=\"height: 33px;width: 29.9475%\">ETK<\/td>\n<td style=\"height: 33px;width: 21.8914%\">II.<\/td>\n<td style=\"height: 33px;width: 47.8109%\">19 pont<\/td>\n<\/tr>\n<tr style=\"height: 33px\">\n<td style=\"height: 33px;width: 29.9475%\">ETK<\/td>\n<td style=\"height: 33px;width: 21.8914%\">III.<\/td>\n<td style=\"height: 33px;width: 47.8109%\">21 pont<\/td>\n<\/tr>\n<tr style=\"height: 33px\">\n<td style=\"height: 33px;width: 29.9475%\">EKK<\/td>\n<td style=\"width: 21.8914%\">I.<\/td>\n<td style=\"width: 47.8109%\">17 pont<\/td>\n<\/tr>\n<tr style=\"height: 33px\">\n<td style=\"height: 33px;width: 29.9475%\">EKK<\/td>\n<td style=\"width: 21.8914%\">II.<\/td>\n<td style=\"width: 47.8109%\">19 pont<\/td>\n<\/tr>\n<tr style=\"height: 33px\">\n<td style=\"height: 33px;width: 29.9475%\">EKK<\/td>\n<td style=\"width: 21.8914%\">III.<\/td>\n<td style=\"width: 47.8109%\">21 pont<\/td>\n<\/tr>\n<tr style=\"height: 33px\">\n<td style=\"height: 33px;width: 29.9475%\">PAK<\/td>\n<td style=\"width: 21.8914%\">I.<\/td>\n<td style=\"width: 47.8109%\">17 pont<\/td>\n<\/tr>\n<tr style=\"height: 33px\">\n<td style=\"height: 33px;width: 29.9475%\">PAK<\/td>\n<td style=\"width: 21.8914%\">II.<\/td>\n<td style=\"width: 47.8109%\">19 pont<\/td>\n<\/tr>\n<tr style=\"height: 33px\">\n<td style=\"height: 33px;width: 29.9475%\">PAK<\/td>\n<td style=\"width: 21.8914%\">III.<\/td>\n<td style=\"width: 47.8109%\">21 pont<\/td>\n<\/tr>\n<\/tbody>\n<\/table>\n","protected":false},"excerpt":{"rendered":"<p>Az egyetem Kiv\u00e1l\u00f3s\u00e1gi List\u00e1j\u00e1ra val\u00f3 felker\u00fcl\u00e9s felt\u00e9tele az aktu\u00e1lis \u00e9vfolyamnak megfelel\u0151 pontsz\u00e1m el\u00e9r\u00e9se, a fennmarad\u00e1s felt\u00e9tele a k\u00f6vetkez\u0151 tan\u00e9vben az, hogy az adott hallgat\u00f3 az eggyel feljebb l\u00e9v\u0151 \u00e9vfolyam tagjaival szemben t\u00e1masztott ponthat\u00e1rt el\u00e9rje. A ponthat\u00e1rok a Tan\u00e1cs kor\u00e1bbi d\u00f6nt\u00e9se alapj\u00e1n jelenleg az al\u00e1bbiak: Kar \u00c9vfolyam pontsz\u00e1m \u00c1OK I. 28 pont \u00c1OK II. 30 pont &hellip;<\/p>\n","protected":false},"author":158,"featured_media":0,"parent":38,"menu_order":0,"comment_status":"closed","ping_status":"closed","template":"","meta":{"_acf_changed":false,"footnotes":""},"categories":[],"tags":[],"class_list":["post-39","page","type-page","status-publish","hentry"],"acf":[],"_links":{"self":[{"href":"https:\/\/semmelweis.hu\/kerpel\/wp-json\/wp\/v2\/pages\/39","targetHints":{"allow":["GET"]}}],"collection":[{"href":"https:\/\/semmelweis.hu\/kerpel\/wp-json\/wp\/v2\/pages"}],"about":[{"href":"https:\/\/semmelweis.hu\/kerpel\/wp-json\/wp\/v2\/types\/page"}],"author":[{"embeddable":true,"href":"https:\/\/semmelweis.hu\/kerpel\/wp-json\/wp\/v2\/users\/158"}],"replies":[{"embeddable":true,"href":"https:\/\/semmelweis.hu\/kerpel\/wp-json\/wp\/v2\/comments?post=39"}],"version-history":[{"count":7,"href":"https:\/\/semmelweis.hu\/kerpel\/wp-json\/wp\/v2\/pages\/39\/revisions"}],"predecessor-version":[{"id":3160,"href":"https:\/\/semmelweis.hu\/kerpel\/wp-json\/wp\/v2\/pages\/39\/revisions\/3160"}],"up":[{"embeddable":true,"href":"https:\/\/semmelweis.hu\/kerpel\/wp-json\/wp\/v2\/pages\/38"}],"wp:attachment":[{"href":"https:\/\/semmelweis.hu\/kerpel\/wp-json\/wp\/v2\/media?parent=39"}],"wp:term":[{"taxonomy":"category","embeddable":true,"href":"https:\/\/semmelweis.hu\/kerpel\/wp-json\/wp\/v2\/categories?post=39"},{"taxonomy":"post_tag","embeddable":true,"href":"https:\/\/semmelweis.hu\/kerpel\/wp-json\/wp\/v2\/tags?post=39"}],"curies":[{"name":"wp","href":"https:\/\/api.w.org\/{rel}","templated":true}]}}