{"id":38,"date":"2019-05-08T00:00:00","date_gmt":"2019-05-08T00:00:00","guid":{"rendered":"http:\/\/test.semmelweis.hu\/kerpel\/kivalosagi_listara_kerules_szabalyrendszere\/"},"modified":"2024-04-16T14:33:48","modified_gmt":"2024-04-16T12:33:48","slug":"kivalosagi_listara_kerules_szabalyrendszere","status":"publish","type":"page","link":"https:\/\/semmelweis.hu\/kerpel\/bemutatkozas\/kivalosagi_listara_kerules_szabalyrendszere\/","title":{"rendered":"A Kiv\u00e1l\u00f3s\u00e1gi Lista szab\u00e1ly- \u00e9s pontrendszere"},"content":{"rendered":"<p><strong>A Tan\u00e1cs kor\u00e1bbi d\u00f6nt\u00e9se alapj\u00e1n a Kerpel-Fronius \u00d6d\u00f6n tehets\u00e9ggondoz\u00f3 programba az egyetem Kiv\u00e1l\u00f3s\u00e1gi List\u00e1j\u00e1n szerepl\u0151 magyar \u00e9s idegen nyelv\u0171 hallgat\u00f3k k\u00f6z\u00fcl azok ker\u00fclnek be, akiket a Tehets\u00e9ggondoz\u00f3 Tan\u00e1cs szem\u00e9lyes elbesz\u00e9lget\u00e9s alapj\u00e1n arra m\u00e9lt\u00f3nak tart. A Kiv\u00e1l\u00f3s\u00e1gi List\u00e1r\u00f3l az el\u0151zetes v\u00e1rakoz\u00e1sok szerint az ott szerepl\u0151 hallgat\u00f3k kb. fele lesz a Tehets\u00e9ggondoz\u00f3 Program r\u00e9sztvev\u0151je. Az al\u00e1bbi szab\u00e1lyrendszer e folyamat szab\u00e1lyainak r\u00e9szletes kifejt\u00e9s\u00e9t c\u00e9lozza.<\/strong><\/p>\n<div class=\"responsive-tabs\">\n<h2 class=\"tabtitle\">Beker\u00fcl\u00e9s menete<\/h2>\n<div class=\"tabcontent\">\n\n<h4><span style=\"color: #3366ff\">Beker\u00fcl\u00e9s az egyetem Kiv\u00e1l\u00f3s\u00e1gi List\u00e1j\u00e1ra<\/span><\/h4>\n<p>A Kiv\u00e1l\u00f3s\u00e1gi List\u00e1ra val\u00f3 beker\u00fcl\u00e9s ponthat\u00e1r\u00e1t az al\u00e1bbi tev\u00e9kenys\u00e9gekre kapott pontok alapj\u00e1n \u00fagy kell megh\u00fazni, hogy arra az egyetem adott \u00e9vfolyam\u00e1n tanul\u00f3 magyar nyelv\u0171 hallgat\u00f3inak kb. 5%-a ker\u00fclj\u00f6n be. (Ennek alapj\u00e1n az I. \u00e9s II. \u00e9v Kiv\u00e1l\u00f3s\u00e1gi List\u00e1i egyenk\u00e9nt kb. 40-50 f\u0151t tartalmazhatnak, a Doktori Iskola hallgat\u00f3inak Kiv\u00e1l\u00f3s\u00e1gi List\u00e1ja kb. 25 f\u0151s lehet).<\/p>\n<h4><span style=\"color: #3366ff\">A. Tanulm\u00e1nyi eredm\u00e9nyre adhat\u00f3 pontok<\/span><\/h4>\n<ul>\n<li>az addigi kredit-index 4 eg\u00e9sz feletti r\u00e9sze h\u00fasszoros\u00e1nak megfelel\u0151 pont, illetve els\u0151\u00e9vesek eset\u00e9n az aktu\u00e1lis felv\u00e9teli pontsz\u00e1m \u00e9s a minim\u00e1lis felv\u00e9teli pontsz\u00e1m k\u00fcl\u00f6nbs\u00e9g\u00e9nek a maxim\u00e1lis \u00e9s minim\u00e1lis felv\u00e9teli pontsz\u00e1m k\u00f6z\u00f6tti k\u00fcl\u00f6nbs\u00e9ggel k\u00e9pzett h\u00e1nyadosa szorozva h\u00fasszal<\/li>\n<li>tanulm\u00e1nyi versenyeredm\u00e9nyek: nemzetk\u00f6zi (pl. di\u00e1kolimpia, EU ifj\u00fa tud\u00f3s verseny) I-II-III 6\/5\/4, orsz\u00e1gos (pl. OKTV) els\u0151 3\/t\u00edz\/d\u00f6nt\u0151\/m\u00e1sodik fordul\u00f3 4\/3\/2\/1, helyi, region\u00e1lis, megyei (pl. Semmelweis Egyetem) I-II-III d\u00edjak: 2\/1\/1 pont (megjegyz\u00e9s: ha az adott verseny csapatverseny volt, fele pontsz\u00e1m j\u00e1r)<\/li>\n<\/ul>\n<h4><span style=\"color: #3366ff\">B. Tudom\u00e1nyos teljes\u00edtm\u00e9nyre adhat\u00f3 pontok<\/span><\/h4>\n<ul>\n<li style=\"list-style-type: none\">\n<ul>\n<li>egyetemi vagy region\u00e1lis k\u00f6z\u00e9piskolai TDK konferencia I, II, III hely: 3,2,1 pont<\/li>\n<li>orsz\u00e1gos TDK konferencia (innov\u00e1ci\u00f3s verseny) I, II, III hely (ill. k\u00fcl\u00f6nd\u00edj): 6,4,2 pont<\/li>\n<li>rektori p\u00e1ly\u00e1zat (essz\u00e9versenyek, pl. Term\u00e9szet Vil\u00e1ga) I, II hely, III. hely\/dics\u00e9ret: 3,2,1 pont<\/li>\n<\/ul>\n<\/li>\n<\/ul>\n<hr \/>\n<ul>\n<li>els\u0151szerz\u0151s hazai tudom\u00e1nyos cikk: 2 pont; t\u00e1rsszerz\u0151s 1 pont<\/li>\n<li>els\u0151szerz\u0151s nemzetk\u00f6zi tudom\u00e1nyos cikk: 6 pont; t\u00e1rsszerz\u0151s 3 pont<\/li>\n<li>tov\u00e1bbi 2 pontot kap, aki a szakter\u00fcleti PhD k\u00f6vetelm\u00e9nyt el\u00e9ri, 4 pontot, aki ezt jelent\u0151sen (m\u00e1sf\u00e9lszeres\u00e9vel) meghaladja<\/li>\n<li>els\u0151szerz\u0151s el\u0151ad\u00e1s\/poszter hazai tudom\u00e1nyos (nem di\u00e1kk\u00f6ri) konferenci\u00e1n: 2 pont<\/li>\n<li>els\u0151szerz\u0151s el\u0151ad\u00e1s\/poszter nemzetk\u00f6zi tudom\u00e1nyos (nem di\u00e1kk\u00f6ri) konferenci\u00e1n: 4 pont (id\u00e9zhet\u0151, els\u0151szerz\u0151s absztrakt eset\u00e9n tov\u00e1bbi 1 pont)<\/li>\n<li>tudom\u00e1nyos d\u00edjak: \u00e9rdem szerint, de \u00e1ltal\u00e1ban: 2-4 pont\/d\u00edj<\/li>\n<\/ul>\n<h4><span style=\"color: #3366ff\">C. Egy\u00e9b \u00e9rdemekre adhat\u00f3 pontok<\/span><\/h4>\n<ul>\n<li>sz\u00ednvonalas, legal\u00e1bb egy f\u00e9l\u00e9ves demonstr\u00e1tori tev\u00e9kenys\u00e9g, vagy PhD mellett v\u00e9gzett oktat\u00f3 munka: 2 pont (a f\u00e9l\u00e9vek sz\u00e1m\u00e1t\u00f3l f\u00fcggetlen\u00fcl)<\/li>\n<li>nyelvvizsga: fels\u0151fok 4 pont, k\u00f6z\u00e9pfok: 2 pont<\/li>\n<li>sporteredm\u00e9ny: olimpiai\/vil\u00e1g \u00e9rem 20, Eur\u00f3pa\/Universiade I-II-III 9\/6\/3, magyar I-II-III 6\/4\/2 pont<\/li>\n<li>kiemelked\u0151 kultur\u00e1lis eredm\u00e9ny: \u00e9rdem szerint, de \u00e1ltal\u00e1ban 2-4 pont\/d\u00edj-ki\u00e1ll\u00edt\u00e1s-stb.<\/li>\n<li>k\u00f6z\u00e9leti tev\u00e9kenys\u00e9g: \u00e9rdem \u00e9s intenzit\u00e1s szerint fontos tiszts\u00e9genk\u00e9nt maximum 2 pont id\u0151tartamt\u00f3l f\u00fcggetlen\u00fcl; \u00f6sszess\u00e9g\u00e9ben az erre kaphat\u00f3 pontok m\u00e9rt\u00e9ke nem haladhatja meg a 8-at<\/li>\n<\/ul>\n<p>Megjegyz\u00e9s:<br \/>\nA Doktori Iskola hallgat\u00f3ira a vonal alatti pontok vonatkoznak csak. Az Eg\u00e9szs\u00e9gtudom\u00e1nyi Kar hallgat\u00f3ira vonatkoz\u00f3 pontrendszert a Kar tehets\u00e9ggondoz\u00f3 szab\u00e1lyzata tartalmazza.<\/p>\n<p>A p\u00e1ly\u00e1zatokban szerepl\u0151 anyagokat a Tan\u00e1cs Titk\u00e1rs\u00e1ga a Tan\u00e1cs erre megb\u00edzott tagjainak fel\u00fcgyelet\u00e9vel \u00f6sszes\u00edti. Az \u00f6sszes\u00edtett pontok alapj\u00e1n kialakul az egyetem hallgat\u00f3inak karonk\u00e9nt \u00e9s \u00e9vfolyamonk\u00e9nt, illetve a Doktori Iskol\u00e1ban k\u00fcl\u00f6n vett rangsora, amely rangsorban a Tan\u00e1cs ezzel foglalkoz\u00f3 \u00fcl\u00e9s\u00e9n \u201evonalat h\u00faz\u201d \u00e9s a e vonal feletti hallgat\u00f3k v\u00e1lnak a Kiv\u00e1l\u00f3s\u00e1gi Lista r\u00e9szeseiv\u00e9.<\/p>\n\n<\/div><h2 class=\"tabtitle\">Kiv\u00e1l\u00f3s\u00e1gi lista<\/h2>\n<div class=\"tabcontent\">\n\n<p>A Semmelweis Egyetem Kiv\u00e1l\u00f3s\u00e1gi List\u00e1j\u00e1n azok a hallgat\u00f3k szerepelnek, akik mind tanulm\u00e1nyi, mind szoci\u00e1lis \u00e9s sport eredm\u00e9nyeikkel el\u00e9rt\u00e9k a felv\u00e9telhez sz\u00fcks\u00e9ges ponthat\u00e1rt, de a tan\u00e1cstagok d\u00f6nt\u00e9se alapj\u00e1n az aktu\u00e1lis \u00e9vben nem ker\u00fclt be a Kerpel-Fronius \u00d6d\u00f6n Tehets\u00e9ggondoz\u00f3 Program mentor\u00e1ltjai k\u00f6z\u00e9.<\/p>\n<div class=\"exp-col-content-holder\">\n<div class=\"exp-col-content-holder\"><a class=\"expand-cnt-link\" href=\"#\">2024-BEN A KIV\u00c1L\u00d3S\u00c1GI LIST\u00c1RA KER\u00dcLT HALLGAT\u00d3K<\/a><\/p>\n<div class=\"hidden-content\">\n<p class=\"hiddenContentp\"><strong>\u00c1ltal\u00e1nos Orvostudom\u00e1nyi Kar<\/strong><\/p>\n<p class=\"hiddenContentp\"><em>I. \u00e9vfolyam<\/em><br \/>\nKiss Gell\u00e9rt Patrik<\/p>\n<p class=\"hiddenContentp\"><em>III. \u00e9vfolyam<\/em><br \/>\nFeh\u00e9rv\u00e1ri Fl\u00f3ra<\/p>\n<\/div>\n<\/div>\n<p><a class=\"expand-cnt-link\" href=\"#\">2021-ben a Kiv\u00e1l\u00f3s\u00e1gi List\u00e1ra ker\u00fclt hallgat\u00f3k<\/a><\/p>\n<div class=\"hidden-content\">\n<table style=\"border-collapse: collapse;width: 59.763%;height: 330px\">\n<tbody>\n<tr style=\"height: 33px\">\n<td style=\"width: 53.2972%;height: 33px\" colspan=\"2\"><strong>\u00c1ltal\u00e1nos Orvostudom\u00e1nyi Kar<\/strong><\/td>\n<\/tr>\n<tr style=\"height: 33px\">\n<td style=\"width: 39.8273%;height: 33px\">V\u00e1raljai Christofer<\/td>\n<td style=\"width: 13.4699%;height: 33px\">I. \u00e9vfolyam<\/td>\n<\/tr>\n<tr style=\"height: 33px\">\n<td style=\"width: 39.8273%;height: 33px\">Falus M\u00e1rton J\u00e1nos<\/td>\n<td style=\"width: 13.4699%;height: 33px\">II. \u00e9vfolyam<\/td>\n<\/tr>\n<tr style=\"height: 33px\">\n<td style=\"width: 39.8273%;height: 33px\">Horny\u00e1k Bal\u00e1zs Lajos<\/td>\n<td style=\"width: 13.4699%;height: 33px\">IV. \u00e9vfolyam<\/td>\n<\/tr>\n<tr style=\"height: 33px\">\n<td style=\"width: 53.2972%;height: 33px\" colspan=\"2\"><strong>Gy\u00f3gyszer\u00e9sztudom\u00e1nyi Kar<\/strong><\/td>\n<\/tr>\n<tr style=\"height: 33px\">\n<td style=\"width: 39.8273%;height: 33px\">Bebesi \u00c1kos L\u00e1szl\u00f3<\/td>\n<td style=\"width: 13.4699%;height: 33px\">I. \u00e9vfolyam<\/td>\n<\/tr>\n<tr style=\"height: 33px\">\n<td style=\"width: 53.2972%;height: 33px\" colspan=\"2\"><strong>Doktori Iskola<\/strong><\/td>\n<\/tr>\n<tr style=\"height: 33px\">\n<td style=\"width: 39.8273%;height: 33px\">Stengl Roland<\/td>\n<td style=\"width: 13.4699%;height: 33px\">\u00a0I. \u00e9vfolyam<\/td>\n<\/tr>\n<tr style=\"height: 33px\">\n<td style=\"width: 53.2972%;height: 33px\" colspan=\"2\"><strong>N\u00e9met hallgat\u00f3<\/strong><\/td>\n<\/tr>\n<tr>\n<td style=\"width: 39.8273%\">Johannes Koller<\/td>\n<td style=\"width: 13.4699%\">IV. \u00e9vfolyam<\/td>\n<\/tr>\n<tr style=\"height: 33px\">\n<td style=\"width: 39.8273%;height: 33px\">Maryam Hashemi<\/td>\n<td style=\"width: 13.4699%;height: 33px\">IV. \u00e9vfolyam<\/td>\n<\/tr>\n<\/tbody>\n<\/table>\n<p>&nbsp;<\/p>\n<\/div>\n<\/div>\n<div class=\"exp-col-content-holder\"><a class=\"expand-cnt-link\" href=\"#\">2020-ban a Kiv\u00e1l\u00f3s\u00e1gi List\u00e1ra ker\u00fclt hallgat\u00f3k<\/a><\/p>\n<div class=\"hidden-content\">\n<table style=\"border-collapse: collapse;width: 58.903%\">\n<tbody>\n<tr>\n<td style=\"width: 53.521%\" colspan=\"2\"><strong>\u00c1ltal\u00e1nos Orvostudom\u00e1nyi Kar<\/strong><\/td>\n<\/tr>\n<tr>\n<td style=\"width: 36.6667%\">Kov\u00e1cs Domonkos El\u0151d<\/td>\n<td style=\"width: 16.8543%\">I. \u00e9vfolyam<\/td>\n<\/tr>\n<tr>\n<td style=\"width: 36.6667%\">Hahn Vikt\u00f3ria<\/td>\n<td style=\"width: 16.8543%\">III. \u00e9vfolyam<\/td>\n<\/tr>\n<tr>\n<td style=\"width: 53.521%\" colspan=\"2\"><strong>Gy\u00f3gyszer\u00e9sztudom\u00e1nyi Kar<\/strong><\/td>\n<\/tr>\n<tr>\n<td style=\"width: 36.6667%\">Hal\u00e1sz P\u00e9ter S\u00e1ndor<\/td>\n<td style=\"width: 16.8543%\">I. \u00e9vfolyam<\/td>\n<\/tr>\n<tr>\n<td style=\"width: 36.6667%\">P\u00e1sztor Bal\u00e1zs L\u00e1szl\u00f3<\/td>\n<td style=\"width: 16.8543%\">V. \u00e9vfolyam<\/td>\n<\/tr>\n<tr>\n<td style=\"width: 53.521%\" colspan=\"2\"><strong>Eg\u00e9szs\u00e9g\u00fcgyi K\u00f6zszolg\u00e1lati Kar<\/strong><\/td>\n<\/tr>\n<tr>\n<td style=\"width: 36.6667%\">H\u0151nig D\u00e1vid<\/td>\n<td style=\"width: 16.8543%\">III. \u00e9vfolyam<\/td>\n<\/tr>\n<tr>\n<td style=\"width: 53.521%\" colspan=\"2\"><strong>Doktori Iskola<\/strong><\/td>\n<\/tr>\n<tr>\n<td style=\"width: 36.6667%\">Szepes Borb\u00e1la \u00c9va<\/td>\n<td style=\"width: 16.8543%\">I. \u00e9vfolyam<\/td>\n<\/tr>\n<tr>\n<td style=\"width: 36.6667%\">Czeti \u00c1gnes<\/td>\n<td style=\"width: 16.8543%\">II. \u00e9vfolyam<\/td>\n<\/tr>\n<tr>\n<td style=\"width: 36.6667%\">Dr. Tak\u00e1cs Ferenc<\/td>\n<td style=\"width: 16.8543%\">II. \u00e9vfolyam<\/td>\n<\/tr>\n<\/tbody>\n<\/table>\n<p class=\"hiddenContentp\">\u00a0<\/p>\n<\/div>\n<\/div>\n<div class=\"exp-col-content-holder\"><a class=\"expand-cnt-link\" href=\"#\">2019-ben a Kiv\u00e1l\u00f3s\u00e1gi List\u00e1ra felker\u00fclt hallgat\u00f3k<\/a><\/p>\n<div class=\"hidden-content\">\n<table style=\"border-collapse: collapse;width: 54.9912%;height: 290px\">\n<tbody>\n<tr style=\"height: 29px\">\n<td style=\"width: 50.6989%;height: 29px\" colspan=\"2\"><strong>\u00c1ltal\u00e1nos Orvostudom\u00e1nyi Kar<\/strong><\/td>\n<\/tr>\n<tr style=\"height: 29px\">\n<td style=\"width: 37.0192%;height: 29px\">F\u00f6lsz Orsolya<\/td>\n<td style=\"width: 13.6797%;height: 29px\">I. \u00e9vf.<\/td>\n<\/tr>\n<tr style=\"height: 29px\">\n<td style=\"width: 37.0192%;height: 29px\">Gergely Tam\u00e1s<\/td>\n<td style=\"width: 13.6797%;height: 29px\">V. \u00e9vf.<\/td>\n<\/tr>\n<tr style=\"height: 29px\">\n<td style=\"width: 37.0192%;height: 29px\">Zakari\u00e1s S\u00e1ra Judit<\/td>\n<td style=\"width: 13.6797%;height: 29px\">V. \u00e9vf.<\/td>\n<\/tr>\n<tr style=\"height: 29px\">\n<td style=\"width: 37.0192%;height: 29px\">Zich\u00f3 Kriszti\u00e1n<\/td>\n<td style=\"width: 13.6797%;height: 29px\">V. \u00e9vf.<\/td>\n<\/tr>\n<tr style=\"height: 29px\">\n<td style=\"width: 50.6989%;height: 29px\" colspan=\"2\"><strong>Doktori Iskola<\/strong><\/td>\n<\/tr>\n<tr style=\"height: 29px\">\n<td style=\"width: 37.0192%;height: 29px\">G\u00f6m\u00f6ri Kamilla<\/td>\n<td style=\"width: 13.6797%;height: 29px\">\u00a0<\/td>\n<\/tr>\n<tr style=\"height: 29px\">\n<td style=\"width: 37.0192%;height: 29px\">Dr. M\u00e9sz\u00e1ros Martina<\/td>\n<td style=\"width: 13.6797%;height: 29px\">\u00a0<\/td>\n<\/tr>\n<tr style=\"height: 29px\">\n<td style=\"width: 37.0192%;height: 29px\">T\u00f3th Krisztina<\/td>\n<td style=\"width: 13.6797%;height: 29px\">\u00a0<\/td>\n<\/tr>\n<tr style=\"height: 29px\">\n<td style=\"width: 37.0192%;height: 29px\">Sipos Evelin<\/td>\n<td style=\"width: 13.6797%;height: 29px\">\u00a0<\/td>\n<\/tr>\n<tr>\n<td style=\"width: 37.0192%\">Dr. Nagy Zs\u00f3fia<\/td>\n<td style=\"width: 13.6797%\">\u00a0<\/td>\n<\/tr>\n<tr>\n<td style=\"width: 37.0192%\">Ag\u00f3cs R\u00f3bert Istv\u00e1n<\/td>\n<td style=\"width: 13.6797%\">\u00a0<\/td>\n<\/tr>\n<tr>\n<td style=\"width: 37.0192%\">Z\u00f6ldi Mikl\u00f3s<\/td>\n<td style=\"width: 13.6797%\">\u00a0<\/td>\n<\/tr>\n<\/tbody>\n<\/table>\n<p class=\"hiddenContentp\">\u00a0<\/p>\n<\/div>\n<\/div>\n<div class=\"exp-col-content-holder\"><a class=\"expand-cnt-link\" href=\"#\">2018-ban a Kiv\u00e1l\u00f3s\u00e1gi List\u00e1ra felker\u00fclt hallgat\u00f3k<\/a><\/p>\n<div class=\"hidden-content\">\n<table style=\"border-collapse: collapse;width: 42.7717%\">\n<tbody>\n<tr>\n<td style=\"width: 100%\"><strong>\u00c1ltal\u00e1nos Orvostudom\u00e1nyi Kar<\/strong><\/td>\n<\/tr>\n<tr>\n<td style=\"width: 100%\">Horv\u00e1th Vikt\u00f3ria<\/td>\n<\/tr>\n<tr>\n<td style=\"width: 100%\"><strong>Doktori Iskola<\/strong><\/td>\n<\/tr>\n<tr>\n<td style=\"width: 100%\">Dr. Balogh Mih\u00e1ly<\/td>\n<\/tr>\n<tr>\n<td style=\"width: 100%\">D\u00e9ri M\u00e1t\u00e9 Tam\u00e1s<\/td>\n<\/tr>\n<\/tbody>\n<\/table>\n<p class=\"hiddenContentp\">\u00a0<\/p>\n<\/div>\n<\/div>\n<\/div><\/div>\n","protected":false},"excerpt":{"rendered":"<p>A Tan\u00e1cs kor\u00e1bbi d\u00f6nt\u00e9se alapj\u00e1n a Kerpel-Fronius \u00d6d\u00f6n tehets\u00e9ggondoz\u00f3 programba az egyetem Kiv\u00e1l\u00f3s\u00e1gi List\u00e1j\u00e1n szerepl\u0151 magyar \u00e9s idegen nyelv\u0171 hallgat\u00f3k k\u00f6z\u00fcl azok ker\u00fclnek be, akiket a Tehets\u00e9ggondoz\u00f3 Tan\u00e1cs szem\u00e9lyes elbesz\u00e9lget\u00e9s alapj\u00e1n arra m\u00e9lt\u00f3nak tart. A Kiv\u00e1l\u00f3s\u00e1gi List\u00e1r\u00f3l az el\u0151zetes v\u00e1rakoz\u00e1sok szerint az ott szerepl\u0151 hallgat\u00f3k kb. fele lesz a Tehets\u00e9ggondoz\u00f3 Program r\u00e9sztvev\u0151je. Az al\u00e1bbi szab\u00e1lyrendszer &hellip;<\/p>\n","protected":false},"author":158,"featured_media":0,"parent":8,"menu_order":3,"comment_status":"closed","ping_status":"closed","template":"","meta":{"_acf_changed":false,"footnotes":""},"categories":[],"tags":[],"class_list":["post-38","page","type-page","status-publish","hentry"],"acf":[],"_links":{"self":[{"href":"https:\/\/semmelweis.hu\/kerpel\/wp-json\/wp\/v2\/pages\/38","targetHints":{"allow":["GET"]}}],"collection":[{"href":"https:\/\/semmelweis.hu\/kerpel\/wp-json\/wp\/v2\/pages"}],"about":[{"href":"https:\/\/semmelweis.hu\/kerpel\/wp-json\/wp\/v2\/types\/page"}],"author":[{"embeddable":true,"href":"https:\/\/semmelweis.hu\/kerpel\/wp-json\/wp\/v2\/users\/158"}],"replies":[{"embeddable":true,"href":"https:\/\/semmelweis.hu\/kerpel\/wp-json\/wp\/v2\/comments?post=38"}],"version-history":[{"count":11,"href":"https:\/\/semmelweis.hu\/kerpel\/wp-json\/wp\/v2\/pages\/38\/revisions"}],"predecessor-version":[{"id":3391,"href":"https:\/\/semmelweis.hu\/kerpel\/wp-json\/wp\/v2\/pages\/38\/revisions\/3391"}],"up":[{"embeddable":true,"href":"https:\/\/semmelweis.hu\/kerpel\/wp-json\/wp\/v2\/pages\/8"}],"wp:attachment":[{"href":"https:\/\/semmelweis.hu\/kerpel\/wp-json\/wp\/v2\/media?parent=38"}],"wp:term":[{"taxonomy":"category","embeddable":true,"href":"https:\/\/semmelweis.hu\/kerpel\/wp-json\/wp\/v2\/categories?post=38"},{"taxonomy":"post_tag","embeddable":true,"href":"https:\/\/semmelweis.hu\/kerpel\/wp-json\/wp\/v2\/tags?post=38"}],"curies":[{"name":"wp","href":"https:\/\/api.w.org\/{rel}","templated":true}]}}