{"id":3769,"date":"2026-02-10T14:35:41","date_gmt":"2026-02-10T13:35:41","guid":{"rendered":"https:\/\/semmelweis.hu\/kerpel\/?page_id=3769"},"modified":"2026-02-10T14:37:56","modified_gmt":"2026-02-10T13:37:56","slug":"kerpel-olvasokor","status":"publish","type":"page","link":"https:\/\/semmelweis.hu\/kerpel\/hallgatoknak\/kerpel-olvasokor\/","title":{"rendered":"Kerpel Olvas\u00f3k\u00f6r"},"content":{"rendered":"<p>A Kerpel Olvas\u00f3k\u00f6r egy havi rendszeress\u00e9ggel tartott besz\u00e9lget\u00e9s, elm\u00e9lked\u00e9s egy adott olvasm\u00e1nyhoz kapcsol\u00f3d\u00f3an. R\u00f6vid irodalmi \u00edr\u00e1sok, melyek elolvas\u00e1sa csup\u00e1n n\u00e9h\u00e1ny percet vesz ig\u00e9nybe, de ezzel m\u00e1r el is \u00e9rte c\u00e9lj\u00e1t. P\u00e1r perc lelassul\u00e1st, kapcsol\u00f3d\u00e1st a t\u00f6rt\u00e9nethez, \u00f6nmagunkhoz \u00e9s gondolatainkhoz, hogy azt\u00e1n ezeket egy t\u00e1rsas\u00e1g keretein bel\u00fcl is el\u0151h\u00edvhassuk.<\/p>\n<p>Kinek sz\u00f3l az olvas\u00f3k\u00f6r?<\/p>\n<p>Neked, \u00e9s mindenkinek. Aki szeret olvasni vagy m\u00e9g nem tudja, hogy szeret. Aki szeretne kiszakadni a h\u00e9tk\u00f6znapokb\u00f3l egy kis id\u0151re \u00e9s \u00faj vagy r\u00e9gr\u0151l ismert emberekkel kapcsol\u00f3dva k\u00fcl\u00f6nb\u00f6z\u0151 t\u00e9m\u00e1kat \u00e9rintve besz\u00e9lgetni.<\/p>\n<p>Szervez\u0151: Varga Anita<\/p>\n<div class=\"nH\">\n<div class=\"aHU hx\">\n<div role=\"list\">\n<div class=\"h7 ie\" role=\"listitem\" aria-expanded=\"true\">\n<div class=\"Bk\">\n<div class=\"G3 G2\">\n<div>\n<div id=\"avWBGd-1968\">\n<div id=\"avWBGd-1969\">\n<div class=\"adn ads\" data-message-id=\"#msg-f:1856199035343734018\" data-legacy-message-id=\"19c28b3026160502\">\n<div class=\"gs\">\n<div class=\"\">\n<div id=\":2hp\" class=\"ii gt\">\n<div id=\":2i7\" class=\"a3s aiL\">\n<div id=\"avWBGd-1985\">\n<div dir=\"ltr\">\n<div>\n<p><img loading=\"lazy\" decoding=\"async\" class=\"an1\" src=\"https:\/\/fonts.gstatic.com\/s\/e\/notoemoji\/16.0\/2728\/72.png\" alt=\"\u2728\" width=\"21\" height=\"21\" data-emoji=\"\u2728\" aria-label=\"\u2728\" \/><img loading=\"lazy\" decoding=\"async\" class=\"an1\" src=\"https:\/\/fonts.gstatic.com\/s\/e\/notoemoji\/16.0\/1f4da\/72.png\" alt=\"\ud83d\udcda\" width=\"24\" height=\"24\" data-emoji=\"\ud83d\udcda\" aria-label=\"\ud83d\udcda\" \/>\u00a0<strong>Olvas\u00f3k\u00f6r \u2013 Negyedik Tal\u00e1lkoz\u00f3<\/strong>\u00a0<img loading=\"lazy\" decoding=\"async\" class=\"an1\" src=\"https:\/\/fonts.gstatic.com\/s\/e\/notoemoji\/16.0\/1f4da\/72.png\" alt=\"\ud83d\udcda\" width=\"25\" height=\"25\" data-emoji=\"\ud83d\udcda\" aria-label=\"\ud83d\udcda\" \/><img loading=\"lazy\" decoding=\"async\" class=\"an1\" src=\"https:\/\/fonts.gstatic.com\/s\/e\/notoemoji\/16.0\/2728\/72.png\" alt=\"\u2728\" width=\"14\" height=\"14\" data-emoji=\"\u2728\" aria-label=\"\u2728\" \/><\/p>\n<p>Hosszabb kihagy\u00e1s ut\u00e1n v\u00e9gre \u00fajra \u00f6sszegy\u0171l\u00fcnk \u2013 ez lesz az idei \u00e9v <strong>els\u0151 olvas\u00f3k\u00f6ri alkalma. A vizsgaid\u0151szak megpr\u00f3b\u00e1ltat\u00e1sai ut\u00e1n<\/strong>\u00a0egy nyugodt, inspir\u00e1l\u00f3 besz\u00e9lget\u00e9ssel ind\u00edtjuk az \u00e9vet, ahol ism\u00e9t az irodalom\u00e9 \u00e9s a k\u00f6z\u00f6ss\u00e9g\u00e9 a f\u0151szerep.<\/p>\n<p>Ez\u00fattal k\u00e9t k\u00fcl\u00f6nleges novella ker\u00fcl a k\u00f6z\u00e9ppontba, amelyek remek alapot adnak a k\u00f6z\u00f6s gondolkod\u00e1shoz \u00e9s eszmecser\u00e9hez:<\/p>\n<p>\u00a0<strong>A novell\u00e1k:<\/strong><br \/>\nSuszter N\u00f3ra: Hatvanegy\u00a0\u00a0\u00a0\u2013\u00a0<a id=\"m_-8034971963052868392gmail-anchor-e07f68a8-5a50-c50a-a921-52c148d77182\" href=\"https:\/\/novella.jcdecaux.hu\/hu\/dontosok\/novella-152.html\" target=\"_blank\" rel=\"noopener noreferrer\">https:\/\/novella.jcdecaux.hu\/hu\/dontosok\/novella-152.html<\/a>\u00a0(olvas\u00e1si id\u0151: 4 perc)<\/p>\n<p>P\u00f6lczman P\u00e9ter: Minden\u00a0\u2013\u00a0<a id=\"m_-8034971963052868392gmail-anchor-f08b08e1-5427-61fe-f07f-5721f2715309\" href=\"https:\/\/novella.jcdecaux.hu\/hu\/dontosok\/novella-103.html\" target=\"_blank\" rel=\"noopener noreferrer\">https:\/\/novella.jcdecaux.hu\/hu\/dontosok\/novella-103.html<\/a>\u00a0(olvas\u00e1si id\u0151: 4 perc)<\/p>\n<p><strong>Id\u0151pont<\/strong><br \/>\n2026. febru\u00e1r 26. (cs\u00fct\u00f6rt\u00f6k), 17:00<\/p>\n<p><strong>Helysz\u00edn<\/strong><br \/>\nNagyv\u00e1rad t\u00e9ri Elm\u00e9leti T\u00f6mb \u2013 H\u00d6K Di\u00e1kcentrum<\/p>\n<p><strong>Mi v\u00e1r r\u00e1d?<\/strong><\/p>\n<ul>\n<li>K\u00f6tetlen, bens\u0151s\u00e9ges besz\u00e9lget\u00e9s m\u00e1sf\u00e9l \u00f3r\u00e1ban<\/li>\n<li>Meleg tea \u00e9s apr\u00f3 finoms\u00e1gok<\/li>\n<li>Bar\u00e1ts\u00e1gos, nyitott \u00e9s inspir\u00e1l\u00f3 k\u00f6z\u00f6ss\u00e9g<\/li>\n<li>Egy lassabb, figyelmesebb egy\u00fcttl\u00e9t az \u00e9vkezd\u00e9s \u00e9s a vizsg\u00e1k ut\u00e1n.<\/li>\n<\/ul>\n<p>Ha hi\u00e1nyzott m\u00e1r egy j\u00f3 besz\u00e9lget\u00e9s \u00e9s egy kis k\u00f6z\u00f6s gondolkod\u00e1s, itt a helyed \u2013 ind\u00edtsuk egy\u00fctt az \u00e9vet egy tartalmas olvas\u00f3k\u00f6ri alkalommal!\u00a0<\/p>\n<p>R\u00e9szv\u00e9teled az al\u00e1bbi form kit\u00f6lt\u00e9s\u00e9vel jelezheted sz\u00e1munkra:\u00a0<a id=\"m_-8034971963052868392gmail-anchor-d88b3ee8-14a8-6bac-15e9-300fff21cd1a\" href=\"https:\/\/docs.google.com\/forms\/d\/e\/1FAIpQLSck94y6hjnZbyR_5v338mEEUppINqtVnznu-gJULDUPzySleQ\/viewform?usp=header\" target=\"_blank\" rel=\"noopener noreferrer\">https:\/\/docs.google.com\/forms\/d\/e\/1FAIpQLSck94y6hjnZbyR_5v338mEEUppINqtVnznu-gJULDUPzySleQ\/viewform?usp=header<\/a><\/p>\n<\/div>\n<\/div>\n<\/div>\n<\/div>\n<\/div>\n<\/div>\n<\/div>\n<\/div>\n<\/div>\n<\/div>\n<\/div>\n<\/div>\n<\/div>\n<\/div>\n<\/div>\n<\/div>\n<\/div>\n<p>&nbsp;<\/p>\n<p>&nbsp;<\/p>\n","protected":false},"excerpt":{"rendered":"<p>A Kerpel Olvas\u00f3k\u00f6r egy havi rendszeress\u00e9ggel tartott besz\u00e9lget\u00e9s, elm\u00e9lked\u00e9s egy adott olvasm\u00e1nyhoz kapcsol\u00f3d\u00f3an. R\u00f6vid irodalmi \u00edr\u00e1sok, melyek elolvas\u00e1sa csup\u00e1n n\u00e9h\u00e1ny percet vesz ig\u00e9nybe, de ezzel m\u00e1r el is \u00e9rte c\u00e9lj\u00e1t. P\u00e1r perc lelassul\u00e1st, kapcsol\u00f3d\u00e1st a t\u00f6rt\u00e9nethez, \u00f6nmagunkhoz \u00e9s gondolatainkhoz, hogy azt\u00e1n ezeket egy t\u00e1rsas\u00e1g keretein bel\u00fcl is el\u0151h\u00edvhassuk. Kinek sz\u00f3l az olvas\u00f3k\u00f6r? Neked, \u00e9s mindenkinek. &hellip;<\/p>\n","protected":false},"author":101894,"featured_media":0,"parent":3735,"menu_order":0,"comment_status":"closed","ping_status":"closed","template":"","meta":{"_acf_changed":false,"footnotes":""},"categories":[],"tags":[],"class_list":["post-3769","page","type-page","status-publish","hentry"],"acf":[],"_links":{"self":[{"href":"https:\/\/semmelweis.hu\/kerpel\/wp-json\/wp\/v2\/pages\/3769","targetHints":{"allow":["GET"]}}],"collection":[{"href":"https:\/\/semmelweis.hu\/kerpel\/wp-json\/wp\/v2\/pages"}],"about":[{"href":"https:\/\/semmelweis.hu\/kerpel\/wp-json\/wp\/v2\/types\/page"}],"author":[{"embeddable":true,"href":"https:\/\/semmelweis.hu\/kerpel\/wp-json\/wp\/v2\/users\/101894"}],"replies":[{"embeddable":true,"href":"https:\/\/semmelweis.hu\/kerpel\/wp-json\/wp\/v2\/comments?post=3769"}],"version-history":[{"count":2,"href":"https:\/\/semmelweis.hu\/kerpel\/wp-json\/wp\/v2\/pages\/3769\/revisions"}],"predecessor-version":[{"id":3772,"href":"https:\/\/semmelweis.hu\/kerpel\/wp-json\/wp\/v2\/pages\/3769\/revisions\/3772"}],"up":[{"embeddable":true,"href":"https:\/\/semmelweis.hu\/kerpel\/wp-json\/wp\/v2\/pages\/3735"}],"wp:attachment":[{"href":"https:\/\/semmelweis.hu\/kerpel\/wp-json\/wp\/v2\/media?parent=3769"}],"wp:term":[{"taxonomy":"category","embeddable":true,"href":"https:\/\/semmelweis.hu\/kerpel\/wp-json\/wp\/v2\/categories?post=3769"},{"taxonomy":"post_tag","embeddable":true,"href":"https:\/\/semmelweis.hu\/kerpel\/wp-json\/wp\/v2\/tags?post=3769"}],"curies":[{"name":"wp","href":"https:\/\/api.w.org\/{rel}","templated":true}]}}