{"id":3747,"date":"2026-02-10T13:19:33","date_gmt":"2026-02-10T12:19:33","guid":{"rendered":"https:\/\/semmelweis.hu\/kerpel\/?page_id=3747"},"modified":"2026-02-10T13:19:33","modified_gmt":"2026-02-10T12:19:33","slug":"izgalmas-szakmai-programok-a-ii-semmelweis-kerpel-tehetsegtabor-diakjainak","status":"publish","type":"page","link":"https:\/\/semmelweis.hu\/kerpel\/junior-akademia\/semmelweis-kerpel-tehetsegtabor\/izgalmas-szakmai-programok-a-ii-semmelweis-kerpel-tehetsegtabor-diakjainak\/","title":{"rendered":"Izgalmas szakmai programok a II. Semmelweis-Kerpel Tehets\u00e9gt\u00e1bor di\u00e1kjainak"},"content":{"rendered":"<blockquote class=\"wp-embedded-content\" data-secret=\"17vJN8sruq\"><p><a href=\"https:\/\/semmelweis.hu\/hirek\/2025\/07\/16\/izgalmas-szakmai-programok-a-ii-semmelweis-kerpel-tehetsegtabor-diakjainak\/\">Izgalmas szakmai programok a II. Semmelweis-Kerpel Tehets\u00e9gt\u00e1bor di\u00e1kjainak<\/a><\/p><\/blockquote>\n<p><iframe loading=\"lazy\" class=\"wp-embedded-content\" sandbox=\"allow-scripts\" security=\"restricted\" style=\"position: absolute; visibility: hidden;\" title=\"&#8220;Izgalmas szakmai programok a II. Semmelweis-Kerpel Tehets\u00e9gt\u00e1bor di\u00e1kjainak&#8221; &#8212; Semmelweis H\u00edrek\" src=\"https:\/\/semmelweis.hu\/hirek\/2025\/07\/16\/izgalmas-szakmai-programok-a-ii-semmelweis-kerpel-tehetsegtabor-diakjainak\/embed\/#?secret=b7Iorn42wL#?secret=17vJN8sruq\" data-secret=\"17vJN8sruq\" width=\"600\" height=\"338\" frameborder=\"0\" marginwidth=\"0\" marginheight=\"0\" scrolling=\"no\"><\/iframe><\/p>\n","protected":false},"excerpt":{"rendered":"<p><a href=\"https:\/\/semmelweis.hu\/hirek\/2025\/07\/16\/izgalmas-szakmai-programok-a-ii-semmelweis-kerpel-tehetsegtabor-diakjainak\/\">Izgalmas szakmai programok a II. Semmelweis-Kerpel Tehets\u00e9gt\u00e1bor di\u00e1kjainak<\/a><\/p>\n","protected":false},"author":101894,"featured_media":0,"parent":3584,"menu_order":0,"comment_status":"closed","ping_status":"closed","template":"","meta":{"_acf_changed":false,"footnotes":""},"categories":[],"tags":[],"class_list":["post-3747","page","type-page","status-publish","hentry"],"acf":[],"_links":{"self":[{"href":"https:\/\/semmelweis.hu\/kerpel\/wp-json\/wp\/v2\/pages\/3747","targetHints":{"allow":["GET"]}}],"collection":[{"href":"https:\/\/semmelweis.hu\/kerpel\/wp-json\/wp\/v2\/pages"}],"about":[{"href":"https:\/\/semmelweis.hu\/kerpel\/wp-json\/wp\/v2\/types\/page"}],"author":[{"embeddable":true,"href":"https:\/\/semmelweis.hu\/kerpel\/wp-json\/wp\/v2\/users\/101894"}],"replies":[{"embeddable":true,"href":"https:\/\/semmelweis.hu\/kerpel\/wp-json\/wp\/v2\/comments?post=3747"}],"version-history":[{"count":1,"href":"https:\/\/semmelweis.hu\/kerpel\/wp-json\/wp\/v2\/pages\/3747\/revisions"}],"predecessor-version":[{"id":3748,"href":"https:\/\/semmelweis.hu\/kerpel\/wp-json\/wp\/v2\/pages\/3747\/revisions\/3748"}],"up":[{"embeddable":true,"href":"https:\/\/semmelweis.hu\/kerpel\/wp-json\/wp\/v2\/pages\/3584"}],"wp:attachment":[{"href":"https:\/\/semmelweis.hu\/kerpel\/wp-json\/wp\/v2\/media?parent=3747"}],"wp:term":[{"taxonomy":"category","embeddable":true,"href":"https:\/\/semmelweis.hu\/kerpel\/wp-json\/wp\/v2\/categories?post=3747"},{"taxonomy":"post_tag","embeddable":true,"href":"https:\/\/semmelweis.hu\/kerpel\/wp-json\/wp\/v2\/tags?post=3747"}],"curies":[{"name":"wp","href":"https:\/\/api.w.org\/{rel}","templated":true}]}}