{"id":3584,"date":"2025-04-27T15:11:34","date_gmt":"2025-04-27T13:11:34","guid":{"rendered":"https:\/\/semmelweis.hu\/kerpel\/?page_id=3584"},"modified":"2026-02-10T13:04:25","modified_gmt":"2026-02-10T12:04:25","slug":"semmelweis-kerpel-tehetsegtabor","status":"publish","type":"page","link":"https:\/\/semmelweis.hu\/kerpel\/junior-akademia\/semmelweis-kerpel-tehetsegtabor\/","title":{"rendered":"Semmelweis-Kerpel Tehets\u00e9gt\u00e1bor"},"content":{"rendered":"<p>&nbsp;<\/p>\n<h4>Kedves Leend\u0151 Koll\u00e9g\u00e1k!<\/h4>\n<p><strong>A nagy siker\u0171 2024-es indul\u00e1sa ut\u00e1n, id\u00e9n is megrendez\u00e9sre ker\u00fcl a Semmelweis-Kerpel Tehets\u00e9gt\u00e1bor!<\/strong><\/p>\n<p>A Tehets\u00e9gt\u00e1borba beker\u00fclt di\u00e1kok id\u00e9n is izgalmas programokon ismerkedhetnek majd meg az orvostudom\u00e1ny sz\u00e1mos szakter\u00fclet\u00e9vel, ell\u00e1togathatnak t\u00f6bb egyetemi \u00e9s klinikai \u00e9p\u00fcletbe, az orvosok \u00e9s kutat\u00f3k k\u00f6z\u00e9 \u201ebe\u00e9p\u00fclve\u201d sz\u00e1mos olyan gyakorlati tapasztalatra \u00e9s k\u00e9szs\u00e9gre is szert tehetnek, mely k\u00e9s\u0151bb seg\u00edteni fogja \u0151ket egyetemi tanulm\u00e1nyaik \u00e9s munk\u00e1juk sor\u00e1n. A k\u00f6ztes id\u0151ben k\u00f6z\u00f6ss\u00e9gi programokkal, j\u00e1t\u00e9kokkal \u00e9s sz\u00e1mos lehet\u0151s\u00e9ggel k\u00e9sz\u00fcl\u00fcnk majd. A di\u00e1kok foglalkoztat\u00e1s\u00e1t \u00e9s k\u00eds\u00e9r\u00e9s\u00e9t egyetem\u00fcnk fiatal hallgat\u00f3i \u00e9s koll\u00e9g\u00e1i v\u00e9gzik majd, senior oktat\u00f3ink seg\u00edts\u00e9g\u00e9vel. A programokat, a lakhat\u00e1st \u00e9s az \u00e9tkez\u00e9st a <strong>Semmelweis Egyetem finansz\u00edrozza<\/strong>.<\/p>\n<div class=\"fontos_div lead\">\n<p>A JELENTKEZ\u00c9S MENETE:<\/p>\n<ul>\n<li><span style=\"background-color: transparent\">A <\/span><strong style=\"background-color: transparent\">Junior Akad\u00e9mia<\/strong><span style=\"background-color: transparent\"> el\u0151ad\u00e1sain a k\u00f6z\u00e9piskol\u00e1s hallgat\u00f3s\u00e1g minden tagj\u00e1nak a vet\u00edt\u00e9s v\u00e9g\u00e9n lehet\u0151s\u00e9ge ny\u00edlik egy <\/span><strong style=\"background-color: transparent\">teszt<\/strong><span style=\"background-color: transparent\"> kit\u00f6lt\u00e9s\u00e9re, hogy felm\u00e9rj\u00fck tud\u00e1s\u00e1t az elhangzottakb\u00f3l. Az adott el\u0151ad\u00e1shoz kapcsol\u00f3d\u00f3 teszt a <\/span><strong style=\"background-color: transparent\">vet\u00edt\u00e9s v\u00e9g\u00e9t\u0151l sz\u00e1m\u00edtva egy \u00f3r\u00e1ig t\u00f6lthet\u0151 ki<\/strong><span style=\"background-color: transparent\">.<\/span><\/li>\n<li>A tesztek v\u00e9geredm\u00e9ny\u00e9t a v\u00e1laszok helyess\u00e9ge, pontoss\u00e1ga \u00e9s a k\u00e9rd\u0151\u00edv kit\u00f6lt\u00e9s\u00e9nek ideje alapj\u00e1n hat\u00e1rozzuk meg.<\/li>\n<li>Az egyes tesztekre kapott pontokat m\u00e1jusban <strong>\u00f6sszegezz\u00fck<\/strong>, \u00e9s a legt\u00f6bb pontot el\u00e9rt fiatal koll\u00e9g\u00e1knak ny\u00e1ron egyed\u00fcl\u00e1ll\u00f3 lehet\u0151s\u00e9get biztos\u00edtunk:<strong style=\"background-color: transparent\"> r\u00e9szt vehetnek a\u00a0<\/strong><strong style=\"background-color: transparent\">Semmelweis-Kerpel Tehets\u00e9gt\u00e1borban.<\/strong><\/li>\n<li>A Tehets\u00e9gt\u00e1borba felv\u00e9telt nyert di\u00e1kokkal a Junior Akad\u00e9mi\u00e1n regisztr\u00e1lt email-c\u00edm\u00fck\u00f6n kereszt\u00fcl fogjuk felvenni a kapcsolatot.<\/li>\n<\/ul>\n<\/div>\n<p>&nbsp;<\/p>\n<p style=\"text-align: center\"><strong>Amennyiben felkeltett\u00fck \u00e9rdekl\u0151d\u00e9s\u00e9t a Semmelweis-Kerpel Tehets\u00e9gt\u00e1bor ir\u00e1nt, javasoljuk hogy olvassa el a t\u00e1borr\u00f3l k\u00e9sz\u00fclt <a href=\"https:\/\/semmelweis.hu\/hirek\/2024\/07\/18\/elso-alkalommal-szerveztek-meg-a-semmelweis-kerpel-tehetsegtabort\/\">cikk\u00fcnket<\/a>, tov\u00e1bb\u00e1 tekintse meg<a href=\"https:\/\/www.youtube.com\/watch?v=La6_5PyP2JA\"> t\u00e1bori vide\u00f3nkat<\/a>!<\/strong><\/p>\n<p style=\"text-align: center\">B\u00e1rmilyen felmer\u00fcl\u0151 k\u00e9rd\u00e9s eset\u00e9n k\u00e9rj\u00fck \u00e9rdekl\u0151djenek a\u00a0<a href=\"mailto:kerpel.juniorakademia@gmail.com\">kerpel.juniorakademia@gmail.com<\/a> el\u00e9rhet\u0151s\u00e9gen!<\/p>\n<p>&nbsp;<\/p>\n<p style=\"text-align: center\">\u00dcdv\u00f6zlettel:<br \/>\nKerpel-Fronius Tehets\u00e9ggondoz\u00f3 Program<\/p>\n<p>&nbsp;<\/p>\n","protected":false},"excerpt":{"rendered":"<p>&nbsp; Kedves Leend\u0151 Koll\u00e9g\u00e1k! A nagy siker\u0171 2024-es indul\u00e1sa ut\u00e1n, id\u00e9n is megrendez\u00e9sre ker\u00fcl a Semmelweis-Kerpel Tehets\u00e9gt\u00e1bor! A Tehets\u00e9gt\u00e1borba beker\u00fclt di\u00e1kok id\u00e9n is izgalmas programokon ismerkedhetnek majd meg az orvostudom\u00e1ny sz\u00e1mos szakter\u00fclet\u00e9vel, ell\u00e1togathatnak t\u00f6bb egyetemi \u00e9s klinikai \u00e9p\u00fcletbe, az orvosok \u00e9s kutat\u00f3k k\u00f6z\u00e9 \u201ebe\u00e9p\u00fclve\u201d sz\u00e1mos olyan gyakorlati tapasztalatra \u00e9s k\u00e9szs\u00e9gre is szert tehetnek, mely k\u00e9s\u0151bb &hellip;<\/p>\n","protected":false},"author":102145,"featured_media":0,"parent":3738,"menu_order":0,"comment_status":"closed","ping_status":"closed","template":"","meta":{"_acf_changed":false,"footnotes":""},"categories":[],"tags":[],"class_list":["post-3584","page","type-page","status-publish","hentry"],"acf":[],"_links":{"self":[{"href":"https:\/\/semmelweis.hu\/kerpel\/wp-json\/wp\/v2\/pages\/3584","targetHints":{"allow":["GET"]}}],"collection":[{"href":"https:\/\/semmelweis.hu\/kerpel\/wp-json\/wp\/v2\/pages"}],"about":[{"href":"https:\/\/semmelweis.hu\/kerpel\/wp-json\/wp\/v2\/types\/page"}],"author":[{"embeddable":true,"href":"https:\/\/semmelweis.hu\/kerpel\/wp-json\/wp\/v2\/users\/102145"}],"replies":[{"embeddable":true,"href":"https:\/\/semmelweis.hu\/kerpel\/wp-json\/wp\/v2\/comments?post=3584"}],"version-history":[{"count":5,"href":"https:\/\/semmelweis.hu\/kerpel\/wp-json\/wp\/v2\/pages\/3584\/revisions"}],"predecessor-version":[{"id":3633,"href":"https:\/\/semmelweis.hu\/kerpel\/wp-json\/wp\/v2\/pages\/3584\/revisions\/3633"}],"up":[{"embeddable":true,"href":"https:\/\/semmelweis.hu\/kerpel\/wp-json\/wp\/v2\/pages\/3738"}],"wp:attachment":[{"href":"https:\/\/semmelweis.hu\/kerpel\/wp-json\/wp\/v2\/media?parent=3584"}],"wp:term":[{"taxonomy":"category","embeddable":true,"href":"https:\/\/semmelweis.hu\/kerpel\/wp-json\/wp\/v2\/categories?post=3584"},{"taxonomy":"post_tag","embeddable":true,"href":"https:\/\/semmelweis.hu\/kerpel\/wp-json\/wp\/v2\/tags?post=3584"}],"curies":[{"name":"wp","href":"https:\/\/api.w.org\/{rel}","templated":true}]}}