{"id":2852,"date":"2020-03-17T12:42:49","date_gmt":"2020-03-17T11:42:49","guid":{"rendered":"http:\/\/semmelweis.hu\/kerpel\/?page_id=2852"},"modified":"2025-10-03T11:06:18","modified_gmt":"2025-10-03T09:06:18","slug":"kerpel-kutatasi-osztondij-tehetsegdij","status":"publish","type":"page","link":"https:\/\/semmelweis.hu\/kerpel\/palyazatok\/kerpel-kutatasi-osztondij-tehetsegdij\/","title":{"rendered":"Kerpel Kutat\u00e1si \u00d6szt\u00f6nd\u00edj &#8211; Tehets\u00e9gd\u00edj  &#8211; LEJ\u00c1RT HAT\u00c1RID\u0150!\u00a0"},"content":{"rendered":"<p><strong><span style=\"color: #ff0000\">LEJ\u00c1RT HAT\u00c1RID\u0150!\u00a0<\/span><\/strong><\/p>\n<p>A Tehets\u00e9gd\u00edj, egy olyan\u00a0 egyszeri, 500.000 Ft-os t\u00e1mogat\u00e1s amelyet a Kerpel-Fronius \u00d6d\u00f6n Program hallgat\u00f3i tudom\u00e1nyos\u00a0 kutat\u00f3munk\u00e1ra vagy saj\u00e1t tudom\u00e1nyos munka bemutat\u00e1s\u00e1ra hazai vagy nemzetk\u00f6zi konferenci\u00e1n k\u00f6lthetnek. A t\u00e1mogat\u00e1s a\u00a0 Kerpel-Fronius \u00d6d\u00f6n Tehets\u00e9ggondoz\u00f3 Tan\u00e1cs \u00e9s a Semmelweis Egyetem \u201cAz orvos-, eg\u00e9szs\u00e9gtudom\u00e1nyi \u00e9s gy\u00f3gyszer\u00e9szk\u00e9pz\u00e9s tudom\u00e1nyos m\u0171helyeinek fejleszt\u00e9se\u201d c\u00edm\u0171 EFOP-3.6.3.-VEKOP-16-2017-00009 azonos\u00edt\u00f3sz\u00e1m\u00fa projekt-t\u00e1mogat\u00e1s seg\u00edts\u00e9g\u00e9vel val\u00f3sul meg.<\/p>\n<h5><strong>T\u00e1mogat\u00e1sra jogosultak k\u00f6re:<\/strong><\/h5>\n<ol>\n<li>A Semmelweis Egyetem hallgat\u00f3ja, aki <strong>legal\u00e1bb 1 \u00e9ve<\/strong> tagja a Kerpel Tehets\u00e9ggondoz\u00f3 Programnak\n<ol>\n<li>\u00e9s emellett a Semmelweis Egyetem gradu\u00e1lis hallgat\u00f3ja, aki legal\u00e1bb 1 \u00e9ve v\u00e9gez dokument\u00e1ltan TDK munk\u00e1t<\/li>\n<li>vagy a Semmelweis Egyetem PhD hallgat\u00f3ja<\/li>\n<\/ol>\n<\/li>\n<\/ol>\n<h5><strong>A t\u00e1mogat\u00e1sra p\u00e1ly\u00e1z\u00f3 \u00e1ltal beny\u00fajtand\u00f3:<\/strong><\/h5>\n<ol>\n<li>P\u00e1ly\u00e1zati adatlap<\/li>\n<li>\u00d6n\u00e9letrajz maximum 1 oldalban<\/li>\n<li>Munkaterv 1 oldalban <br \/>\n\/vagy a konferenci\u00e1ra beny\u00fajtott absztrakt m\u00e1solata \u00e9s az absztrakt elfogad\u00e1sr\u00f3l sz\u00f3l\u00f3 visszajelz\u00e9s<\/li>\n<li>Mentori \u00e9s t\u00e9mavezet\u0151i aj\u00e1nl\u00e1s<\/li>\n<li>Gradu\u00e1lis k\u00e9pz\u00e9sben r\u00e9sztvev\u0151 hallgat\u00f3kn\u00e1l a lez\u00e1rt szemeszterek \u00e1tlaga<\/li>\n<li>Publik\u00e1ci\u00f3s lista<\/li>\n<li>K\u00f6lts\u00e9gterv<\/li>\n<\/ol>\n<p>Az elb\u00edr\u00e1l\u00e1sn\u00e1l fontos szempont a munkaterven \u00e9s a tanulm\u00e1nyi eredm\u00e9nyen k\u00edv\u00fcl, a hallgat\u00f3r\u00f3l adott mentori \u00e9rt\u00e9kel\u00e9s, a TDK \u00e9s\/vagy PhD Konferenci\u00e1n el\u00e9rt eredm\u00e9nyek, konferencia el\u0151ad\u00e1sok. A t\u00e1mogat\u00e1s kutat\u00e1sra \u00e9s konferenci\u00e1n t\u00f6rt\u00e9n\u0151 r\u00e9szv\u00e9telre (utaz\u00e1sra). A t\u00e1mogat\u00e1s felhaszn\u00e1l\u00e1s\u00e1r\u00f3l k\u00f6lts\u00e9gtervet kell k\u00e9sz\u00edteni!<\/p>\n<p><strong>A t\u00e1mogatott k\u00f6telezetts\u00e9get v\u00e1llal arra<\/strong>, hogy a \u201eKerpel Kutat\u00e1si P\u00e1ly\u00e1zat\u201d t\u00e1mogat\u00e1s eredm\u00e9nyek\u00e9nt megjelen\u0151 tudom\u00e1nyos k\u00f6zlem\u00e9nyeken valamint nemzetk\u00f6zi tudom\u00e1nyos konferenci\u00e1n bemutatott el\u0151ad\u00e1son illetve poszteren \u00e9s konferencia absztrakton a Projekt azonos\u00edt\u00f3sz\u00e1m\u00e1t \u00e9s c\u00edm\u00e9t (EFOP-3.6.3-VEKOP-16-2017-00009, Az orvos-, eg\u00e9szs\u00e9gtudom\u00e1nyi \u00e9s gy\u00f3gyszer\u00e9szk\u00e9pz\u00e9s tudom\u00e1nyos m\u0171helyeinek fejleszt\u00e9se) felt\u00fcnteti.<\/p>\n<h6><strong>A p\u00e1ly\u00e1zat \u00e9rt\u00e9kel\u00e9se<\/strong><\/h6>\n<p>A p\u00e1ly\u00e1zatr\u00f3l a bead\u00e1st k\u00f6vet\u0151en a Kerpel-Fronius \u00d6d\u00f6n Tehets\u00e9ggondoz\u00f3 Tan\u00e1cs d\u00f6nt. A p\u00e1ly\u00e1zat eredm\u00e9ny\u00e9r\u0151l mindenkit e-mailben \u00e9rtes\u00edt\u00fcnk, \u00e9s a nyertes p\u00e1ly\u00e1z\u00f3kat a Kerpel-napon hirdetj\u00fck ki. A nyertes p\u00e1ly\u00e1z\u00f3knak az el\u00e9rt eredm\u00e9nyekr\u0151l a p\u00e1ly\u00e1zat befejez\u00e9se ut\u00e1n sz\u00f3ban besz\u00e1mol\u00f3t kell tartaniuk.<br \/>\nA Semmelweis Egyetem a nyertes p\u00e1ly\u00e1z\u00f3kkal egyszeri \u00f6szt\u00f6nd\u00edj kieg\u00e9sz\u00edt\u00e9sre szerz\u0151d\u00e9st k\u00f6t.<\/p>\n<h6><strong>A t\u00e1mogat\u00e1s m\u00f3dja:<\/strong><\/h6>\n<ul>\n<li>egyszeri \u00f6szt\u00f6nd\u00edj kieg\u00e9sz\u00edt\u00e9s <strong>500.000 Ft <\/strong>\u00e9rt\u00e9kben<\/li>\n<li>a kifizet\u00e9s\u00e9re az \u00d6szt\u00f6nd\u00edjszerz\u0151d\u00e9s megk\u00f6t\u00e9s\u00e9t k\u00f6vet\u0151 30 napon bel\u00fcl ker\u00fcl sor<\/li>\n<li>a T\u00e1mogat\u00e1sra rendelkez\u00e9sre \u00e1ll\u00f3 keret: 2.500.000 Ft\/\u00e9v \u201eAz orvos-, eg\u00e9szs\u00e9gtudom\u00e1nyi- \u00e9s gy\u00f3gyszer\u00e9szk\u00e9pz\u00e9s tudom\u00e1nyos m\u0171helyeinek fejleszt\u00e9se\u201d c\u00edm\u0171, EFOP-3.6.3-VEKOP-16-2017-00009 azonos\u00edt\u00f3sz\u00e1m\u00fa projekt-t\u00e1mogat\u00e1sb\u00f3l<\/li>\n<\/ul>\n<p>A p\u00e1ly\u00e1zatot az <a href=\"mailto:office.kerpel@gmail.com\">office.kerpel@gmail.com<\/a> e-mail c\u00edmre elektronikusan kell eljuttatni a p\u00e1ly\u00e1zat id\u0151tartama alatt.<\/p>\n<h5>A t\u00e1mogat\u00e1s forr\u00e1sa:<\/h5>\n<p><img loading=\"lazy\" decoding=\"async\" class=\"alignright wp-image-2468 \" src=\"https:\/\/semmelweis.hu\/kerpel\/files\/2019\/08\/Szchenyi2020ESZA-400x275.jpg\" alt=\"\" width=\"309\" height=\"209\" \/><br \/>\n<strong>Semmelweis Egyetem<\/strong><br \/>\n<strong>Kerpel-Fronius \u00d6d\u00f6n Tehets\u00e9ggondoz\u00f3 Tan\u00e1cs \u00e9s<\/strong><br \/>\n<strong>\u201eAz orvos-, eg\u00e9szs\u00e9gtudom\u00e1nyi- \u00e9s gy\u00f3gyszer\u00e9szk\u00e9pz\u00e9s<br \/>\ntudom\u00e1nyos m\u0171helyeinek fejleszt\u00e9se\u201d c\u00edm\u0171,<br \/>\nEFOP-3.6.3-VEKOP-16-2017-00009 azonos\u00edt\u00f3sz\u00e1m\u00fa projekt-t\u00e1mogat\u00e1s<\/strong><\/p>\n","protected":false},"excerpt":{"rendered":"<p>LEJ\u00c1RT HAT\u00c1RID\u0150!\u00a0 A Tehets\u00e9gd\u00edj, egy olyan\u00a0 egyszeri, 500.000 Ft-os t\u00e1mogat\u00e1s amelyet a Kerpel-Fronius \u00d6d\u00f6n Program hallgat\u00f3i tudom\u00e1nyos\u00a0 kutat\u00f3munk\u00e1ra vagy saj\u00e1t tudom\u00e1nyos munka bemutat\u00e1s\u00e1ra hazai vagy nemzetk\u00f6zi konferenci\u00e1n k\u00f6lthetnek. A t\u00e1mogat\u00e1s a\u00a0 Kerpel-Fronius \u00d6d\u00f6n Tehets\u00e9ggondoz\u00f3 Tan\u00e1cs \u00e9s a Semmelweis Egyetem \u201cAz orvos-, eg\u00e9szs\u00e9gtudom\u00e1nyi \u00e9s gy\u00f3gyszer\u00e9szk\u00e9pz\u00e9s tudom\u00e1nyos m\u0171helyeinek fejleszt\u00e9se\u201d c\u00edm\u0171 EFOP-3.6.3.-VEKOP-16-2017-00009 azonos\u00edt\u00f3sz\u00e1m\u00fa projekt-t\u00e1mogat\u00e1s seg\u00edts\u00e9g\u00e9vel val\u00f3sul meg. T\u00e1mogat\u00e1sra &hellip;<\/p>\n","protected":false},"author":101638,"featured_media":0,"parent":2676,"menu_order":2,"comment_status":"closed","ping_status":"closed","template":"","meta":{"_acf_changed":false,"footnotes":""},"categories":[],"tags":[],"class_list":["post-2852","page","type-page","status-publish","hentry"],"acf":[],"_links":{"self":[{"href":"https:\/\/semmelweis.hu\/kerpel\/wp-json\/wp\/v2\/pages\/2852","targetHints":{"allow":["GET"]}}],"collection":[{"href":"https:\/\/semmelweis.hu\/kerpel\/wp-json\/wp\/v2\/pages"}],"about":[{"href":"https:\/\/semmelweis.hu\/kerpel\/wp-json\/wp\/v2\/types\/page"}],"author":[{"embeddable":true,"href":"https:\/\/semmelweis.hu\/kerpel\/wp-json\/wp\/v2\/users\/101638"}],"replies":[{"embeddable":true,"href":"https:\/\/semmelweis.hu\/kerpel\/wp-json\/wp\/v2\/comments?post=2852"}],"version-history":[{"count":6,"href":"https:\/\/semmelweis.hu\/kerpel\/wp-json\/wp\/v2\/pages\/2852\/revisions"}],"predecessor-version":[{"id":3669,"href":"https:\/\/semmelweis.hu\/kerpel\/wp-json\/wp\/v2\/pages\/2852\/revisions\/3669"}],"up":[{"embeddable":true,"href":"https:\/\/semmelweis.hu\/kerpel\/wp-json\/wp\/v2\/pages\/2676"}],"wp:attachment":[{"href":"https:\/\/semmelweis.hu\/kerpel\/wp-json\/wp\/v2\/media?parent=2852"}],"wp:term":[{"taxonomy":"category","embeddable":true,"href":"https:\/\/semmelweis.hu\/kerpel\/wp-json\/wp\/v2\/categories?post=2852"},{"taxonomy":"post_tag","embeddable":true,"href":"https:\/\/semmelweis.hu\/kerpel\/wp-json\/wp\/v2\/tags?post=2852"}],"curies":[{"name":"wp","href":"https:\/\/api.w.org\/{rel}","templated":true}]}}