{"id":2676,"date":"2019-10-16T12:21:36","date_gmt":"2019-10-16T10:21:36","guid":{"rendered":"http:\/\/semmelweis.hu\/kerpel\/?page_id=2676"},"modified":"2026-01-19T11:05:42","modified_gmt":"2026-01-19T10:05:42","slug":"palyazatok","status":"publish","type":"page","link":"https:\/\/semmelweis.hu\/kerpel\/palyazatok\/","title":{"rendered":"P\u00e1ly\u00e1zatok"},"content":{"rendered":"<p>Jelentkez\u00e9s a Kerpel Programba\u00a0 <a href=\"https:\/\/semmelweis.hu\/kerpel\/files\/2026\/01\/Kerpel-Palyazati-felhivas-2026.pdf\">https:\/\/semmelweis.hu\/kerpel\/files\/2026\/01\/Kerpel-Palyazati-felhivas-2026.pdf<\/a><\/p>\n<p>&nbsp;<\/p>\n<p>&nbsp;<\/p>\n<p>&nbsp;<\/p>\n<p>&nbsp;<\/p>\n<p>&nbsp;<\/p>\n","protected":false},"excerpt":{"rendered":"<p>Jelentkez\u00e9s a Kerpel Programba\u00a0 <a href=\"https:\/\/semmelweis.hu\/kerpel\/files\/2026\/01\/Kerpel-Palyazati-felhivas-2026.pdf\">https:\/\/semmelweis.hu\/kerpel\/files\/2026\/01\/Kerpel-Palyazati-felhivas-2026.pdf<\/a><br \/>\n&nbsp;<br \/>\n&nbsp;<br \/>\n&nbsp;<br \/>\n&nbsp;<br \/>\n&nbsp;<\/p>\n","protected":false},"author":101638,"featured_media":0,"parent":0,"menu_order":7,"comment_status":"closed","ping_status":"closed","template":"","meta":{"_acf_changed":false,"footnotes":""},"categories":[],"tags":[],"class_list":["post-2676","page","type-page","status-publish","hentry"],"acf":[],"_links":{"self":[{"href":"https:\/\/semmelweis.hu\/kerpel\/wp-json\/wp\/v2\/pages\/2676","targetHints":{"allow":["GET"]}}],"collection":[{"href":"https:\/\/semmelweis.hu\/kerpel\/wp-json\/wp\/v2\/pages"}],"about":[{"href":"https:\/\/semmelweis.hu\/kerpel\/wp-json\/wp\/v2\/types\/page"}],"author":[{"embeddable":true,"href":"https:\/\/semmelweis.hu\/kerpel\/wp-json\/wp\/v2\/users\/101638"}],"replies":[{"embeddable":true,"href":"https:\/\/semmelweis.hu\/kerpel\/wp-json\/wp\/v2\/comments?post=2676"}],"version-history":[{"count":10,"href":"https:\/\/semmelweis.hu\/kerpel\/wp-json\/wp\/v2\/pages\/2676\/revisions"}],"predecessor-version":[{"id":3725,"href":"https:\/\/semmelweis.hu\/kerpel\/wp-json\/wp\/v2\/pages\/2676\/revisions\/3725"}],"wp:attachment":[{"href":"https:\/\/semmelweis.hu\/kerpel\/wp-json\/wp\/v2\/media?parent=2676"}],"wp:term":[{"taxonomy":"category","embeddable":true,"href":"https:\/\/semmelweis.hu\/kerpel\/wp-json\/wp\/v2\/categories?post=2676"},{"taxonomy":"post_tag","embeddable":true,"href":"https:\/\/semmelweis.hu\/kerpel\/wp-json\/wp\/v2\/tags?post=2676"}],"curies":[{"name":"wp","href":"https:\/\/api.w.org\/{rel}","templated":true}]}}