{"id":2655,"date":"2019-09-13T16:12:14","date_gmt":"2019-09-13T14:12:14","guid":{"rendered":"http:\/\/semmelweis.hu\/kerpel\/?page_id=2655"},"modified":"2025-09-03T12:14:21","modified_gmt":"2025-09-03T10:14:21","slug":"kozepiskolak-elerhetosegei","status":"publish","type":"page","link":"https:\/\/semmelweis.hu\/kerpel\/partner_kozepiskolak\/kozepiskolak-elerhetosegei\/","title":{"rendered":"K\u00f6z\u00e9piskol\u00e1k el\u00e9rhet\u0151s\u00e9gei"},"content":{"rendered":"<p>Egyetem\u00fcnk jelenleg 34 K\u00f6z\u00e9piskol\u00e1val \u00e1ll szerz\u0151d\u00e9ses partneriskolai kapcsolatban, ebb\u0151l 16 budapesti, 17 vid\u00e9ki \u00e9s 2 hat\u00e1ron t\u00fali.<\/p>\n<div class=\"responsive-tabs\">\n<h2 class=\"tabtitle\">Budapesti Int\u00e9zm\u00e9nyek<\/h2>\n<div class=\"tabcontent\">\n\n<table style=\"border-collapse: collapse;width: 100%;height: 587px\">\n<tbody>\n<tr style=\"height: 33px\">\n<td style=\"width: 32.4744%;height: 33px\"><strong>Int\u00e9zm\u00e9ny<\/strong><\/td>\n<td style=\"width: 24.4479%;height: 33px\"><strong>Honlap<\/strong><\/td>\n<td style=\"width: 43.0776%;height: 33px\"><strong>C\u00edm<\/strong><\/td>\n<\/tr>\n<tr style=\"height: 63px\">\n<td style=\"width: 32.4744%;height: 63px\">Arany J\u00e1nos \u00c1lt. Isk. \u00e9s Gimn\u00e1zium, Budapest<\/td>\n<td style=\"width: 24.4479%;height: 63px\"><a href=\"http:\/\/www.aranyj.eu\/\">www.aranyj.eu<\/a><\/td>\n<td style=\"width: 43.0776%;height: 63px\">1124 Budapest, Meredek u. 1.<\/td>\n<\/tr>\n<tr style=\"height: 33px\">\n<td style=\"width: 32.4744%;height: 33px\">Ba\u00e1r-Madas Reform\u00e1tus Gimn\u00e1zium<\/td>\n<td style=\"width: 24.4479%;height: 33px\"><a href=\"http:\/\/www.bmrg.hu\">www.bmrg.hu<\/a><\/td>\n<td style=\"width: 43.0776%;height: 33px\">1022 Budapest, Lor\u00e1ntffy Zsuzsanna u. 3.<\/td>\n<\/tr>\n<tr style=\"height: 29px\">\n<td style=\"width: 32.4744%;height: 29px\">Budapest XIV. Ker\u00fcleti Teleki Blanka Gimn\u00e1zium<\/td>\n<td style=\"width: 24.4479%;height: 29px\"><a href=\"http:\/\/tbg.hu\">www.tbg.hu<\/a><\/td>\n<td style=\"width: 43.0776%;height: 29px\">1146 Budapest, Ajt\u00f3si D\u00fcrer sor 37.<\/td>\n<\/tr>\n<tr style=\"height: 33px\">\n<td style=\"width: 32.4744%;height: 33px\">Ciszterci Szent Imre Gimn\u00e1zium<\/td>\n<td style=\"width: 24.4479%;height: 33px\"><a href=\"https:\/\/szig.hu\/\">szig.hu<\/a><\/td>\n<td style=\"width: 43.0776%;height: 33px\">1114 Budapest, Vill\u00e1nyi \u00fat 27.<\/td>\n<\/tr>\n<tr style=\"height: 33px\">\n<td style=\"width: 32.4744%;height: 33px\">De\u00e1k T\u00e9ri Evang\u00e9likus Gimn\u00e1zium<\/td>\n<td style=\"width: 24.4479%;height: 33px\"><a href=\"http:\/\/deakteri.hu\/\">deakteri.hu<\/a><\/td>\n<td style=\"width: 43.0776%;height: 33px\">1052 Budapest, S\u00fct\u0151 utca 1.<\/td>\n<\/tr>\n<tr style=\"height: 33px\">\n<td style=\"width: 32.4744%;height: 33px\">ELTE Ap\u00e1czai Csere J\u00e1nos Gyakorl\u00f3 Gimn\u00e1zium<\/td>\n<td style=\"width: 24.4479%;height: 33px\"><a href=\"http:\/\/www.apaczai.elte.hu\/\">www.apaczai.elte.hu<\/a><\/td>\n<td style=\"width: 43.0776%;height: 33px\">1053 Budapest, Papnevelde u. 4-6.<\/td>\n<\/tr>\n<tr style=\"height: 33px\">\n<td style=\"width: 32.4744%;height: 33px\">ELTE Radn\u00f3ti Mikl\u00f3s Gyakorl\u00f3iskola<\/td>\n<td style=\"width: 24.4479%;height: 33px\"><a href=\"http:\/\/www.radnoti.hu\">www.radnoti.hu<\/a><\/td>\n<td style=\"width: 43.0776%;height: 33px\">1146 Budapest, Ch\u00e1z\u00e1r Andr\u00e1s u. 10.<\/td>\n<\/tr>\n<tr style=\"height: 33px\">\n<td style=\"width: 32.4744%;height: 33px\">ELTE Trefort \u00c1goston Gyakorl\u00f3iskola<\/td>\n<td style=\"width: 24.4479%;height: 33px\"><a href=\"http:\/\/www.trefort.elte.hu\/\">www.trefort.elte.hu<\/a><\/td>\n<td style=\"width: 43.0776%;height: 33px\">1088 Budapest, Trefort utca 8.<\/td>\n<\/tr>\n<tr style=\"height: 33px\">\n<td style=\"width: 32.4744%;height: 33px\">E\u00f6tv\u00f6s J\u00f3zsef Gimn\u00e1zium<\/td>\n<td style=\"width: 24.4479%;height: 33px\"><a href=\"http:\/\/www.ejg.hu\/\">www.ejg.hu<\/a><\/td>\n<td style=\"width: 43.0776%;height: 33px\">1053 Budapest, Re\u00e1ltanoda u. 7.<\/td>\n<\/tr>\n<tr style=\"height: 33px\">\n<td style=\"width: 32.4744%;height: 33px\">Fazekas Mih\u00e1ly F\u0151v\u00e1rosi Gyakorl\u00f3 \u00c1ltal\u00e1nos Iskola \u00e9s Gimn\u00e1zium<\/td>\n<td style=\"width: 24.4479%;height: 33px\"><a href=\"http:\/\/www.fazekas.hu\/\">www.fazekas.hu<\/a><\/td>\n<td style=\"width: 43.0776%;height: 33px\">1082 Budapest, Horv\u00e1th Mih\u00e1ly t\u00e9r 8.<\/td>\n<\/tr>\n<tr style=\"height: 33px\">\n<td style=\"width: 32.4744%;height: 33px\">Piarista Gimn\u00e1zium<\/td>\n<td style=\"width: 24.4479%;height: 33px\"><a href=\"http:\/\/budapest.piarista.hu\">budapest.piarista.hu<\/a><\/td>\n<td style=\"width: 43.0776%;height: 33px\">1052 Budapest, Piarista utca 1.<\/td>\n<\/tr>\n<tr style=\"height: 33px\">\n<td style=\"width: 32.4744%;height: 33px\">Szent Istv\u00e1n Gimn\u00e1zium<\/td>\n<td style=\"width: 24.4479%;height: 33px\"><a href=\"https:\/\/szigbp.hu\/\">szigbp.hu<\/a><\/td>\n<td style=\"width: 43.0776%;height: 33px\">1146 Budapest, Ajt\u00f3si D\u00fcrer sor 15.<\/td>\n<\/tr>\n<tr style=\"height: 33px\">\n<td style=\"width: 32.4744%;height: 33px\">Szent Margit Gimn\u00e1zium<\/td>\n<td style=\"width: 24.4479%;height: 33px\"><a href=\"https:\/\/www.szmg.hu\/\">www.szmg.hu<\/a><\/td>\n<td style=\"width: 43.0776%;height: 33px\">1114 Budapest, Vill\u00e1nyi \u00fat 5-7.<\/td>\n<\/tr>\n<tr style=\"height: 33px\">\n<td style=\"width: 32.4744%;height: 33px\">Toldy Ferenc Gimn\u00e1zium<\/td>\n<td style=\"width: 24.4479%;height: 33px\"><a href=\"http:\/\/www.toldygimnazium.hu\/\">www.toldygimnazium.hu<\/a><\/td>\n<td style=\"width: 43.0776%;height: 33px\">1015 Budapest, Toldy F. u. 9.<\/td>\n<\/tr>\n<tr style=\"height: 33px\">\n<td style=\"width: 32.4744%;height: 33px\">V\u00e1rosmajori Gimn\u00e1zium<\/td>\n<td style=\"width: 24.4479%;height: 33px\"><a href=\"http:\/\/www.vmg.sulinet.hu\/\">www.vmg.sulinet.hu<\/a><\/td>\n<td style=\"width: 43.0776%;height: 33px\">1122 Budapest, V\u00e1rosmajor u. 71.<\/td>\n<\/tr>\n<tr style=\"height: 33px\">\n<td style=\"width: 32.4744%;height: 33px\">Veres P\u00e9ter Gimn\u00e1zium<\/td>\n<td style=\"width: 24.4479%;height: 33px\"><a href=\"http:\/\/www.verespg.hu\/\">www.verespg.hu<\/a><\/td>\n<td style=\"width: 43.0776%;height: 33px\">1039 Budapest, Csob\u00e1nka t\u00e9r 7.<\/td>\n<\/tr>\n<\/tbody>\n<\/table>\n\n<\/div><h2 class=\"tabtitle\">Vid\u00e9ki Int\u00e9zm\u00e9nyek<\/h2>\n<div class=\"tabcontent\">\n\n<table style=\"border-collapse: collapse;width: 100%;height: 660px\">\n<tbody>\n<tr style=\"height: 33px\">\n<td style=\"width: 27.5679%;height: 33px\"><strong>Int\u00e9zm\u00e9ny<\/strong><\/td>\n<td style=\"width: 17.2147%;height: 33px\"><strong>Telep\u00fcl\u00e9s<\/strong><\/td>\n<td style=\"width: 23.7109%;height: 33px\"><strong>Honlap<\/strong><\/td>\n<td style=\"width: 31.5063%;height: 33px\"><strong>C\u00edm<\/strong><\/td>\n<\/tr>\n<tr style=\"height: 33px\">\n<td style=\"width: 27.5679%;height: 33px\">Asz\u00f3di Evang\u00e9likus Pet\u0151fi Gimn\u00e1zium, \u00c1ltal\u00e1nos Iskola \u00e9s Koll\u00e9gium<\/td>\n<td style=\"width: 17.2147%;height: 33px\">\n<p>Asz\u00f3d<\/p>\n<\/td>\n<td style=\"width: 23.7109%;height: 33px\"><a href=\"http:\/\/www.egaaszod.hu\/\">egaaszod.hu<\/a><\/td>\n<td style=\"width: 31.5063%;height: 33px\">2170 Asz\u00f3d, <br \/>\nR\u00e9g\u00e9sz \u00fat 34.<\/td>\n<\/tr>\n<tr style=\"height: 33px\">\n<td style=\"width: 27.5679%;height: 33px\">Balassi B\u00e1lint Gimn\u00e1zium\u00a0<\/td>\n<td style=\"width: 17.2147%;height: 33px\">Balassagyarmat<\/td>\n<td style=\"width: 23.7109%;height: 33px\"><a href=\"http:\/\/www.balassi-bgy.sulinet.hu\">www.balassi-bgy.sulinet.hu<\/a><\/td>\n<td style=\"width: 31.5063%;height: 33px\">2660 Balassagyarmat De\u00e1k Ferenc \u00fat 17.<\/td>\n<\/tr>\n<tr style=\"height: 33px\">\n<td style=\"width: 27.5679%;height: 33px\">B\u00e1nyai J\u00falia Gimn\u00e1zium\u00a0<\/td>\n<td style=\"width: 17.2147%;height: 33px\">Kecskem\u00e9t<\/td>\n<td style=\"width: 23.7109%;height: 33px\"><a href=\"http:\/\/banyai-kkt.sulinet.hu\/\">banyai-kkt.sulinet.hu<\/a><\/td>\n<td style=\"width: 31.5063%;height: 33px\">H-6000 Kecskem\u00e9t, Ny\u00edri \u00fat 11.<\/td>\n<\/tr>\n<tr style=\"height: 33px\">\n<td style=\"width: 27.5679%;height: 33px\">Berze Nagy J\u00e1nos Gimn\u00e1zium<\/td>\n<td style=\"width: 17.2147%;height: 33px\">Gy\u00f6ngy\u00f6s<\/td>\n<td style=\"width: 23.7109%;height: 33px\"><a href=\"http:\/\/www.berze.hu\"><span style=\"font-size: 1rem\">www.berze.hu<\/span><\/a><\/td>\n<td style=\"width: 31.5063%;height: 33px\">3200 Gy\u00f6ngy\u00f6s, Kossuth u. 33.<\/td>\n<\/tr>\n<tr style=\"height: 33px\">\n<td style=\"width: 27.5679%;height: 33px\">Boronkay Gy\u00f6rgy M\u0171szaki Szakk\u00f6z\u00e9piskola Gimn\u00e1zium \u00e9s Koll\u00e9gium\u00a0<\/td>\n<td style=\"width: 17.2147%;height: 33px\">V\u00e1c<\/td>\n<td style=\"width: 23.7109%;height: 33px\"><a href=\"http:\/\/boronkay.vac.hu\">boronkay.vac.hu<\/a><\/td>\n<td style=\"width: 31.5063%;height: 33px\">2600 V\u00e1c N\u00e9meth L\u00e1szl\u00f3 \u00fa 4-6.<\/td>\n<\/tr>\n<tr style=\"height: 33px\">\n<td style=\"width: 27.5679%;height: 33px\">Ciszterci Szent Istv\u00e1n Gimn\u00e1zium<\/td>\n<td style=\"width: 17.2147%;height: 33px\">Sz\u00e9kesfeh\u00e9rv\u00e1r<\/td>\n<td style=\"width: 23.7109%;height: 33px\"><a href=\"http:\/\/www.cisztergimn-szfvar.hu\/\">www.ciszterci-szfvar.hu<\/a><\/td>\n<td style=\"width: 31.5063%;height: 33px\">8000 Sz\u00e9kesfeh\u00e9rv\u00e1r, J\u00f3kai u. 20.<\/td>\n<\/tr>\n<tr style=\"height: 33px\">\n<td style=\"width: 27.5679%;height: 33px\">Czuczor Gergely Benc\u00e9s Gimn\u00e1zium \u00e9s Koll\u00e9gium<\/td>\n<td style=\"width: 17.2147%;height: 33px\">Gy\u0151r<\/td>\n<td style=\"width: 23.7109%;height: 33px\"><a href=\"http:\/\/www.czuczor.hu\/\">www.czuczor.hu<\/a><\/td>\n<td style=\"width: 31.5063%;height: 33px\">9022 Gy\u0151r, Sz\u00e9ch\u00e9nyi t\u00e9r 8.<\/td>\n<\/tr>\n<tr style=\"height: 33px\">\n<td style=\"width: 27.5679%;height: 33px\">ELTE Bolyai J\u00e1nos Gyakorl\u00f3 \u00c1lt. Isk \u00e9s Gimn\u00e1zium<\/td>\n<td style=\"width: 17.2147%;height: 33px\">Szombathely<\/td>\n<td style=\"width: 23.7109%;height: 33px\"><a href=\"http:\/\/www.bolyaigimnazium.elte.hu\">bolyaigimnazium.elte.hu<\/a><\/td>\n<td style=\"width: 31.5063%;height: 33px\">9700 Szombathely,<br \/>\nBolyai u. 11.<\/td>\n<\/tr>\n<tr style=\"height: 33px\">\n<td style=\"width: 27.5679%;height: 33px\">E\u00f6tv\u00f6s J\u00f3zsef Gimn\u00e1zium<\/td>\n<td style=\"width: 17.2147%;height: 33px\">Tata<\/td>\n<td style=\"width: 23.7109%;height: 33px\"><a href=\"http:\/\/www.eotvos-tata.sulinet.hu\/\">eotvos-tata.sulinet.hu<\/a><\/td>\n<td style=\"width: 31.5063%;height: 33px\">2890 Tata, Tanoda t\u00e9r 5.<\/td>\n<\/tr>\n<tr style=\"height: 33px\">\n<td style=\"width: 27.5679%;height: 33px\">Kr\u00fady Gyula Gimn\u00e1zium<\/td>\n<td style=\"width: 17.2147%;height: 33px\">Ny\u00edregyh\u00e1za<\/td>\n<td style=\"width: 23.7109%;height: 33px\"><a href=\"http:\/\/www.krudy-nyh.sulinet.hu\">krudy-nyh.sulinet.hu<\/a><\/td>\n<td style=\"width: 31.5063%;height: 33px\">4400 Ny\u00edregyh\u00e1za, <br \/>\nEpreskert u. 64.<\/td>\n<\/tr>\n<tr style=\"height: 33px\">\n<td style=\"width: 27.5679%;height: 33px\">Lovassy L\u00e1szl\u00f3 Gimn\u00e1zium<\/td>\n<td style=\"width: 17.2147%;height: 33px\">Veszpr\u00e9m<\/td>\n<td style=\"width: 23.7109%;height: 33px\"><a href=\"http:\/\/www.lovassy.hu\">lovassy.hu<\/a><\/td>\n<td style=\"width: 31.5063%;height: 33px\">8200 Veszpr\u00e9m, <br \/>\nCserh\u00e1t ltp. 11.<\/td>\n<\/tr>\n<tr style=\"height: 33px\">\n<td style=\"width: 27.5679%;height: 33px\">Miksz\u00e1th K\u00e1lm\u00e1n L\u00edceum<\/td>\n<td style=\"width: 17.2147%;height: 33px\">P\u00e1szt\u00f3<\/td>\n<td style=\"width: 23.7109%;height: 33px\"><a href=\"http:\/\/www.mixat.hu\">www.mixat.hu<\/a><\/td>\n<td style=\"width: 31.5063%;height: 33px\">3060. P\u00e1szt\u00f3, <br \/>\nR\u00e1k\u00f3czi \u00fat 1.<\/td>\n<\/tr>\n<tr style=\"height: 33px\">\n<td style=\"width: 27.5679%;height: 33px\">Pannonhalmi Benc\u00e9s Gimn\u00e1zium<\/td>\n<td style=\"width: 17.2147%;height: 33px\">Pannonhalma<\/td>\n<td style=\"width: 23.7109%;height: 33px\"><a href=\"http:\/\/phbences.hu\/\">phbences.hu<\/a><\/td>\n<td style=\"width: 31.5063%;height: 33px\">9090 Pannonhalma, V\u00e1r u. 1.<\/td>\n<\/tr>\n<tr style=\"height: 33px\">\n<td style=\"width: 27.5679%;height: 33px\">Premontei Szent Norbert Gimn\u00e1zium<\/td>\n<td style=\"width: 17.2147%;height: 33px\">G\u00f6d\u00f6ll\u0151<\/td>\n<td style=\"width: 23.7109%;height: 33px\"><a href=\"https:\/\/iskola.premontrei.hu\/\">premontrei.hu<\/a><\/td>\n<td style=\"width: 31.5063%;height: 33px\">2100 G\u00f6d\u00f6ll\u0151, Tak\u00e1cs Menyh\u00e9rt \u00fat 2.<\/td>\n<\/tr>\n<tr style=\"height: 33px\">\n<td style=\"width: 27.5679%;height: 33px\">R\u00e9vai Mikl\u00f3s Gimn\u00e1zium<\/td>\n<td style=\"width: 17.2147%;height: 33px\">Gy\u0151r<\/td>\n<td style=\"width: 23.7109%;height: 33px\"><a href=\"http:\/\/www.revai.hu\/\">www.revai.hu<\/a><\/td>\n<td style=\"width: 31.5063%;height: 33px\">9021 Gy\u0151r, J\u00f3kai u. 21.<\/td>\n<\/tr>\n<tr style=\"height: 33px\">\n<td style=\"width: 27.5679%;height: 33px\">Teleki Blanka Gimn\u00e1zium<\/td>\n<td style=\"width: 17.2147%;height: 33px\">Sz\u00e9kesfeh\u00e9rv\u00e1r<\/td>\n<td style=\"width: 23.7109%;height: 33px\"><a href=\"https:\/\/www.telekiblanka.hu\/\">telekiblanka.hu<\/a><\/td>\n<td style=\"width: 31.5063%;height: 33px\">8000 Sz\u00e9kesfeh\u00e9rv\u00e1r, <br \/>\nBudai \u00fat 7.<\/td>\n<\/tr>\n<tr style=\"height: 33px\">\n<td style=\"width: 27.5679%;height: 33px\">Varga Katalin Gimn\u00e1zium<\/td>\n<td style=\"width: 17.2147%;height: 33px\">Szolnok<\/td>\n<td style=\"width: 23.7109%;height: 33px\"><a href=\"http:\/\/www.varga-szolnok.sulinet.hu\/\">varga-szolnok.sulinet.hu<\/a><\/td>\n<td style=\"width: 31.5063%;height: 33px\">5001 Szolnok, Szabads\u00e1g t\u00e9r 6.<\/td>\n<\/tr>\n<\/tbody>\n<\/table>\n<p>&nbsp;<\/p>\n\n<\/div><h2 class=\"tabtitle\">Hat\u00e1ron t\u00fali Int\u00e9zm\u00e9nyek<\/h2>\n<div class=\"tabcontent\">\n\n<table style=\"border-collapse: collapse;width: 100%\">\n<tbody>\n<tr>\n<td style=\"width: 100%\" colspan=\"4\"><strong>Szlov\u00e1kia<\/strong><\/td>\n<\/tr>\n<tr style=\"height: 33px\">\n<td style=\"width: 35.8404%;height: 33px\"><strong>Int\u00e9zm\u00e9ny<\/strong><\/td>\n<td style=\"width: 18.0573%;height: 33px\"><strong>Telep\u00fcl\u00e9s<\/strong><\/td>\n<td style=\"width: 16.7174%;height: 33px\"><strong>Honlap<\/strong><\/td>\n<td style=\"width: 29.3849%;height: 33px\"><strong>C\u00edm<\/strong><\/td>\n<\/tr>\n<tr>\n<td style=\"width: 35.8404%\">Magyar Tannyelv\u0171 Alapiskola \u00e9s Gimn\u00e1zium<\/td>\n<td style=\"width: 18.0573%\">Pozsony<\/td>\n<td style=\"width: 16.7174%\"><a href=\"https:\/\/mtag.sk\/\">mtag.sk<\/a><\/td>\n<td style=\"width: 29.3849%\">Dunajsk\u00e1 13. 814 84 Bratislava &#8211; SK<\/td>\n<\/tr>\n<tr>\n<td style=\"width: 35.8404%\">Selye J\u00e1nos Gimn\u00e1zium<\/td>\n<td style=\"width: 18.0573%\">Kom\u00e1rom<\/td>\n<td style=\"width: 16.7174%\"><a href=\"https:\/\/ghsvjmkn.edupage.org\/\">ghsvjmkn.edupage.org<\/a><\/td>\n<td style=\"width: 29.3849%\">Biskupa Kir\u00e1lya 5, 945 05 Kom\u00e1rno -SK<\/td>\n<\/tr>\n<\/tbody>\n<\/table>\n<p>&nbsp;<\/p>\n<\/div><\/div>\n","protected":false},"excerpt":{"rendered":"<p>Egyetem\u00fcnk jelenleg 34 K\u00f6z\u00e9piskol\u00e1val \u00e1ll szerz\u0151d\u00e9ses partneriskolai kapcsolatban, ebb\u0151l 16 budapesti, 17 vid\u00e9ki \u00e9s 2 hat\u00e1ron t\u00fali. Int\u00e9zm\u00e9ny Honlap C\u00edm Arany J\u00e1nos \u00c1lt. Isk. \u00e9s Gimn\u00e1zium, Budapest <a href=\"http:\/\/www.aranyj.eu\/\">www.aranyj.eu<\/a> 1124 Budapest, Meredek u. 1. Ba\u00e1r-Madas Reform\u00e1tus Gimn\u00e1zium <a href=\"http:\/\/www.bmrg.hu\">www.bmrg.hu<\/a> 1022 Budapest, Lor\u00e1ntffy Zsuzsanna u. 3. Budapest XIV. Ker\u00fcleti Teleki Blanka Gimn\u00e1zium <a href=\"http:\/\/tbg.hu\">www.tbg.hu<\/a> 1146 Budapest, Ajt\u00f3si D\u00fcrer sor 37. Ciszterci Szent &hellip;<\/p>\n","protected":false},"author":12,"featured_media":0,"parent":10,"menu_order":0,"comment_status":"closed","ping_status":"closed","template":"","meta":{"_acf_changed":false,"footnotes":""},"categories":[],"tags":[],"class_list":["post-2655","page","type-page","status-publish","hentry"],"acf":[],"_links":{"self":[{"href":"https:\/\/semmelweis.hu\/kerpel\/wp-json\/wp\/v2\/pages\/2655","targetHints":{"allow":["GET"]}}],"collection":[{"href":"https:\/\/semmelweis.hu\/kerpel\/wp-json\/wp\/v2\/pages"}],"about":[{"href":"https:\/\/semmelweis.hu\/kerpel\/wp-json\/wp\/v2\/types\/page"}],"author":[{"embeddable":true,"href":"https:\/\/semmelweis.hu\/kerpel\/wp-json\/wp\/v2\/users\/12"}],"replies":[{"embeddable":true,"href":"https:\/\/semmelweis.hu\/kerpel\/wp-json\/wp\/v2\/comments?post=2655"}],"version-history":[{"count":10,"href":"https:\/\/semmelweis.hu\/kerpel\/wp-json\/wp\/v2\/pages\/2655\/revisions"}],"predecessor-version":[{"id":3641,"href":"https:\/\/semmelweis.hu\/kerpel\/wp-json\/wp\/v2\/pages\/2655\/revisions\/3641"}],"up":[{"embeddable":true,"href":"https:\/\/semmelweis.hu\/kerpel\/wp-json\/wp\/v2\/pages\/10"}],"wp:attachment":[{"href":"https:\/\/semmelweis.hu\/kerpel\/wp-json\/wp\/v2\/media?parent=2655"}],"wp:term":[{"taxonomy":"category","embeddable":true,"href":"https:\/\/semmelweis.hu\/kerpel\/wp-json\/wp\/v2\/categories?post=2655"},{"taxonomy":"post_tag","embeddable":true,"href":"https:\/\/semmelweis.hu\/kerpel\/wp-json\/wp\/v2\/tags?post=2655"}],"curies":[{"name":"wp","href":"https:\/\/api.w.org\/{rel}","templated":true}]}}