{"id":261,"date":"2019-05-08T00:00:00","date_gmt":"2019-05-08T00:00:00","guid":{"rendered":"http:\/\/test.semmelweis.hu\/kerpel\/elismeres_dunai_zsuzsannanak\/"},"modified":"2019-05-08T00:00:00","modified_gmt":"2019-05-08T00:00:00","slug":"elismeres_dunai_zsuzsannanak","status":"publish","type":"page","link":"https:\/\/semmelweis.hu\/kerpel\/elismeresek\/elismeres_dunai_zsuzsannanak\/","title":{"rendered":"Elismer\u00e9s Dunai Zsuzsann\u00e1nak"},"content":{"rendered":"<p><strong>A &#8222;PhD Tudom\u00e1nyos Napok 2009&#8221; keret\u00e9ben ny\u00fajtott kiemelked\u0151 szerepl\u00e9s\u00e9\u00e9rt d\u00edcs\u00e9retben \u00e9s jutalomban r\u00e9szes\u00fclt Dunai Zsuzsanna. A bemutatott poster a grazi munk\u00e1ja eredm\u00e9nyeit foglalja \u00f6ssze, melyet Erasmus \u00f6szt\u00f6nd\u00edjask\u00e9nt v\u00e9gezhetett.<\/strong> <\/p>\n<p><em>A poster c\u00edme:<\/em> Toxic effects of oxidized phospholipids on cultured macrophages<\/p>\n<p><em>Szerz\u0151k:<\/em> Zsuzsanna Dunai, Ute Stemmer, Claudia Ramprecht, Elfriede Zenzmaier and Albin Hermetter<br \/><em>T\u00e1mogat\u00f3k:<\/em> TUGraz, SFB- Lipotox, Austrian Science Fund (FWF)<\/p>\n","protected":false},"excerpt":{"rendered":"<p>A &#8222;PhD Tudom\u00e1nyos Napok 2009&#8221; keret\u00e9ben ny\u00fajtott kiemelked\u0151 szerepl\u00e9s\u00e9\u00e9rt d\u00edcs\u00e9retben \u00e9s jutalomban r\u00e9szes\u00fclt Dunai Zsuzsanna. A bemutatott poster a grazi munk\u00e1ja eredm\u00e9nyeit foglalja \u00f6ssze, melyet Erasmus \u00f6szt\u00f6nd\u00edjask\u00e9nt v\u00e9gezhetett. A poster c\u00edme: Toxic effects of oxidized phospholipids on cultured macrophages Szerz\u0151k: Zsuzsanna Dunai, Ute Stemmer, Claudia Ramprecht, Elfriede Zenzmaier and Albin HermetterT\u00e1mogat\u00f3k: TUGraz, SFB- Lipotox, Austrian &hellip;<\/p>\n","protected":false},"author":158,"featured_media":0,"parent":1074,"menu_order":28,"comment_status":"closed","ping_status":"closed","template":"","meta":{"_acf_changed":false,"footnotes":""},"categories":[],"tags":[],"class_list":["post-261","page","type-page","status-publish","hentry"],"acf":[],"_links":{"self":[{"href":"https:\/\/semmelweis.hu\/kerpel\/wp-json\/wp\/v2\/pages\/261","targetHints":{"allow":["GET"]}}],"collection":[{"href":"https:\/\/semmelweis.hu\/kerpel\/wp-json\/wp\/v2\/pages"}],"about":[{"href":"https:\/\/semmelweis.hu\/kerpel\/wp-json\/wp\/v2\/types\/page"}],"author":[{"embeddable":true,"href":"https:\/\/semmelweis.hu\/kerpel\/wp-json\/wp\/v2\/users\/158"}],"replies":[{"embeddable":true,"href":"https:\/\/semmelweis.hu\/kerpel\/wp-json\/wp\/v2\/comments?post=261"}],"version-history":[{"count":0,"href":"https:\/\/semmelweis.hu\/kerpel\/wp-json\/wp\/v2\/pages\/261\/revisions"}],"up":[{"embeddable":true,"href":"https:\/\/semmelweis.hu\/kerpel\/wp-json\/wp\/v2\/pages\/1074"}],"wp:attachment":[{"href":"https:\/\/semmelweis.hu\/kerpel\/wp-json\/wp\/v2\/media?parent=261"}],"wp:term":[{"taxonomy":"category","embeddable":true,"href":"https:\/\/semmelweis.hu\/kerpel\/wp-json\/wp\/v2\/categories?post=261"},{"taxonomy":"post_tag","embeddable":true,"href":"https:\/\/semmelweis.hu\/kerpel\/wp-json\/wp\/v2\/tags?post=261"}],"curies":[{"name":"wp","href":"https:\/\/api.w.org\/{rel}","templated":true}]}}