{"id":260,"date":"2019-05-08T00:00:00","date_gmt":"2019-05-08T00:00:00","guid":{"rendered":"http:\/\/test.semmelweis.hu\/kerpel\/kerpelesek_a_science_magazinban\/"},"modified":"2019-05-08T00:00:00","modified_gmt":"2019-05-08T00:00:00","slug":"kerpelesek_a_science_magazinban","status":"publish","type":"page","link":"https:\/\/semmelweis.hu\/kerpel\/elismeresek\/kerpelesek_a_science_magazinban\/","title":{"rendered":"Kerpelesek cikke jelent meg a Science magazinban"},"content":{"rendered":"<p><strong>Megjelent a Science-ben az a cikk, amiben k\u00e9t kerpeles hallgat\u00f3nk is szerepel: Domonkos Andor \u00e9s Hangya Bal\u00e1zs.<\/strong><\/p>\n<p>Varga V, Losonczy A, Zemelman BV, Borhegyi Z, Nyiri G, Domonkos A, Hangya B, Holderith N, Magee JC, Freund TF. (2009) Fast Synaptic Subcortical Control of Hippocampal Circuits. Science 326 (5951): 449-453<\/p>\n<p>Az absztrakt eletronikus el\u00e9rhet\u0151s\u00e9ge<\/p>\n<p><a href=\"http:\/\/www.sciencemag.org\/content\/326\/5951\/449.abstract\">http:\/\/www.sciencemag.org\/content\/326\/5951\/449.abstract<\/a><\/p>\n","protected":false},"excerpt":{"rendered":"<p>Megjelent a Science-ben az a cikk, amiben k\u00e9t kerpeles hallgat\u00f3nk is szerepel: Domonkos Andor \u00e9s Hangya Bal\u00e1zs.<br \/>\nVarga V, Losonczy A, Zemelman BV, Borhegyi Z, Nyiri G, Domonkos A, Hangya B, Holderith N, Magee JC, Freund TF. (2009) Fast Synaptic Subcortical Control of Hippocampal Circuits. Science 326 (5951): 449-453<br \/>\nAz absztrakt eletronikus el\u00e9rhet\u0151s\u00e9ge<br \/>\n<a href=\"http:\/\/www.sciencemag.org\/content\/326\/5951\/449.abstract\">http:\/\/www.sciencemag.org\/content\/326\/5951\/449.abstract<\/a><\/p>\n","protected":false},"author":158,"featured_media":0,"parent":1074,"menu_order":27,"comment_status":"closed","ping_status":"closed","template":"","meta":{"_acf_changed":false,"footnotes":""},"categories":[],"tags":[],"class_list":["post-260","page","type-page","status-publish","hentry"],"acf":[],"_links":{"self":[{"href":"https:\/\/semmelweis.hu\/kerpel\/wp-json\/wp\/v2\/pages\/260","targetHints":{"allow":["GET"]}}],"collection":[{"href":"https:\/\/semmelweis.hu\/kerpel\/wp-json\/wp\/v2\/pages"}],"about":[{"href":"https:\/\/semmelweis.hu\/kerpel\/wp-json\/wp\/v2\/types\/page"}],"author":[{"embeddable":true,"href":"https:\/\/semmelweis.hu\/kerpel\/wp-json\/wp\/v2\/users\/158"}],"replies":[{"embeddable":true,"href":"https:\/\/semmelweis.hu\/kerpel\/wp-json\/wp\/v2\/comments?post=260"}],"version-history":[{"count":0,"href":"https:\/\/semmelweis.hu\/kerpel\/wp-json\/wp\/v2\/pages\/260\/revisions"}],"up":[{"embeddable":true,"href":"https:\/\/semmelweis.hu\/kerpel\/wp-json\/wp\/v2\/pages\/1074"}],"wp:attachment":[{"href":"https:\/\/semmelweis.hu\/kerpel\/wp-json\/wp\/v2\/media?parent=260"}],"wp:term":[{"taxonomy":"category","embeddable":true,"href":"https:\/\/semmelweis.hu\/kerpel\/wp-json\/wp\/v2\/categories?post=260"},{"taxonomy":"post_tag","embeddable":true,"href":"https:\/\/semmelweis.hu\/kerpel\/wp-json\/wp\/v2\/tags?post=260"}],"curies":[{"name":"wp","href":"https:\/\/api.w.org\/{rel}","templated":true}]}}