{"id":259,"date":"2019-05-08T00:00:00","date_gmt":"2019-05-08T00:00:00","guid":{"rendered":"http:\/\/test.semmelweis.hu\/kerpel\/150-40107\/"},"modified":"2019-05-08T00:00:00","modified_gmt":"2019-05-08T00:00:00","slug":"150-40107","status":"publish","type":"page","link":"https:\/\/semmelweis.hu\/kerpel\/elismeresek\/150-40107\/","title":{"rendered":"Kolonics Ferenc a kardiol\u00f3giai tanulm\u00e1nyi verseny els\u0151 helyezettje."},"content":{"rendered":"<p><strong>Kolonics Ferenc V. \u00e9ves \u00c1OK hallgat\u00f3 a Semmelweis Egyetem Kardiol\u00f3giai Klinika kardiol\u00f3gia tanulm\u00e1nyi verseny\u00e9n els\u0151 helyez\u00e9st \u00e9rt el a 2010\/2011-es tan\u00e9vben!<\/strong> <\/p>\n<p>2011 \u0151sz\u00e9n akt\u00edv k\u00f6z\u00e9leti tev\u00e9kenys\u00e9g\u00e9t Kerpel-Fronius \u00d6d\u00f6n d\u00edjjal jutalmazt\u00e1k.<\/p>\n","protected":false},"excerpt":{"rendered":"<p>Kolonics Ferenc V. \u00e9ves \u00c1OK hallgat\u00f3 a Semmelweis Egyetem Kardiol\u00f3giai Klinika kardiol\u00f3gia tanulm\u00e1nyi verseny\u00e9n els\u0151 helyez\u00e9st \u00e9rt el a 2010\/2011-es tan\u00e9vben!<br \/>\n2011 \u0151sz\u00e9n akt\u00edv k\u00f6z\u00e9leti tev\u00e9kenys\u00e9g\u00e9t Kerpel-Fronius \u00d6d\u00f6n d\u00edjjal jutalmazt\u00e1k.<\/p>\n","protected":false},"author":158,"featured_media":0,"parent":1074,"menu_order":26,"comment_status":"closed","ping_status":"closed","template":"","meta":{"_acf_changed":false,"footnotes":""},"categories":[],"tags":[],"class_list":["post-259","page","type-page","status-publish","hentry"],"acf":[],"_links":{"self":[{"href":"https:\/\/semmelweis.hu\/kerpel\/wp-json\/wp\/v2\/pages\/259","targetHints":{"allow":["GET"]}}],"collection":[{"href":"https:\/\/semmelweis.hu\/kerpel\/wp-json\/wp\/v2\/pages"}],"about":[{"href":"https:\/\/semmelweis.hu\/kerpel\/wp-json\/wp\/v2\/types\/page"}],"author":[{"embeddable":true,"href":"https:\/\/semmelweis.hu\/kerpel\/wp-json\/wp\/v2\/users\/158"}],"replies":[{"embeddable":true,"href":"https:\/\/semmelweis.hu\/kerpel\/wp-json\/wp\/v2\/comments?post=259"}],"version-history":[{"count":0,"href":"https:\/\/semmelweis.hu\/kerpel\/wp-json\/wp\/v2\/pages\/259\/revisions"}],"up":[{"embeddable":true,"href":"https:\/\/semmelweis.hu\/kerpel\/wp-json\/wp\/v2\/pages\/1074"}],"wp:attachment":[{"href":"https:\/\/semmelweis.hu\/kerpel\/wp-json\/wp\/v2\/media?parent=259"}],"wp:term":[{"taxonomy":"category","embeddable":true,"href":"https:\/\/semmelweis.hu\/kerpel\/wp-json\/wp\/v2\/categories?post=259"},{"taxonomy":"post_tag","embeddable":true,"href":"https:\/\/semmelweis.hu\/kerpel\/wp-json\/wp\/v2\/tags?post=259"}],"curies":[{"name":"wp","href":"https:\/\/api.w.org\/{rel}","templated":true}]}}