{"id":258,"date":"2019-05-08T00:00:00","date_gmt":"2019-05-08T00:00:00","guid":{"rendered":"http:\/\/test.semmelweis.hu\/kerpel\/150-39835\/"},"modified":"2019-05-08T00:00:00","modified_gmt":"2019-05-08T00:00:00","slug":"150-39835","status":"publish","type":"page","link":"https:\/\/semmelweis.hu\/kerpel\/elismeresek\/150-39835\/","title":{"rendered":"Kerpel Eml\u00e9kplakettet kapott k\u00e9t hallgat\u00f3nk"},"content":{"rendered":"<p><strong> 2010-ben Kerpel Eml\u00e9kplakettet kapott hallgat\u00f3ink k\u00f6z\u00fcl Fr\u00f6hlich Georgina \u00e9s Toldi Gergely. A d\u00edj \u00e1tad\u00e1s\u00e1ra 2010. dec. 10-\u00e9n ker\u00fclt sor a Kerpel Nap keret\u00e9ben.<\/strong> <\/p>\n<p><img loading=\"lazy\" decoding=\"async\" alt=\"emlekplakett2.jpg\" align=\"right\" src=\"https:\/\/semmelweis.hu\/kerpel\/files\/2019\/05\/emlekplakett2.jpg\" width=\"286\" height=\"189\"> <img loading=\"lazy\" decoding=\"async\" alt=\"emlekplakett.jpg\" src=\"https:\/\/semmelweis.hu\/kerpel\/files\/2019\/05\/emlekplakett.jpg\" width=\"287\" height=\"189\"> <\/p>\n","protected":false},"excerpt":{"rendered":"<p> 2010-ben Kerpel Eml\u00e9kplakettet kapott hallgat\u00f3ink k\u00f6z\u00fcl Fr\u00f6hlich Georgina \u00e9s Toldi Gergely. A d\u00edj \u00e1tad\u00e1s\u00e1ra 2010. dec. 10-\u00e9n ker\u00fclt sor a Kerpel Nap keret\u00e9ben. <\/p>\n","protected":false},"author":158,"featured_media":0,"parent":1074,"menu_order":25,"comment_status":"closed","ping_status":"closed","template":"","meta":{"_acf_changed":false,"footnotes":""},"categories":[],"tags":[],"class_list":["post-258","page","type-page","status-publish","hentry"],"acf":[],"_links":{"self":[{"href":"https:\/\/semmelweis.hu\/kerpel\/wp-json\/wp\/v2\/pages\/258","targetHints":{"allow":["GET"]}}],"collection":[{"href":"https:\/\/semmelweis.hu\/kerpel\/wp-json\/wp\/v2\/pages"}],"about":[{"href":"https:\/\/semmelweis.hu\/kerpel\/wp-json\/wp\/v2\/types\/page"}],"author":[{"embeddable":true,"href":"https:\/\/semmelweis.hu\/kerpel\/wp-json\/wp\/v2\/users\/158"}],"replies":[{"embeddable":true,"href":"https:\/\/semmelweis.hu\/kerpel\/wp-json\/wp\/v2\/comments?post=258"}],"version-history":[{"count":0,"href":"https:\/\/semmelweis.hu\/kerpel\/wp-json\/wp\/v2\/pages\/258\/revisions"}],"up":[{"embeddable":true,"href":"https:\/\/semmelweis.hu\/kerpel\/wp-json\/wp\/v2\/pages\/1074"}],"wp:attachment":[{"href":"https:\/\/semmelweis.hu\/kerpel\/wp-json\/wp\/v2\/media?parent=258"}],"wp:term":[{"taxonomy":"category","embeddable":true,"href":"https:\/\/semmelweis.hu\/kerpel\/wp-json\/wp\/v2\/categories?post=258"},{"taxonomy":"post_tag","embeddable":true,"href":"https:\/\/semmelweis.hu\/kerpel\/wp-json\/wp\/v2\/tags?post=258"}],"curies":[{"name":"wp","href":"https:\/\/api.w.org\/{rel}","templated":true}]}}