{"id":257,"date":"2019-05-08T00:00:00","date_gmt":"2019-05-08T00:00:00","guid":{"rendered":"http:\/\/test.semmelweis.hu\/kerpel\/elismeres_2012_jan_16\/"},"modified":"2019-05-08T00:00:00","modified_gmt":"2019-05-08T00:00:00","slug":"elismeres_2012_jan_16","status":"publish","type":"page","link":"https:\/\/semmelweis.hu\/kerpel\/elismeresek\/elismeres_2012_jan_16\/","title":{"rendered":"Sikeres p\u00e1ly\u00e1zat"},"content":{"rendered":"<p><strong>2011. janu\u00e1ri Oktat\u00e1s\u00e9rt K\u00f6zalap\u00edtv\u00e1ny p\u00e1ly\u00e1zat\u00e1n a Kerpel Fronius \u00d6d\u00f6n Tehets\u00e9ggondoz\u00f3 Program keret\u00e9ben hallgat\u00f3ink kutat\u00e1si tervet ny\u00fajtottak be, melyen sikeres elb\u00edr\u00e1l\u00e1sban r\u00e9szes\u00fclt\u00fcnk. Ennek eredm\u00e9nyek\u00e9nt a k\u00f6vetkez\u0151 hallgat\u00f3k fejenk\u00e9nt 80 ezer forint \u00f6sszeg\u0171 t\u00e1mogat\u00e1st kapnak:<\/strong><\/p>\n<ul>\n<li>Berze Ildik\u00f3<\/li>\n<li>Birtalan Ede<\/li>\n<li>Domonkos Andor<\/li>\n<li>Gara Edit<\/li>\n<li>Haraszti R\u00e9ka<\/li>\n<li>Kohl Gyula M\u00e1rton<\/li>\n<li>ov\u00e1cs Hajnal<\/li>\n<li>L\u00e1z\u00e1r Enik\u0151<\/li>\n<li>Marosi Attila<\/li>\n<li>Mihalik \u00c1goston<\/li>\n<li>R\u00f3nai Katalin Zsuzsanna<\/li>\n<li>Szab\u00f3 G. Tam\u00e1s<\/li>\n<li>Szanyi Szil\u00e1rd<\/li>\n<li>Szil\u00e1gyi N\u00f3ra<\/li>\n<li>Toldi Gergely.<\/li>\n<\/ul>\n","protected":false},"excerpt":{"rendered":"<p>2011. janu\u00e1ri Oktat\u00e1s\u00e9rt K\u00f6zalap\u00edtv\u00e1ny p\u00e1ly\u00e1zat\u00e1n a Kerpel Fronius \u00d6d\u00f6n Tehets\u00e9ggondoz\u00f3 Program keret\u00e9ben hallgat\u00f3ink kutat\u00e1si tervet ny\u00fajtottak be, melyen sikeres elb\u00edr\u00e1l\u00e1sban r\u00e9szes\u00fclt\u00fcnk. Ennek eredm\u00e9nyek\u00e9nt a k\u00f6vetkez\u0151 hallgat\u00f3k fejenk\u00e9nt 80 ezer forint \u00f6sszeg\u0171 t\u00e1mogat\u00e1st kapnak: Berze Ildik\u00f3 Birtalan Ede Domonkos Andor Gara Edit Haraszti R\u00e9ka Kohl Gyula M\u00e1rton ov\u00e1cs Hajnal L\u00e1z\u00e1r Enik\u0151 Marosi Attila Mihalik \u00c1goston R\u00f3nai &hellip;<\/p>\n","protected":false},"author":158,"featured_media":0,"parent":1074,"menu_order":24,"comment_status":"closed","ping_status":"closed","template":"","meta":{"_acf_changed":false,"footnotes":""},"categories":[],"tags":[],"class_list":["post-257","page","type-page","status-publish","hentry"],"acf":[],"_links":{"self":[{"href":"https:\/\/semmelweis.hu\/kerpel\/wp-json\/wp\/v2\/pages\/257","targetHints":{"allow":["GET"]}}],"collection":[{"href":"https:\/\/semmelweis.hu\/kerpel\/wp-json\/wp\/v2\/pages"}],"about":[{"href":"https:\/\/semmelweis.hu\/kerpel\/wp-json\/wp\/v2\/types\/page"}],"author":[{"embeddable":true,"href":"https:\/\/semmelweis.hu\/kerpel\/wp-json\/wp\/v2\/users\/158"}],"replies":[{"embeddable":true,"href":"https:\/\/semmelweis.hu\/kerpel\/wp-json\/wp\/v2\/comments?post=257"}],"version-history":[{"count":0,"href":"https:\/\/semmelweis.hu\/kerpel\/wp-json\/wp\/v2\/pages\/257\/revisions"}],"up":[{"embeddable":true,"href":"https:\/\/semmelweis.hu\/kerpel\/wp-json\/wp\/v2\/pages\/1074"}],"wp:attachment":[{"href":"https:\/\/semmelweis.hu\/kerpel\/wp-json\/wp\/v2\/media?parent=257"}],"wp:term":[{"taxonomy":"category","embeddable":true,"href":"https:\/\/semmelweis.hu\/kerpel\/wp-json\/wp\/v2\/categories?post=257"},{"taxonomy":"post_tag","embeddable":true,"href":"https:\/\/semmelweis.hu\/kerpel\/wp-json\/wp\/v2\/tags?post=257"}],"curies":[{"name":"wp","href":"https:\/\/api.w.org\/{rel}","templated":true}]}}