{"id":256,"date":"2019-05-08T00:00:00","date_gmt":"2019-05-08T00:00:00","guid":{"rendered":"http:\/\/test.semmelweis.hu\/kerpel\/150-40112\/"},"modified":"2019-05-08T00:00:00","modified_gmt":"2019-05-08T00:00:00","slug":"150-40112","status":"publish","type":"page","link":"https:\/\/semmelweis.hu\/kerpel\/elismeresek\/150-40112\/","title":{"rendered":"Cser\u00e9p Csaba tanulm\u00e1nya a Cerebral Cortex foly\u00f3iratban."},"content":{"rendered":"<p><strong>Megjelent a Cerebral Cortex nev\u0171 nemzetk\u00f6zi idegtudom\u00e1nyi foly\u00f3iratban Cser\u00e9p Csaba els\u0151szerz\u0151s\u00e9g\u00e9vel a \u201eNitric oxide signaling modulates synaptic transmission during early postnatal development&#8221; c. tanulm\u00e1ny. A szerz\u0151k kimutatt\u00e1k a fejl\u0151d\u0151 agyban a retrogr\u00e1d nitrog\u00e9n-monoxid jel\u00e1tviteli \u00fatvonal jelenl\u00e9t\u00e9t mind a GABAerg, mind pedig a glutamaterg szinapszisokban, \u00e9s bizony\u00edtott\u00e1k, hogy ez a jelp\u00e1lya k\u00e9pes szab\u00e1lyozni a szinaptikus transzmisszi\u00f3 hat\u00e9konys\u00e1g\u00e1t, tov\u00e1bb\u00e1 a fejl\u0151d\u00e9sben rendk\u00edv\u00fcl fontos szinkron neuron\u00e1lis h\u00e1l\u00f3zati aktivit\u00e1st. Az absztrakt elektronikus el\u00e9rhet\u0151s\u00e9ge: <a href=\"http:\/\/www.ncbi.nlm.nih.gov\/pubmed\/21282319\">http:\/\/www.ncbi.nlm.nih.gov\/pubmed\/21282319<\/a><\/strong><\/p>\n<p>A szerz\u0151k kimutatt\u00e1k a fejl\u0151d\u0151 agyban a retrogr\u00e1d nitrog\u00e9n-monoxid jel\u00e1tviteli \u00fatvonal jelenl\u00e9t\u00e9t mind a GABAerg, mind pedig a glutamaterg szinapszisokban, \u00e9s bizony\u00edtott\u00e1k, hogy ez a jelp\u00e1lya k\u00e9pes szab\u00e1lyozni a szinaptikus transzmisszi\u00f3 hat\u00e9konys\u00e1g\u00e1t, tov\u00e1bb\u00e1 a fejl\u0151d\u00e9sben rendk\u00edv\u00fcl fontos szinkron neuron\u00e1lis h\u00e1l\u00f3zati aktivit\u00e1st.<\/p>\n<p>Az absztrakt elektronikus el\u00e9rhet\u0151s\u00e9ge: <a href=\"http:\/\/www.ncbi.nlm.nih.gov\/pubmed\/21282319\" target=\"_blank\" rel=\"noopener noreferrer\">http:\/\/www.ncbi.nlm.nih.gov\/pubmed\/21282319 <\/a><\/p>\n","protected":false},"excerpt":{"rendered":"<p>Megjelent a Cerebral Cortex nev\u0171 nemzetk\u00f6zi idegtudom\u00e1nyi foly\u00f3iratban Cser\u00e9p Csaba els\u0151szerz\u0151s\u00e9g\u00e9vel a \u201eNitric oxide signaling modulates synaptic transmission during early postnatal development&#8221; c. tanulm\u00e1ny. A szerz\u0151k kimutatt\u00e1k a fejl\u0151d\u0151 agyban a retrogr\u00e1d nitrog\u00e9n-monoxid jel\u00e1tviteli \u00fatvonal jelenl\u00e9t\u00e9t mind a GABAerg, mind pedig a glutamaterg szinapszisokban, \u00e9s bizony\u00edtott\u00e1k, hogy ez a jelp\u00e1lya k\u00e9pes szab\u00e1lyozni a szinaptikus transzmisszi\u00f3 &hellip;<\/p>\n","protected":false},"author":158,"featured_media":0,"parent":1074,"menu_order":23,"comment_status":"closed","ping_status":"closed","template":"","meta":{"_acf_changed":false,"footnotes":""},"categories":[],"tags":[],"class_list":["post-256","page","type-page","status-publish","hentry"],"acf":[],"_links":{"self":[{"href":"https:\/\/semmelweis.hu\/kerpel\/wp-json\/wp\/v2\/pages\/256","targetHints":{"allow":["GET"]}}],"collection":[{"href":"https:\/\/semmelweis.hu\/kerpel\/wp-json\/wp\/v2\/pages"}],"about":[{"href":"https:\/\/semmelweis.hu\/kerpel\/wp-json\/wp\/v2\/types\/page"}],"author":[{"embeddable":true,"href":"https:\/\/semmelweis.hu\/kerpel\/wp-json\/wp\/v2\/users\/158"}],"replies":[{"embeddable":true,"href":"https:\/\/semmelweis.hu\/kerpel\/wp-json\/wp\/v2\/comments?post=256"}],"version-history":[{"count":0,"href":"https:\/\/semmelweis.hu\/kerpel\/wp-json\/wp\/v2\/pages\/256\/revisions"}],"up":[{"embeddable":true,"href":"https:\/\/semmelweis.hu\/kerpel\/wp-json\/wp\/v2\/pages\/1074"}],"wp:attachment":[{"href":"https:\/\/semmelweis.hu\/kerpel\/wp-json\/wp\/v2\/media?parent=256"}],"wp:term":[{"taxonomy":"category","embeddable":true,"href":"https:\/\/semmelweis.hu\/kerpel\/wp-json\/wp\/v2\/categories?post=256"},{"taxonomy":"post_tag","embeddable":true,"href":"https:\/\/semmelweis.hu\/kerpel\/wp-json\/wp\/v2\/tags?post=256"}],"curies":[{"name":"wp","href":"https:\/\/api.w.org\/{rel}","templated":true}]}}