{"id":255,"date":"2019-05-08T00:00:00","date_gmt":"2019-05-08T00:00:00","guid":{"rendered":"http:\/\/test.semmelweis.hu\/kerpel\/150-40203\/"},"modified":"2019-05-08T00:00:00","modified_gmt":"2019-05-08T00:00:00","slug":"150-40203","status":"publish","type":"page","link":"https:\/\/semmelweis.hu\/kerpel\/elismeresek\/150-40203\/","title":{"rendered":"Kov\u00e1cs Hajnal Anna 1. helyezett az Orvos-, Fogorvos- \u00e9s Gy\u00f3gyszer\u00e9sztudom\u00e1nyi Di\u00e1kk\u00f6ri Konferenci\u00e1n."},"content":{"rendered":"<p><strong>Kov\u00e1cs Hajnal Anna a 2011-es Orvos-, Fogorvos \u00e9s Gy\u00f3gyszer\u00e9sztudom\u00e1nyi Di\u00e1kk\u00f6ri Konferenci\u00e1n 1. helyez\u00e9st \u00e9rt el \u201eA peroxidazin r\u00f6vid izoform\u00e1j\u00e1nak jellemz\u00e9se\u201d c\u00edm\u0171 el\u0151ad\u00e1s\u00e1val, valamint t\u00e1rsszerz\u0151je volt a Magyar \u00c9lettani T\u00e1rsas\u00e1g LXXV. V\u00e1ndorgy\u0171l\u00e9s\u00e9n ki\u00e1ll\u00edtott A NADPH-oxid\u00e1z 4 (Nox4) lokaliz\u00e1ci\u00f3j\u00e1nak \u00e9s protein interakci\u00f3inak vizsg\u00e1lata genetikai modellek seg\u00edts\u00e9g\u00e9vel c\u00edm\u0171 poszternek. Hajnal ezenk\u00edv\u00fcl t\u00e1rsszerz\u0151je a Braz\u00edli\u00e1ban megrendezett I. Sao Paulo Advanced School (ESPCA) on Redox Processes in Biomedicine konferenci\u00e1n szerepl\u0151 \u201eAnalysis of NOX4 localization and protein interactions using genetic models\u201d c\u00edm\u0171 poszternek.<\/strong><\/p>\n<p>Valamint t\u00e1rsszerz\u0151je volt a Magyar \u00c9lettani T\u00e1rsas\u00e1g LXXV. V\u00e1ndorgy\u0171l\u00e9s\u00e9n ki\u00e1ll\u00edtott \u201eA NADPH-oxid\u00e1z 4 (Nox4) lokaliz\u00e1ci\u00f3j\u00e1nak \u00e9s protein interakci\u00f3inak vizsg\u00e1lata genetikai modellek seg\u00edts\u00e9g\u00e9vel\u201d c\u00edm\u0171 poszternek, \u00e9s szint\u00e9n t\u00e1rsszerz\u0151je a Braz\u00edli\u00e1ban megrendezett I. Sao Paulo Advanced School (ESPCA) on Redox Processes in Biomedicine konferenci\u00e1n szerepl\u0151 \u201eAnalysis of NOX4 localization and protein interactions using genetic models\u201d c\u00edm\u0171 poszternek.<\/p>\n","protected":false},"excerpt":{"rendered":"<p>Kov\u00e1cs Hajnal Anna a 2011-es Orvos-, Fogorvos \u00e9s Gy\u00f3gyszer\u00e9sztudom\u00e1nyi Di\u00e1kk\u00f6ri Konferenci\u00e1n 1. helyez\u00e9st \u00e9rt el \u201eA peroxidazin r\u00f6vid izoform\u00e1j\u00e1nak jellemz\u00e9se\u201d c\u00edm\u0171 el\u0151ad\u00e1s\u00e1val, valamint t\u00e1rsszerz\u0151je volt a Magyar \u00c9lettani T\u00e1rsas\u00e1g LXXV. V\u00e1ndorgy\u0171l\u00e9s\u00e9n ki\u00e1ll\u00edtott A NADPH-oxid\u00e1z 4 (Nox4) lokaliz\u00e1ci\u00f3j\u00e1nak \u00e9s protein interakci\u00f3inak vizsg\u00e1lata genetikai modellek seg\u00edts\u00e9g\u00e9vel c\u00edm\u0171 poszternek. Hajnal ezenk\u00edv\u00fcl t\u00e1rsszerz\u0151je a Braz\u00edli\u00e1ban megrendezett I. Sao Paulo &hellip;<\/p>\n","protected":false},"author":158,"featured_media":0,"parent":1074,"menu_order":22,"comment_status":"closed","ping_status":"closed","template":"","meta":{"_acf_changed":false,"footnotes":""},"categories":[],"tags":[],"class_list":["post-255","page","type-page","status-publish","hentry"],"acf":[],"_links":{"self":[{"href":"https:\/\/semmelweis.hu\/kerpel\/wp-json\/wp\/v2\/pages\/255","targetHints":{"allow":["GET"]}}],"collection":[{"href":"https:\/\/semmelweis.hu\/kerpel\/wp-json\/wp\/v2\/pages"}],"about":[{"href":"https:\/\/semmelweis.hu\/kerpel\/wp-json\/wp\/v2\/types\/page"}],"author":[{"embeddable":true,"href":"https:\/\/semmelweis.hu\/kerpel\/wp-json\/wp\/v2\/users\/158"}],"replies":[{"embeddable":true,"href":"https:\/\/semmelweis.hu\/kerpel\/wp-json\/wp\/v2\/comments?post=255"}],"version-history":[{"count":0,"href":"https:\/\/semmelweis.hu\/kerpel\/wp-json\/wp\/v2\/pages\/255\/revisions"}],"up":[{"embeddable":true,"href":"https:\/\/semmelweis.hu\/kerpel\/wp-json\/wp\/v2\/pages\/1074"}],"wp:attachment":[{"href":"https:\/\/semmelweis.hu\/kerpel\/wp-json\/wp\/v2\/media?parent=255"}],"wp:term":[{"taxonomy":"category","embeddable":true,"href":"https:\/\/semmelweis.hu\/kerpel\/wp-json\/wp\/v2\/categories?post=255"},{"taxonomy":"post_tag","embeddable":true,"href":"https:\/\/semmelweis.hu\/kerpel\/wp-json\/wp\/v2\/tags?post=255"}],"curies":[{"name":"wp","href":"https:\/\/api.w.org\/{rel}","templated":true}]}}